{"id":1748,"date":"2020-01-09T19:44:12","date_gmt":"2020-01-09T18:44:12","guid":{"rendered":"https:\/\/granatherapy2.miwebnueva.net?post_type=product&#038;p=1748"},"modified":"2026-02-18T10:48:11","modified_gmt":"2026-02-18T09:48:11","slug":"punicalagina-hidroxitirosol-mais-2","status":"publish","type":"product","link":"https:\/\/granatherapy.com\/pt\/loja\/punicalagina-hidroxitirosol-mais-2\/","title":{"rendered":"Punicalagina Hidroxitirosol Plus"},"content":{"rendered":"<p>A punicalagina \u00e9 um elagitanino presente na rom\u00e3, com potente atividade antioxidante e anti-inflamat\u00f3ria, que \u00e9 metabolizado no intestino em compostos ben\u00e9ficos como as urolitinas. Por sua vez, o hidroxitirosol \u00e9 um dos polifen\u00f3is mais eficazes na neutraliza\u00e7\u00e3o dos radicais livres e na prote\u00e7\u00e3o das c\u00e9lulas contra o dano oxidativo.<\/p>\n<p>A combina\u00e7\u00e3o destes dois ativos oferece uma <i>defesa antioxidante refor\u00e7ada,<\/i>ajudando a:<\/p>\n<ul>\n<li aria-level=\"1\">Proteger as c\u00e9lulas contra o dano oxidativo e o stress fisiol\u00f3gico.<\/li>\n<li aria-level=\"1\">Reduzir processos inflamat\u00f3rios cr\u00f3nicos.<\/li>\n<li aria-level=\"1\">Apoiar a sa\u00fade celular e a integridade dos tecidos vitais.<\/li>\n<li aria-level=\"1\">Favorecer uma resposta antioxidante mais ampla do que com um \u00fanico extrato.<\/li>\n<\/ul>","protected":false},"excerpt":{"rendered":"<p><i>Extrato de rom\u00e3 (Punica granatum) e de azeitona (Olea europaea) de cultivo sustent\u00e1vel em Espanha para uma defesa integral contra o stress oxidativo, o envelhecimento celular e o bem-estar cardiovascular.<\/i><\/p>\n<p><b>Punicalagina Hidroxitirosol Plus<\/b> \u00e9 um suplemento alimentar \u00fanico que combina dois dos <b>antioxidantes naturais mais potentes da dieta mediterr\u00e2nica<\/b>: a <b>punicalagina<\/b> da rom\u00e3 e o <b>hidroxitirosol<\/b> da oliveira. Gra\u00e7as ao seu processo de extra\u00e7\u00e3o ecol\u00f3gica com \u00e1gua ultrapura, os polifen\u00f3is ativos s\u00e3o preservados numa forma altamente biodispon\u00edvel, proporcionando <b>prote\u00e7\u00e3o celular refor\u00e7ada<\/b> contra o stress oxidativo e a inflama\u00e7\u00e3o.<\/p>","protected":false},"featured_media":14264,"comment_status":"open","ping_status":"closed","template":"","meta":{"_acf_changed":false,"_joinchat":[]},"product_brand":[],"product_cat":[504,505,499,497,502,501,509,503,500,498,496,506],"product_tag":[],"class_list":{"0":"post-1748","1":"product","2":"type-product","3":"status-publish","4":"has-post-thumbnail","6":"product_cat-antibacteriano-antimicrobiano","7":"product_cat-belleza-de-piel-y-cabello","8":"product_cat-control-del-peso","9":"product_cat-digestion-higado-y-flora-intestinal","10":"product_cat-energia-y-resistencia","11":"product_cat-nutricion-deportiva","12":"product_cat-punicalagina-hidroxitirosol-plus","13":"product_cat-refuerzo-del-sistema-inmunitario","14":"product_cat-salud-articular","15":"product_cat-salud-del-cerebro-y-memoria","16":"product_cat-salud-del-corazon-y-control-de-grasas-en-sangre","17":"product_cat-salud-ocular","18":"product_shipping_class-envio-gratuito","20":"first","21":"instock","22":"featured","23":"taxable","24":"shipping-taxable","25":"purchasable","26":"product-type-simple"},"acf":[],"_links":{"self":[{"href":"https:\/\/granatherapy.com\/pt\/wp-json\/wp\/v2\/product\/1748","targetHints":{"allow":["GET"]}}],"collection":[{"href":"https:\/\/granatherapy.com\/pt\/wp-json\/wp\/v2\/product"}],"about":[{"href":"https:\/\/granatherapy.com\/pt\/wp-json\/wp\/v2\/types\/product"}],"replies":[{"embeddable":true,"href":"https:\/\/granatherapy.com\/pt\/wp-json\/wp\/v2\/comments?post=1748"}],"version-history":[{"count":16,"href":"https:\/\/granatherapy.com\/pt\/wp-json\/wp\/v2\/product\/1748\/revisions"}],"predecessor-version":[{"id":17220,"href":"https:\/\/granatherapy.com\/pt\/wp-json\/wp\/v2\/product\/1748\/revisions\/17220"}],"wp:featuredmedia":[{"embeddable":true,"href":"https:\/\/granatherapy.com\/pt\/wp-json\/wp\/v2\/media\/14264"}],"wp:attachment":[{"href":"https:\/\/granatherapy.com\/pt\/wp-json\/wp\/v2\/media?parent=1748"}],"wp:term":[{"taxonomy":"product_brand","embeddable":true,"href":"https:\/\/granatherapy.com\/pt\/wp-json\/wp\/v2\/product_brand?post=1748"},{"taxonomy":"product_cat","embeddable":true,"href":"https:\/\/granatherapy.com\/pt\/wp-json\/wp\/v2\/product_cat?post=1748"},{"taxonomy":"product_tag","embeddable":true,"href":"https:\/\/granatherapy.com\/pt\/wp-json\/wp\/v2\/product_tag?post=1748"}],"curies":[{"name":"wp","href":"https:\/\/api.w.org\/{rel}","templated":true}]}}