{"id":17422,"date":"2026-02-19T11:38:15","date_gmt":"2026-02-19T10:38:15","guid":{"rendered":"https:\/\/granatherapy2.miwebnueva.net\/?post_type=product&#038;p=17422"},"modified":"2026-02-25T01:49:42","modified_gmt":"2026-02-25T00:49:42","slug":"extrato-de-caqui-mais-3x60","status":"publish","type":"product","link":"https:\/\/granatherapy.com\/pt\/loja\/extrato-de-caqui-mais-3x60\/","title":{"rendered":"Extrato de Caqui Plus 3\u00d760"},"content":{"rendered":"<p>O extrato de caqui \u00e9 uma fonte natural de <b>Polifen\u00f3is<\/b>, especialmente <b>taninos condensados<\/b>, Compostos bioativos com alta capacidade de modular o metabolismo de gorduras.<\/p>\n<p>Obrigado ao seu <b>Processo de extra\u00e7\u00e3o ecol\u00f3gica com \u00e1gua ultrapura (Processo Pure-Hydro\u00ae)<\/b>, um extrato padronizado \u00e9 obtido com um <b>concentra\u00e7\u00e3o de taninos condensados superior a 5 %<\/b>, Garantindo estabilidade, biodisponibilidade e efic\u00e1cia fisiol\u00f3gica.<\/p>\n<p>Seu mecanismo de a\u00e7\u00e3o baseia-se principalmente em <b>inibi\u00e7\u00e3o da lipase pancre\u00e1tica<\/b>, a enzima respons\u00e1vel pela digest\u00e3o das gorduras, que reduz sua absor\u00e7\u00e3o e promove sua elimina\u00e7\u00e3o.<\/p>","protected":false},"excerpt":{"rendered":"<p>O extrato de caqui Plus \u00e9 um suplemento alimentar feito com <b>extrato seco de caqui (Diospyros kaki Lf)<\/b>, Cultivado e processado na Espanha. Sua efic\u00e1cia \u00e9 comprovada por um <b>ensaio cl\u00ednico em humanos<\/b>, que demonstra benef\u00edcios significativos na redu\u00e7\u00e3o da gordura corporal e na melhoria da composi\u00e7\u00e3o corporal, sem efeitos colaterais.<\/p>","protected":false},"featured_media":17420,"comment_status":"closed","ping_status":"closed","template":"","meta":{"_acf_changed":false,"_joinchat":[]},"product_brand":[],"product_cat":[505,499,520],"product_tag":[],"class_list":{"0":"post-17422","1":"product","2":"type-product","3":"status-publish","4":"has-post-thumbnail","6":"product_cat-belleza-de-piel-y-cabello","7":"product_cat-control-del-peso","8":"product_cat-extracto-de-caqui","9":"product_shipping_class-envio-gratuito","11":"first","12":"instock","13":"taxable","14":"shipping-taxable","15":"purchasable","16":"product-type-simple"},"acf":[],"_links":{"self":[{"href":"https:\/\/granatherapy.com\/pt\/wp-json\/wp\/v2\/product\/17422","targetHints":{"allow":["GET"]}}],"collection":[{"href":"https:\/\/granatherapy.com\/pt\/wp-json\/wp\/v2\/product"}],"about":[{"href":"https:\/\/granatherapy.com\/pt\/wp-json\/wp\/v2\/types\/product"}],"replies":[{"embeddable":true,"href":"https:\/\/granatherapy.com\/pt\/wp-json\/wp\/v2\/comments?post=17422"}],"version-history":[{"count":3,"href":"https:\/\/granatherapy.com\/pt\/wp-json\/wp\/v2\/product\/17422\/revisions"}],"predecessor-version":[{"id":17472,"href":"https:\/\/granatherapy.com\/pt\/wp-json\/wp\/v2\/product\/17422\/revisions\/17472"}],"wp:featuredmedia":[{"embeddable":true,"href":"https:\/\/granatherapy.com\/pt\/wp-json\/wp\/v2\/media\/17420"}],"wp:attachment":[{"href":"https:\/\/granatherapy.com\/pt\/wp-json\/wp\/v2\/media?parent=17422"}],"wp:term":[{"taxonomy":"product_brand","embeddable":true,"href":"https:\/\/granatherapy.com\/pt\/wp-json\/wp\/v2\/product_brand?post=17422"},{"taxonomy":"product_cat","embeddable":true,"href":"https:\/\/granatherapy.com\/pt\/wp-json\/wp\/v2\/product_cat?post=17422"},{"taxonomy":"product_tag","embeddable":true,"href":"https:\/\/granatherapy.com\/pt\/wp-json\/wp\/v2\/product_tag?post=17422"}],"curies":[{"name":"wp","href":"https:\/\/api.w.org\/{rel}","templated":true}]}}