{"id":1738,"date":"2020-01-09T19:26:35","date_gmt":"2020-01-09T18:26:35","guid":{"rendered":"https:\/\/granatherapy2.miwebnueva.net?post_type=product&#038;p=1738"},"modified":"2026-02-18T10:48:11","modified_gmt":"2026-02-18T09:48:11","slug":"hidroxitirosol-plus-6x30","status":"publish","type":"product","link":"https:\/\/granatherapy.com\/pt\/loja\/hidroxitirosol-plus-6x30\/","title":{"rendered":"Hidroxitirosol Plus 6\u00d760"},"content":{"rendered":"<p>O <b>hidroxitirosol<\/b> \u00c9 um polifenol encontrado principalmente no azeite extra virgem e nas folhas de oliveira. \u00c9 considerado um dos antioxidantes naturais mais potentes depois do \u00e1cido g\u00e1lico, com capacidade superior \u00e0 de outros compostos como a coenzima Q10 ou o ch\u00e1 verde.<\/p>\n<p>Gra\u00e7as \u00e0 sua estrutura molecular, o hidroxitirosol:<\/p>\n<ul>\n<li aria-level=\"1\">Neutraliza os radicais livres e protege as c\u00e9lulas contra danos oxidativos.,<\/li>\n<li aria-level=\"1\">Contribui para o funcionamento normal do sistema cardiovascular.,<\/li>\n<li aria-level=\"1\">promove o envelhecimento saud\u00e1vel e<\/li>\n<li aria-level=\"1\">Ajuda a manter um metabolismo equilibrado.<\/li>\n<\/ul>\n<p>Este composto \u00e9 <b>altamente biodispon\u00edvel<\/b>, Isso permite que o corpo o absorva de forma eficiente e o utilize em processos protetores essenciais.<\/p>","protected":false},"excerpt":{"rendered":"<p><i>Antioxidante natural com alto teor de hidroxitirosol para promover a sa\u00fade cardiovascular, o envelhecimento saud\u00e1vel e o bem-estar geral.<\/i><\/p>\n<p><b>Hidroxitirosol Plus<\/b> \u00c9 um suplemento alimentar feito com extrato seco de azeitona (<b>Olea europaea L.<\/b>) <b>cultivado na Espanha<\/b> e extra\u00eddo por meio de um processo ecologicamente correto com <b>\u00e1gua ultrapura<\/b> que conserva seus polifen\u00f3is naturais sem aditivos qu\u00edmicos. Cada c\u00e1psula fornece <b>dose recomendada de hidroxitirosol<\/b> \u2014um dos antioxidantes naturais mais poderosos que existem\u2014 juntamente com outros compostos fen\u00f3licos ben\u00e9ficos.<\/p>","protected":false},"featured_media":11533,"comment_status":"open","ping_status":"closed","template":"","meta":{"_acf_changed":false,"_joinchat":[]},"product_brand":[],"product_cat":[504,512,496],"product_tag":[],"class_list":{"0":"post-1738","1":"product","2":"type-product","3":"status-publish","4":"has-post-thumbnail","6":"product_cat-antibacteriano-antimicrobiano","7":"product_cat-hidroxitirosol","8":"product_cat-salud-del-corazon-y-control-de-grasas-en-sangre","9":"product_shipping_class-envio-gratuito","11":"first","12":"instock","13":"taxable","14":"shipping-taxable","15":"purchasable","16":"product-type-simple"},"acf":[],"_links":{"self":[{"href":"https:\/\/granatherapy.com\/pt\/wp-json\/wp\/v2\/product\/1738","targetHints":{"allow":["GET"]}}],"collection":[{"href":"https:\/\/granatherapy.com\/pt\/wp-json\/wp\/v2\/product"}],"about":[{"href":"https:\/\/granatherapy.com\/pt\/wp-json\/wp\/v2\/types\/product"}],"replies":[{"embeddable":true,"href":"https:\/\/granatherapy.com\/pt\/wp-json\/wp\/v2\/comments?post=1738"}],"version-history":[{"count":13,"href":"https:\/\/granatherapy.com\/pt\/wp-json\/wp\/v2\/product\/1738\/revisions"}],"predecessor-version":[{"id":17252,"href":"https:\/\/granatherapy.com\/pt\/wp-json\/wp\/v2\/product\/1738\/revisions\/17252"}],"wp:featuredmedia":[{"embeddable":true,"href":"https:\/\/granatherapy.com\/pt\/wp-json\/wp\/v2\/media\/11533"}],"wp:attachment":[{"href":"https:\/\/granatherapy.com\/pt\/wp-json\/wp\/v2\/media?parent=1738"}],"wp:term":[{"taxonomy":"product_brand","embeddable":true,"href":"https:\/\/granatherapy.com\/pt\/wp-json\/wp\/v2\/product_brand?post=1738"},{"taxonomy":"product_cat","embeddable":true,"href":"https:\/\/granatherapy.com\/pt\/wp-json\/wp\/v2\/product_cat?post=1738"},{"taxonomy":"product_tag","embeddable":true,"href":"https:\/\/granatherapy.com\/pt\/wp-json\/wp\/v2\/product_tag?post=1738"}],"curies":[{"name":"wp","href":"https:\/\/api.w.org\/{rel}","templated":true}]}}