{"id":17309,"date":"2026-01-27T02:52:46","date_gmt":"2026-01-27T01:52:46","guid":{"rendered":"https:\/\/granatherapy2.miwebnueva.net\/?post_type=product&#038;p=17309"},"modified":"2026-04-08T23:33:55","modified_gmt":"2026-04-08T21:33:55","slug":"extrato-de-pepino-mais","status":"publish","type":"product","link":"https:\/\/granatherapy.com\/pt\/loja\/extrato-de-pepino-mais\/","title":{"rendered":"Extrato de pepino Plus"},"content":{"rendered":"<p>O extrato de pepino \u00e9 uma fonte natural de <strong>amino\u00e1cidos bioativos, flavonoides, taninos e iminoa\u00e7\u00facares<\/strong>, Compostos com propriedades anti-inflamat\u00f3rias e antioxidantes que atuam diretamente nos mecanismos envolvidos na dor e na degenera\u00e7\u00e3o articular.<\/p>\n<p>Gra\u00e7as a <strong>Processo de extra\u00e7\u00e3o ecol\u00f3gica com \u00e1gua ultrapura (Processo Pure-Hydro\u00ae)<\/strong>, Obt\u00e9m-se um extrato altamente concentrado e biodispon\u00edvel, padronizado sob a marca [nome da marca]. <strong>CuberUp\u00ae<\/strong>, o que garante estabilidade, pureza e efic\u00e1cia fisiol\u00f3gica.<\/p>\n<p>Seu mecanismo de a\u00e7\u00e3o \u00e9 baseado em <strong>regula\u00e7\u00e3o do \u00f3xido n\u00edtrico<\/strong>, a redu\u00e7\u00e3o de mediadores inflamat\u00f3rios e a prote\u00e7\u00e3o da cartilagem articular.<\/p>","protected":false},"excerpt":{"rendered":"<p>Al\u00edvio da dor nas articula\u00e7\u00f5es, melhora da mobilidade e suporte completo para a sa\u00fade articular.<\/p>\n<p><strong>Extrato de pepino Plus<\/strong> \u00c9 um suplemento alimentar feito de <strong>extrato seco de pepino (Cucumis sativus L.)<\/strong>, Cultivado na Espanha e obtido por meio de um processo de extra\u00e7\u00e3o org\u00e2nica. Sua efic\u00e1cia foi comprovada. <strong>clinicamente comprovado em humanos<\/strong> Para o al\u00edvio da dor articular e melhora da funcionalidade em pessoas com osteoartrite do joelho.<\/p>","protected":false},"featured_media":17328,"comment_status":"closed","ping_status":"closed","template":"","meta":{"_acf_changed":false,"_joinchat":[]},"product_brand":[],"product_cat":[519],"product_tag":[522],"class_list":{"0":"post-17309","1":"product","2":"type-product","3":"status-publish","4":"has-post-thumbnail","6":"product_cat-extracto-de-pepino","7":"product_tag-522","8":"product_shipping_class-envio-gratuito","10":"first","11":"instock","12":"taxable","13":"shipping-taxable","14":"purchasable","15":"product-type-simple"},"acf":[],"_links":{"self":[{"href":"https:\/\/granatherapy.com\/pt\/wp-json\/wp\/v2\/product\/17309","targetHints":{"allow":["GET"]}}],"collection":[{"href":"https:\/\/granatherapy.com\/pt\/wp-json\/wp\/v2\/product"}],"about":[{"href":"https:\/\/granatherapy.com\/pt\/wp-json\/wp\/v2\/types\/product"}],"replies":[{"embeddable":true,"href":"https:\/\/granatherapy.com\/pt\/wp-json\/wp\/v2\/comments?post=17309"}],"version-history":[{"count":3,"href":"https:\/\/granatherapy.com\/pt\/wp-json\/wp\/v2\/product\/17309\/revisions"}],"predecessor-version":[{"id":17339,"href":"https:\/\/granatherapy.com\/pt\/wp-json\/wp\/v2\/product\/17309\/revisions\/17339"}],"wp:featuredmedia":[{"embeddable":true,"href":"https:\/\/granatherapy.com\/pt\/wp-json\/wp\/v2\/media\/17328"}],"wp:attachment":[{"href":"https:\/\/granatherapy.com\/pt\/wp-json\/wp\/v2\/media?parent=17309"}],"wp:term":[{"taxonomy":"product_brand","embeddable":true,"href":"https:\/\/granatherapy.com\/pt\/wp-json\/wp\/v2\/product_brand?post=17309"},{"taxonomy":"product_cat","embeddable":true,"href":"https:\/\/granatherapy.com\/pt\/wp-json\/wp\/v2\/product_cat?post=17309"},{"taxonomy":"product_tag","embeddable":true,"href":"https:\/\/granatherapy.com\/pt\/wp-json\/wp\/v2\/product_tag?post=17309"}],"curies":[{"name":"wp","href":"https:\/\/api.w.org\/{rel}","templated":true}]}}