{"id":17304,"date":"2026-01-27T02:50:08","date_gmt":"2026-01-27T01:50:08","guid":{"rendered":"https:\/\/granatherapy2.miwebnueva.net\/?post_type=product&#038;p=17304"},"modified":"2026-02-20T10:25:05","modified_gmt":"2026-02-20T09:25:05","slug":"extrato-de-figo-mais-3x60","status":"publish","type":"product","link":"https:\/\/granatherapy.com\/pt\/loja\/extrato-de-figo-mais-3x60\/","title":{"rendered":"Extrato de Figo Plus 3\u00d760"},"content":{"rendered":"<p><strong>Extrato de Figo Plus<\/strong> \u00c9 um suplemento alimentar feito de <strong>extrato de figo seco (<em>Ficus carica L.<\/em>)<\/strong> cultivada na Espanha e padronizada em <strong>\u00e1cido absc\u00edsico (ABA)<\/strong>, um fitohorm\u00f4nio natural com papel fundamental na regula\u00e7\u00e3o do metabolismo da glicose.<\/p>\n<p>Sua efic\u00e1cia \u00e9 comprovada por <strong>estudos cient\u00edficos publicados<\/strong> que demonstram sua capacidade de <strong>melhorar a sensibilidade \u00e0 insulina<\/strong>, reduzir a inflama\u00e7\u00e3o metab\u00f3lica e promover um melhor controle da glicose, mesmo em doses muito baixas.<\/p>","protected":false},"excerpt":{"rendered":"<p><strong>Suplemento alimentar \u00e0 base de extrato de figo padronizado em \u00e1cido absc\u00edsico (ABA)<\/strong><\/p>\n<p>Suporte natural para <strong>controle glic\u00eamico<\/strong> e o <strong>melhora da sensibilidade \u00e0 insulina<\/strong>.<\/p>","protected":false},"featured_media":17305,"comment_status":"closed","ping_status":"closed","template":"","meta":{"_acf_changed":false,"_joinchat":[]},"product_brand":[],"product_cat":[518],"product_tag":[],"class_list":{"0":"post-17304","1":"product","2":"type-product","3":"status-publish","4":"has-post-thumbnail","6":"product_cat-extracto-de-higo","7":"product_shipping_class-envio-gratuito","9":"first","10":"instock","11":"taxable","12":"shipping-taxable","13":"purchasable","14":"product-type-simple"},"acf":[],"_links":{"self":[{"href":"https:\/\/granatherapy.com\/pt\/wp-json\/wp\/v2\/product\/17304","targetHints":{"allow":["GET"]}}],"collection":[{"href":"https:\/\/granatherapy.com\/pt\/wp-json\/wp\/v2\/product"}],"about":[{"href":"https:\/\/granatherapy.com\/pt\/wp-json\/wp\/v2\/types\/product"}],"replies":[{"embeddable":true,"href":"https:\/\/granatherapy.com\/pt\/wp-json\/wp\/v2\/comments?post=17304"}],"version-history":[{"count":3,"href":"https:\/\/granatherapy.com\/pt\/wp-json\/wp\/v2\/product\/17304\/revisions"}],"predecessor-version":[{"id":17308,"href":"https:\/\/granatherapy.com\/pt\/wp-json\/wp\/v2\/product\/17304\/revisions\/17308"}],"wp:featuredmedia":[{"embeddable":true,"href":"https:\/\/granatherapy.com\/pt\/wp-json\/wp\/v2\/media\/17305"}],"wp:attachment":[{"href":"https:\/\/granatherapy.com\/pt\/wp-json\/wp\/v2\/media?parent=17304"}],"wp:term":[{"taxonomy":"product_brand","embeddable":true,"href":"https:\/\/granatherapy.com\/pt\/wp-json\/wp\/v2\/product_brand?post=17304"},{"taxonomy":"product_cat","embeddable":true,"href":"https:\/\/granatherapy.com\/pt\/wp-json\/wp\/v2\/product_cat?post=17304"},{"taxonomy":"product_tag","embeddable":true,"href":"https:\/\/granatherapy.com\/pt\/wp-json\/wp\/v2\/product_tag?post=17304"}],"curies":[{"name":"wp","href":"https:\/\/api.w.org\/{rel}","templated":true}]}}