{"id":16366,"date":"2025-10-03T19:41:32","date_gmt":"2025-10-03T17:41:32","guid":{"rendered":"https:\/\/granatherapy2.miwebnueva.net?post_type=product&#038;p=16366"},"modified":"2026-03-02T11:48:28","modified_gmt":"2026-03-02T10:48:28","slug":"roma-mollar-1x45kg","status":"publish","type":"product","link":"https:\/\/granatherapy.com\/pt\/loja\/roma-mollar-1x45kg\/","title":{"rendered":"Rom\u00e3 Mollar 1\u00d74,5kg"},"content":{"rendered":"<div data-elementor-type=\"product-post\" data-elementor-id=\"16366\" class=\"elementor elementor-16366\" data-elementor-post-type=\"product\">\n\t\t\t\t\t\t<section class=\"elementor-section elementor-top-section elementor-element elementor-element-30a010a6 elementor-section-boxed elementor-section-height-default elementor-section-height-default\" data-id=\"30a010a6\" data-element_type=\"section\" data-e-type=\"section\">\n\t\t\t\t\t\t<div class=\"elementor-container elementor-column-gap-default\">\n\t\t\t\t\t<div class=\"elementor-column elementor-col-100 elementor-top-column elementor-element elementor-element-3412e41b\" data-id=\"3412e41b\" data-element_type=\"column\" data-e-type=\"column\">\n\t\t\t<div class=\"elementor-widget-wrap elementor-element-populated\">\n\t\t\t\t\t\t<div class=\"elementor-element elementor-element-7fe1863 elementor-widget elementor-widget-accordion\" data-id=\"7fe1863\" data-element_type=\"widget\" data-e-type=\"widget\" data-widget_type=\"accordion.default\">\n\t\t\t\t\t\t\t<div class=\"elementor-accordion\">\n\t\t\t\t\t\t\t<div class=\"elementor-accordion-item\">\n\t\t\t\t\t<div id=\"elementor-tab-title-1341\" class=\"elementor-tab-title\" data-tab=\"1\" role=\"button\" aria-controls=\"elementor-tab-content-1341\" aria-expanded=\"false\">\n\t\t\t\t\t\t\t\t\t\t\t\t\t<span class=\"elementor-accordion-icon elementor-accordion-icon-left\" aria-hidden=\"true\">\n\t\t\t\t\t\t\t\t\t\t\t\t\t\t\t<span class=\"elementor-accordion-icon-closed\"><i class=\"fas fa-plus\"><\/i><\/span>\n\t\t\t\t\t\t\t\t<span class=\"elementor-accordion-icon-opened\"><i class=\"fas fa-minus\"><\/i><\/span>\n\t\t\t\t\t\t\t\t\t\t\t\t\t\t<\/span>\n\t\t\t\t\t\t\t\t\t\t\t\t<a class=\"elementor-accordion-title\" tabindex=\"0\">Descri\u00e7\u00e3o<\/a>\n\t\t\t\t\t<\/div>\n\t\t\t\t\t<div id=\"elementor-tab-content-1341\" class=\"elementor-tab-content elementor-clearfix\" data-tab=\"1\" role=\"region\" aria-labelledby=\"elementor-tab-title-1341\"><p data-start=\"292\" data-end=\"352\">\u2728 <strong data-start=\"294\" data-end=\"348\">Granada Mollar \u2013 La reina de la dieta mediterr\u00e1nea<\/strong> \u2728<\/p><p data-start=\"354\" data-end=\"667\">A punicalagina <strong data-start=\"357\" data-end=\"375\">Granada Mollar<\/strong>, cultivada en nuestros propios campos de <strong data-start=\"417\" data-end=\"438\">Alicante e M\u00farcia<\/strong>, es la variedad m\u00e1s <strong data-start=\"459\" data-end=\"493\">dulce, equilibrada y apreciada<\/strong> de la dieta mediterr\u00e1nea. Su sabor jugoso, sus semillas suaves y sus beneficios nutricionales la convierten en una fruta \u00fanica para disfrutar fresca o en <strong data-start=\"648\" data-end=\"664\">zumo natural<\/strong>.<\/p><h2 data-start=\"669\" data-end=\"719\">Beneficios y propiedades de la Granada Mollar<\/h2><p data-start=\"721\" data-end=\"1267\">\ud83d\udd2c Rica en <strong data-start=\"732\" data-end=\"748\">punicalagina<\/strong>, el polifenol m\u00e1s potente de la granada, con gran poder antioxidante y beneficios reconocidos para la salud.<br data-start=\"857\" data-end=\"860\" \/>\u2764\ufe0f Contribuye al <strong data-start=\"877\" data-end=\"903\">cuidado cardiovascular<\/strong> y favorece la circulaci\u00f3n sangu\u00ednea.<br data-start=\"940\" data-end=\"943\" \/>\ud83c\udf4a Fuente natural de <strong data-start=\"964\" data-end=\"987\">vitaminas C, K y B9<\/strong>, adem\u00e1s de minerales esenciales como potasio y magnesio.<br data-start=\"1044\" data-end=\"1047\" \/>\ud83c\udf31 <strong data-start=\"1050\" data-end=\"1071\">Bajas en calor\u00edas<\/strong> y con alto contenido en fibra, ideales para la digesti\u00f3n y el control de peso.<br data-start=\"1150\" data-end=\"1153\" \/>\ud83d\ude0b Dulce, jugosa y con semillas tiernas: perfecta para comer directamente o preparar <strong data-start=\"1238\" data-end=\"1264\">zumo de granada fresco<\/strong>.<\/p><h2 data-start=\"1269\" data-end=\"1295\">Detalles del producto<\/h2><p data-start=\"1297\" data-end=\"1659\">\ud83d\udcc5 <strong data-start=\"1300\" data-end=\"1335\">Inicio de recolecci\u00f3n y env\u00edos:<\/strong> 13 de octubre<br data-start=\"1349\" data-end=\"1352\" \/>\ud83d\udce6 <strong data-start=\"1355\" data-end=\"1380\">Contenido de la caja:<\/strong> 8 granadas (peso aprox. 550 g por pieza)<br data-start=\"1421\" data-end=\"1424\" \/>\u2696\ufe0f <strong data-start=\"1427\" data-end=\"1442\">Peso total:<\/strong> 4,5 kg aprox. por caja<br data-start=\"1465\" data-end=\"1468\" \/>\ud83c\udf0d <strong data-start=\"1471\" data-end=\"1482\">Origen:<\/strong> Campos propios en Alicante y Murcia<br data-start=\"1518\" data-end=\"1521\" \/>\ud83d\udcb0 <strong data-start=\"1524\" data-end=\"1535\">Precio:<\/strong> 26 \u20ac (IVA y transporte incluidos a Pen\u00ednsula y Baleares)<br data-start=\"1592\" data-end=\"1595\" \/>\ud83d\ude9a <strong data-start=\"1598\" data-end=\"1627\">Env\u00edos de lunes a viernes<\/strong>, frescas a tu mesa en 24-48 h<\/p><p data-start=\"1661\" data-end=\"1807\">\ud83d\udc49 <strong data-start=\"1664\" data-end=\"1696\">Compra Granada Mollar online<\/strong> en GranatumPlus y disfruta de la fruta m\u00e1s saludable de la dieta mediterr\u00e1nea, directa del campo a tu hogar.<\/p><\/div>\n\t\t\t\t<\/div>\n\t\t\t\t\t\t\t<div class=\"elementor-accordion-item\">\n\t\t\t\t\t<div id=\"elementor-tab-title-1342\" class=\"elementor-tab-title\" data-tab=\"2\" role=\"button\" aria-controls=\"elementor-tab-content-1342\" aria-expanded=\"false\">\n\t\t\t\t\t\t\t\t\t\t\t\t\t<span class=\"elementor-accordion-icon elementor-accordion-icon-left\" aria-hidden=\"true\">\n\t\t\t\t\t\t\t\t\t\t\t\t\t\t\t<span class=\"elementor-accordion-icon-closed\"><i class=\"fas fa-plus\"><\/i><\/span>\n\t\t\t\t\t\t\t\t<span class=\"elementor-accordion-icon-opened\"><i class=\"fas fa-minus\"><\/i><\/span>\n\t\t\t\t\t\t\t\t\t\t\t\t\t\t<\/span>\n\t\t\t\t\t\t\t\t\t\t\t\t<a class=\"elementor-accordion-title\" tabindex=\"0\">Propiedades nutricionales y beneficios<\/a>\n\t\t\t\t\t<\/div>\n\t\t\t\t\t<div id=\"elementor-tab-content-1342\" class=\"elementor-tab-content elementor-clearfix\" data-tab=\"2\" role=\"region\" aria-labelledby=\"elementor-tab-title-1342\"><h2 data-start=\"304\" data-end=\"354\">Beneficios y propiedades de la Granada Mollar<\/h2><p data-start=\"356\" data-end=\"1180\">\ud83d\udd2c <strong data-start=\"359\" data-end=\"383\">Alta en punicalagina<\/strong>: polifenol exclusivo de la Granada Mollar, con gran poder antioxidante que protege frente al envejecimiento celular.<br data-start=\"500\" data-end=\"503\" \/>\u2764\ufe0f <strong data-start=\"506\" data-end=\"530\">Sa\u00fade cardiovascular<\/strong>: ayuda a regular la presi\u00f3n arterial y favorece una buena circulaci\u00f3n sangu\u00ednea.<br data-start=\"611\" data-end=\"614\" \/>\ud83c\udf4a <strong data-start=\"617\" data-end=\"641\">Vitaminas esenciales<\/strong>: fuente natural de vitamina C (defensas), K (salud \u00f3sea y coagulaci\u00f3n) y B9 (\u00e1cido f\u00f3lico).<br data-start=\"733\" data-end=\"736\" \/>\u26a1 <strong data-start=\"738\" data-end=\"765\">Minerales mediterr\u00e1neos<\/strong>: rica en potasio y magnesio, claves para el equilibrio electrol\u00edtico y la funci\u00f3n muscular.<br data-start=\"857\" data-end=\"860\" \/>\ud83c\udf31 <strong data-start=\"863\" data-end=\"880\">Fibra natural<\/strong>: mejora la digesti\u00f3n y favorece una dieta equilibrada y saludable.<br data-start=\"947\" data-end=\"950\" \/>\ud83d\udd25 <strong data-start=\"953\" data-end=\"973\">Baja en calor\u00edas<\/strong>: perfecta para el consumo diario dentro de la dieta mediterr\u00e1nea.<br data-start=\"1039\" data-end=\"1042\" \/>\ud83d\ude0b <strong data-start=\"1045\" data-end=\"1071\">Sabor y textura \u00fanicos<\/strong>: fruta dulce, jugosa y con semillas suaves, f\u00e1ciles de disfrutar frescas o en <strong data-start=\"1150\" data-end=\"1177\">zumo de granada natural<\/strong>.<\/p><\/div>\n\t\t\t\t<\/div>\n\t\t\t\t\t\t\t<div class=\"elementor-accordion-item\">\n\t\t\t\t\t<div id=\"elementor-tab-title-1343\" class=\"elementor-tab-title\" data-tab=\"3\" role=\"button\" aria-controls=\"elementor-tab-content-1343\" aria-expanded=\"false\">\n\t\t\t\t\t\t\t\t\t\t\t\t\t<span class=\"elementor-accordion-icon elementor-accordion-icon-left\" aria-hidden=\"true\">\n\t\t\t\t\t\t\t\t\t\t\t\t\t\t\t<span class=\"elementor-accordion-icon-closed\"><i class=\"fas fa-plus\"><\/i><\/span>\n\t\t\t\t\t\t\t\t<span class=\"elementor-accordion-icon-opened\"><i class=\"fas fa-minus\"><\/i><\/span>\n\t\t\t\t\t\t\t\t\t\t\t\t\t\t<\/span>\n\t\t\t\t\t\t\t\t\t\t\t\t<a class=\"elementor-accordion-title\" tabindex=\"0\">Ficha t\u00e9cnica<\/a>\n\t\t\t\t\t<\/div>\n\t\t\t\t\t<div id=\"elementor-tab-content-1343\" class=\"elementor-tab-content elementor-clearfix\" data-tab=\"3\" role=\"region\" aria-labelledby=\"elementor-tab-title-1343\"><p data-start=\"216\" data-end=\"642\"><strong data-start=\"216\" data-end=\"229\">Producto:<\/strong> Granada Mollar, la reina de la dieta mediterr\u00e1nea<br data-start=\"279\" data-end=\"282\" \/><strong data-start=\"282\" data-end=\"294\">Formato:<\/strong> Caja con 8 granadas (peso aprox. 4,5 kg en total \u00b7 550 g por pieza)<br data-start=\"362\" data-end=\"365\" \/><strong data-start=\"365\" data-end=\"376\">Precio:<\/strong> 26 \u20ac (IVA incluido + transporte gratis a Pen\u00ednsula y Baleares)<br data-start=\"439\" data-end=\"442\" data-is-only-node=\"\" \/><strong data-start=\"442\" data-end=\"461\">Disponibilidad:<\/strong> A partir del 13 de octubre<br data-start=\"488\" data-end=\"491\" \/><strong data-start=\"491\" data-end=\"502\">Env\u00edos:<\/strong> De lunes a viernes en 24-48 h, para garantizar la m\u00e1xima frescura<br data-start=\"568\" data-end=\"571\" \/><strong data-start=\"571\" data-end=\"582\">Origen:<\/strong> Cultivada en nuestros propios campos de Alicante y Murcia<\/p><\/div>\n\t\t\t\t<\/div>\n\t\t\t\t\t\t\t<div class=\"elementor-accordion-item\">\n\t\t\t\t\t<div id=\"elementor-tab-title-1344\" class=\"elementor-tab-title\" data-tab=\"4\" role=\"button\" aria-controls=\"elementor-tab-content-1344\" aria-expanded=\"false\">\n\t\t\t\t\t\t\t\t\t\t\t\t\t<span class=\"elementor-accordion-icon elementor-accordion-icon-left\" aria-hidden=\"true\">\n\t\t\t\t\t\t\t\t\t\t\t\t\t\t\t<span class=\"elementor-accordion-icon-closed\"><i class=\"fas fa-plus\"><\/i><\/span>\n\t\t\t\t\t\t\t\t<span class=\"elementor-accordion-icon-opened\"><i class=\"fas fa-minus\"><\/i><\/span>\n\t\t\t\t\t\t\t\t\t\t\t\t\t\t<\/span>\n\t\t\t\t\t\t\t\t\t\t\t\t<a class=\"elementor-accordion-title\" tabindex=\"0\">Do campo \u00e0 sua mesa<\/a>\n\t\t\t\t\t<\/div>\n\t\t\t\t\t<div id=\"elementor-tab-content-1344\" class=\"elementor-tab-content elementor-clearfix\" data-tab=\"4\" role=\"region\" aria-labelledby=\"elementor-tab-title-1344\"><p data-start=\"170\" data-end=\"532\">Na <strong data-start=\"173\" data-end=\"190\">Granatum Plus<\/strong> seleccionamos y recogemos cada <strong data-start=\"222\" data-end=\"240\">Granada Mollar<\/strong> con el m\u00e1ximo cuidado, garantizando un producto <strong data-start=\"289\" data-end=\"327\">fresco, sabroso y de calidad extra<\/strong>. Ahora puedes <strong data-start=\"342\" data-end=\"368\">comprar rom\u00e3 online<\/strong> en cajas de <strong data-start=\"381\" data-end=\"425\">8 piezas (4,5 kg aprox., 550 g cada una)<\/strong> y recibirlas en tu casa en <strong data-start=\"453\" data-end=\"468\">24-48 horas<\/strong>, directamente desde nuestros campos de <strong data-start=\"508\" data-end=\"529\">Alicante e M\u00farcia<\/strong>.<\/p><p data-start=\"534\" data-end=\"739\">Este servicio exclusivo mantiene intacta toda su <strong data-start=\"583\" data-end=\"630\">frescura, sabor y propiedades antioxidantes<\/strong>, para que disfrutes en tu mesa de la aut\u00e9ntica <strong data-start=\"678\" data-end=\"700\">Fruta mediterr\u00e2nica<\/strong> con beneficios \u00fanicos para tu salud.<\/p><\/div>\n\t\t\t\t<\/div>\n\t\t\t\t\t\t\t\t<\/div>\n\t\t\t\t\t\t<\/div>\n\t\t\t\t<div class=\"elementor-element elementor-element-dba45c9 elementor-widget elementor-widget-accordion\" data-id=\"dba45c9\" data-element_type=\"widget\" data-e-type=\"widget\" data-widget_type=\"accordion.default\">\n\t\t\t\t\t\t\t<div class=\"elementor-accordion\">\n\t\t\t\t\t\t\t<div class=\"elementor-accordion-item\">\n\t\t\t\t\t<div id=\"elementor-tab-title-2301\" class=\"elementor-tab-title\" data-tab=\"1\" role=\"button\" aria-controls=\"elementor-tab-content-2301\" aria-expanded=\"false\">\n\t\t\t\t\t\t\t\t\t\t\t\t\t<span class=\"elementor-accordion-icon elementor-accordion-icon-left\" aria-hidden=\"true\">\n\t\t\t\t\t\t\t\t\t\t\t\t\t\t\t<span class=\"elementor-accordion-icon-closed\"><i class=\"fas fa-plus\"><\/i><\/span>\n\t\t\t\t\t\t\t\t<span class=\"elementor-accordion-icon-opened\"><i class=\"fas fa-minus\"><\/i><\/span>\n\t\t\t\t\t\t\t\t\t\t\t\t\t\t<\/span>\n\t\t\t\t\t\t\t\t\t\t\t\t<a class=\"elementor-accordion-title\" tabindex=\"0\">\u00bfD\u00f3nde se cultivan nuestras granadas?<\/a>\n\t\t\t\t\t<\/div>\n\t\t\t\t\t<div id=\"elementor-tab-content-2301\" class=\"elementor-tab-content elementor-clearfix\" data-tab=\"1\" role=\"region\" aria-labelledby=\"elementor-tab-title-2301\"><p data-start=\"193\" data-end=\"399\">Nuestras <strong data-start=\"202\" data-end=\"221\">Granadas Mollar<\/strong> se cultivan en nuestros propios campos de <strong data-start=\"264\" data-end=\"285\">Alicante e M\u00farcia<\/strong>, bajo el sol del Mediterr\u00e1neo y con un clima privilegiado que permite una <strong data-start=\"360\" data-end=\"396\">maduraci\u00f3n natural y equilibrada<\/strong>.<\/p><p data-start=\"401\" data-end=\"671\">Los agricultores aplican <strong data-start=\"426\" data-end=\"463\">t\u00e9cnicas tradicionales de cultivo<\/strong>, transmitidas de generaci\u00f3n en generaci\u00f3n, respetando la tierra y el ciclo de la fruta. El resultado es una <strong data-start=\"572\" data-end=\"619\">granada dulce, jugosa y con semillas suaves<\/strong>, perfecta para consumir fresca o en zumo natural.<\/p><p data-start=\"673\" data-end=\"957\">Gracias a este entorno \u00fanico, cada <strong data-start=\"708\" data-end=\"726\">Granada Mollar<\/strong> que llega a tu mesa mantiene su <strong data-start=\"759\" data-end=\"813\">frescura, sabor aut\u00e9ntico y propiedades saludables<\/strong>. Una fruta mediterr\u00e1nea de calidad extra que, en cada caja de <strong data-start=\"876\" data-end=\"904\">8 piezas (4,5 kg aprox.)<\/strong>, representa lo mejor de la <strong data-start=\"932\" data-end=\"954\">dieta mediterr\u00e1nea<\/strong>.<\/p><\/div>\n\t\t\t\t<\/div>\n\t\t\t\t\t\t\t<div class=\"elementor-accordion-item\">\n\t\t\t\t\t<div id=\"elementor-tab-title-2302\" class=\"elementor-tab-title\" data-tab=\"2\" role=\"button\" aria-controls=\"elementor-tab-content-2302\" aria-expanded=\"false\">\n\t\t\t\t\t\t\t\t\t\t\t\t\t<span class=\"elementor-accordion-icon elementor-accordion-icon-left\" aria-hidden=\"true\">\n\t\t\t\t\t\t\t\t\t\t\t\t\t\t\t<span class=\"elementor-accordion-icon-closed\"><i class=\"fas fa-plus\"><\/i><\/span>\n\t\t\t\t\t\t\t\t<span class=\"elementor-accordion-icon-opened\"><i class=\"fas fa-minus\"><\/i><\/span>\n\t\t\t\t\t\t\t\t\t\t\t\t\t\t<\/span>\n\t\t\t\t\t\t\t\t\t\t\t\t<a class=\"elementor-accordion-title\" tabindex=\"0\">\u00bfEs apta para veganos?<\/a>\n\t\t\t\t\t<\/div>\n\t\t\t\t\t<div id=\"elementor-tab-content-2302\" class=\"elementor-tab-content elementor-clearfix\" data-tab=\"2\" role=\"region\" aria-labelledby=\"elementor-tab-title-2302\"><p data-start=\"150\" data-end=\"375\">A punicalagina <strong data-start=\"153\" data-end=\"171\">Granada Mollar<\/strong> es una fruta <strong data-start=\"185\" data-end=\"202\">100 % natural<\/strong>, cultivada en nuestros propios campos de <strong data-start=\"244\" data-end=\"265\">Alicante e M\u00farcia<\/strong>, donde el sol del Mediterr\u00e1neo y el clima privilegiado garantizan su <strong data-start=\"335\" data-end=\"372\">sabor aut\u00e9ntico y frescura m\u00e1xima<\/strong>.<\/p><p data-start=\"377\" data-end=\"624\">No contiene aditivos ni conservantes: solo <strong data-start=\"420\" data-end=\"455\">fruta fresca recolectada a mano<\/strong> en su punto \u00f3ptimo de maduraci\u00f3n.<br data-start=\"489\" data-end=\"492\" \/>Es la elecci\u00f3n ideal para quienes buscan una <strong data-start=\"537\" data-end=\"621\">alimentaci\u00f3n saludable, equilibrada y con todo el sabor de la dieta mediterr\u00e1nea<\/strong>.<\/p><p data-start=\"626\" data-end=\"770\">A punicalagina <strong data-start=\"629\" data-end=\"647\">Granada Mollar<\/strong> demuestra que disfrutar de un alimento <strong data-start=\"687\" data-end=\"730\">delicioso, nutritivo y de calidad extra<\/strong> es posible en cada una de sus piezas.<\/p><\/div>\n\t\t\t\t<\/div>\n\t\t\t\t\t\t\t<div class=\"elementor-accordion-item\">\n\t\t\t\t\t<div id=\"elementor-tab-title-2303\" class=\"elementor-tab-title\" data-tab=\"3\" role=\"button\" aria-controls=\"elementor-tab-content-2303\" aria-expanded=\"false\">\n\t\t\t\t\t\t\t\t\t\t\t\t\t<span class=\"elementor-accordion-icon elementor-accordion-icon-left\" aria-hidden=\"true\">\n\t\t\t\t\t\t\t\t\t\t\t\t\t\t\t<span class=\"elementor-accordion-icon-closed\"><i class=\"fas fa-plus\"><\/i><\/span>\n\t\t\t\t\t\t\t\t<span class=\"elementor-accordion-icon-opened\"><i class=\"fas fa-minus\"><\/i><\/span>\n\t\t\t\t\t\t\t\t\t\t\t\t\t\t<\/span>\n\t\t\t\t\t\t\t\t\t\t\t\t<a class=\"elementor-accordion-title\" tabindex=\"0\">\u00bfEs segura para personas con ciertas condiciones m\u00e9dicas?<\/a>\n\t\t\t\t\t<\/div>\n\t\t\t\t\t<div id=\"elementor-tab-content-2303\" class=\"elementor-tab-content elementor-clearfix\" data-tab=\"3\" role=\"region\" aria-labelledby=\"elementor-tab-title-2303\"><p data-start=\"162\" data-end=\"456\">A punicalagina <strong data-start=\"165\" data-end=\"183\">Granada Mollar<\/strong> es un <strong data-start=\"190\" data-end=\"222\">alimento natural y saludable<\/strong>, rico en <strong data-start=\"232\" data-end=\"272\">antioxidantes, vitaminas y minerales<\/strong>. Estudios cient\u00edficos se\u00f1alan que puede contribuir al <strong data-start=\"327\" data-end=\"365\">cuidado de la salud cardiovascular<\/strong>, reforzar el <strong data-start=\"379\" data-end=\"402\">sistema inmunitario<\/strong> y favorecer una <strong data-start=\"419\" data-end=\"453\">dieta mediterr\u00e1nea equilibrada<\/strong>.<\/p><p data-start=\"458\" data-end=\"554\">No obstante, como ocurre con cualquier alimento, conviene tener en cuenta ciertas situaciones:<\/p><p data-start=\"556\" data-end=\"625\">\ud83c\udf4e <strong data-start=\"559\" data-end=\"600\">Alergias o intolerancias poco comunes<\/strong>, aunque son muy raras.<\/p><p data-start=\"627\" data-end=\"868\">En general, la <strong data-start=\"642\" data-end=\"660\">Granada Mollar<\/strong> es una fruta segura y beneficiosa. Aun as\u00ed, si padeces alguna condici\u00f3n m\u00e9dica espec\u00edfica, lo recomendable es <strong data-start=\"771\" data-end=\"813\">consultar con un profesional sanitario<\/strong> antes de incorporarla de forma habitual en tu dieta.<\/p><\/div>\n\t\t\t\t<\/div>\n\t\t\t\t\t\t\t<div class=\"elementor-accordion-item\">\n\t\t\t\t\t<div id=\"elementor-tab-title-2304\" class=\"elementor-tab-title\" data-tab=\"4\" role=\"button\" aria-controls=\"elementor-tab-content-2304\" aria-expanded=\"false\">\n\t\t\t\t\t\t\t\t\t\t\t\t\t<span class=\"elementor-accordion-icon elementor-accordion-icon-left\" aria-hidden=\"true\">\n\t\t\t\t\t\t\t\t\t\t\t\t\t\t\t<span class=\"elementor-accordion-icon-closed\"><i class=\"fas fa-plus\"><\/i><\/span>\n\t\t\t\t\t\t\t\t<span class=\"elementor-accordion-icon-opened\"><i class=\"fas fa-minus\"><\/i><\/span>\n\t\t\t\t\t\t\t\t\t\t\t\t\t\t<\/span>\n\t\t\t\t\t\t\t\t\t\t\t\t<a class=\"elementor-accordion-title\" tabindex=\"0\">Otras preguntas frecuentes sobre la Granada Mollar<\/a>\n\t\t\t\t\t<\/div>\n\t\t\t\t\t<div id=\"elementor-tab-content-2304\" class=\"elementor-tab-content elementor-clearfix\" data-tab=\"4\" role=\"region\" aria-labelledby=\"elementor-tab-title-2304\"><p data-start=\"159\" data-end=\"416\">\ud83d\udce6 <strong data-start=\"162\" data-end=\"187\">\u00bfQu\u00e9 incluye la caja?<\/strong><br data-start=\"187\" data-end=\"190\" \/>Cada caja contiene <strong data-start=\"209\" data-end=\"230\">8 granadas Mollar<\/strong> (aprox. <strong data-start=\"239\" data-end=\"258\">4,5 kg en total<\/strong>, con un peso medio de 550 g por pieza), recolectadas a mano en su punto \u00f3ptimo de maduraci\u00f3n para garantizar <strong data-start=\"368\" data-end=\"413\">frescura, sabor aut\u00e9ntico y calidad extra<\/strong>.<\/p><p data-start=\"418\" data-end=\"627\">\ud83d\ude9a <strong data-start=\"421\" data-end=\"452\">\u00bfCu\u00e1ndo recibir\u00e9 mi pedido?<\/strong><br data-start=\"452\" data-end=\"455\" \/>Los env\u00edos se realizan de <strong data-start=\"481\" data-end=\"499\">lunes a jueves<\/strong>, para asegurar que la fruta llegue fresca a tu casa. El plazo habitual de entrega es de <strong data-start=\"588\" data-end=\"624\">24-48 horas desde la recolecci\u00f3n<\/strong>.<\/p><p data-start=\"629\" data-end=\"781\">\ud83c\udf0d <strong data-start=\"632\" data-end=\"666\">\u00bfA qu\u00e9 zonas realiz\u00e1is env\u00edos?<\/strong><br data-start=\"666\" data-end=\"669\" \/>Actualmente enviamos a toda la <strong data-start=\"700\" data-end=\"724\">Pen\u00ednsula y Baleares<\/strong> al precio cerrado de <strong data-start=\"746\" data-end=\"778\">26 \u20ac (IVA y env\u00edo incluidos)<\/strong>.<\/p><p data-start=\"783\" data-end=\"1059\">\ud83e\udd57 <strong data-start=\"786\" data-end=\"829\">\u00bfC\u00f3mo puedo consumir la Granada Mollar?<\/strong><br data-start=\"829\" data-end=\"832\" \/>Puedes disfrutarla <strong data-start=\"851\" data-end=\"865\">al natural<\/strong>, en <strong data-start=\"870\" data-end=\"895\">zumo reci\u00e9n exprimido<\/strong>, en <strong data-start=\"900\" data-end=\"922\">ensaladas, postres<\/strong> o incluso en <strong data-start=\"936\" data-end=\"954\">platos salados<\/strong> como guisos y carnes. Sus semillas tiernas y comestibles son una de sus caracter\u00edsticas m\u00e1s valoradas.<\/p><p data-start=\"1061\" data-end=\"1255\">\ud83e\udd76 <strong data-start=\"1064\" data-end=\"1099\">\u00bfC\u00f3mo debo conservarla en casa?<\/strong><br data-start=\"1099\" data-end=\"1102\" \/>Lo ideal es guardarlas en un lugar <strong data-start=\"1137\" data-end=\"1159\">fresco y ventilado<\/strong>. Si las mantienes en la <strong data-start=\"1184\" data-end=\"1194\">nevera<\/strong>, pueden conservarse en buen estado hasta <strong data-start=\"1236\" data-end=\"1252\">tres semanas<\/strong>.<\/p><p data-start=\"1257\" data-end=\"1547\">\u2b50 <strong data-start=\"1259\" data-end=\"1297\">\u00bfPor qu\u00e9 elegir la Granada Mollar?<\/strong><br data-start=\"1297\" data-end=\"1300\" \/>Porque es una <strong data-start=\"1314\" data-end=\"1349\">fruta mediterr\u00e1nea de temporada<\/strong>, cultivada en nuestros propios campos de <strong data-start=\"1391\" data-end=\"1412\">Alicante e M\u00farcia<\/strong>. Su <strong data-start=\"1417\" data-end=\"1465\">dulzura, frescura y riqueza en antioxidantes<\/strong> la convierten en una de las frutas m\u00e1s apreciadas de la <strong data-start=\"1522\" data-end=\"1544\">dieta mediterr\u00e1nea<\/strong>.<\/p><\/div>\n\t\t\t\t<\/div>\n\t\t\t\t\t\t\t\t<\/div>\n\t\t\t\t\t\t<\/div>\n\t\t\t\t\t<\/div>\n\t\t<\/div>\n\t\t\t\t\t<\/div>\n\t\t<\/section>\n\t\t\t\t<\/div>","protected":false},"excerpt":{"rendered":"<p>A punicalagina <b>Granada Mollar <\/b>\u00a0\u00c9 considerada uma das melhores variedades do mundo por seu sabor adocicado, cor singular e sementes tenras. Cultivada na prov\u00edncia de <b>Alicante e a Regi\u00e3o de M\u00farcia<\/b> Sob o clima mediterr\u00e2neo, esta variedade hist\u00f3rica destaca-se pela sua suavidade, perfil arom\u00e1tico e elevado teor de fibras naturais. <b>Polifen\u00f3is<\/b>, Minerais e antioxidantes.<\/p>\n<p>A caixa cont\u00e9m <b>4,5 kg de rom\u00e3s selecionadas<\/b>, Pronto para consumo fresco, suco ou para usar em receitas saud\u00e1veis.<\/p>\n<p><strong>\ud83d\udd34 FORA DE TEMPORADA<\/strong><\/p>","protected":false},"featured_media":16450,"comment_status":"open","ping_status":"closed","template":"","meta":{"_acf_changed":false,"_joinchat":{"telephone":"+34628520654"}},"product_brand":[],"product_cat":[476,68],"product_tag":[490,492,488],"class_list":{"0":"post-16366","1":"product","2":"type-product","3":"status-publish","4":"has-post-thumbnail","6":"product_cat-fruta-fresca","7":"product_cat-punicalagina","8":"product_tag-fruta-granada","9":"product_tag-ganada-mollar","10":"product_tag-granada","11":"product_shipping_class-zumos-fruta","13":"first","14":"outofstock","15":"featured","16":"taxable","17":"shipping-taxable","18":"product-type-simple"},"acf":[],"_links":{"self":[{"href":"https:\/\/granatherapy.com\/pt\/wp-json\/wp\/v2\/product\/16366","targetHints":{"allow":["GET"]}}],"collection":[{"href":"https:\/\/granatherapy.com\/pt\/wp-json\/wp\/v2\/product"}],"about":[{"href":"https:\/\/granatherapy.com\/pt\/wp-json\/wp\/v2\/types\/product"}],"replies":[{"embeddable":true,"href":"https:\/\/granatherapy.com\/pt\/wp-json\/wp\/v2\/comments?post=16366"}],"version-history":[{"count":60,"href":"https:\/\/granatherapy.com\/pt\/wp-json\/wp\/v2\/product\/16366\/revisions"}],"predecessor-version":[{"id":17523,"href":"https:\/\/granatherapy.com\/pt\/wp-json\/wp\/v2\/product\/16366\/revisions\/17523"}],"wp:featuredmedia":[{"embeddable":true,"href":"https:\/\/granatherapy.com\/pt\/wp-json\/wp\/v2\/media\/16450"}],"wp:attachment":[{"href":"https:\/\/granatherapy.com\/pt\/wp-json\/wp\/v2\/media?parent=16366"}],"wp:term":[{"taxonomy":"product_brand","embeddable":true,"href":"https:\/\/granatherapy.com\/pt\/wp-json\/wp\/v2\/product_brand?post=16366"},{"taxonomy":"product_cat","embeddable":true,"href":"https:\/\/granatherapy.com\/pt\/wp-json\/wp\/v2\/product_cat?post=16366"},{"taxonomy":"product_tag","embeddable":true,"href":"https:\/\/granatherapy.com\/pt\/wp-json\/wp\/v2\/product_tag?post=16366"}],"curies":[{"name":"wp","href":"https:\/\/api.w.org\/{rel}","templated":true}]}}