{"id":1596,"date":"2019-12-16T13:15:20","date_gmt":"2019-12-16T12:15:20","guid":{"rendered":"https:\/\/granatherapy2.miwebnueva.net?post_type=product&#038;p=1596"},"modified":"2026-02-19T08:37:03","modified_gmt":"2026-02-19T07:37:03","slug":"punicalagina-mais","status":"publish","type":"product","link":"https:\/\/granatherapy.com\/pt\/loja\/punicalagina-mais\/","title":{"rendered":"Punicalagina Plus"},"content":{"rendered":"<p>A punicalagina <b>punicalagina<\/b> \u00e9 um poderoso antioxidante natural pertencente ao grupo dos polifen\u00f3is. A sua capacidade de neutralizar os radicais livres, reduzir o stress oxidativo e modular a resposta inflamat\u00f3ria torna-a uma aliada essencial para a sa\u00fade celular, cardiovascular, imunol\u00f3gica e metab\u00f3lica.<\/p>\n<p>Gra\u00e7as ao seu <b>processo de extra\u00e7\u00e3o com \u00e1gua ultrapura<\/b>, as mol\u00e9culas ativas s\u00e3o preservadas intactas, garantindo uma <b>uma solubilidade de 100% e uma biodisponibilidade superior<\/b> que potencia a sua a\u00e7\u00e3o no organismo.<\/p>","protected":false},"excerpt":{"rendered":"<p><i>Antioxidante natural, anti-inflamat\u00f3rio e apoio integral ao bem-estar geral.<\/i><\/p>\n<p><b>Punicalagina Plus<\/b> Trata-se de um suplemento alimentar elaborado com extrato seco de rom\u00e3 (Punica granatum L.) <b>, cultivada, extra\u00edda e embalado em Espanha.<\/b>. Cada c\u00e1psula cont\u00e9m <b>200 mg de punicalagina de alta qualidade<\/b> e \u00e9 respaldada por m\u00faltiplos estudos cient\u00edficos que comprovam os seus benef\u00edcios para a sa\u00fade.<\/p>","protected":false},"featured_media":17201,"comment_status":"open","ping_status":"closed","template":"","meta":{"_acf_changed":false,"_joinchat":[]},"product_brand":[],"product_cat":[68,504,505,499,497,502,501,516,503,500,498,496,506,517],"product_tag":[],"class_list":{"0":"post-1596","1":"product","2":"type-product","3":"status-publish","4":"has-post-thumbnail","6":"product_cat-punicalagina","7":"product_cat-antibacteriano-antimicrobiano","8":"product_cat-belleza-de-piel-y-cabello","9":"product_cat-control-del-peso","10":"product_cat-digestion-higado-y-flora-intestinal","11":"product_cat-energia-y-resistencia","12":"product_cat-nutricion-deportiva","13":"product_cat-punicalagina-plus","14":"product_cat-refuerzo-del-sistema-inmunitario","15":"product_cat-salud-articular","16":"product_cat-salud-del-cerebro-y-memoria","17":"product_cat-salud-del-corazon-y-control-de-grasas-en-sangre","18":"product_cat-salud-ocular","19":"product_cat-test","20":"product_shipping_class-envio-gratuito","22":"first","23":"instock","24":"taxable","25":"shipping-taxable","26":"purchasable","27":"product-type-simple"},"acf":[],"_links":{"self":[{"href":"https:\/\/granatherapy.com\/pt\/wp-json\/wp\/v2\/product\/1596","targetHints":{"allow":["GET"]}}],"collection":[{"href":"https:\/\/granatherapy.com\/pt\/wp-json\/wp\/v2\/product"}],"about":[{"href":"https:\/\/granatherapy.com\/pt\/wp-json\/wp\/v2\/types\/product"}],"replies":[{"embeddable":true,"href":"https:\/\/granatherapy.com\/pt\/wp-json\/wp\/v2\/comments?post=1596"}],"version-history":[{"count":19,"href":"https:\/\/granatherapy.com\/pt\/wp-json\/wp\/v2\/product\/1596\/revisions"}],"predecessor-version":[{"id":17417,"href":"https:\/\/granatherapy.com\/pt\/wp-json\/wp\/v2\/product\/1596\/revisions\/17417"}],"wp:featuredmedia":[{"embeddable":true,"href":"https:\/\/granatherapy.com\/pt\/wp-json\/wp\/v2\/media\/17201"}],"wp:attachment":[{"href":"https:\/\/granatherapy.com\/pt\/wp-json\/wp\/v2\/media?parent=1596"}],"wp:term":[{"taxonomy":"product_brand","embeddable":true,"href":"https:\/\/granatherapy.com\/pt\/wp-json\/wp\/v2\/product_brand?post=1596"},{"taxonomy":"product_cat","embeddable":true,"href":"https:\/\/granatherapy.com\/pt\/wp-json\/wp\/v2\/product_cat?post=1596"},{"taxonomy":"product_tag","embeddable":true,"href":"https:\/\/granatherapy.com\/pt\/wp-json\/wp\/v2\/product_tag?post=1596"}],"curies":[{"name":"wp","href":"https:\/\/api.w.org\/{rel}","templated":true}]}}