{"id":15248,"date":"2025-03-24T20:23:53","date_gmt":"2025-03-24T19:23:53","guid":{"rendered":"https:\/\/granatherapy2.miwebnueva.net?post_type=product&#038;p=15248"},"modified":"2026-02-18T10:48:15","modified_gmt":"2026-02-18T09:48:15","slug":"punicalagina-mais-probioticos-33","status":"publish","type":"product","link":"https:\/\/granatherapy.com\/pt\/loja\/punicalagina-mais-probioticos-33\/","title":{"rendered":"Punicalagina Plus + Probi\u00f3ticos 3+3"},"content":{"rendered":"<p><b>Punicalagina Plus + Probi\u00f3ticos<\/b> \u00c9 um suplemento alimentar que combina:<\/p>\n<p>\u2714 <b>Punicalagina Plus<\/b> \u2014 um extrato natural de <b>rom\u00e3 (Punica granatum)<\/b> Rico em polifen\u00f3is punicalagina, poderosos antioxidantes naturais com efeitos anti-inflamat\u00f3rios e de prote\u00e7\u00e3o celular.<\/p>\n<p>\u2714 <b>Bioithas MUCOSA<\/b> \u2014 uma combina\u00e7\u00e3o de cepas probi\u00f3ticas selecionadas (<i>Lactiplantibacillus plantarum<\/i> e <i>Bifidobacterium longum<\/i>) juntamente com biotina, especificamente formulada para promover o bem-estar dos tecidos mucosos do corpo e a sa\u00fade intestinal.<\/p>\n<p>Este produto \u00e9 especialmente \u00fatil para quem procura por <b>Suporte digestivo, equil\u00edbrio da microbiota, prote\u00e7\u00e3o antioxidante e bem-estar geral.<\/b> em uma \u00fanica f\u00f3rmula.<\/p>","protected":false},"excerpt":{"rendered":"<p><b>SUPLEMENTO FUNCIONAL ANTIOXIDANTE E DIGESTIVO<\/b><\/p>\n<p><i>Combina\u00e7\u00e3o sin\u00e9rgica de extrato de rom\u00e3 e probi\u00f3ticos para o bem-estar celular, digestivo e imunol\u00f3gico.<\/i><\/p>","protected":false},"featured_media":15345,"comment_status":"open","ping_status":"closed","template":"","meta":{"_acf_changed":false,"_joinchat":[]},"product_brand":[],"product_cat":[504,505,499,497,502,501,510,503,500,498,496,506],"product_tag":[],"class_list":{"0":"post-15248","1":"product","2":"type-product","3":"status-publish","4":"has-post-thumbnail","6":"product_cat-antibacteriano-antimicrobiano","7":"product_cat-belleza-de-piel-y-cabello","8":"product_cat-control-del-peso","9":"product_cat-digestion-higado-y-flora-intestinal","10":"product_cat-energia-y-resistencia","11":"product_cat-nutricion-deportiva","12":"product_cat-punicalagina-probioticos","13":"product_cat-refuerzo-del-sistema-inmunitario","14":"product_cat-salud-articular","15":"product_cat-salud-del-cerebro-y-memoria","16":"product_cat-salud-del-corazon-y-control-de-grasas-en-sangre","17":"product_cat-salud-ocular","18":"product_shipping_class-envio-gratuito","20":"first","21":"instock","22":"featured","23":"taxable","24":"shipping-taxable","25":"purchasable","26":"product-type-simple"},"acf":[],"_links":{"self":[{"href":"https:\/\/granatherapy.com\/pt\/wp-json\/wp\/v2\/product\/15248","targetHints":{"allow":["GET"]}}],"collection":[{"href":"https:\/\/granatherapy.com\/pt\/wp-json\/wp\/v2\/product"}],"about":[{"href":"https:\/\/granatherapy.com\/pt\/wp-json\/wp\/v2\/types\/product"}],"replies":[{"embeddable":true,"href":"https:\/\/granatherapy.com\/pt\/wp-json\/wp\/v2\/comments?post=15248"}],"version-history":[{"count":16,"href":"https:\/\/granatherapy.com\/pt\/wp-json\/wp\/v2\/product\/15248\/revisions"}],"predecessor-version":[{"id":17237,"href":"https:\/\/granatherapy.com\/pt\/wp-json\/wp\/v2\/product\/15248\/revisions\/17237"}],"wp:featuredmedia":[{"embeddable":true,"href":"https:\/\/granatherapy.com\/pt\/wp-json\/wp\/v2\/media\/15345"}],"wp:attachment":[{"href":"https:\/\/granatherapy.com\/pt\/wp-json\/wp\/v2\/media?parent=15248"}],"wp:term":[{"taxonomy":"product_brand","embeddable":true,"href":"https:\/\/granatherapy.com\/pt\/wp-json\/wp\/v2\/product_brand?post=15248"},{"taxonomy":"product_cat","embeddable":true,"href":"https:\/\/granatherapy.com\/pt\/wp-json\/wp\/v2\/product_cat?post=15248"},{"taxonomy":"product_tag","embeddable":true,"href":"https:\/\/granatherapy.com\/pt\/wp-json\/wp\/v2\/product_tag?post=15248"}],"curies":[{"name":"wp","href":"https:\/\/api.w.org\/{rel}","templated":true}]}}