{"id":14827,"date":"2025-03-13T19:25:27","date_gmt":"2025-03-13T18:25:27","guid":{"rendered":"https:\/\/granatherapy2.miwebnueva.net?post_type=product&#038;p=14827"},"modified":"2026-02-18T23:06:36","modified_gmt":"2026-02-18T22:06:36","slug":"suco-de-roma","status":"publish","type":"product","link":"https:\/\/granatherapy.com\/pt\/loja\/suco-de-roma\/","title":{"rendered":"Suco de rom\u00e3 6\u00d7750 ml"},"content":{"rendered":"<p>O suco natural de rom\u00e3 \u00e9 uma das bebidas com <b>maior teor de polifen\u00f3is bioativos<\/b>, especialmente as punicalaginas, respons\u00e1veis por:<\/p>\n<ul>\n<li aria-level=\"1\">Reduzir o <b>estresse oxidativo<\/b><\/li>\n<li aria-level=\"1\">Proteger c\u00e9lulas e tecidos<\/li>\n<li aria-level=\"1\">Para favorecer o <b>elasticidade arterial<\/b><\/li>\n<li aria-level=\"1\">Apoiar o equil\u00edbrio de <b>colesterol oxidado (LDL-ox)<\/b><\/li>\n<li aria-level=\"1\">Contribua para <b>bem-estar metab\u00f3lico<\/b><\/li>\n<li aria-level=\"1\">Manter a energia e a vitalidade di\u00e1rias<\/li>\n<\/ul>\n<p>O consumo di\u00e1rio de 200 ml fornece uma quantidade significativa de antioxidantes equivalente ao conte\u00fado de <b>at\u00e9 800g de arilos frescos<\/b>, permitindo que qualquer pessoa se beneficie do poder antioxidante da fruta sem precisar remover os caro\u00e7os.<\/p>","protected":false},"excerpt":{"rendered":"<p><i>100 % natural \u2013 Alto teor de polifen\u00f3is \u2013 Proveniente de rom\u00e3s cultivadas na Espanha<\/i>.<\/p>\n<p><b>\ud83c\udf77<\/b><b> UM SUCO DE ROM\u00c3 \u00daNICO NA EUROPA<\/b><\/p>\n<p>O <b>Sumo de rom\u00e3 espremido <\/b>\u00c9 um produto natural feito exclusivamente com rom\u00e3s frescas cultivadas nas prov\u00edncias de <b>Alicante e M\u00farcia<\/b>, \u00e1reas l\u00edderes em qualidade devido ao seu clima mediterr\u00e2neo e solos ricos em minerais.<\/p>\n<p>\u00c9 obtido por <b>espremido diretamente<\/b> Feito com frutas, sem adi\u00e7\u00e3o de a\u00e7\u00facares, sem concentrado e sem aditivos de qualquer tipo.<\/p>\n<p>Um suco puro, rico em punicalaginas e polifen\u00f3is, que preserva a intensidade, o poder antioxidante e o car\u00e1ter aut\u00eantico da rom\u00e3 espanhola.<\/p>","protected":false},"featured_media":15014,"comment_status":"closed","ping_status":"closed","template":"","meta":{"_acf_changed":false,"_joinchat":{"telephone":"+34628520654"}},"product_brand":[],"product_cat":[511],"product_tag":[],"class_list":{"0":"post-14827","1":"product","2":"type-product","3":"status-publish","4":"has-post-thumbnail","6":"product_cat-zumo-de-granada-exprimido","7":"product_shipping_class-zumos-fruta","9":"first","10":"instock","11":"sale","12":"featured","13":"taxable","14":"shipping-taxable","15":"purchasable","16":"product-type-simple"},"acf":[],"_links":{"self":[{"href":"https:\/\/granatherapy.com\/pt\/wp-json\/wp\/v2\/product\/14827","targetHints":{"allow":["GET"]}}],"collection":[{"href":"https:\/\/granatherapy.com\/pt\/wp-json\/wp\/v2\/product"}],"about":[{"href":"https:\/\/granatherapy.com\/pt\/wp-json\/wp\/v2\/types\/product"}],"replies":[{"embeddable":true,"href":"https:\/\/granatherapy.com\/pt\/wp-json\/wp\/v2\/comments?post=14827"}],"version-history":[{"count":29,"href":"https:\/\/granatherapy.com\/pt\/wp-json\/wp\/v2\/product\/14827\/revisions"}],"predecessor-version":[{"id":17245,"href":"https:\/\/granatherapy.com\/pt\/wp-json\/wp\/v2\/product\/14827\/revisions\/17245"}],"wp:featuredmedia":[{"embeddable":true,"href":"https:\/\/granatherapy.com\/pt\/wp-json\/wp\/v2\/media\/15014"}],"wp:attachment":[{"href":"https:\/\/granatherapy.com\/pt\/wp-json\/wp\/v2\/media?parent=14827"}],"wp:term":[{"taxonomy":"product_brand","embeddable":true,"href":"https:\/\/granatherapy.com\/pt\/wp-json\/wp\/v2\/product_brand?post=14827"},{"taxonomy":"product_cat","embeddable":true,"href":"https:\/\/granatherapy.com\/pt\/wp-json\/wp\/v2\/product_cat?post=14827"},{"taxonomy":"product_tag","embeddable":true,"href":"https:\/\/granatherapy.com\/pt\/wp-json\/wp\/v2\/product_tag?post=14827"}],"curies":[{"name":"wp","href":"https:\/\/api.w.org\/{rel}","templated":true}]}}