{"id":13192,"date":"2023-08-02T17:50:16","date_gmt":"2023-08-02T15:50:16","guid":{"rendered":"https:\/\/granatherapy2.miwebnueva.net?post_type=product&#038;p=13192"},"modified":"2026-02-18T10:48:13","modified_gmt":"2026-02-18T09:48:13","slug":"extrato-de-espinafre-4x60","status":"publish","type":"product","link":"https:\/\/granatherapy.com\/pt\/loja\/extrato-de-espinafre-4x60\/","title":{"rendered":"Extrato de espinafre 4\u00d760"},"content":{"rendered":"<div data-elementor-type=\"product-post\" data-elementor-id=\"13192\" class=\"elementor elementor-13192\" data-elementor-post-type=\"product\">\n\t\t\t\t\t\t<section class=\"elementor-section elementor-top-section elementor-element elementor-element-5e280e84 elementor-section-boxed elementor-section-height-default elementor-section-height-default\" data-id=\"5e280e84\" data-element_type=\"section\" data-e-type=\"section\">\n\t\t\t\t\t\t<div class=\"elementor-container elementor-column-gap-default\">\n\t\t\t\t\t<div class=\"elementor-column elementor-col-100 elementor-top-column elementor-element elementor-element-591d334a\" data-id=\"591d334a\" data-element_type=\"column\" data-e-type=\"column\">\n\t\t\t<div class=\"elementor-widget-wrap elementor-element-populated\">\n\t\t\t\t\t\t<div class=\"elementor-element elementor-element-2b91c4f elementor-widget elementor-widget-accordion\" data-id=\"2b91c4f\" data-element_type=\"widget\" data-e-type=\"widget\" data-widget_type=\"accordion.default\">\n\t\t\t\t\t\t\t<div class=\"elementor-accordion\">\n\t\t\t\t\t\t\t<div class=\"elementor-accordion-item\">\n\t\t\t\t\t<div id=\"elementor-tab-title-4561\" class=\"elementor-tab-title\" data-tab=\"1\" role=\"button\" aria-controls=\"elementor-tab-content-4561\" aria-expanded=\"false\">\n\t\t\t\t\t\t\t\t\t\t\t\t\t<span class=\"elementor-accordion-icon elementor-accordion-icon-left\" aria-hidden=\"true\">\n\t\t\t\t\t\t\t\t\t\t\t\t\t\t\t<span class=\"elementor-accordion-icon-closed\"><i class=\"fas fa-plus\"><\/i><\/span>\n\t\t\t\t\t\t\t\t<span class=\"elementor-accordion-icon-opened\"><i class=\"fas fa-minus\"><\/i><\/span>\n\t\t\t\t\t\t\t\t\t\t\t\t\t\t<\/span>\n\t\t\t\t\t\t\t\t\t\t\t\t<a class=\"elementor-accordion-title\" tabindex=\"0\">Descri\u00e7\u00e3o<\/a>\n\t\t\t\t\t<\/div>\n\t\t\t\t\t<div id=\"elementor-tab-content-4561\" class=\"elementor-tab-content elementor-clearfix\" data-tab=\"1\" role=\"region\" aria-labelledby=\"elementor-tab-title-4561\"><p><span style=\"font-weight: 400;\">Um suplemento natural que fornece <\/span><b>inulina<\/b><span style=\"font-weight: 400;\"> e <\/span><b>inulina e \u00e1cidos cafeoilqu\u00ednicos<\/b><span style=\"font-weight: 400;\">, ambos extra\u00eddos da flor da alcachofra. Apoia a <\/span><b>sa\u00fade digestiva e hep\u00e1tica<\/b><span style=\"font-weight: 400;\">, favorece o <\/span><b>, favorece a elimina\u00e7\u00e3o de toxinas<\/b><span style=\"font-weight: 400;\"> equil\u00edbrio da microbiota intestinal. <\/span><b>equil\u00edbrio da microbiota intestinal<\/b><span style=\"font-weight: 400;\">Ideal para uma depura\u00e7\u00e3o suave e eficaz.<\/span><\/p><\/div>\n\t\t\t\t<\/div>\n\t\t\t\t\t\t\t<div class=\"elementor-accordion-item\">\n\t\t\t\t\t<div id=\"elementor-tab-title-4562\" class=\"elementor-tab-title\" data-tab=\"2\" role=\"button\" aria-controls=\"elementor-tab-content-4562\" aria-expanded=\"false\">\n\t\t\t\t\t\t\t\t\t\t\t\t\t<span class=\"elementor-accordion-icon elementor-accordion-icon-left\" aria-hidden=\"true\">\n\t\t\t\t\t\t\t\t\t\t\t\t\t\t\t<span class=\"elementor-accordion-icon-closed\"><i class=\"fas fa-plus\"><\/i><\/span>\n\t\t\t\t\t\t\t\t<span class=\"elementor-accordion-icon-opened\"><i class=\"fas fa-minus\"><\/i><\/span>\n\t\t\t\t\t\t\t\t\t\t\t\t\t\t<\/span>\n\t\t\t\t\t\t\t\t\t\t\t\t<a class=\"elementor-accordion-title\" tabindex=\"0\">Composi\u00e7\u00e3o<\/a>\n\t\t\t\t\t<\/div>\n\t\t\t\t\t<div id=\"elementor-tab-content-4562\" class=\"elementor-tab-content elementor-clearfix\" data-tab=\"2\" role=\"region\" aria-labelledby=\"elementor-tab-title-4562\"><ul><li style=\"font-weight: 400;\" aria-level=\"1\"><span style=\"font-weight: 400;\">Suplemento alimentar \u00e0 base de extrato de espinafre com alto teor de <\/span><b>inulina<\/b><span style=\"font-weight: 400;\"> e <\/span><b>inulina e \u00e1cidos cafeoilqu\u00ednicos<\/b><span style=\"font-weight: 400;\">.<\/span><\/li><li style=\"font-weight: 400;\" aria-level=\"1\"><b>60 C\u00c1PSULAS \u2013 PESO L\u00cdQUIDO: 30 g.<\/b><\/li><li style=\"font-weight: 400;\" aria-level=\"1\"><b>Ingredientes e quantidade fornecida por dose di\u00e1ria:<\/b><span style=\"font-weight: 400;\">\u00a01420 mg de extrato seco de espinafre (Spinacia oleracea L. Spisar\u00ae), dos quais 2,13 mg de 20-hidroxiecdisona.<\/span><b> Antiaglomerante:<\/b><span style=\"font-weight: 400;\">\u00a0estearato de magn\u00e9sio e di\u00f3xido de sil\u00edcio.<\/span><\/li><li style=\"font-weight: 400;\" aria-level=\"1\"><span style=\"font-weight: 400;\">Revestimento da c\u00e1psula: gelatina (vegetal).<\/span><\/li><li style=\"font-weight: 400;\" aria-level=\"1\"><span style=\"font-weight: 400;\">Peso l\u00edquido da c\u00e1psula: 500 mg.<\/span><\/li><li style=\"list-style-type: none;\">\u00a0<\/li><li style=\"list-style-type: none;\">\u00a0<\/li><\/ul><\/div>\n\t\t\t\t<\/div>\n\t\t\t\t\t\t\t<div class=\"elementor-accordion-item\">\n\t\t\t\t\t<div id=\"elementor-tab-title-4563\" class=\"elementor-tab-title\" data-tab=\"3\" role=\"button\" aria-controls=\"elementor-tab-content-4563\" aria-expanded=\"false\">\n\t\t\t\t\t\t\t\t\t\t\t\t\t<span class=\"elementor-accordion-icon elementor-accordion-icon-left\" aria-hidden=\"true\">\n\t\t\t\t\t\t\t\t\t\t\t\t\t\t\t<span class=\"elementor-accordion-icon-closed\"><i class=\"fas fa-plus\"><\/i><\/span>\n\t\t\t\t\t\t\t\t<span class=\"elementor-accordion-icon-opened\"><i class=\"fas fa-minus\"><\/i><\/span>\n\t\t\t\t\t\t\t\t\t\t\t\t\t\t<\/span>\n\t\t\t\t\t\t\t\t\t\t\t\t<a class=\"elementor-accordion-title\" tabindex=\"0\">Modalit\u00e0 d\u2019uso<\/a>\n\t\t\t\t\t<\/div>\n\t\t\t\t\t<div id=\"elementor-tab-content-4563\" class=\"elementor-tab-content elementor-clearfix\" data-tab=\"3\" role=\"region\" aria-labelledby=\"elementor-tab-title-4563\"><ul><li style=\"font-weight: 400;\" aria-level=\"1\"><span style=\"font-weight: 400;\">Tome 2 c\u00e1psulas meia hora antes do caf\u00e9 da manh\u00e3 e 2 c\u00e1psulas meia hora antes do jantar.<\/span><span style=\"font-weight: 400;\"> N\u00e3o exceder a dose di\u00e1ria recomendada.<\/span><\/li><li style=\"font-weight: 400;\" aria-level=\"1\"><span style=\"font-weight: 400;\">Os suplementos alimentares n\u00e3o devem ser utilizados como substitutos de uma alimenta\u00e7\u00e3o variada e equilibrada e de um estilo de vida saud\u00e1vel.<\/span><\/li><li style=\"font-weight: 400;\" aria-level=\"1\"><span style=\"font-weight: 400;\">Manter fora do alcance de crian\u00e7as pequenas.<\/span><\/li><li style=\"font-weight: 400;\" aria-level=\"1\"><span style=\"font-weight: 400;\">Conservar em local fresco e seco.<\/span><\/li><li style=\"font-weight: 400;\" aria-level=\"1\">\u00a0<\/li><\/ul><\/div>\n\t\t\t\t<\/div>\n\t\t\t\t\t\t\t\t\t\t<script type=\"application\/ld+json\">{\n    \"@context\": \"https:\\\/\\\/schema.org\",\n    \"@type\": \"FAQPage\",\n    \"mainEntity\": [\n        {\n            \"@type\": \"Question\",\n            \"name\": \"Descripci\\u00f3n\",\n            \"acceptedAnswer\": {\n                \"@type\": \"Answer\",\n                \"text\": \"<p><span style=\\\"font-weight: 400;\\\">Complemento natural que aporta <\\\/span><b>inulina<\\\/b><span style=\\\"font-weight: 400;\\\"> y <\\\/span><b>\\u00e1cidos cafeoilqu\\u00ednicos<\\\/b><span style=\\\"font-weight: 400;\\\">, ambos extra\\u00eddos de la flor de la alcachofa. Apoya la <\\\/span><b>salud digestiva y hep\\u00e1tica<\\\/b><span style=\\\"font-weight: 400;\\\">, favorece la <\\\/span><b>eliminaci\\u00f3n de toxinas<\\\/b><span style=\\\"font-weight: 400;\\\"> y contribuye al <\\\/span><b>equilibrio de la microbiota intestinal<\\\/b><span style=\\\"font-weight: 400;\\\">. Ideal para una depuraci\\u00f3n suave y eficaz.<\\\/span><\\\/p>\"\n            }\n        },\n        {\n            \"@type\": \"Question\",\n            \"name\": \"Composici\\u00f3n\",\n            \"acceptedAnswer\": {\n                \"@type\": \"Answer\",\n                \"text\": \"<ul><li style=\\\"font-weight: 400;\\\" aria-level=\\\"1\\\"><span style=\\\"font-weight: 400;\\\">Complemento alimenticio a base de extracto de espinaca\\u00a0 con alto contenido en <\\\/span><b>inulina<\\\/b><span style=\\\"font-weight: 400;\\\"> y <\\\/span><b>\\u00e1cidos cafeoilqu\\u00ednicos<\\\/b><span style=\\\"font-weight: 400;\\\">.<\\\/span><\\\/li><li style=\\\"font-weight: 400;\\\" aria-level=\\\"1\\\"><b>60 C\\u00c1PSULAS \\u2013 PESO NETO: 30 g.<\\\/b><\\\/li><li style=\\\"font-weight: 400;\\\" aria-level=\\\"1\\\"><b>Ingredientes y cantidad aportada por dosis diaria:<\\\/b><span style=\\\"font-weight: 400;\\\">\\u00a01420 mg. de Extracto seco de espinaca (Spinacia oleracea L. Spisar\\u00ae) de los cuales 2,13 mg. 20-hidroxiecdisona.<\\\/span><b> Antiaglomerante:<\\\/b><span style=\\\"font-weight: 400;\\\">\\u00a0estearato de magnesio y di\\u00f3xido de silicio.<\\\/span><\\\/li><li style=\\\"font-weight: 400;\\\" aria-level=\\\"1\\\"><span style=\\\"font-weight: 400;\\\">Envoltura de la c\\u00e1psula: gelatina (vegetal).<\\\/span><\\\/li><li style=\\\"font-weight: 400;\\\" aria-level=\\\"1\\\"><span style=\\\"font-weight: 400;\\\">Peso neto c\\u00e1psula: 500 mg.<\\\/span><\\\/li><li style=\\\"list-style-type: none;\\\">\\u00a0<\\\/li><li style=\\\"list-style-type: none;\\\">\\u00a0<\\\/li><\\\/ul>\"\n            }\n        },\n        {\n            \"@type\": \"Question\",\n            \"name\": \"Modo de empleo\",\n            \"acceptedAnswer\": {\n                \"@type\": \"Answer\",\n                \"text\": \"<ul><li style=\\\"font-weight: 400;\\\" aria-level=\\\"1\\\"><span style=\\\"font-weight: 400;\\\">Tomar 2 c\\u00e1psulas media hora antes del desayuno y 2 c\\u00e1psulas media hora antes de la cena.<\\\/span><span style=\\\"font-weight: 400;\\\"> No superar la dosis diaria recomendada.<\\\/span><\\\/li><li style=\\\"font-weight: 400;\\\" aria-level=\\\"1\\\"><span style=\\\"font-weight: 400;\\\">Los complementos alimenticios no deben utilizarse como sustitutos de una dieta variada y equilibrada y un modo de vida sano.<\\\/span><\\\/li><li style=\\\"font-weight: 400;\\\" aria-level=\\\"1\\\"><span style=\\\"font-weight: 400;\\\">Mantener fuera del alcance de los ni\\u00f1os m\\u00e1s peque\\u00f1os.<\\\/span><\\\/li><li style=\\\"font-weight: 400;\\\" aria-level=\\\"1\\\"><span style=\\\"font-weight: 400;\\\">Conservar en lugar fresco y seco.<\\\/span><\\\/li><li style=\\\"font-weight: 400;\\\" aria-level=\\\"1\\\">\\u00a0<\\\/li><\\\/ul>\"\n            }\n        }\n    ]\n}<\/script>\n\t\t\t\t\t<\/div>\n\t\t\t\t\t\t<\/div>\n\t\t\t\t<div class=\"elementor-element elementor-element-3901532c elementor-widget elementor-widget-text-editor\" data-id=\"3901532c\" data-element_type=\"widget\" data-e-type=\"widget\" data-widget_type=\"text-editor.default\">\n\t\t\t\t\t\t\t\t\t<img decoding=\"async\" class=\"wp-image-11631 aligncenter\" src=\"https:\/\/granatherapy.miwebnueva.net\/wp-content\/uploads\/2019\/12\/granatum-plus-logo.jpg\" alt=\"logotipo granatum-plus\" width=\"340\" height=\"93\" srcset=\"https:\/\/granatherapy.com\/wp-content\/uploads\/2019\/12\/granatum-plus-logo.jpg 700w, https:\/\/granatherapy.com\/wp-content\/uploads\/2019\/12\/granatum-plus-logo-300x82.jpg 300w, https:\/\/granatherapy.com\/wp-content\/uploads\/2019\/12\/granatum-plus-logo-600x165.jpg 600w\" sizes=\"(max-width: 340px) 100vw, 340px\" \/>\r\n<h3 style=\"text-align: center;\"><strong><span style=\"color: #808080;\">GRANATUM PLUS<\/span>\r\n<\/strong><\/h3>\r\n&nbsp;\r\n<p style=\"text-align: center;\">Desde 2005, somos uma refer\u00eancia e pioneiros na comercializa\u00e7\u00e3o de suplementos alimentares \u00fanicos e exclusivos, com elevado teor de antioxidantes naturais do Mediterr\u00e2neo. A Euromed \u00e9 a produtora exclusiva dos extratos que comercializamos.<\/p>\r\n<p style=\"text-align: center;\"><img decoding=\"async\" class=\"aligncenter wp-image-11627\" src=\"https:\/\/granatherapy.miwebnueva.net\/wp-content\/uploads\/2019\/12\/euromed.jpg\" alt=\"euromed\" width=\"302\" height=\"109\" srcset=\"https:\/\/granatherapy.com\/wp-content\/uploads\/2019\/12\/euromed.jpg 600w, https:\/\/granatherapy.com\/wp-content\/uploads\/2019\/12\/euromed-300x108.jpg 300w\" sizes=\"(max-width: 302px) 100vw, 302px\" \/><\/p>\r\n\r\n<h3 style=\"text-align: center;\"><span style=\"color: #808080;\"><strong>EUROMED<\/strong><\/span><\/h3>\r\n&nbsp;\r\n<p style=\"text-align: center;\">Desde 1971, produtor l\u00edder de extratos de ervas padronizados e subst\u00e2ncias ativas naturais para as ind\u00fastrias farmac\u00eautica, nutrac\u00eautica, alimentar e cosm\u00e9tica, para apoiar a sa\u00fade e o bem-estar com solu\u00e7\u00f5es naturais.<\/p>\r\n&nbsp;\r\n\r\n<img decoding=\"async\" class=\"size-medium wp-image-13113 aligncenter\" src=\"https:\/\/granatherapy.miwebnueva.net\/wp-content\/uploads\/2023\/08\/Spisar_R-300x122.png\" alt=\"Spisar\" width=\"300\" height=\"122\" srcset=\"https:\/\/granatherapy.com\/wp-content\/uploads\/2023\/08\/Spisar_R-300x122.png 300w, https:\/\/granatherapy.com\/wp-content\/uploads\/2023\/08\/Spisar_R.png 451w\" sizes=\"(max-width: 300px) 100vw, 300px\" \/>\r\n<h3 style=\"text-align: center;\"><span style=\"color: #808080;\"><strong>SPISAR<\/strong><\/span><\/h3>\r\n<p style=\"text-align: center;\">Derivado de folhas de espinafre (Spinacia oleracea L.) padronizado para 20-hidroxiecdisona. Promove o condicionamento e a for\u00e7a muscular quando combinado com treinamento de resist\u00eancia.<\/p>\r\n<p style=\"text-align: center;\"><img loading=\"lazy\" decoding=\"async\" class=\"aligncenter wp-image-11629\" src=\"https:\/\/granatherapy.miwebnueva.net\/wp-content\/uploads\/2019\/12\/mediterranean.jpg\" alt=\"Mediterr\u00e2neo\" width=\"264\" height=\"228\" srcset=\"https:\/\/granatherapy.com\/wp-content\/uploads\/2019\/12\/mediterranean.jpg 552w, https:\/\/granatherapy.com\/wp-content\/uploads\/2019\/12\/mediterranean-300x259.jpg 300w\" sizes=\"(max-width: 264px) 100vw, 264px\" \/><\/p>\r\n\r\n<h3 style=\"text-align: center;\"><span style=\"color: #808080;\"><strong>MEDITERRANEAN\r\nfruit and vegetable extracts<\/strong><\/span><\/h3>\r\n<p style=\"text-align: center;\">Inspirada nas propriedades de envelhecimento saud\u00e1vel associadas \u00e0 Dieta Mediterr\u00e2nica, mediadas em grande parte por fitoqu\u00edmicos, a Euromed apresenta uma nova linha de extratos de frutas e vegetais baseados em evid\u00eancias: rom\u00e3s, azeitonas, alcachofras, figos, lim\u00f5es e espinafres espanh\u00f3is de origem local e sustent\u00e1vel.<\/p>\r\n<p style=\"text-align: center;\"><img loading=\"lazy\" decoding=\"async\" class=\"aligncenter wp-image-11630\" src=\"https:\/\/granatherapy.miwebnueva.net\/wp-content\/uploads\/2019\/12\/pure-hydro.jpg\" alt=\"hidro-pura\" width=\"394\" height=\"142\" srcset=\"https:\/\/granatherapy.com\/wp-content\/uploads\/2019\/12\/pure-hydro.jpg 600w, https:\/\/granatherapy.com\/wp-content\/uploads\/2019\/12\/pure-hydro-300x108.jpg 300w\" sizes=\"(max-width: 394px) 100vw, 394px\" \/><\/p>\r\n\r\n<h3 style=\"text-align: center;\"><strong><span style=\"color: #808080;\">Processo Pure-Hydro<\/span>\r\n<\/strong><\/h3>\r\n<p style=\"text-align: center;\">Um m\u00e9todo de extra\u00e7\u00e3o ecol\u00f3gico que utiliza \u00e1gua ultrapura como \u00fanico solvente, preservando e concentrando os ingredientes naturais da fruta. Sem qualquer risco de poss\u00edveis impurezas de solventes vol\u00e1teis residuais.<\/p>\r\n<p style=\"text-align: center;\"><img loading=\"lazy\" decoding=\"async\" class=\"wp-image-2048 aligncenter\" src=\"https:\/\/granatherapy.miwebnueva.net\/wp-content\/uploads\/2019\/12\/apato-para-veganos.png\" alt=\"apartamento vegano\" width=\"108\" height=\"108\" srcset=\"https:\/\/granatherapy.com\/wp-content\/uploads\/2019\/12\/apato-para-veganos.png 225w, https:\/\/granatherapy.com\/wp-content\/uploads\/2019\/12\/apato-para-veganos-100x100.png 100w, https:\/\/granatherapy.com\/wp-content\/uploads\/2019\/12\/apato-para-veganos-150x150.png 150w\" sizes=\"(max-width: 108px) 100vw, 108px\" \/><\/p>\r\n\r\n<h3 style=\"text-align: center;\"><span style=\"color: #808080;\"><strong>ADEQUADO PARA VEGANOS<\/strong><\/span><\/h3>\r\n<p style=\"text-align: center;\">Sem conservantes, sem corantes, sem lactose, sem trigo, sem peixe, sem gl\u00faten, sem levedura.<\/p>\r\n<p style=\"text-align: center;\"><img loading=\"lazy\" decoding=\"async\" class=\"wp-image-2049 aligncenter\" src=\"https:\/\/granatherapy.miwebnueva.net\/wp-content\/uploads\/2019\/12\/producto-natural.png\" alt=\"produto natural\" width=\"123\" height=\"122\" srcset=\"https:\/\/granatherapy.com\/wp-content\/uploads\/2019\/12\/producto-natural.png 225w, https:\/\/granatherapy.com\/wp-content\/uploads\/2019\/12\/producto-natural-100x100.png 100w, https:\/\/granatherapy.com\/wp-content\/uploads\/2019\/12\/producto-natural-150x150.png 150w\" sizes=\"(max-width: 123px) 100vw, 123px\" \/><\/p>\r\n\r\n<h3 style=\"text-align: center;\"><span style=\"color: #808080;\"><strong>SEM PROCESSOS QU\u00cdMICOS<\/strong><\/span><\/h3>\r\n<p style=\"text-align: center;\">Extra\u00e7\u00e3o completamente natural, utilizamos as tecnologias mais inovadoras com as ferramentas mais limpas e respeitosas com o meio ambiente.<\/p>\r\n<p style=\"text-align: center;\"><img loading=\"lazy\" decoding=\"async\" class=\"size-full wp-image-2050 aligncenter\" src=\"https:\/\/granatherapy.miwebnueva.net\/wp-content\/uploads\/2019\/12\/universidad-mh.png\" alt=\"universidade-mh\" width=\"290\" height=\"89\" \/><\/p>\r\n\r\n<h3 style=\"text-align: center;\"><span style=\"color: #808080;\"><strong>CERTIFICADO<\/strong><\/span><\/h3>\r\n<p style=\"text-align: center;\">A Universidade Miguel Hern\u00e1ndez, na Espanha, certifica o teor de polifen\u00f3is dos nossos suplementos alimentares, indicando que cumprem os requisitos de alimentos funcionais.<\/p>\t\t\t\t\t\t\t\t<\/div>\n\t\t\t\t<div class=\"elementor-element elementor-element-f627d4d elementor-widget elementor-widget-accordion\" data-id=\"f627d4d\" data-element_type=\"widget\" data-e-type=\"widget\" data-widget_type=\"accordion.default\">\n\t\t\t\t\t\t\t<div class=\"elementor-accordion\">\n\t\t\t\t\t\t\t<div class=\"elementor-accordion-item\">\n\t\t\t\t\t<div id=\"elementor-tab-title-2581\" class=\"elementor-tab-title\" data-tab=\"1\" role=\"button\" aria-controls=\"elementor-tab-content-2581\" aria-expanded=\"false\">\n\t\t\t\t\t\t\t\t\t\t\t\t\t<span class=\"elementor-accordion-icon elementor-accordion-icon-left\" aria-hidden=\"true\">\n\t\t\t\t\t\t\t\t\t\t\t\t\t\t\t<span class=\"elementor-accordion-icon-closed\"><i class=\"fas fa-plus\"><\/i><\/span>\n\t\t\t\t\t\t\t\t<span class=\"elementor-accordion-icon-opened\"><i class=\"fas fa-minus\"><\/i><\/span>\n\t\t\t\t\t\t\t\t\t\t\t\t\t\t<\/span>\n\t\t\t\t\t\t\t\t\t\t\t\t<a class=\"elementor-accordion-title\" tabindex=\"0\">Onde \u00e9 cultivada a mat\u00e9ria-prima utilizada no produto?<\/a>\n\t\t\t\t\t<\/div>\n\t\t\t\t\t<div id=\"elementor-tab-content-2581\" class=\"elementor-tab-content elementor-clearfix\" data-tab=\"1\" role=\"region\" aria-labelledby=\"elementor-tab-title-2581\"><p><span style=\"font-weight: 400;\">Utilizamos espinafre cultivado de forma sustent\u00e1vel na prov\u00edncia de Alicante e na Regi\u00e3o de M\u00farcia. Nossa cadeia de suprimentos segue padr\u00f5es rigorosos para garantir a pureza e a pot\u00eancia de nossos extratos.<\/span><\/p><\/div>\n\t\t\t\t<\/div>\n\t\t\t\t\t\t\t<div class=\"elementor-accordion-item\">\n\t\t\t\t\t<div id=\"elementor-tab-title-2582\" class=\"elementor-tab-title\" data-tab=\"2\" role=\"button\" aria-controls=\"elementor-tab-content-2582\" aria-expanded=\"false\">\n\t\t\t\t\t\t\t\t\t\t\t\t\t<span class=\"elementor-accordion-icon elementor-accordion-icon-left\" aria-hidden=\"true\">\n\t\t\t\t\t\t\t\t\t\t\t\t\t\t\t<span class=\"elementor-accordion-icon-closed\"><i class=\"fas fa-plus\"><\/i><\/span>\n\t\t\t\t\t\t\t\t<span class=\"elementor-accordion-icon-opened\"><i class=\"fas fa-minus\"><\/i><\/span>\n\t\t\t\t\t\t\t\t\t\t\t\t\t\t<\/span>\n\t\t\t\t\t\t\t\t\t\t\t\t<a class=\"elementor-accordion-title\" tabindex=\"0\">\u00c9 adequado para veganos\/vegetarianos?<\/a>\n\t\t\t\t\t<\/div>\n\t\t\t\t\t<div id=\"elementor-tab-content-2582\" class=\"elementor-tab-content elementor-clearfix\" data-tab=\"2\" role=\"region\" aria-labelledby=\"elementor-tab-title-2582\"><p>Sim, o nosso suplemento de rom\u00e3 \u00e9 formulado sem ingredientes de origem animal e \u00e9 adequado para veganos\/vegetarianos.<\/p><\/div>\n\t\t\t\t<\/div>\n\t\t\t\t\t\t\t<div class=\"elementor-accordion-item\">\n\t\t\t\t\t<div id=\"elementor-tab-title-2583\" class=\"elementor-tab-title\" data-tab=\"3\" role=\"button\" aria-controls=\"elementor-tab-content-2583\" aria-expanded=\"false\">\n\t\t\t\t\t\t\t\t\t\t\t\t\t<span class=\"elementor-accordion-icon elementor-accordion-icon-left\" aria-hidden=\"true\">\n\t\t\t\t\t\t\t\t\t\t\t\t\t\t\t<span class=\"elementor-accordion-icon-closed\"><i class=\"fas fa-plus\"><\/i><\/span>\n\t\t\t\t\t\t\t\t<span class=\"elementor-accordion-icon-opened\"><i class=\"fas fa-minus\"><\/i><\/span>\n\t\t\t\t\t\t\t\t\t\t\t\t\t\t<\/span>\n\t\t\t\t\t\t\t\t\t\t\t\t<a class=\"elementor-accordion-title\" tabindex=\"0\">\u00c9 seguro para pessoas com determinadas condi\u00e7\u00f5es m\u00e9dicas?<\/a>\n\t\t\t\t\t<\/div>\n\t\t\t\t\t<div id=\"elementor-tab-content-2583\" class=\"elementor-tab-content elementor-clearfix\" data-tab=\"3\" role=\"region\" aria-labelledby=\"elementor-tab-title-2583\"><p>O nosso produto \u00e9 formulado para ser seguro para a maioria das pessoas; no entanto, \u00e9 sempre aconselh\u00e1vel consultar um profissional de sa\u00fade antes de iniciar qualquer suplemento, especialmente se existirem condi\u00e7\u00f5es m\u00e9dicas pr\u00e9-existentes.<\/p><\/div>\n\t\t\t\t<\/div>\n\t\t\t\t\t\t\t<div class=\"elementor-accordion-item\">\n\t\t\t\t\t<div id=\"elementor-tab-title-2584\" class=\"elementor-tab-title\" data-tab=\"4\" role=\"button\" aria-controls=\"elementor-tab-content-2584\" aria-expanded=\"false\">\n\t\t\t\t\t\t\t\t\t\t\t\t\t<span class=\"elementor-accordion-icon elementor-accordion-icon-left\" aria-hidden=\"true\">\n\t\t\t\t\t\t\t\t\t\t\t\t\t\t\t<span class=\"elementor-accordion-icon-closed\"><i class=\"fas fa-plus\"><\/i><\/span>\n\t\t\t\t\t\t\t\t<span class=\"elementor-accordion-icon-opened\"><i class=\"fas fa-minus\"><\/i><\/span>\n\t\t\t\t\t\t\t\t\t\t\t\t\t\t<\/span>\n\t\t\t\t\t\t\t\t\t\t\t\t<a class=\"elementor-accordion-title\" tabindex=\"0\">Este suplemento pode interagir com outros medicamentos?<\/a>\n\t\t\t\t\t<\/div>\n\t\t\t\t\t<div id=\"elementor-tab-content-2584\" class=\"elementor-tab-content elementor-clearfix\" data-tab=\"4\" role=\"region\" aria-labelledby=\"elementor-tab-title-2584\"><p>Se estiver a tomar medicamentos prescritos, recomenda-se falar com o seu m\u00e9dico antes de iniciar qualquer suplemento para evitar poss\u00edveis intera\u00e7\u00f5es.<\/p><\/div>\n\t\t\t\t<\/div>\n\t\t\t\t\t\t\t<div class=\"elementor-accordion-item\">\n\t\t\t\t\t<div id=\"elementor-tab-title-2585\" class=\"elementor-tab-title\" data-tab=\"5\" role=\"button\" aria-controls=\"elementor-tab-content-2585\" aria-expanded=\"false\">\n\t\t\t\t\t\t\t\t\t\t\t\t\t<span class=\"elementor-accordion-icon elementor-accordion-icon-left\" aria-hidden=\"true\">\n\t\t\t\t\t\t\t\t\t\t\t\t\t\t\t<span class=\"elementor-accordion-icon-closed\"><i class=\"fas fa-plus\"><\/i><\/span>\n\t\t\t\t\t\t\t\t<span class=\"elementor-accordion-icon-opened\"><i class=\"fas fa-minus\"><\/i><\/span>\n\t\t\t\t\t\t\t\t\t\t\t\t\t\t<\/span>\n\t\t\t\t\t\t\t\t\t\t\t\t<a class=\"elementor-accordion-title\" tabindex=\"0\">Quanto tempo leva para ver resultados?<\/a>\n\t\t\t\t\t<\/div>\n\t\t\t\t\t<div id=\"elementor-tab-content-2585\" class=\"elementor-tab-content elementor-clearfix\" data-tab=\"5\" role=\"region\" aria-labelledby=\"elementor-tab-title-2585\"><p>Os resultados podem variar, mas muitos utilizadores relatam melhorias na vitalidade e no bem-estar geral ap\u00f3s semanas de uso consistente. \u00c9 importante ser consistente na toma do suplemento.<\/p><\/div>\n\t\t\t\t<\/div>\n\t\t\t\t\t\t\t\t<\/div>\n\t\t\t\t\t\t<\/div>\n\t\t\t\t\t<\/div>\n\t\t<\/div>\n\t\t\t\t\t<\/div>\n\t\t<\/section>\n\t\t\t\t<\/div>","protected":false},"excerpt":{"rendered":"<h2 class=\"elementor-heading-title elementor-size-default\">Suplemento alimentar \u00e0 base de extrato de espinafre cultivado em Espanha.<\/h2>\n<p>\u2705 Cultivamos, extra\u00edmos e embalamos em Espanha.<br data-start=\"94\" data-end=\"97\" \/>\u2705 1 c\u00e1psula cont\u00e9m 0,53 mg de 20-hidroxiecdisona<br data-start=\"147\" data-end=\"150\" \/>\u2705 Processado fresco em 48 horas, de forma ecol\u00f3gica.<br data-start=\"192\" data-end=\"195\" \/>\u2705 Produto local num raio de 50 km.<br data-start=\"241\" data-end=\"244\" \/>\u2705 25 estudos cient\u00edficos comprovam as suas propriedades.<\/p>","protected":false},"featured_media":13205,"comment_status":"closed","ping_status":"closed","template":"","meta":{"_acf_changed":false,"_joinchat":[]},"product_brand":[],"product_cat":[497,515,501,507],"product_tag":[],"class_list":{"0":"post-13192","1":"product","2":"type-product","3":"status-publish","4":"has-post-thumbnail","6":"product_cat-digestion-higado-y-flora-intestinal","7":"product_cat-extracto-de-espinaca","8":"product_cat-nutricion-deportiva","9":"product_cat-vasos-sanguineos-circulacion-y-equilibrio-de-fluidos","10":"product_shipping_class-envio-gratuito","12":"first","13":"instock","14":"taxable","15":"shipping-taxable","16":"purchasable","17":"product-type-simple"},"acf":[],"_links":{"self":[{"href":"https:\/\/granatherapy.com\/pt\/wp-json\/wp\/v2\/product\/13192","targetHints":{"allow":["GET"]}}],"collection":[{"href":"https:\/\/granatherapy.com\/pt\/wp-json\/wp\/v2\/product"}],"about":[{"href":"https:\/\/granatherapy.com\/pt\/wp-json\/wp\/v2\/types\/product"}],"replies":[{"embeddable":true,"href":"https:\/\/granatherapy.com\/pt\/wp-json\/wp\/v2\/comments?post=13192"}],"version-history":[{"count":11,"href":"https:\/\/granatherapy.com\/pt\/wp-json\/wp\/v2\/product\/13192\/revisions"}],"predecessor-version":[{"id":17274,"href":"https:\/\/granatherapy.com\/pt\/wp-json\/wp\/v2\/product\/13192\/revisions\/17274"}],"wp:featuredmedia":[{"embeddable":true,"href":"https:\/\/granatherapy.com\/pt\/wp-json\/wp\/v2\/media\/13205"}],"wp:attachment":[{"href":"https:\/\/granatherapy.com\/pt\/wp-json\/wp\/v2\/media?parent=13192"}],"wp:term":[{"taxonomy":"product_brand","embeddable":true,"href":"https:\/\/granatherapy.com\/pt\/wp-json\/wp\/v2\/product_brand?post=13192"},{"taxonomy":"product_cat","embeddable":true,"href":"https:\/\/granatherapy.com\/pt\/wp-json\/wp\/v2\/product_cat?post=13192"},{"taxonomy":"product_tag","embeddable":true,"href":"https:\/\/granatherapy.com\/pt\/wp-json\/wp\/v2\/product_tag?post=13192"}],"curies":[{"name":"wp","href":"https:\/\/api.w.org\/{rel}","templated":true}]}}