{"id":13104,"date":"2023-08-01T18:27:33","date_gmt":"2023-08-01T16:27:33","guid":{"rendered":"https:\/\/granatherapy2.miwebnueva.net?post_type=product&#038;p=13104"},"modified":"2026-02-18T10:48:13","modified_gmt":"2026-02-18T09:48:13","slug":"extrato-de-alcachofra-1x60","status":"publish","type":"product","link":"https:\/\/granatherapy.com\/pt\/loja\/extrato-de-alcachofra-1x60\/","title":{"rendered":"Extrato de alcachofra"},"content":{"rendered":"<p>Fadiga digestiva, sensa\u00e7\u00e3o de peso ap\u00f3s as refei\u00e7\u00f5es ou desconforto intestinal podem ser sinais de um desequil\u00edbrio na microbiota intestinal.<\/p>\n<p>O extrato de alcachofra Plus fornece <b>Inulina com o maior grau de polimeriza\u00e7\u00e3o conhecido em plantas.<\/b> (p\u00e1gina 2 do estudo)<\/p>\n<p>Extrato de Alcachofra e seus Benef\u00edcios\u2026<\/p>\n<p>, o que permite que ele chegue intacto ao c\u00f3lon e seja fermentado por bact\u00e9rias ben\u00e9ficas.<br \/>\nEste processo:<\/p>\n<ul>\n<li aria-level=\"1\">Promove evacua\u00e7\u00f5es mais regulares.<\/li>\n<li aria-level=\"1\">Reduzir o incha\u00e7o<\/li>\n<li aria-level=\"1\">Melhora a absor\u00e7\u00e3o de nutrientes<\/li>\n<li aria-level=\"1\">Contribui para um intestino mais equilibrado e ativo.<\/li>\n<\/ul>\n<p>Um aux\u00edlio natural para sentir leveza, clareza digestiva e bem-estar cont\u00ednuo.<\/p>","protected":false},"excerpt":{"rendered":"<p><b>SA\u00daDE MICROBI\u00d3TICA<\/b><\/p>\n<p>Este suplemento digestivo combina extrato seco de alcachofra de alta pureza (Cynamed\u00ae), rico em <b>inulina<\/b>, <b>inulina e \u00e1cidos cafeoilqu\u00ednicos<\/b> e compostos fen\u00f3licos que atuam sinergicamente na microbiota, na digest\u00e3o e no bem-estar geral.<\/p>\n<p>Gra\u00e7as ao seu processo de extra\u00e7\u00e3o aquosa <b>Processo Pure-Hydro\u2122<\/b>, Totalmente livre de solventes qu\u00edmicos, este extrato conserva seu perfil natural de fibras prebi\u00f3ticas e polifen\u00f3is, garantindo uma a\u00e7\u00e3o eficaz e bem tolerada, inclusive por pessoas com sensibilidade digestiva.<\/p>\n<p>\u00c9 uma solu\u00e7\u00e3o vers\u00e1til que regula de dentro para fora: ajuda a limpar, melhora a regularidade intestinal, reduz o incha\u00e7o e fortalece as defesas sem causar desconforto digestivo.<\/p>","protected":false},"featured_media":14248,"comment_status":"closed","ping_status":"closed","template":"","meta":{"_acf_changed":false,"_joinchat":[]},"product_brand":[],"product_cat":[514],"product_tag":[],"class_list":{"0":"post-13104","1":"product","2":"type-product","3":"status-publish","4":"has-post-thumbnail","6":"product_cat-extracto-de-alcachofa","7":"product_shipping_class-envio-gratuito","9":"first","10":"instock","11":"featured","12":"taxable","13":"shipping-taxable","14":"purchasable","15":"product-type-simple"},"acf":[],"_links":{"self":[{"href":"https:\/\/granatherapy.com\/pt\/wp-json\/wp\/v2\/product\/13104","targetHints":{"allow":["GET"]}}],"collection":[{"href":"https:\/\/granatherapy.com\/pt\/wp-json\/wp\/v2\/product"}],"about":[{"href":"https:\/\/granatherapy.com\/pt\/wp-json\/wp\/v2\/types\/product"}],"replies":[{"embeddable":true,"href":"https:\/\/granatherapy.com\/pt\/wp-json\/wp\/v2\/comments?post=13104"}],"version-history":[{"count":17,"href":"https:\/\/granatherapy.com\/pt\/wp-json\/wp\/v2\/product\/13104\/revisions"}],"predecessor-version":[{"id":17211,"href":"https:\/\/granatherapy.com\/pt\/wp-json\/wp\/v2\/product\/13104\/revisions\/17211"}],"wp:featuredmedia":[{"embeddable":true,"href":"https:\/\/granatherapy.com\/pt\/wp-json\/wp\/v2\/media\/14248"}],"wp:attachment":[{"href":"https:\/\/granatherapy.com\/pt\/wp-json\/wp\/v2\/media?parent=13104"}],"wp:term":[{"taxonomy":"product_brand","embeddable":true,"href":"https:\/\/granatherapy.com\/pt\/wp-json\/wp\/v2\/product_brand?post=13104"},{"taxonomy":"product_cat","embeddable":true,"href":"https:\/\/granatherapy.com\/pt\/wp-json\/wp\/v2\/product_cat?post=13104"},{"taxonomy":"product_tag","embeddable":true,"href":"https:\/\/granatherapy.com\/pt\/wp-json\/wp\/v2\/product_tag?post=13104"}],"curies":[{"name":"wp","href":"https:\/\/api.w.org\/{rel}","templated":true}]}}