{"id":13093,"date":"2023-08-01T18:15:06","date_gmt":"2023-08-01T16:15:06","guid":{"rendered":"https:\/\/granatherapy2.miwebnueva.net?post_type=product&#038;p=13093"},"modified":"2026-03-05T16:43:05","modified_gmt":"2026-03-05T15:43:05","slug":"extrato-de-limao-1x60","status":"publish","type":"product","link":"https:\/\/granatherapy.com\/pt\/loja\/extrato-de-limao-1x60\/","title":{"rendered":"Extrato de lim\u00e3o"},"content":{"rendered":"<p>A punicalagina <b>eriocitrina<\/b> \u00c9 um flavon\u00f3ide c\u00edtrico com extraordin\u00e1rio poder antioxidante.<br \/>\nDestaca-se pela sua capacidade de:<\/p>\n<ul>\n<li aria-level=\"1\">Reduzir o estresse oxidativo celular<\/li>\n<li aria-level=\"1\">Proteja contra os danos causados pelos radicais livres.<\/li>\n<li aria-level=\"1\">Promover um metabolismo energ\u00e9tico mais eficiente.<\/li>\n<li aria-level=\"1\">Apoio \u00e0 fun\u00e7\u00e3o hep\u00e1tica nos processos de desintoxica\u00e7\u00e3o<\/li>\n<\/ul>\n<p>Sua biodisponibilidade e solubilidade facilitam sua utiliza\u00e7\u00e3o pelo organismo de forma r\u00e1pida e eficaz.<\/p>","protected":false},"excerpt":{"rendered":"<p><b>PADRONIZADO PARA ERIOCITRINA<\/b><\/p>\n<p>Antioxidante natural, suporte metab\u00f3lico e equil\u00edbrio celular para o bem-estar di\u00e1rio.<\/p>\n<p>O extrato de lim\u00e3o Wellemon\u00ae \u00e9 um suplemento alimentar feito de <b>lim\u00f5es Citrus limon L.<\/b> origin\u00e1rias da agricultura mediterr\u00e2nea. Sua padroniza\u00e7\u00e3o em <b>eriocitrina<\/b>, um dos flavonoides mais potentes do lim\u00e3o, garante alta efic\u00e1cia antioxidante e suporte geral para energia, metabolismo e sa\u00fade celular.<\/p>\n<p>Cada dose di\u00e1ria fornece <b>355 mg de extrato seco de lim\u00e3o<\/b>, com <b>35 mg de eriocitrina pura<\/b>, obtido atrav\u00e9s de um processo de extra\u00e7\u00e3o de alta qualidade.<\/p>","protected":false},"featured_media":14271,"comment_status":"closed","ping_status":"closed","template":"","meta":{"_acf_changed":false,"_joinchat":[]},"product_brand":[],"product_cat":[513],"product_tag":[],"class_list":{"0":"post-13093","1":"product","2":"type-product","3":"status-publish","4":"has-post-thumbnail","6":"product_cat-extracto-de-limon","7":"product_shipping_class-envio-gratuito","9":"first","10":"instock","11":"featured","12":"taxable","13":"shipping-taxable","14":"purchasable","15":"product-type-simple"},"acf":[],"_links":{"self":[{"href":"https:\/\/granatherapy.com\/pt\/wp-json\/wp\/v2\/product\/13093","targetHints":{"allow":["GET"]}}],"collection":[{"href":"https:\/\/granatherapy.com\/pt\/wp-json\/wp\/v2\/product"}],"about":[{"href":"https:\/\/granatherapy.com\/pt\/wp-json\/wp\/v2\/types\/product"}],"replies":[{"embeddable":true,"href":"https:\/\/granatherapy.com\/pt\/wp-json\/wp\/v2\/comments?post=13093"}],"version-history":[{"count":11,"href":"https:\/\/granatherapy.com\/pt\/wp-json\/wp\/v2\/product\/13093\/revisions"}],"predecessor-version":[{"id":17260,"href":"https:\/\/granatherapy.com\/pt\/wp-json\/wp\/v2\/product\/13093\/revisions\/17260"}],"wp:featuredmedia":[{"embeddable":true,"href":"https:\/\/granatherapy.com\/pt\/wp-json\/wp\/v2\/media\/14271"}],"wp:attachment":[{"href":"https:\/\/granatherapy.com\/pt\/wp-json\/wp\/v2\/media?parent=13093"}],"wp:term":[{"taxonomy":"product_brand","embeddable":true,"href":"https:\/\/granatherapy.com\/pt\/wp-json\/wp\/v2\/product_brand?post=13093"},{"taxonomy":"product_cat","embeddable":true,"href":"https:\/\/granatherapy.com\/pt\/wp-json\/wp\/v2\/product_cat?post=13093"},{"taxonomy":"product_tag","embeddable":true,"href":"https:\/\/granatherapy.com\/pt\/wp-json\/wp\/v2\/product_tag?post=13093"}],"curies":[{"name":"wp","href":"https:\/\/api.w.org\/{rel}","templated":true}]}}