{"id":514,"date":"2019-07-25T23:21:00","date_gmt":"2019-07-25T21:21:00","guid":{"rendered":"https:\/\/granatherapy2.miwebnueva.net?page_id=514"},"modified":"2025-06-12T18:53:15","modified_gmt":"2025-06-12T16:53:15","slug":"termos-de-uso","status":"publish","type":"page","link":"https:\/\/granatherapy.com\/pt\/termos-de-uso\/","title":{"rendered":"Condi\u00e7\u00f5es de uso"},"content":{"rendered":"<div data-elementor-type=\"wp-post\" data-elementor-id=\"514\" class=\"elementor elementor-514\" data-elementor-post-type=\"page\">\n\t\t\t\t\t\t<section class=\"elementor-section elementor-top-section elementor-element elementor-element-428d1fa elementor-section-boxed elementor-section-height-default elementor-section-height-default\" data-id=\"428d1fa\" data-element_type=\"section\" data-e-type=\"section\">\n\t\t\t\t\t\t<div class=\"elementor-container elementor-column-gap-default\">\n\t\t\t\t\t<div class=\"elementor-column elementor-col-100 elementor-top-column elementor-element elementor-element-7e929e0\" data-id=\"7e929e0\" data-element_type=\"column\" data-e-type=\"column\">\n\t\t\t<div class=\"elementor-widget-wrap elementor-element-populated\">\n\t\t\t\t\t\t<div class=\"elementor-element elementor-element-f7c7a79 elementor-widget elementor-widget-heading\" data-id=\"f7c7a79\" data-element_type=\"widget\" data-e-type=\"widget\" data-widget_type=\"heading.default\">\n\t\t\t\t\t<h2 class=\"elementor-heading-title elementor-size-default\">Condi\u00e7\u00f5es de uso<\/h2>\t\t\t\t<\/div>\n\t\t\t\t<div class=\"elementor-element elementor-element-10ecc54 elementor-widget elementor-widget-text-editor\" data-id=\"10ecc54\" data-element_type=\"widget\" data-e-type=\"widget\" data-widget_type=\"text-editor.default\">\n\t\t\t\t\t\t\t\t\t<p><strong>TERMOS E CONDI\u00c7\u00d5ES GERAIS DO WEBSITE WWW.GRANATHERAPY.COM<\/strong><\/p><p><strong>1. Objeto.<\/strong><\/p><p>Estas condi\u00e7\u00f5es gerais (doravante designadas por Condi\u00e7\u00f5es Gerais) regulam o acesso e a utiliza\u00e7\u00e3o do Website no dom\u00ednio <strong>www.granatherapy.com<\/strong> (doravante Website), propriedade de <strong>\u00ab<span style=\"font-size: 16px;\">POLIFEN\u00d3IS MEDITERR\u00c2NEOS SL\u00bb<\/span><\/strong> (doravante Granatum Plus), disponibilizado aos usu\u00e1rios (doravante Usu\u00e1rio\/s).<br \/>Para quaisquer d\u00favidas ou perguntas relacionadas ao uso e acesso ao Site ou a estes Termos e Condi\u00e7\u00f5es Gerais, voc\u00ea pode enviar um e-mail com sua solicita\u00e7\u00e3o e informa\u00e7\u00f5es de contato para <strong>info@granatherapy.miwebnueva.net<\/strong> . Voc\u00ea tamb\u00e9m pode entrar em contato conosco por correio, enviando sua solicita\u00e7\u00e3o e informa\u00e7\u00f5es de contato para:<\/p><ul><li><span style=\"font-size: 16px;\">POLIFEN\u00d3IS MEDITERR\u00c2NEOS SL.<\/span><\/li><li><strong>Endere\u00e7o <\/strong>: CL. CARRIL DE LA CONDOMINA, 3 Pta. B 3 \u2013 30006 M\u00farcia (Espanha)<\/li><\/ul><p><strong>2. Cumprimento destas Condi\u00e7\u00f5es Gerais<\/strong>.<\/p><p>A utiliza\u00e7\u00e3o deste Website implica a aceita\u00e7\u00e3o integral, por parte do Utilizador, de todos os Termos e Condi\u00e7\u00f5es Gerais em vigor no momento do acesso. Portanto, caso o Utilizador n\u00e3o concorde com alguma das condi\u00e7\u00f5es aqui estabelecidas, dever\u00e1 abster-se de utilizar este Website.<\/p><p>Portanto, o Usu\u00e1rio deve ler atentamente as Condi\u00e7\u00f5es Gerais sempre que pretender utilizar o Site.<\/p><p>Em qualquer caso, a Granatum Plus reserva-se o direito de modificar estes Termos e Condi\u00e7\u00f5es Gerais, bem como a sua configura\u00e7\u00e3o, localiza\u00e7\u00e3o e quaisquer outros termos gerais ou espec\u00edficos, regras de utiliza\u00e7\u00e3o, instru\u00e7\u00f5es ou avisos que possam ser aplic\u00e1veis, sem aviso pr\u00e9vio e a qualquer momento. Da mesma forma, a Granatum Plus reserva-se o direito de suspender, interromper ou descontinuar o funcionamento do Website a qualquer momento.<\/p><p>\u201cUtiliza\u00e7\u00e3o do Website\u201d refere-se a qualquer Utilizador que aceda e navegue no Website, independentemente de preencher ou n\u00e3o os formul\u00e1rios de registo.<\/p><p><strong>3. Condi\u00e7\u00f5es de acesso e utiliza\u00e7\u00e3o do site e do seu conte\u00fado.<\/strong><\/p><p>O acesso ao Site e\/ou ao Conte\u00fado nele inclu\u00eddo n\u00e3o implica qualquer tipo de garantia quanto \u00e0 adequa\u00e7\u00e3o do Site e\/ou do Conte\u00fado nele inclu\u00eddo para fins particulares ou espec\u00edficos dos Usu\u00e1rios.<br \/>A Granatum Plus poder\u00e1 estabelecer limita\u00e7\u00f5es e\/ou condi\u00e7\u00f5es adicionais para o uso e\/ou acesso ao Site e\/ou ao Conte\u00fado, as quais dever\u00e3o ser observadas pelos Usu\u00e1rios em todos os casos.<\/p><p><strong>3.1 - Acesso e utiliza\u00e7\u00e3o do site.<\/strong><\/p><p>Salvo indica\u00e7\u00e3o em contr\u00e1rio, a utiliza\u00e7\u00e3o do Website ser\u00e1 gratuita, sem preju\u00edzo do custo da liga\u00e7\u00e3o atrav\u00e9s da respetiva rede de telecomunica\u00e7\u00f5es contratada pelo Utilizador.<\/p><p>O Usu\u00e1rio declara ser maior de dezoito anos e reconhece e aceita, de forma volunt\u00e1ria e expressa, que a utiliza\u00e7\u00e3o do Site \u00e9 realizada, em todos os casos, sob sua exclusiva responsabilidade.<\/p><p>O Usu\u00e1rio concorda em cumprir estes Termos e Condi\u00e7\u00f5es Gerais, bem como quaisquer avisos ou instru\u00e7\u00f5es especiais contidos no Site, e em agir sempre de acordo com a lei, os bons costumes e os princ\u00edpios da boa-f\u00e9, exercendo a devida dilig\u00eancia considerando a natureza e a import\u00e2ncia do servi\u00e7o utilizado. Para tanto, o Usu\u00e1rio dever\u00e1 abster-se de utilizar o Site de qualquer forma que possa impedir, danificar ou prejudicar seu funcionamento normal, a propriedade ou os direitos da Granatum Plus, seus fornecedores, seus distribuidores, outros Usu\u00e1rios ou terceiros.<\/p><p>Especificamente, e sem que isso implique qualquer restri\u00e7\u00e3o \u00e0 obriga\u00e7\u00e3o assumida pelo Usu\u00e1rio em geral de acordo com a se\u00e7\u00e3o anterior, o Usu\u00e1rio concorda, ao utilizar o Site:<\/p><p><strong>para)<\/strong> N\u00e3o introduzir, armazenar ou divulgar no ou a partir do Website qualquer informa\u00e7\u00e3o ou material que seja difamat\u00f3rio, calunioso, obsceno, amea\u00e7ador, xen\u00f3fobo, pornogr\u00e1fico, que fa\u00e7a apologia ao terrorismo, que incite \u00e0 viol\u00eancia, \u00e0 discrimina\u00e7\u00e3o com base na ra\u00e7a, sexo, ideologia, religi\u00e3o ou que de alguma forma viole a forma, a ordem p\u00fablica, os direitos fundamentais, as liberdades p\u00fablicas, a honra, a privacidade ou a imagem de terceiros e, em geral, a legisla\u00e7\u00e3o vigente.<\/p><p><strong>b)<\/strong> N\u00e3o introduzir, armazenar ou disseminar atrav\u00e9s do Website qualquer programa de computador, dados, v\u00edrus, c\u00f3digo ou qualquer outro instrumento ou dispositivo eletr\u00f4nico ou f\u00edsico que possa causar danos ao Website, a qualquer um dos servi\u00e7os ou a qualquer equipamento, sistema ou rede da Granatum Plus, a qualquer Usu\u00e1rio, aos Fornecedores ou Distribuidores da Granatum Plus ou, em geral, a terceiros, capaz de causar qualquer tipo de altera\u00e7\u00e3o ou impedir o funcionamento normal dos mesmos.<\/p><p><strong>c)<\/strong> N\u00e3o introduzir, armazenar ou divulgar atrav\u00e9s do Website qualquer conte\u00fado que infrinja as normas de propriedade intelectual, propriedade industrial ou direitos de terceiros, nem, em geral, qualquer conte\u00fado que n\u00e3o tenha o direito de disponibilizar a terceiros em conformidade com a lei.<\/p><p><strong>3.2 - Acesso e uso do conte\u00fado.<\/strong><br \/>O conte\u00fado do site \u00e9 disponibilizado ao usu\u00e1rio com informa\u00e7\u00f5es provenientes de fontes internas e de terceiros.<br \/>A Granatum Plus se esfor\u00e7a para garantir que o Conte\u00fado seja da mais alta qualidade poss\u00edvel e razoavelmente atualizado, mas n\u00e3o garante a utilidade, precis\u00e3o, integridade, relev\u00e2ncia e\/ou atualidade do Conte\u00fado.<\/p><p><strong>4. Direitos de Propriedade Intelectual e Industrial.<\/strong><\/p><p>Estas Condi\u00e7\u00f5es Gerais n\u00e3o transferem quaisquer direitos de propriedade intelectual ou industrial sobre o Website ou qualquer um dos seus elementos constituintes, sendo expressamente proibido ao Utilizador reproduzir, transformar, distribuir, comunicar publicamente, disponibilizar, extrair, reutilizar, transmitir ou utilizar de qualquer forma, por qualquer meio ou procedimento, qualquer um deles, exceto nos casos em que tal seja legalmente permitido ou autorizado pelo titular dos direitos correspondentes.<\/p><p>O Usu\u00e1rio poder\u00e1 visualizar e obter uma c\u00f3pia privada tempor\u00e1ria do Conte\u00fado para seu uso pessoal e privado exclusivo em seus sistemas de computador (software e hardware), desde que n\u00e3o seja para fins de atividades comerciais ou profissionais. O Usu\u00e1rio dever\u00e1 abster-se de obter, ou tentar obter, o Conte\u00fado por meios ou procedimentos que n\u00e3o sejam aqueles disponibilizados a ele ou indicados para tal fim, ou aqueles comumente utilizados na Internet (desde que estes \u00faltimos n\u00e3o impliquem risco de dano ou indisponibilidade do Site). O Usu\u00e1rio dever\u00e1 respeitar, em todos os momentos, todos os direitos de propriedade intelectual e industrial sobre o Site, pertencentes \u00e0 Granatum Plus ou a terceiros.<\/p><p><strong>4. Exclus\u00e3o de Garantias e Responsabilidade.<\/strong><\/p><p><strong>4.1 - Exclus\u00e3o de garantias e responsabilidade pelo funcionamento do site.<\/strong><\/p><p>A Granatum Plus n\u00e3o garante a disponibilidade e a continuidade do funcionamento do Website e dos servi\u00e7os ou Conte\u00fados nele oferecidos, nem que o conte\u00fado existente no seu Website esteja atualizado, e est\u00e1 isenta de toda e qualquer responsabilidade por danos de qualquer natureza que possam surgir dessas circunst\u00e2ncias.<\/p><p>A Granatum Plus realizar\u00e1, desde que n\u00e3o haja circunst\u00e2ncias que a impossibilitem ou dificultem, e assim que tomar conhecimento de erros, desconex\u00f5es e\/ou falta de atualiza\u00e7\u00e3o do conte\u00fado, todas as tarefas destinadas a corrigir os erros, restabelecer a comunica\u00e7\u00e3o e\/ou atualizar o referido conte\u00fado.<\/p><p>Al\u00e9m disso, a Granatum Plus n\u00e3o garante a confiabilidade t\u00e9cnica de seu site nem o acesso \u00e0s suas diversas p\u00e1ginas, ficando, portanto, isenta de qualquer responsabilidade por danos de qualquer natureza que possam surgir dessa causa.<br \/>Al\u00e9m disso, a Granatum Plus n\u00e3o se responsabiliza por quaisquer erros ou defici\u00eancias de seguran\u00e7a que possam ocorrer devido ao uso, pelo usu\u00e1rio, de uma vers\u00e3o desatualizada ou insegura do navegador, nem por quaisquer danos, erros ou imprecis\u00f5es que possam resultar de seu mau funcionamento.<\/p><p>Para minimizar o risco de introdu\u00e7\u00e3o de v\u00edrus no Website, a Granatum Plus utiliza software de detec\u00e7\u00e3o de v\u00edrus para analisar todo o Conte\u00fado carregado no Website. No entanto, a Granatum Plus n\u00e3o garante a aus\u00eancia de v\u00edrus ou outros elementos nocivos no Website, introduzidos por terceiros n\u00e3o relacionados \u00e0 Granatum Plus, que possam causar danos aos sistemas f\u00edsicos ou l\u00f3gicos dos usu\u00e1rios ou a documentos e arquivos eletr\u00f4nicos armazenados em seus sistemas. Consequentemente, a Granatum Plus n\u00e3o ser\u00e1 respons\u00e1vel, em nenhuma circunst\u00e2ncia, por quaisquer danos de qualquer natureza que possam surgir da presen\u00e7a de v\u00edrus ou outros elementos nocivos que possam causar danos aos sistemas f\u00edsicos ou l\u00f3gicos dos usu\u00e1rios, a documentos ou arquivos eletr\u00f4nicos.<br \/>A Granatum Plus adota diversas medidas de seguran\u00e7a para proteger o Website, os dados coletados e o Conte\u00fado contra ciberataques de terceiros. No entanto, a Granatum Plus n\u00e3o garante que terceiros n\u00e3o autorizados n\u00e3o consigam acessar informa\u00e7\u00f5es sobre o uso do Website ou a atividade de navega\u00e7\u00e3o do usu\u00e1rio, ou as condi\u00e7\u00f5es, caracter\u00edsticas e circunst\u00e2ncias em que isso ocorre. Consequentemente, a Granatum Plus n\u00e3o ser\u00e1 responsabilizada, em hip\u00f3tese alguma, por quaisquer danos que possam surgir de tal acesso n\u00e3o autorizado.<\/p><p>A Granatum Plus n\u00e3o ser\u00e1 respons\u00e1vel, em hip\u00f3tese alguma, pelo uso que os usu\u00e1rios e\/ou terceiros possam fazer do Site ou do Conte\u00fado, nem pelos danos que da\u00ed possam advir.<\/p><p><strong>4.2 - Exclus\u00e3o de garantias e responsabilidade pelo conte\u00fado.<\/strong><\/p><p>A Granatum Plus n\u00e3o edita conte\u00fado de terceiros publicado no site e, consequentemente, n\u00e3o garante nem assume responsabilidade pela legalidade, confiabilidade, utilidade, veracidade, exatid\u00e3o, integridade ou atualidade de tal conte\u00fado, nem por conte\u00fado de propriedade da Granatum Plus. A Granatum Plus n\u00e3o ser\u00e1 responsabilizada em nenhuma circunst\u00e2ncia por quaisquer danos que possam surgir de: <strong>(Ei)<\/strong> a falta de legalidade, veracidade, exatid\u00e3o, integridade e\/ou atualidade do Conte\u00fado origin\u00e1rio de terceiros e do pr\u00f3prio conte\u00fado; <strong>(ii)<\/strong> a inadequa\u00e7\u00e3o para qualquer finalidade e a frustra\u00e7\u00e3o das expectativas geradas pelo Conte\u00fado; <strong>(iii)<\/strong> decis\u00f5es ou a\u00e7\u00f5es tomadas ou evitadas pelo usu\u00e1rio com base nas informa\u00e7\u00f5es ou dados fornecidos no Conte\u00fado, incluindo, sem limita\u00e7\u00e3o, a perda de lucros ou oportunidades de neg\u00f3cios.<\/p><p><strong>5. Hiperliga\u00e7\u00f5es.<\/strong><\/p><p>Aqueles que desejarem estabelecer hiperlinks entre seu site e este site dever\u00e3o observar e cumprir as seguintes condi\u00e7\u00f5es:<br \/><strong>Ei)<\/strong> N\u00e3o ser\u00e1 necess\u00e1ria autoriza\u00e7\u00e3o pr\u00e9via quando o hiperlink permitir apenas o acesso \u00e0 p\u00e1gina inicial do site, mas n\u00e3o poder\u00e1 ser reproduzido de forma alguma. Qualquer outro tipo de hiperlink exigir\u00e1 a autoriza\u00e7\u00e3o expressa e inequ\u00edvoca por escrito da Granatum Plus.<\/p><p><strong>ii)<\/strong> A p\u00e1gina web na qual o hiperlink \u00e9 estabelecido s\u00f3 pode conter o que for estritamente necess\u00e1rio para identificar o destino do hiperlink.<\/p><p><strong>iii)<\/strong> O site no qual o hiperlink for estabelecido n\u00e3o conter\u00e1 informa\u00e7\u00f5es ou conte\u00fado que sejam ilegais, contr\u00e1rios \u00e0 moral, aos bons costumes geralmente aceitos e \u00e0 ordem p\u00fablica, nem conter\u00e1 conte\u00fado que infrinja quaisquer direitos de terceiros.<\/p><p><strong>4)<\/strong> A Granatum Plus reserva-se o direito de bloquear hiperliga\u00e7\u00f5es para o Website que n\u00e3o possuam autoriza\u00e7\u00e3o pr\u00e9via e expressa, mesmo que cumpram as disposi\u00e7\u00f5es desta sec\u00e7\u00e3o das Condi\u00e7\u00f5es Gerais.<\/p><p><strong>6. Medidas em caso de descumprimento.<\/strong><\/p><p>A Granatum Plus reserva-se o direito de tomar todas as medidas legais cab\u00edveis para exigir responsabiliza\u00e7\u00e3o por qualquer viola\u00e7\u00e3o destas Condi\u00e7\u00f5es Gerais do Site por parte de um usu\u00e1rio.<\/p><p><strong>7. Nulidade Parcial<\/strong>.<\/p><p>A declara\u00e7\u00e3o de nulidade, invalidade ou inefic\u00e1cia de qualquer cl\u00e1usula contida nestas Condi\u00e7\u00f5es Gerais n\u00e3o afetar\u00e1 a validade ou efic\u00e1cia das demais cl\u00e1usulas, que continuar\u00e3o vinculativas entre as partes.<\/p><p><strong>8. Lei aplic\u00e1vel e jurisdi\u00e7\u00e3o.<\/strong><\/p><p>Os presentes Termos e Condi\u00e7\u00f5es Gerais ser\u00e3o regidos pelas disposi\u00e7\u00f5es da lei espanhola.<br \/>Qualquer lit\u00edgio relativo aos termos de utiliza\u00e7\u00e3o e acesso a este Website, constantes deste documento de Termos Gerais do Website, ser\u00e1 submetido pelas partes, renunciando expressamente a qualquer outra jurisdi\u00e7\u00e3o que lhes possa corresponder, salvo disposi\u00e7\u00e3o legal em contr\u00e1rio, aos Tribunais de Molina de Segura.<\/p><p><strong>9. Notifica\u00e7\u00f5es.<\/strong><\/p><p>Para efeitos de efetuar as notifica\u00e7\u00f5es necess\u00e1rias, a Granatum Plus designa como endere\u00e7o de contacto aquele especificado no aviso legal.<br \/>O endere\u00e7o de e-mail fornecido pelo Usu\u00e1rio durante o processo de cadastro no Site ser\u00e1 utilizado pela Granatum Plus para enviar notifica\u00e7\u00f5es ao Usu\u00e1rio.<\/p><p>O Usu\u00e1rio \u00e9 obrigado a manter as informa\u00e7\u00f5es de contato mencionadas nesta cl\u00e1usula devidamente atualizadas. Todas as notifica\u00e7\u00f5es enviadas pela Granatum Plus ao Usu\u00e1rio ser\u00e3o consideradas devidamente entregues se enviadas utilizando as informa\u00e7\u00f5es de contato e os m\u00e9todos supracitados. A Granatum Plus n\u00e3o se responsabiliza por quaisquer danos que possam advir da falha do Usu\u00e1rio em manter suas informa\u00e7\u00f5es de contato atualizadas.<\/p><p><strong>10.<\/strong>\u00ab&quot;Este comerciante concorda em n\u00e3o permitir qualquer transa\u00e7\u00e3o que seja ilegal ou considerada pelas bandeiras de cart\u00e3o de cr\u00e9dito ou pelo banco adquirente como potencialmente prejudicial \u00e0 sua reputa\u00e7\u00e3o ou que possa impact\u00e1-los negativamente. As seguintes atividades s\u00e3o proibidas pelos programas das bandeiras de cart\u00e3o: a venda ou oferta de qualquer produto ou servi\u00e7o que n\u00e3o esteja em total conformidade com todas as leis aplic\u00e1veis ao Comprador, Banco Emissor, Comerciante, Titular do Cart\u00e3o ou aos cart\u00f5es. Al\u00e9m disso, as seguintes atividades tamb\u00e9m s\u00e3o expressamente proibidas:&quot;<\/p><p>-\u00abVenda de medicamentos\u00bb<\/p>\t\t\t\t\t\t\t\t<\/div>\n\t\t\t\t<div class=\"elementor-element elementor-element-d78dbe7 elementor-widget elementor-widget-image\" data-id=\"d78dbe7\" data-element_type=\"widget\" data-e-type=\"widget\" data-widget_type=\"image.default\">\n\t\t\t\t\t\t\t\t\t\t\t\t\t\t\t\t<a href=\"http:\/\/www.segdades.com\/certificacion\/sello.php?id=31\" target=\"_blank\" rel=\"noopener\">\n\t\t\t\t\t\t\t<img decoding=\"async\" width=\"150\" height=\"115\" src=\"https:\/\/granatherapy.com\/wp-content\/uploads\/2019\/07\/lopd.jpg\" class=\"attachment-full size-full wp-image-976\" alt=\"\" \/>\t\t\t\t\t\t\t\t<\/a>\n\t\t\t\t\t\t\t\t\t\t\t\t\t\t\t<\/div>\n\t\t\t\t\t<\/div>\n\t\t<\/div>\n\t\t\t\t\t<\/div>\n\t\t<\/section>\n\t\t\t\t<\/div>","protected":false},"excerpt":{"rendered":"<p>CONDICIONES DE USO CONDICIONES GENERALES DEL WEBSITE WWW.GRANATHERAPY.COM 1.- Objeto. Las presentes condiciones generales (en adelante Condiciones Generales), regulan el acceso y el uso del Website bajo el dominio www.granatherapy.com (en adelante Website), titularidad de \u00abPOLIFENOLES MEDITERRANEOS S.L.\u00bb (en adelante Granatum Plus), puesto a disposici\u00f3n de los usuarios (en adelante Usuario\/s).Ante cualquier duda o consulta [&hellip;]<\/p>","protected":false},"author":1,"featured_media":0,"parent":0,"menu_order":0,"comment_status":"closed","ping_status":"closed","template":"","meta":{"_acf_changed":false,"_joinchat":[],"footnotes":""},"class_list":["post-514","page","type-page","status-publish","hentry"],"acf":[],"_links":{"self":[{"href":"https:\/\/granatherapy.com\/pt\/wp-json\/wp\/v2\/pages\/514","targetHints":{"allow":["GET"]}}],"collection":[{"href":"https:\/\/granatherapy.com\/pt\/wp-json\/wp\/v2\/pages"}],"about":[{"href":"https:\/\/granatherapy.com\/pt\/wp-json\/wp\/v2\/types\/page"}],"author":[{"embeddable":true,"href":"https:\/\/granatherapy.com\/pt\/wp-json\/wp\/v2\/users\/1"}],"replies":[{"embeddable":true,"href":"https:\/\/granatherapy.com\/pt\/wp-json\/wp\/v2\/comments?post=514"}],"version-history":[{"count":27,"href":"https:\/\/granatherapy.com\/pt\/wp-json\/wp\/v2\/pages\/514\/revisions"}],"predecessor-version":[{"id":15877,"href":"https:\/\/granatherapy.com\/pt\/wp-json\/wp\/v2\/pages\/514\/revisions\/15877"}],"wp:attachment":[{"href":"https:\/\/granatherapy.com\/pt\/wp-json\/wp\/v2\/media?parent=514"}],"curies":[{"name":"wp","href":"https:\/\/api.w.org\/{rel}","templated":true}]}}