{"id":509,"date":"2019-07-25T23:18:16","date_gmt":"2019-07-25T21:18:16","guid":{"rendered":"https:\/\/granatherapy2.miwebnueva.net?page_id=509"},"modified":"2025-06-12T18:56:10","modified_gmt":"2025-06-12T16:56:10","slug":"aviso-legal","status":"publish","type":"page","link":"https:\/\/granatherapy.com\/pt\/aviso-legal\/","title":{"rendered":"Aviso legal"},"content":{"rendered":"<div data-elementor-type=\"wp-post\" data-elementor-id=\"509\" class=\"elementor elementor-509\" data-elementor-post-type=\"page\">\n\t\t\t\t\t\t<section class=\"elementor-section elementor-top-section elementor-element elementor-element-82e2f94 elementor-section-boxed elementor-section-height-default elementor-section-height-default\" data-id=\"82e2f94\" data-element_type=\"section\" data-e-type=\"section\">\n\t\t\t\t\t\t<div class=\"elementor-container elementor-column-gap-default\">\n\t\t\t\t\t<div class=\"elementor-column elementor-col-100 elementor-top-column elementor-element elementor-element-04265e3\" data-id=\"04265e3\" data-element_type=\"column\" data-e-type=\"column\">\n\t\t\t<div class=\"elementor-widget-wrap elementor-element-populated\">\n\t\t\t\t\t\t<div class=\"elementor-element elementor-element-6dc3772 elementor-widget elementor-widget-heading\" data-id=\"6dc3772\" data-element_type=\"widget\" data-e-type=\"widget\" data-widget_type=\"heading.default\">\n\t\t\t\t\t<h2 class=\"elementor-heading-title elementor-size-default\">Aviso legal<\/h2>\t\t\t\t<\/div>\n\t\t\t\t<div class=\"elementor-element elementor-element-b8bb1a7 elementor-widget elementor-widget-text-editor\" data-id=\"b8bb1a7\" data-element_type=\"widget\" data-e-type=\"widget\" data-widget_type=\"text-editor.default\">\n\t\t\t\t\t\t\t\t\t<p>A pessoa respons\u00e1vel por este site \u00e9:<\/p><p><strong data-spm-anchor-id=\"a2ty_o01.29997173.0.i2.737bc9210YaXF2\">POLIFEN\u00d3IS MEDITERR\u00c2NEOS, SL.<\/strong>, uma empresa registrada no Registro Comercial da prov\u00edncia de M\u00farcia, com o n\u00famero e a data do documento notarial em que a empresa est\u00e1 constitu\u00edda: <strong style=\"font-size: 16px;\" data-spm-anchor-id=\"a2ty_o01.29997173.0.i6.737bc9210YaXF2\">829, 02\/04\/2025<\/strong><span style=\"font-size: 14px; letter-spacing: 0.3px;\">, Registro 1, com CIF. <\/span><strong style=\"font-size: 14px; letter-spacing: 0.3px;\" data-spm-anchor-id=\"a2ty_o01.29997173.0.i1.737bc9210YaXF2\">B21806567 \u2013 <\/strong><span style=\"font-size: 14px; letter-spacing: 0.3px;\">CL. CARRIL DE LA CONDOMINA, 3 Pta. B 3 \u2013 30006 (MURCIA) ESPANHA<\/span><\/p><p>Voc\u00ea tamb\u00e9m pode entrar em contato conosco pelo n\u00famero de telefone. <strong>(+34) 968 847 325<\/strong> ou atrav\u00e9s do seguinte endere\u00e7o de e-mail:<\/p><p><strong>info@granatherapy.miwebnueva.net<\/strong><\/p>\t\t\t\t\t\t\t\t<\/div>\n\t\t\t\t\t<\/div>\n\t\t<\/div>\n\t\t\t\t\t<\/div>\n\t\t<\/section>\n\t\t\t\t<\/div>","protected":false},"excerpt":{"rendered":"<p>AVISO LEGAL El responsable de esta p\u00e1gina web es: POLIFENOLES MEDITERRANEOS, S.L., sociedad inscrita en el Registro Mercantil de la provincia de MURCIA, con n\u00famero y fecha del documento notarial en el que se constituye la sociedad: 829, 02\/04\/2025, Inscripci\u00f3n 1, con C.I.F. B21806567 &#8211; CL. CARRIL DE LA CONDOMINA, 3 Pta. B 3 &#8211; [&hellip;]<\/p>","protected":false},"author":1,"featured_media":0,"parent":0,"menu_order":0,"comment_status":"closed","ping_status":"closed","template":"","meta":{"_acf_changed":false,"_joinchat":[],"footnotes":""},"class_list":["post-509","page","type-page","status-publish","hentry"],"acf":[],"_links":{"self":[{"href":"https:\/\/granatherapy.com\/pt\/wp-json\/wp\/v2\/pages\/509","targetHints":{"allow":["GET"]}}],"collection":[{"href":"https:\/\/granatherapy.com\/pt\/wp-json\/wp\/v2\/pages"}],"about":[{"href":"https:\/\/granatherapy.com\/pt\/wp-json\/wp\/v2\/types\/page"}],"author":[{"embeddable":true,"href":"https:\/\/granatherapy.com\/pt\/wp-json\/wp\/v2\/users\/1"}],"replies":[{"embeddable":true,"href":"https:\/\/granatherapy.com\/pt\/wp-json\/wp\/v2\/comments?post=509"}],"version-history":[{"count":19,"href":"https:\/\/granatherapy.com\/pt\/wp-json\/wp\/v2\/pages\/509\/revisions"}],"predecessor-version":[{"id":15891,"href":"https:\/\/granatherapy.com\/pt\/wp-json\/wp\/v2\/pages\/509\/revisions\/15891"}],"wp:attachment":[{"href":"https:\/\/granatherapy.com\/pt\/wp-json\/wp\/v2\/media?parent=509"}],"curies":[{"name":"wp","href":"https:\/\/api.w.org\/{rel}","templated":true}]}}