{"id":505,"date":"2019-07-25T23:17:42","date_gmt":"2019-07-25T21:17:42","guid":{"rendered":"https:\/\/granatherapy2.miwebnueva.net?page_id=505"},"modified":"2025-06-12T18:45:07","modified_gmt":"2025-06-12T16:45:07","slug":"politica-de-privacidade","status":"publish","type":"page","link":"https:\/\/granatherapy.com\/pt\/politica-de-privacidade\/","title":{"rendered":"Pol\u00edtica de Privacidade."},"content":{"rendered":"<div data-elementor-type=\"wp-post\" data-elementor-id=\"505\" class=\"elementor elementor-505\" data-elementor-post-type=\"page\">\n\t\t\t\t\t\t<section class=\"elementor-section elementor-top-section elementor-element elementor-element-503dafa elementor-section-boxed elementor-section-height-default elementor-section-height-default\" data-id=\"503dafa\" data-element_type=\"section\" data-e-type=\"section\">\n\t\t\t\t\t\t<div class=\"elementor-container elementor-column-gap-default\">\n\t\t\t\t\t<div class=\"elementor-column elementor-col-100 elementor-top-column elementor-element elementor-element-d8c80ac\" data-id=\"d8c80ac\" data-element_type=\"column\" data-e-type=\"column\">\n\t\t\t<div class=\"elementor-widget-wrap elementor-element-populated\">\n\t\t\t\t\t\t<div class=\"elementor-element elementor-element-f6c350f elementor-widget elementor-widget-heading\" data-id=\"f6c350f\" data-element_type=\"widget\" data-e-type=\"widget\" data-widget_type=\"heading.default\">\n\t\t\t\t\t<h2 class=\"elementor-heading-title elementor-size-default\">Pol\u00edtica de privacidade<\/h2>\t\t\t\t<\/div>\n\t\t\t\t<div class=\"elementor-element elementor-element-ab9de01 elementor-widget elementor-widget-text-editor\" data-id=\"ab9de01\" data-element_type=\"widget\" data-e-type=\"widget\" data-widget_type=\"text-editor.default\">\n\t\t\t\t\t\t\t\t\t<p>Esta pol\u00edtica de privacidade est\u00e1 em conformidade com <strong>Regulamento (UE) 2016\/679 do Parlamento Europeu e do Conselho<\/strong>, de 27 de abril de 2016, sobre a prote\u00e7\u00e3o das pessoas singulares no que diz respeito ao tratamento de dados pessoais e \u00e0 livre circula\u00e7\u00e3o desses dados (<strong>RGPD<\/strong>), Lei Org\u00e2nica 3\/2018, de 5 de dezembro, sobre a Prote\u00e7\u00e3o de Dados Pessoais e a garantia dos direitos digitais (<strong>LOPDGDD<\/strong>), bem como em todas as mat\u00e9rias que n\u00e3o sejam contr\u00e1rias \u00e0s normas supracitadas, \u00e0 Lei Org\u00e2nica 15\/1999, de Prote\u00e7\u00e3o de Dados Pessoais (<strong>Lei de Prote\u00e7\u00e3o de Dados<\/strong>) e seus regulamentos de implementa\u00e7\u00e3o e\/ou aqueles que possam substitu\u00ed-los ou atualiz\u00e1-los no futuro.<br \/>Nossa organiza\u00e7\u00e3o est\u00e1 comprometida com a privacidade dos seus dados pessoais. Os dados pessoais que voc\u00ea nos fornece s\u00e3o necess\u00e1rios para a presta\u00e7\u00e3o dos nossos servi\u00e7os e s\u00e3o tratados de forma l\u00edcita, leal e transparente, garantindo sua seguran\u00e7a adequada, incluindo a prote\u00e7\u00e3o contra o tratamento n\u00e3o autorizado ou il\u00edcito e contra a perda, destrui\u00e7\u00e3o ou dano acidental, por meio da aplica\u00e7\u00e3o de medidas t\u00e9cnicas e organizacionais.<br \/>Por meio deste documento, queremos oferecer a voc\u00ea, de forma transparente e justa, todas as informa\u00e7\u00f5es necess\u00e1rias sobre o tratamento dos seus dados pessoais por esta organiza\u00e7\u00e3o.<\/p><p><strong>I.- CONTROLADOR DE DADOS <\/strong><strong>IDENTIDADE:<\/strong><\/p><p>POLIFEN\u00d3IS MEDITERR\u00c2NEOS SL.<\/p><p><strong>CIF \/ NIF:<\/strong><\/p><p>B-21806567<\/p><p><strong>LAR:<\/strong><\/p><p><span style=\"font-size: 16px;\">CL. CARRIL DE LA CONDOMINA, 3 Pta. B 3 \u2013 30006 M\u00farcia (Espanha)<\/span><\/p><p><strong>TELEFONE:<\/strong><\/p><p>(+34) 968 847 325<\/p><p><strong>E-MAIL:<\/strong> shop@granatherapy.miwebnueva.net<\/p><p><strong>II.- DESTINAT\u00c1RIOS DE DADOS PESSOAIS<\/strong><\/p><p><strong>1.<\/strong>Os dados pessoais fornecidos n\u00e3o ser\u00e3o transferidos a terceiros, a menos que especificado de outra forma nas atividades espec\u00edficas de processamento.<br \/><strong>2.<\/strong>\u2013 Opcionalmente, para a contrata\u00e7\u00e3o de servi\u00e7os de computa\u00e7\u00e3o em nuvem e\/ou servi\u00e7os de envio de e-mails, comunica\u00e7\u00e3o, bem como outros servi\u00e7os inform\u00e1ticos relacionados, os dados pessoais podem ser:<\/p><p>\u2013 Transferido para empresas de servi\u00e7os de TI localizadas no Espa\u00e7o Econ\u00f4mico Europeu (EEE) ou,<\/p><p>\u2013 Transferido para prestadores de servi\u00e7os de TI localizados fora do Espa\u00e7o Econ\u00f4mico Europeu (EEE) que possuem certifica\u00e7\u00e3o no \u00e2mbito do Privacy Shield, o qual lhes proporciona salvaguardas adequadas para garantir a seguran\u00e7a dos dados pessoais. Voc\u00ea pode encontrar mais informa\u00e7\u00f5es acessando este link: <a href=\"https:\/\/www.privacyshield.gov\/welcome\" target=\"_blank\" rel=\"noopener\">https:\/\/www.privacyshield.gov\/welcome<\/a><\/p><p><strong>3.<\/strong>\u2013 Opcionalmente, \u00e0s administra\u00e7\u00f5es e outros \u00f3rg\u00e3os, quando exigido em cumprimento de obriga\u00e7\u00f5es legais.<\/p><p><strong>III. BASE JUR\u00cdDICA QUE LEGITIMA O TRATAMENTO DE DADOS PESSOAIS<\/strong><\/p><p>Em cada tratamento espec\u00edfico de dados pessoais, informaremos a base legal que o legitima.<\/p><p><strong>IV.- DIREITOS <\/strong><strong>\u00a0ACESSO<\/strong><\/p><p>\u00c9 o direito de obter do controlador a confirma\u00e7\u00e3o de que este est\u00e1 ou n\u00e3o a tratar dados pessoais relativos ao titular dos dados e, em caso afirmativo, o direito de acesso aos dados pessoais e \u00e0s seguintes informa\u00e7\u00f5es: as finalidades do tratamento, as categorias de dados pessoais em causa, os destinat\u00e1rios ou categorias de destinat\u00e1rios a quem os dados pessoais foram ou ser\u00e3o divulgados, o per\u00edodo durante o qual os dados pessoais ser\u00e3o conservados ou os crit\u00e9rios utilizados para determinar esse per\u00edodo, a exist\u00eancia do direito de solicitar ao controlador a retifica\u00e7\u00e3o ou o apagamento dos dados pessoais ou a limita\u00e7\u00e3o do tratamento dos dados pessoais relativos ao titular dos dados ou de se opor a esse tratamento, o direito de apresentar uma reclama\u00e7\u00e3o \u00e0 Ag\u00eancia Espanhola de Prote\u00e7\u00e3o de Dados (AEPD), a exist\u00eancia, quando aplic\u00e1vel, de decis\u00f5es automatizadas, incluindo a defini\u00e7\u00e3o de perfis, quando os dados s\u00e3o transferidos para pa\u00edses terceiros, e o direito de ser informado sobre as salvaguardas adequadas aplicadas.<\/p><p><strong>DIREITO DE RETIFICA\u00c7\u00c3O<\/strong><\/p><p>Voc\u00ea tem o direito de solicitar a corre\u00e7\u00e3o de seus dados pessoais caso estejam incorretos, incluindo o direito de completar qualquer informa\u00e7\u00e3o incompleta. Observe que, ao nos fornecer seus dados pessoais por qualquer meio, voc\u00ea garante que eles s\u00e3o verdadeiros e precisos e concorda em nos notificar sobre quaisquer altera\u00e7\u00f5es ou modifica\u00e7\u00f5es. Portanto, quaisquer danos causados pela comunica\u00e7\u00e3o de informa\u00e7\u00f5es err\u00f4neas, incorretas ou incompletas nos formul\u00e1rios do site ser\u00e3o de responsabilidade exclusiva do titular dos dados.<\/p><p><strong>DIREITO DE ELIMINA\u00c7\u00c3O<\/strong><\/p><p>Este \u00e9 o direito de solicitar a elimina\u00e7\u00e3o dos seus dados pessoais quando, entre outros motivos, estes deixarem de ser necess\u00e1rios para a finalidade para a qual foram recolhidos, estiverem a ser tratados de outra forma ou quando retirar o seu consentimento. Note-se que a elimina\u00e7\u00e3o n\u00e3o ser\u00e1 concedida quando o tratamento dos dados pessoais for necess\u00e1rio, entre outros motivos, para o cumprimento de obriga\u00e7\u00f5es legais ou para o exerc\u00edcio ou defesa de direitos em processos judiciais.<\/p><p><strong>DIREITO \u00c0 LIMITA\u00c7\u00c3O<\/strong><\/p><p>Voc\u00ea tem o direito de solicitar a limita\u00e7\u00e3o do processamento dos seus dados pessoais, o que significa que, em certos casos, voc\u00ea pode nos pedir para suspender temporariamente o processamento dos seus dados pessoais ou para mant\u00ea-los al\u00e9m do per\u00edodo necess\u00e1rio, quando voc\u00ea precisar deles.<\/p><p><strong>DIREITO DE RETIRAR O CONSENTIMENTO<\/strong><\/p><p>Voc\u00ea tem o direito de revogar o consentimento fornecido ao marcar a caixa &quot;Li e concordo com a pol\u00edtica de privacidade&quot; a qualquer momento, conforme especificado na se\u00e7\u00e3o &quot;Exerc\u00edcio de Direitos&quot; ou no processamento espec\u00edfico de comunica\u00e7\u00f5es comerciais ou newsletters. Observe que esse direito n\u00e3o se aplica se, entre outros casos, o processamento de dados pessoais for necess\u00e1rio para o cumprimento de uma obriga\u00e7\u00e3o legal, a execu\u00e7\u00e3o e manuten\u00e7\u00e3o de um contrato ou para o estabelecimento, exerc\u00edcio ou defesa de direitos em um processo judicial. Al\u00e9m disso, a revoga\u00e7\u00e3o do consentimento n\u00e3o ter\u00e1 efeito retroativo; ou seja, n\u00e3o afetar\u00e1 a legalidade do processamento baseado no consentimento antes de sua revoga\u00e7\u00e3o.<\/p><p><strong>DIREITO \u00c0 PORTABILIDADE<\/strong><\/p><p>Voc\u00ea tem o direito de receber os dados pessoais que nos forneceu e que lhe digam respeito, num formato estruturado, de uso corrente e de leitura autom\u00e1tica, e de os transmitir a outro respons\u00e1vel pelo tratamento, desde que: o tratamento se baseie no seu consentimento e seja realizado por meios automatizados ou inform\u00e1ticos.<\/p><p><strong>DIREITO DE OBJE\u00c7\u00c3O<\/strong><\/p><p>Voc\u00ea tem o direito de se opor ao processamento dos seus dados pessoais com base em nosso leg\u00edtimo interesse. Deixaremos de processar seus dados pessoais, a menos que possamos demonstrar motivos leg\u00edtimos e imperiosos para o processamento que se sobreponham aos seus interesses, direitos e liberdades, ou para o estabelecimento, exerc\u00edcio ou defesa de direitos em processos judiciais.<\/p><p><strong>DIREITO DE APRESENTAR UMA RECLAMA\u00c7\u00c3O A UMA AUTORIDADE SUPERVISORA<\/strong><\/p><p>Se voc\u00ea acredita que estamos processando seus dados pessoais incorretamente, pode entrar em contato conosco ou tamb\u00e9m tem o direito de apresentar uma reclama\u00e7\u00e3o \u00e0 Ag\u00eancia Espanhola de Prote\u00e7\u00e3o de Dados (AEPD):<br \/><a href=\"https:\/\/www.agpd.es\/portalwebAGPD\/index-ides-idphp.php\" target=\"_blank\" rel=\"noopener\">https:\/\/www.agpd.es\/portalwebAGPD\/index-ides-idphp.php<\/a><\/p><p><strong>EXERC\u00cdCIO DE DIREITOS<\/strong><\/p><p>Voc\u00ea pode exercer seus direitos enviando uma carta para o endere\u00e7o postal indicado acima ou por e-mail. <strong>shop@granatherapy.miwebnueva.net<\/strong>, anexando em ambos os casos <strong>C\u00f3pia do seu NIF\/NIE\/Passaporte ou documento similar.<\/strong><\/p><p><strong>V.- TRATAMENTO DE DADOS PESSOAIS.<\/strong><br \/><strong>DISPOSI\u00c7\u00d5ES GERAIS<\/strong><\/p><p>Os dados pessoais solicitados em cada uma das atividades espec\u00edficas de tratamento s\u00e3o adequados, pertinentes e limitados ao que \u00e9 necess\u00e1rio em rela\u00e7\u00e3o \u00e0s finalidades para as quais s\u00e3o tratados, cumprindo assim o princ\u00edpio da minimiza\u00e7\u00e3o de dados.<\/p><p>Os dados pessoais solicitados em cada um dos tratamentos espec\u00edficos s\u00e3o estritamente necess\u00e1rios; a recusa em fornec\u00ea-los implicar\u00e1 a impossibilidade de presta\u00e7\u00e3o do servi\u00e7o solicitado.<\/p><p>A comunica\u00e7\u00e3o de dados pessoais prevista em cada uma das atividades espec\u00edficas de tratamento \u00e9, em alguns casos, necess\u00e1ria para a execu\u00e7\u00e3o e manuten\u00e7\u00e3o de um contrato e, em outros casos, para o cumprimento de uma obriga\u00e7\u00e3o legal aplic\u00e1vel ao respons\u00e1vel pelo tratamento dos dados.<\/p><p><strong>FORMUL\u00c1RIO DE CONTATO<\/strong><\/p><p>Os dados pessoais ser\u00e3o processados para atender a solicita\u00e7\u00f5es de informa\u00e7\u00f5es, sugest\u00f5es e reclama\u00e7\u00f5es de usu\u00e1rios ou clientes.<br \/>A base legal que legitima o tratamento de dados pessoais \u00e9 o consentimento expresso dado mediante a verifica\u00e7\u00e3o do consentimento. <strong>\u201cLi e concordo com a pol\u00edtica de privacidade.\u201d<\/strong>.<\/p><p>Os dados pessoais ser\u00e3o conservados por um per\u00edodo de dois anos a partir do momento em que deixarem de ser tratados, sem preju\u00edzo do exerc\u00edcio dos direitos que lhe assistem enquanto titular dos dados.<\/p><p><strong>FORMUL\u00c1RIO DE E-COMMERCE<\/strong><\/p><p>Os dados pessoais ser\u00e3o tratados para gerir as suas compras online, processando as suas encomendas e devolu\u00e7\u00f5es atrav\u00e9s dos nossos servi\u00e7os online, enviando-lhe notifica\u00e7\u00f5es sobre o estado da entrega ou em caso de problemas com a entrega dos artigos, gerindo os seus pagamentos, tratando quaisquer reclama\u00e7\u00f5es ou quest\u00f5es relativas \u00e0 garantia de produtos ou servi\u00e7os, identificando-o e validando a sua maioridade para celebrar contratos, bem como para, quando aplic\u00e1vel, a formula\u00e7\u00e3o, o exerc\u00edcio ou a defesa de direitos.<br \/>A base legal que legitima o tratamento de dados pessoais \u00e9 o consentimento expresso dado mediante a verifica\u00e7\u00e3o do consentimento. <strong>\u201cLi e concordo com a pol\u00edtica de privacidade.\u201d<\/strong>.<br \/>Os dados pessoais ser\u00e3o compartilhados com a empresa de transporte para que seu pedido seja entregue em sua resid\u00eancia, bem como com os provedores de servi\u00e7os de pagamento.<br \/>Os dados pessoais ser\u00e3o conservados at\u00e9 que voc\u00ea retire seu consentimento, a menos que seja necess\u00e1rio conserv\u00e1-los para a manuten\u00e7\u00e3o da rela\u00e7\u00e3o entre as partes ou pelo per\u00edodo necess\u00e1rio para o cumprimento de obriga\u00e7\u00f5es legais.<\/p>\t\t\t\t\t\t\t\t<\/div>\n\t\t\t\t\t<\/div>\n\t\t<\/div>\n\t\t\t\t\t<\/div>\n\t\t<\/section>\n\t\t\t\t<\/div>","protected":false},"excerpt":{"rendered":"<p>POL\u00cdTICA DE PRIVACIDAD La presente pol\u00edtica de privacidad es conforme al Reglamento (UE) 2016\/679 del Parlamento Europeo y del Consejo, de 27 de abril de 2016, relativo a la protecci\u00f3n de les personas f\u00edsicas en lo que respecta al tratamiento de datos personales y a la libre circulaci\u00f3n de estos datos (RGPD), a Ley Org\u00e1nica [&hellip;]<\/p>","protected":false},"author":1,"featured_media":0,"parent":0,"menu_order":0,"comment_status":"closed","ping_status":"closed","template":"","meta":{"_acf_changed":false,"_joinchat":[],"footnotes":""},"class_list":["post-505","page","type-page","status-publish","hentry"],"acf":[],"_links":{"self":[{"href":"https:\/\/granatherapy.com\/pt\/wp-json\/wp\/v2\/pages\/505","targetHints":{"allow":["GET"]}}],"collection":[{"href":"https:\/\/granatherapy.com\/pt\/wp-json\/wp\/v2\/pages"}],"about":[{"href":"https:\/\/granatherapy.com\/pt\/wp-json\/wp\/v2\/types\/page"}],"author":[{"embeddable":true,"href":"https:\/\/granatherapy.com\/pt\/wp-json\/wp\/v2\/users\/1"}],"replies":[{"embeddable":true,"href":"https:\/\/granatherapy.com\/pt\/wp-json\/wp\/v2\/comments?post=505"}],"version-history":[{"count":14,"href":"https:\/\/granatherapy.com\/pt\/wp-json\/wp\/v2\/pages\/505\/revisions"}],"predecessor-version":[{"id":15841,"href":"https:\/\/granatherapy.com\/pt\/wp-json\/wp\/v2\/pages\/505\/revisions\/15841"}],"wp:attachment":[{"href":"https:\/\/granatherapy.com\/pt\/wp-json\/wp\/v2\/media?parent=505"}],"curies":[{"name":"wp","href":"https:\/\/api.w.org\/{rel}","templated":true}]}}