{"id":229,"date":"2019-06-12T23:56:10","date_gmt":"2019-06-12T21:56:10","guid":{"rendered":"https:\/\/granatherapy2.miwebnueva.net?page_id=229"},"modified":"2025-12-15T00:36:54","modified_gmt":"2025-12-14T23:36:54","slug":"contato","status":"publish","type":"page","link":"https:\/\/granatherapy.com\/pt\/contato\/","title":{"rendered":"CONTACTO"},"content":{"rendered":"<div data-elementor-type=\"wp-post\" data-elementor-id=\"229\" class=\"elementor elementor-229\" data-elementor-post-type=\"page\">\n\t\t\t\t<div class=\"elementor-element elementor-element-46eb117 e-flex e-con-boxed e-con e-parent\" data-id=\"46eb117\" data-element_type=\"container\" data-e-type=\"container\" data-settings=\"{&quot;background_background&quot;:&quot;classic&quot;}\">\n\t\t\t\t\t<div class=\"e-con-inner\">\n\t\t\t\t<div class=\"elementor-element elementor-element-26f5721 elementor-widget elementor-widget-heading\" data-id=\"26f5721\" data-element_type=\"widget\" data-e-type=\"widget\" data-widget_type=\"heading.default\">\n\t\t\t\t\t<h2 class=\"elementor-heading-title elementor-size-default\">Contato<\/h2>\t\t\t\t<\/div>\n\t\t\t\t\t<\/div>\n\t\t\t\t<\/div>\n\t\t<div class=\"elementor-element elementor-element-2ceb467 e-flex e-con-boxed e-con e-parent\" data-id=\"2ceb467\" data-element_type=\"container\" data-e-type=\"container\" data-settings=\"{&quot;background_background&quot;:&quot;classic&quot;}\">\n\t\t\t\t\t<div class=\"e-con-inner\">\n\t\t<div class=\"elementor-element elementor-element-14b9de8 e-con-full e-flex e-con e-child\" data-id=\"14b9de8\" data-element_type=\"container\" data-e-type=\"container\">\n\t\t\t\t<div class=\"elementor-element elementor-element-d3c9a79 elementor-widget elementor-widget-text-editor\" data-id=\"d3c9a79\" data-element_type=\"widget\" data-e-type=\"widget\" data-widget_type=\"text-editor.default\">\n\t\t\t\t\t\t\t\t\t<p>Para qualquer d\u00favida ou se estiver interessado em ser distribuidor dos nossos produtos, ligue-nos para <strong>628 520 654<\/strong> ou\u00a0<strong>968 847 325<\/strong> ou preencha o seguinte formul\u00e1rio de contacto:<\/p>\t\t\t\t\t\t\t\t<\/div>\n\t\t\t\t<div class=\"elementor-element elementor-element-f7411f1 elementor-button-align-stretch elementor-widget elementor-widget-form\" data-id=\"f7411f1\" data-element_type=\"widget\" data-e-type=\"widget\" data-settings=\"{&quot;step_next_label&quot;:&quot;Next&quot;,&quot;step_previous_label&quot;:&quot;Previous&quot;,&quot;button_width&quot;:&quot;100&quot;,&quot;step_type&quot;:&quot;number_text&quot;,&quot;step_icon_shape&quot;:&quot;circle&quot;}\" data-widget_type=\"form.default\">\n\t\t\t\t\t\t\t<form class=\"elementor-form\" method=\"post\" name=\"New Form\" aria-label=\"Novo formul\u00e1rio\" action=\"\">\n\t\t\t<input type=\"hidden\" name=\"post_id\" value=\"229\"\/>\n\t\t\t<input type=\"hidden\" name=\"form_id\" value=\"f7411f1\"\/>\n\t\t\t<input type=\"hidden\" name=\"referer_title\" value=\"CONTACTO - Granatherapy\" \/>\n\n\t\t\t\t\t\t\t<input type=\"hidden\" name=\"queried_id\" value=\"229\"\/>\n\t\t\t\n\t\t\t<div class=\"elementor-form-fields-wrapper elementor-labels-\">\n\t\t\t\t\t\t\t\t<div class=\"elementor-field-type-text elementor-field-group elementor-column elementor-field-group-name elementor-col-100 elementor-field-required\">\n\t\t\t\t\t\t\t\t\t\t\t\t<label for=\"form-field-name\" class=\"elementor-field-label elementor-screen-only\">\n\t\t\t\t\t\t\t\tNome\t\t\t\t\t\t\t<\/label>\n\t\t\t\t\t\t\t\t\t\t\t\t\t\t<input size=\"1\" type=\"text\" name=\"form_fields[name]\" id=\"form-field-name\" class=\"elementor-field elementor-size-sm  elementor-field-textual\" placeholder=\"Nome e apelidos\" required=\"required\">\n\t\t\t\t\t\t\t\t\t\t\t<\/div>\n\t\t\t\t\t\t\t\t<div class=\"elementor-field-type-email elementor-field-group elementor-column elementor-field-group-email elementor-col-100 elementor-field-required\">\n\t\t\t\t\t\t\t\t\t\t\t\t<label for=\"form-field-email\" class=\"elementor-field-label elementor-screen-only\">\n\t\t\t\t\t\t\t\tE-mail\t\t\t\t\t\t\t<\/label>\n\t\t\t\t\t\t\t\t\t\t\t\t\t\t<input size=\"1\" type=\"email\" name=\"form_fields[email]\" id=\"form-field-email\" class=\"elementor-field elementor-size-sm  elementor-field-textual\" placeholder=\"E-mail\" required=\"required\">\n\t\t\t\t\t\t\t\t\t\t\t<\/div>\n\t\t\t\t\t\t\t\t<div class=\"elementor-field-type-textarea elementor-field-group elementor-column elementor-field-group-mensaje elementor-col-100 elementor-field-required\">\n\t\t\t\t\t\t\t\t\t\t\t\t<label for=\"form-field-mensaje\" class=\"elementor-field-label elementor-screen-only\">\n\t\t\t\t\t\t\t\tMensagem\t\t\t\t\t\t\t<\/label>\n\t\t\t\t\t\t<textarea class=\"elementor-field-textual elementor-field  elementor-size-sm\" name=\"form_fields[mensaje]\" id=\"form-field-mensaje\" rows=\"4\" placeholder=\"Mensagem\" required=\"required\"><\/textarea>\t\t\t\t<\/div>\n\t\t\t\t\t\t\t\t<div class=\"elementor-field-type-acceptance elementor-field-group elementor-column elementor-field-group-field_2 elementor-col-100 elementor-field-required\">\n\t\t\t\t\t\t\t\t\t\t\t\t<label for=\"form-field-field_2\" class=\"elementor-field-label elementor-screen-only\">\n\t\t\t\t\t\t\t\tAceitar a Pol\u00edtica de Privacidade\t\t\t\t\t\t\t<\/label>\n\t\t\t\t\t\t\t\t<div class=\"elementor-field-subgroup\">\n\t\t\t<span class=\"elementor-field-option\">\n\t\t\t\t<input type=\"checkbox\" name=\"form_fields[field_2]\" id=\"form-field-field_2\" class=\"elementor-field elementor-size-sm  elementor-acceptance-field\" required=\"required\">\n\t\t\t\t<label for=\"form-field-field_2\">Li e aceito a <a rel=\"nofollow\" href=\"\/pt\/politica-de-privacidade\/\" \" target=\"_blank\">Pol\u00edtica de Privacidade.<\/a>\n<p>Respons\u00e1vel: POLIFENOLES MEDITERRANEOS S.L. <br>Finalidade: Gest\u00e3o de compras online.\nBase legal: Consentimento expresso dado ao assinalar \u201cLi e aceito a pol\u00edtica de privacidade\u201d.\nDestinat\u00e1rios: Ced\u00eancias e\/ou transfer\u00eancias para empresas e\/ou organismos terceiros, conforme indicado na informa\u00e7\u00e3o adicional.\nDireitos: Acesso, retifica\u00e7\u00e3o, oposi\u00e7\u00e3o, limita\u00e7\u00e3o, bem como outros direitos devidamente descritos na informa\u00e7\u00e3o adicional. <br>\nMais informa\u00e7\u00f5es: Pode consultar informa\u00e7\u00f5es adicionais sobre o assunto atrav\u00e9s do seguinte link. <a rel=\"nofollow\" href=\"\/pt\/politica-de-privacidade\/\" \" target=\"_blank\">Pol\u00edtica de Privacidade.<\/a><\/label>\t\t\t<\/span>\n\t\t<\/div>\n\t\t\t\t\t\t<\/div>\n\t\t\t\t\t\t\t\t<div class=\"elementor-field-type-recaptcha_v3 elementor-field-group elementor-column elementor-field-group-field_6058c82 elementor-col-100 recaptcha_v3-bottomright\">\n\t\t\t\t\t<div class=\"elementor-field\" id=\"form-field-field_6058c82\"><div class=\"elementor-g-recaptcha\" data-sitekey=\"6LeT4fwUAAAAAJ8T0Ne9V3RT6aBherc4tZipQXS8\" data-type=\"v3\" data-action=\"Form\" data-badge=\"bottomright\" data-size=\"invisible\"><\/div><\/div>\t\t\t\t<\/div>\n\t\t\t\t\t\t\t\t<div class=\"elementor-field-group elementor-column elementor-field-type-submit elementor-col-100 e-form__buttons\">\n\t\t\t\t\t<button class=\"elementor-button elementor-size-md elementor-animation-push\" type=\"submit\">\n\t\t\t\t\t\t<span class=\"elementor-button-content-wrapper\">\n\t\t\t\t\t\t\t\t\t\t\t\t\t\t\t\t\t\t\t\t\t\t<span class=\"elementor-button-text\">ENVIAR<\/span>\n\t\t\t\t\t\t\t\t\t\t\t\t\t<\/span>\n\t\t\t\t\t<\/button>\n\t\t\t\t<\/div>\n\t\t\t<\/div>\n\t\t<input type=\"hidden\" name=\"trp-form-language\" value=\"pt\"\/><\/form>\n\t\t\t\t\t\t<\/div>\n\t\t\t\t<\/div>\n\t\t<div class=\"elementor-element elementor-element-6ca6b0f e-con-full e-flex e-con e-child\" data-id=\"6ca6b0f\" data-element_type=\"container\" data-e-type=\"container\" data-settings=\"{&quot;background_background&quot;:&quot;classic&quot;}\">\n\t\t\t\t<div class=\"elementor-element elementor-element-ebdd46e elementor-position-inline-start elementor-view-default elementor-mobile-position-block-start elementor-widget elementor-widget-icon-box\" data-id=\"ebdd46e\" data-element_type=\"widget\" data-e-type=\"widget\" data-widget_type=\"icon-box.default\">\n\t\t\t\t\t\t\t<div class=\"elementor-icon-box-wrapper\">\n\n\t\t\t\t\t\t<div class=\"elementor-icon-box-icon\">\n\t\t\t\t<a href=\"tel:+34628520654\" class=\"elementor-icon\" tabindex=\"-1\" aria-label=\"+34 628 520 654\">\n\t\t\t\t<i aria-hidden=\"true\" class=\"fas fa-mobile-alt\"><\/i>\t\t\t\t<\/a>\n\t\t\t<\/div>\n\t\t\t\n\t\t\t\t\t\t<div class=\"elementor-icon-box-content\">\n\n\t\t\t\t\t\t\t\t\t<p class=\"elementor-icon-box-title\">\n\t\t\t\t\t\t<a href=\"tel:+34628520654\" >\n\t\t\t\t\t\t\t+34 628 520 654\t\t\t\t\t\t<\/a>\n\t\t\t\t\t<\/p>\n\t\t\t\t\n\t\t\t\t\n\t\t\t<\/div>\n\t\t\t\n\t\t<\/div>\n\t\t\t\t\t\t<\/div>\n\t\t\t\t<div class=\"elementor-element elementor-element-917d918 elementor-position-inline-start elementor-view-default elementor-mobile-position-block-start elementor-widget elementor-widget-icon-box\" data-id=\"917d918\" data-element_type=\"widget\" data-e-type=\"widget\" data-widget_type=\"icon-box.default\">\n\t\t\t\t\t\t\t<div class=\"elementor-icon-box-wrapper\">\n\n\t\t\t\t\t\t<div class=\"elementor-icon-box-icon\">\n\t\t\t\t<span  class=\"elementor-icon\">\n\t\t\t\t<i aria-hidden=\"true\" class=\"fas fa-map-marker-alt\"><\/i>\t\t\t\t<\/span>\n\t\t\t<\/div>\n\t\t\t\n\t\t\t\t\t\t<div class=\"elementor-icon-box-content\">\n\n\t\t\t\t\t\t\t\t\t<p class=\"elementor-icon-box-title\">\n\t\t\t\t\t\t<span  >\n\t\t\t\t\t\t\tCL. CARRIL DE LA CONDOMINA, 3 Pta. B 3 - 30006 M\u00farcia (Espanha)\t\t\t\t\t\t<\/span>\n\t\t\t\t\t<\/p>\n\t\t\t\t\n\t\t\t\t\n\t\t\t<\/div>\n\t\t\t\n\t\t<\/div>\n\t\t\t\t\t\t<\/div>\n\t\t\t\t<div class=\"elementor-element elementor-element-b1fbeb6 elementor-widget elementor-widget-google_maps\" data-id=\"b1fbeb6\" data-element_type=\"widget\" data-e-type=\"widget\" data-widget_type=\"google_maps.default\">\n\t\t\t\t\t\t\t<div class=\"elementor-custom-embed\">\n\t\t\t<iframe loading=\"lazy\"\n\t\t\t\t\tsrc=\"https:\/\/maps.google.com\/maps?q=CL.%20CARRIL%20DE%20LA%20CONDOMINA%2C%203%20Pta.%20B%203%20-%2030006%20Murcia%20%28Spain%29&#038;t=m&#038;z=6&#038;output=embed&#038;iwloc=near\"\n\t\t\t\t\ttitle=\"CL. CARRIL DE LA CONDOMINA, 3 Pta. B 3 - 30006 M\u00farcia (Espanha)\"\n\t\t\t\t\taria-label=\"CL. CARRIL DE LA CONDOMINA, 3 Pta. B 3 - 30006 M\u00farcia (Espanha)\"\n\t\t\t><\/iframe>\n\t\t<\/div>\n\t\t\t\t\t\t<\/div>\n\t\t\t\t<\/div>\n\t\t\t\t\t<\/div>\n\t\t\t\t<\/div>\n\t\t<div class=\"elementor-element elementor-element-6c4b3f3 e-flex e-con-boxed e-con e-parent\" data-id=\"6c4b3f3\" data-element_type=\"container\" data-e-type=\"container\">\n\t\t\t\t\t<div class=\"e-con-inner\">\n\t\t\t\t<div class=\"elementor-element elementor-element-8ca7313 elementor-widget__width-initial elementor-widget-mobile__width-inherit elementor-widget elementor-widget-heading\" data-id=\"8ca7313\" data-element_type=\"widget\" data-e-type=\"widget\" data-widget_type=\"heading.default\">\n\t\t\t\t\t<h2 class=\"elementor-heading-title elementor-size-default\">Vantagens de comprar na Granatherapy<\/h2>\t\t\t\t<\/div>\n\t\t<div class=\"elementor-element elementor-element-b9ae7aa e-grid e-con-full e-con e-child\" data-id=\"b9ae7aa\" data-element_type=\"container\" data-e-type=\"container\">\n\t\t\t\t<div class=\"elementor-element elementor-element-8a61967 elementor-view-default elementor-position-block-start elementor-mobile-position-block-start elementor-widget elementor-widget-icon-box\" data-id=\"8a61967\" data-element_type=\"widget\" data-e-type=\"widget\" data-widget_type=\"icon-box.default\">\n\t\t\t\t\t\t\t<div class=\"elementor-icon-box-wrapper\">\n\n\t\t\t\t\t\t<div class=\"elementor-icon-box-icon\">\n\t\t\t\t<span  class=\"elementor-icon\">\n\t\t\t\t<svg xmlns=\"http:\/\/www.w3.org\/2000\/svg\" width=\"40\" height=\"40\" viewbox=\"0 0 40 40\" fill=\"none\"><path d=\"M23.3333 29.9998V9.99984C23.3333 9.11578 22.9821 8.26794 22.3569 7.64281C21.7318 7.01769 20.884 6.6665 19.9999 6.6665H6.66659C5.78253 6.6665 4.93468 7.01769 4.30956 7.64281C3.68444 8.26794 3.33325 9.11578 3.33325 9.99984V28.3332C3.33325 28.7752 3.50885 29.1991 3.82141 29.5117C4.13397 29.8242 4.55789 29.9998 4.99992 29.9998H8.33325\" stroke=\"#D2449B\" stroke-width=\"3.33333\" stroke-linecap=\"round\" stroke-linejoin=\"round\"><\/path><path d=\"M25 30H15\" stroke=\"#D2449B\" stroke-width=\"3.33333\" stroke-linecap=\"round\" stroke-linejoin=\"round\"><\/path><path d=\"M31.6666 30.0002H34.9999C35.4419 30.0002 35.8659 29.8246 36.1784 29.512C36.491 29.1994 36.6666 28.7755 36.6666 28.3335V22.2502C36.6659 21.8719 36.5366 21.5052 36.2999 21.2102L30.4999 13.9602C30.344 13.765 30.1463 13.6073 29.9213 13.4988C29.6962 13.3904 29.4497 13.3339 29.1999 13.3335H23.3333\" stroke=\"#D2449B\" stroke-width=\"3.33333\" stroke-linecap=\"round\" stroke-linejoin=\"round\"><\/path><path d=\"M28.3333 33.3332C30.1743 33.3332 31.6667 31.8408 31.6667 29.9998C31.6667 28.1589 30.1743 26.6665 28.3333 26.6665C26.4924 26.6665 25 28.1589 25 29.9998C25 31.8408 26.4924 33.3332 28.3333 33.3332Z\" stroke=\"#D2449B\" stroke-width=\"3.33333\" stroke-linecap=\"round\" stroke-linejoin=\"round\"><\/path><path d=\"M11.6666 33.3332C13.5075 33.3332 14.9999 31.8408 14.9999 29.9998C14.9999 28.1589 13.5075 26.6665 11.6666 26.6665C9.82564 26.6665 8.33325 28.1589 8.33325 29.9998C8.33325 31.8408 9.82564 33.3332 11.6666 33.3332Z\" stroke=\"#D2449B\" stroke-width=\"3.33333\" stroke-linecap=\"round\" stroke-linejoin=\"round\"><\/path><\/svg>\t\t\t\t<\/span>\n\t\t\t<\/div>\n\t\t\t\n\t\t\t\t\t\t<div class=\"elementor-icon-box-content\">\n\n\t\t\t\t\t\t\t\t\t<h3 class=\"elementor-icon-box-title\">\n\t\t\t\t\t\t<span  >\n\t\t\t\t\t\t\tEnvios para toda a Europa\t\t\t\t\t\t<\/span>\n\t\t\t\t\t<\/h3>\n\t\t\t\t\n\t\t\t\t\t\t\t\t\t<p class=\"elementor-icon-box-description\">\n\t\t\t\t\t\tEntrega r\u00e1pida e fresca a partir dos nossos pr\u00f3prios campos.\t\t\t\t\t<\/p>\n\t\t\t\t\n\t\t\t<\/div>\n\t\t\t\n\t\t<\/div>\n\t\t\t\t\t\t<\/div>\n\t\t\t\t<div class=\"elementor-element elementor-element-731d6d0 elementor-view-default elementor-position-block-start elementor-mobile-position-block-start elementor-widget elementor-widget-icon-box\" data-id=\"731d6d0\" data-element_type=\"widget\" data-e-type=\"widget\" data-widget_type=\"icon-box.default\">\n\t\t\t\t\t\t\t<div class=\"elementor-icon-box-wrapper\">\n\n\t\t\t\t\t\t<div class=\"elementor-icon-box-icon\">\n\t\t\t\t<span  class=\"elementor-icon\">\n\t\t\t\t<svg xmlns=\"http:\/\/www.w3.org\/2000\/svg\" width=\"40\" height=\"40\" viewbox=\"0 0 40 40\" fill=\"none\"><path d=\"M33.3334 21.6666C33.3334 29.9999 27.5001 34.1666 20.5667 36.5833C20.2037 36.7063 19.8093 36.7004 19.4501 36.5666C12.5001 34.1666 6.66675 29.9999 6.66675 21.6666V9.99994C6.66675 9.55791 6.84234 9.13399 7.1549 8.82142C7.46746 8.50886 7.89139 8.33327 8.33341 8.33327C11.6667 8.33327 15.8334 6.33327 18.7334 3.79994C19.0865 3.49827 19.5357 3.33252 20.0001 3.33252C20.4645 3.33252 20.9137 3.49827 21.2667 3.79994C24.1834 6.34994 28.3334 8.33327 31.6667 8.33327C32.1088 8.33327 32.5327 8.50886 32.8453 8.82142C33.1578 9.13399 33.3334 9.55791 33.3334 9.99994V21.6666Z\" stroke=\"#D2449B\" stroke-width=\"3.33333\" stroke-linecap=\"round\" stroke-linejoin=\"round\"><\/path><\/svg>\t\t\t\t<\/span>\n\t\t\t<\/div>\n\t\t\t\n\t\t\t\t\t\t<div class=\"elementor-icon-box-content\">\n\n\t\t\t\t\t\t\t\t\t<h3 class=\"elementor-icon-box-title\">\n\t\t\t\t\t\t<span  >\n\t\t\t\t\t\t\tPagamentos 100% seguros\t\t\t\t\t\t<\/span>\n\t\t\t\t\t<\/h3>\n\t\t\t\t\n\t\t\t\t\t\t\t\t\t<p class=\"elementor-icon-box-description\">\n\t\t\t\t\t\tPlataformas certificadas e criptografia em todas as transa\u00e7\u00f5es.\t\t\t\t\t<\/p>\n\t\t\t\t\n\t\t\t<\/div>\n\t\t\t\n\t\t<\/div>\n\t\t\t\t\t\t<\/div>\n\t\t\t\t<div class=\"elementor-element elementor-element-a26c9d7 elementor-view-default elementor-position-block-start elementor-mobile-position-block-start elementor-widget elementor-widget-icon-box\" data-id=\"a26c9d7\" data-element_type=\"widget\" data-e-type=\"widget\" data-widget_type=\"icon-box.default\">\n\t\t\t\t\t\t\t<div class=\"elementor-icon-box-wrapper\">\n\n\t\t\t\t\t\t<div class=\"elementor-icon-box-icon\">\n\t\t\t\t<span  class=\"elementor-icon\">\n\t\t\t\t<svg xmlns=\"http:\/\/www.w3.org\/2000\/svg\" width=\"40\" height=\"40\" viewbox=\"0 0 40 40\" fill=\"none\"><path d=\"M36.3349 16.6666C37.0961 20.4021 36.5536 24.2857 34.798 27.6696C33.0424 31.0536 30.1797 33.7334 26.6874 35.2622C23.1951 36.791 19.2843 37.0763 15.6071 36.0706C11.9299 35.0649 8.70857 32.829 6.48038 29.7357C4.25219 26.6424 3.15179 22.8787 3.36269 19.0723C3.5736 15.2659 5.08305 11.6468 7.63934 8.8186C10.1956 5.9904 13.6442 4.12403 17.41 3.53074C21.1758 2.93744 25.0312 3.65308 28.3333 5.55832\" stroke=\"#D2449B\" stroke-width=\"3.33333\" stroke-linecap=\"round\" stroke-linejoin=\"round\"><\/path><path d=\"M15 18.3332L20 23.3332L36.6667 6.6665\" stroke=\"#D2449B\" stroke-width=\"3.33333\" stroke-linecap=\"round\" stroke-linejoin=\"round\"><\/path><\/svg>\t\t\t\t<\/span>\n\t\t\t<\/div>\n\t\t\t\n\t\t\t\t\t\t<div class=\"elementor-icon-box-content\">\n\n\t\t\t\t\t\t\t\t\t<h3 class=\"elementor-icon-box-title\">\n\t\t\t\t\t\t<span  >\n\t\t\t\t\t\t\tGarantia de satisfa\u00e7\u00e3o\t\t\t\t\t\t<\/span>\n\t\t\t\t\t<\/h3>\n\t\t\t\t\n\t\t\t\t\t\t\t\t\t<p class=\"elementor-icon-box-description\">\n\t\t\t\t\t\tSe n\u00e3o for para si, ajudamos no troque ou na devolu\u00e7\u00e3o.\t\t\t\t\t<\/p>\n\t\t\t\t\n\t\t\t<\/div>\n\t\t\t\n\t\t<\/div>\n\t\t\t\t\t\t<\/div>\n\t\t\t\t<div class=\"elementor-element elementor-element-b3c1887 elementor-view-default elementor-position-block-start elementor-mobile-position-block-start elementor-widget elementor-widget-icon-box\" data-id=\"b3c1887\" data-element_type=\"widget\" data-e-type=\"widget\" data-widget_type=\"icon-box.default\">\n\t\t\t\t\t\t\t<div class=\"elementor-icon-box-wrapper\">\n\n\t\t\t\t\t\t<div class=\"elementor-icon-box-icon\">\n\t\t\t\t<span  class=\"elementor-icon\">\n\t\t\t\t<svg xmlns=\"http:\/\/www.w3.org\/2000\/svg\" width=\"40\" height=\"40\" viewbox=\"0 0 40 40\" fill=\"none\"><path d=\"M18.3334 33.3335C15.4068 33.3424 12.5838 32.251 10.4242 30.2759C8.26468 28.3007 6.92632 25.5861 6.67461 22.6703C6.42289 19.7546 7.2762 16.8508 9.0653 14.5347C10.8544 12.2187 13.4486 10.6597 16.3334 10.1668C25.8334 8.3335 28.3334 7.46683 31.6667 3.3335C33.3334 6.66683 35 10.3002 35 16.6668C35 25.8335 27.0334 33.3335 18.3334 33.3335Z\" stroke=\"#D2449B\" stroke-width=\"3.33333\" stroke-linecap=\"round\" stroke-linejoin=\"round\"><\/path><path d=\"M3.33325 35C3.33325 30 6.41658 26.0667 11.7999 25C15.8333 24.2 19.9999 21.6667 21.6666 20\" stroke=\"#D2449B\" stroke-width=\"3.33333\" stroke-linecap=\"round\" stroke-linejoin=\"round\"><\/path><\/svg>\t\t\t\t<\/span>\n\t\t\t<\/div>\n\t\t\t\n\t\t\t\t\t\t<div class=\"elementor-icon-box-content\">\n\n\t\t\t\t\t\t\t\t\t<h3 class=\"elementor-icon-box-title\">\n\t\t\t\t\t\t<span  >\n\t\t\t\t\t\t\tProdutores diretos\t\t\t\t\t\t<\/span>\n\t\t\t\t\t<\/h3>\n\t\t\t\t\n\t\t\t\t\t\t\t\t\t<p class=\"elementor-icon-box-description\">\n\t\t\t\t\t\tSem intermedi\u00e1rios. Controlo total do cultivo at\u00e9 \u00e0 sua casa.\t\t\t\t\t<\/p>\n\t\t\t\t\n\t\t\t<\/div>\n\t\t\t\n\t\t<\/div>\n\t\t\t\t\t\t<\/div>\n\t\t\t\t<\/div>\n\t\t\t\t\t<\/div>\n\t\t\t\t<\/div>\n\t\t\t\t<\/div>","protected":false},"excerpt":{"rendered":"<p>Contacto Para cualquier duda o si est\u00e1 interesado en ser distribuidor de nuestros productos, ll\u00e1menos al 628 520 654 o al\u00a0968 847 325 o rellene el siguiente formulario de contacto: +34 628 520 654 CL. CARRIL DE LA CONDOMINA, 3 Pta. B 3 &#8211; 30006 Murcia (Spain) Ventajas de Comprar en Granatherapy Env\u00edos a Toda [&hellip;]<\/p>","protected":false},"author":1,"featured_media":0,"parent":0,"menu_order":0,"comment_status":"closed","ping_status":"closed","template":"","meta":{"_acf_changed":false,"_joinchat":[],"footnotes":""},"class_list":["post-229","page","type-page","status-publish","hentry"],"acf":[],"_links":{"self":[{"href":"https:\/\/granatherapy.com\/pt\/wp-json\/wp\/v2\/pages\/229","targetHints":{"allow":["GET"]}}],"collection":[{"href":"https:\/\/granatherapy.com\/pt\/wp-json\/wp\/v2\/pages"}],"about":[{"href":"https:\/\/granatherapy.com\/pt\/wp-json\/wp\/v2\/types\/page"}],"author":[{"embeddable":true,"href":"https:\/\/granatherapy.com\/pt\/wp-json\/wp\/v2\/users\/1"}],"replies":[{"embeddable":true,"href":"https:\/\/granatherapy.com\/pt\/wp-json\/wp\/v2\/comments?post=229"}],"version-history":[{"count":52,"href":"https:\/\/granatherapy.com\/pt\/wp-json\/wp\/v2\/pages\/229\/revisions"}],"predecessor-version":[{"id":16905,"href":"https:\/\/granatherapy.com\/pt\/wp-json\/wp\/v2\/pages\/229\/revisions\/16905"}],"wp:attachment":[{"href":"https:\/\/granatherapy.com\/pt\/wp-json\/wp\/v2\/media?parent=229"}],"curies":[{"name":"wp","href":"https:\/\/api.w.org\/{rel}","templated":true}]}}