{"id":1736,"date":"2020-01-09T19:24:55","date_gmt":"2020-01-09T18:24:55","guid":{"rendered":"https:\/\/granatherapy2.miwebnueva.net?post_type=product&#038;p=1736"},"modified":"2026-02-18T10:48:11","modified_gmt":"2026-02-18T09:48:11","slug":"idrossitirosolo-piu-3x30","status":"publish","type":"product","link":"https:\/\/granatherapy.com\/it\/negozio\/idrossitirosolo-piu-3x30\/","title":{"rendered":"Idrossitirosolo Plus 3\u00d760"},"content":{"rendered":"<p>Il <b>idrossitirosolo<\/b> \u00c8 un polifenolo presente principalmente nell&#039;olio extravergine di oliva e nelle foglie di olivo. \u00c8 considerato uno degli antiossidanti naturali pi\u00f9 potenti dopo l&#039;acido gallico, con una capacit\u00e0 superiore a quella di altri composti come il coenzima Q10 o il t\u00e8 verde.<\/p>\n<p>Grazie alla sua struttura molecolare, l&#039;idrossitirosolo:<\/p>\n<ul>\n<li aria-level=\"1\">Neutralizza i radicali liberi e protegge le cellule dai danni ossidativi.,<\/li>\n<li aria-level=\"1\">contribuisce alla normale funzione del sistema cardiovascolare,<\/li>\n<li aria-level=\"1\">supporta l&#039;invecchiamento sano e<\/li>\n<li aria-level=\"1\">Aiuta a mantenere un metabolismo equilibrato.<\/li>\n<\/ul>\n<p>Questo composto \u00e8 <b>altamente biodisponibile<\/b>, Ci\u00f2 consente all&#039;organismo di assorbirlo in modo efficiente e di utilizzarlo nei processi protettivi essenziali.<\/p>","protected":false},"excerpt":{"rendered":"<p><i>Antiossidante naturale con elevato contenuto di idrossitirosolo per favorire la salute cardiovascolare, un invecchiamento sano e il benessere generale.<\/i><\/p>\n<p><b>Idrossitirosolo Plus<\/b> \u00c8 un integratore alimentare a base di estratto secco di oliva (<b>Olea europaea L.<\/b>) <b>coltivato in Spagna<\/b> ed estratto attraverso un processo ecologico con <b>acqua ultrapura<\/b> che conserva i suoi polifenoli naturali senza additivi chimici. Ogni capsula fornisce il <b>dose raccomandata di idrossitirosolo<\/b> \u2014uno degli antiossidanti naturali pi\u00f9 potenti esistenti\u2014 insieme ad altri composti fenolici benefici.<\/p>","protected":false},"featured_media":11525,"comment_status":"open","ping_status":"closed","template":"","meta":{"_acf_changed":false,"_joinchat":[]},"product_brand":[],"product_cat":[504,512,496],"product_tag":[],"class_list":{"0":"post-1736","1":"product","2":"type-product","3":"status-publish","4":"has-post-thumbnail","6":"product_cat-antibacteriano-antimicrobiano","7":"product_cat-hidroxitirosol","8":"product_cat-salud-del-corazon-y-control-de-grasas-en-sangre","9":"product_shipping_class-envio-gratuito","11":"first","12":"instock","13":"taxable","14":"shipping-taxable","15":"purchasable","16":"product-type-simple"},"acf":[],"_links":{"self":[{"href":"https:\/\/granatherapy.com\/it\/wp-json\/wp\/v2\/product\/1736","targetHints":{"allow":["GET"]}}],"collection":[{"href":"https:\/\/granatherapy.com\/it\/wp-json\/wp\/v2\/product"}],"about":[{"href":"https:\/\/granatherapy.com\/it\/wp-json\/wp\/v2\/types\/product"}],"replies":[{"embeddable":true,"href":"https:\/\/granatherapy.com\/it\/wp-json\/wp\/v2\/comments?post=1736"}],"version-history":[{"count":15,"href":"https:\/\/granatherapy.com\/it\/wp-json\/wp\/v2\/product\/1736\/revisions"}],"predecessor-version":[{"id":17253,"href":"https:\/\/granatherapy.com\/it\/wp-json\/wp\/v2\/product\/1736\/revisions\/17253"}],"wp:featuredmedia":[{"embeddable":true,"href":"https:\/\/granatherapy.com\/it\/wp-json\/wp\/v2\/media\/11525"}],"wp:attachment":[{"href":"https:\/\/granatherapy.com\/it\/wp-json\/wp\/v2\/media?parent=1736"}],"wp:term":[{"taxonomy":"product_brand","embeddable":true,"href":"https:\/\/granatherapy.com\/it\/wp-json\/wp\/v2\/product_brand?post=1736"},{"taxonomy":"product_cat","embeddable":true,"href":"https:\/\/granatherapy.com\/it\/wp-json\/wp\/v2\/product_cat?post=1736"},{"taxonomy":"product_tag","embeddable":true,"href":"https:\/\/granatherapy.com\/it\/wp-json\/wp\/v2\/product_tag?post=1736"}],"curies":[{"name":"parola chiave","href":"https:\/\/api.w.org\/{rel}","templated":true}]}}