{"id":15720,"date":"2025-06-05T21:57:10","date_gmt":"2025-06-05T19:57:10","guid":{"rendered":"https:\/\/granatherapy2.miwebnueva.net?post_type=product&#038;p=15720"},"modified":"2026-03-02T11:47:05","modified_gmt":"2026-03-02T10:47:05","slug":"fichi-mediterranei-e-fichi-precoci","status":"publish","type":"product","link":"https:\/\/granatherapy.com\/it\/negozio\/fichi-mediterranei-e-fichi-precoci\/","title":{"rendered":"Fichi e brevas freschi del Mediterraneo"},"content":{"rendered":"<div data-elementor-type=\"product-post\" data-elementor-id=\"15720\" class=\"elementor elementor-15720\" data-elementor-post-type=\"product\">\n\t\t\t\t\t\t<section class=\"elementor-section elementor-top-section elementor-element elementor-element-30a010a6 elementor-section-boxed elementor-section-height-default elementor-section-height-default\" data-id=\"30a010a6\" data-element_type=\"section\" data-e-type=\"section\">\n\t\t\t\t\t\t<div class=\"elementor-container elementor-column-gap-default\">\n\t\t\t\t\t<div class=\"elementor-column elementor-col-100 elementor-top-column elementor-element elementor-element-3412e41b\" data-id=\"3412e41b\" data-element_type=\"column\" data-e-type=\"column\">\n\t\t\t<div class=\"elementor-widget-wrap elementor-element-populated\">\n\t\t\t\t\t\t<div class=\"elementor-element elementor-element-7fe1863 elementor-widget elementor-widget-accordion\" data-id=\"7fe1863\" data-element_type=\"widget\" data-e-type=\"widget\" data-widget_type=\"accordion.default\">\n\t\t\t\t\t\t\t<div class=\"elementor-accordion\">\n\t\t\t\t\t\t\t<div class=\"elementor-accordion-item\">\n\t\t\t\t\t<div id=\"elementor-tab-title-1341\" class=\"elementor-tab-title\" data-tab=\"1\" role=\"button\" aria-controls=\"elementor-tab-content-1341\" aria-expanded=\"false\">\n\t\t\t\t\t\t\t\t\t\t\t\t\t<span class=\"elementor-accordion-icon elementor-accordion-icon-left\" aria-hidden=\"true\">\n\t\t\t\t\t\t\t\t\t\t\t\t\t\t\t<span class=\"elementor-accordion-icon-closed\"><i class=\"fas fa-plus\"><\/i><\/span>\n\t\t\t\t\t\t\t\t<span class=\"elementor-accordion-icon-opened\"><i class=\"fas fa-minus\"><\/i><\/span>\n\t\t\t\t\t\t\t\t\t\t\t\t\t\t<\/span>\n\t\t\t\t\t\t\t\t\t\t\t\t<a class=\"elementor-accordion-title\" tabindex=\"0\">Descrizione<\/a>\n\t\t\t\t\t<\/div>\n\t\t\t\t\t<div id=\"elementor-tab-content-1341\" class=\"elementor-tab-content elementor-clearfix\" data-tab=\"1\" role=\"region\" aria-labelledby=\"elementor-tab-title-1341\"><p data-start=\"904\" data-end=\"979\">\ud83c\udf3f Prodotto stagionale | \ud83d\udccd Origine locale | \ud83c\udf47 100% naturale e senza additivi<\/p><p data-start=\"213\" data-end=\"649\">Il <strong data-start=\"216\" data-end=\"237\">fico mediterraneo<\/strong> \u00e8 un frutto emblematico coltivato nelle fertili terre di Alicante e Murcia, regioni che offrono le condizioni ideali per lo sviluppo di questa prelibatezza naturale. Le nostre famiglie di agricoltori uniscono tecniche ancestrali e tecnologia moderna per offrirti <strong data-start=\"510\" data-end=\"525\">fichi freschi<\/strong> qualit\u00e0 eccezionale, dal sapore dolce e succoso e dalla consistenza ineguagliabile che evocano il vero spirito mediterraneo.<\/p><p data-start=\"651\" data-end=\"1026\">Le <strong data-start=\"655\" data-end=\"665\">brevas<\/strong>Il primo raccolto del fico e i fichi maturi sono un dono per il palato e per la salute. Ogni frutto contiene un\u2019elevata concentrazione di fibre alimentari, essenziali per una digestione sana e per la regolazione del colesterolo e della glicemia. Inoltre, il loro apporto naturale di carboidrati fornisce energia immediata per sostenere il ritmo della vita quotidiana.<\/p><p data-start=\"1028\" data-end=\"1351\">Il <strong data-start=\"1031\" data-end=\"1052\">fico mediterraneo<\/strong> Si distingue per la sua ricchezza di vitamine A, C ed E, potenti antiossidanti che aiutano a contrastare l\u2019invecchiamento cellulare e a rafforzare il sistema immunitario. Fornisce inoltre minerali come potassio, calcio, magnesio e ferro, fondamentali per il corretto funzionamento cardiovascolare, osseo e muscolare.<\/p><p data-start=\"1353\" data-end=\"1807\">Uno dei maggiori benefici dei fichi e delle brevas mediterranee \u00e8 il loro alto contenuto di <strong data-start=\"1443\" data-end=\"1458\">Polifenoli<\/strong>, composti bioattivi con riconosciute propriet\u00e0 antiossidanti e antinfiammatorie. Acidi fenolici, flavonoidi, antociani e carotenoidi lavorano insieme per proteggere le cellule dai danni ossidativi, migliorare la circolazione sanguigna e prendersi cura della salute oculare, offrendo inoltre un sapore unico con sfumature dolci e note di miele e frutta secca.<\/p><p data-start=\"1809\" data-end=\"2147\">Includere fichi e brevas mediterranei nella tua dieta \u00e8 molto pi\u00f9 che godere di un sapore squisito: \u00e8 una scelta intelligente per prenderti cura del tuo benessere. Un consumo regolare pu\u00f2 migliorare la salute digestiva, aiutare a controllare i livelli di colesterolo e glicemia, proteggere dall\u2019invecchiamento cellulare e apportare energia e vitalit\u00e0 in modo naturale.<\/p><p data-start=\"2149\" data-end=\"2408\">In Granatum Plus garantiamo che ogni fico mediterraneo e ogni breva arrivi sulla tua tavola fresco e nel suo punto ottimale di maturazione, grazie al nostro servizio di spedizione rapida in 24 ore. In questo modo preserviamo intatte tutte le loro propriet\u00e0 nutritive e il loro sapore delizioso.<\/p><p data-start=\"2410\" data-end=\"2648\">Non lasciare che questo tesoro mediterraneo vada perduto. Riscopri le propriet\u00e0 e il sapore dei fichi e delle brevas mediterranee, il frutto naturale che Alicante e Murcia ci regalano ogni stagione per prenderti cura della tua salute e di quella di tutta la tua famiglia.<\/p><p data-start=\"2650\" data-end=\"2744\">Fai del fico mediterraneo il tuo frutto preferito e goditi oggi stesso i suoi benefici naturali!<\/p><\/div>\n\t\t\t\t<\/div>\n\t\t\t\t\t\t\t<div class=\"elementor-accordion-item\">\n\t\t\t\t\t<div id=\"elementor-tab-title-1342\" class=\"elementor-tab-title\" data-tab=\"2\" role=\"button\" aria-controls=\"elementor-tab-content-1342\" aria-expanded=\"false\">\n\t\t\t\t\t\t\t\t\t\t\t\t\t<span class=\"elementor-accordion-icon elementor-accordion-icon-left\" aria-hidden=\"true\">\n\t\t\t\t\t\t\t\t\t\t\t\t\t\t\t<span class=\"elementor-accordion-icon-closed\"><i class=\"fas fa-plus\"><\/i><\/span>\n\t\t\t\t\t\t\t\t<span class=\"elementor-accordion-icon-opened\"><i class=\"fas fa-minus\"><\/i><\/span>\n\t\t\t\t\t\t\t\t\t\t\t\t\t\t<\/span>\n\t\t\t\t\t\t\t\t\t\t\t\t<a class=\"elementor-accordion-title\" tabindex=\"0\">Informazioni nutrizionali (per fico fresco di circa 50 g)<\/a>\n\t\t\t\t\t<\/div>\n\t\t\t\t\t<div id=\"elementor-tab-content-1342\" class=\"elementor-tab-content elementor-clearfix\" data-tab=\"2\" role=\"region\" aria-labelledby=\"elementor-tab-title-1342\"><table style=\"width: 100%; border-collapse: collapse; font-family: sans-serif;\"><thead style=\"background-color: #f4f4f4;\"><tr><th style=\"padding: 10px; border: 1px solid #ddd; text-align: left;\">Componente<\/th><th style=\"padding: 10px; border: 1px solid #ddd; text-align: left;\">Per fico (circa 50 g)<\/th><\/tr><\/thead><tbody><tr><td style=\"padding: 10px; border: 1px solid #ddd;\">Energia<\/td><td style=\"padding: 10px; border: 1px solid #ddd;\">37 kcal<\/td><\/tr><tr><td style=\"padding: 10px; border: 1px solid #ddd;\">Carboidrati<\/td><td style=\"padding: 10px; border: 1px solid #ddd;\">9,6 g<\/td><\/tr><tr><td style=\"padding: 10px; border: 1px solid #ddd;\">Zuccheri naturali<\/td><td style=\"padding: 10px; border: 1px solid #ddd;\">8 grammi<\/td><\/tr><tr><td style=\"padding: 10px; border: 1px solid #ddd;\">Fibra<\/td><td style=\"padding: 10px; border: 1px solid #ddd;\">1,4 g<\/td><\/tr><tr><td style=\"padding: 10px; border: 1px solid #ddd;\">Proteine<\/td><td style=\"padding: 10px; border: 1px solid #ddd;\">0,3 g<\/td><\/tr><tr><td style=\"padding: 10px; border: 1px solid #ddd;\">Grassi totali<\/td><td style=\"padding: 10px; border: 1px solid #ddd;\">0,1 g<\/td><\/tr><tr><td style=\"padding: 10px; border: 1px solid #ddd;\">Grassi saturi<\/td><td style=\"padding: 10px; border: 1px solid #ddd;\">0 grammi<\/td><\/tr><tr><td style=\"padding: 10px; border: 1px solid #ddd;\">Vitamina A<\/td><td style=\"padding: 10px; border: 1px solid #ddd;\">3 \u00b5g<\/td><\/tr><tr><td style=\"padding: 10px; border: 1px solid #ddd;\">Vitamina C<\/td><td style=\"padding: 10px; border: 1px solid #ddd;\">1,2 mg<\/td><\/tr><tr><td style=\"padding: 10px; border: 1px solid #ddd;\">Vitamina E<\/td><td style=\"padding: 10px; border: 1px solid #ddd;\">0,1 mg<\/td><\/tr><tr><td style=\"padding: 10px; border: 1px solid #ddd;\">Potassio<\/td><td style=\"padding: 10px; border: 1px solid #ddd;\">116 mg<\/td><\/tr><tr><td style=\"padding: 10px; border: 1px solid #ddd;\">Calcio<\/td><td style=\"padding: 10px; border: 1px solid #ddd;\">18 mg<\/td><\/tr><tr><td style=\"padding: 10px; border: 1px solid #ddd;\">Magnesio<\/td><td style=\"padding: 10px; border: 1px solid #ddd;\">8 mg<\/td><\/tr><tr><td style=\"padding: 10px; border: 1px solid #ddd;\">Ferro<\/td><td style=\"padding: 10px; border: 1px solid #ddd;\">0,2 mg<\/td><\/tr><tr style=\"background-color: #f9f9f9;\"><td style=\"padding: 10px; border: 1px solid #ddd;\"><strong>Polifenoli totali<\/strong><\/td><td style=\"padding: 10px; border: 1px solid #ddd;\"><strong>100\u2013150 mg<\/strong><\/td><\/tr><\/tbody><\/table><p style=\"font-size: 0.9em; color: #666; margin-top: 8px;\">Valori approssimativi; possono variare in base alla variet\u00e0, alla dimensione e al grado di maturazione del fico.<\/p><\/div>\n\t\t\t\t<\/div>\n\t\t\t\t\t\t\t<div class=\"elementor-accordion-item\">\n\t\t\t\t\t<div id=\"elementor-tab-title-1343\" class=\"elementor-tab-title\" data-tab=\"3\" role=\"button\" aria-controls=\"elementor-tab-content-1343\" aria-expanded=\"false\">\n\t\t\t\t\t\t\t\t\t\t\t\t\t<span class=\"elementor-accordion-icon elementor-accordion-icon-left\" aria-hidden=\"true\">\n\t\t\t\t\t\t\t\t\t\t\t\t\t\t\t<span class=\"elementor-accordion-icon-closed\"><i class=\"fas fa-plus\"><\/i><\/span>\n\t\t\t\t\t\t\t\t<span class=\"elementor-accordion-icon-opened\"><i class=\"fas fa-minus\"><\/i><\/span>\n\t\t\t\t\t\t\t\t\t\t\t\t\t\t<\/span>\n\t\t\t\t\t\t\t\t\t\t\t\t<a class=\"elementor-accordion-title\" tabindex=\"0\">Dal campo alla tua tavola<\/a>\n\t\t\t\t\t<\/div>\n\t\t\t\t\t<div id=\"elementor-tab-content-1343\" class=\"elementor-tab-content elementor-clearfix\" data-tab=\"3\" role=\"region\" aria-labelledby=\"elementor-tab-title-1343\"><p>In Granatum Plus raccogliamo ogni fico con la massima cura, garantendo un prodotto fresco, saporito e di qualit\u00e0 superiore. Inoltre, il nostro servizio esclusivo assicura la consegna a domicilio entro 24 ore, preservando tutta la freschezza e le propriet\u00e0 del prodotto.\u00a0<\/p><\/div>\n\t\t\t\t<\/div>\n\t\t\t\t\t\t\t\t<\/div>\n\t\t\t\t\t\t<\/div>\n\t\t\t\t<div class=\"elementor-element elementor-element-25d8c20 elementor-widget elementor-widget-text-editor\" data-id=\"25d8c20\" data-element_type=\"widget\" data-e-type=\"widget\" data-widget_type=\"text-editor.default\">\n\t\t\t\t\t\t\t\t\t<p><img decoding=\"async\" class=\"wp-image-2048 aligncenter\" src=\"https:\/\/granatherapy.miwebnueva.net\/wp-content\/uploads\/2019\/12\/apato-para-veganos.png\" alt=\"appartamento vegano\" width=\"108\" height=\"108\" srcset=\"https:\/\/granatherapy.com\/wp-content\/uploads\/2019\/12\/apato-para-veganos.png 225w, https:\/\/granatherapy.com\/wp-content\/uploads\/2019\/12\/apato-para-veganos-100x100.png 100w, https:\/\/granatherapy.com\/wp-content\/uploads\/2019\/12\/apato-para-veganos-150x150.png 150w\" sizes=\"(max-width: 108px) 100vw, 108px\" \/><\/p><h3 style=\"text-align: center;\"><span style=\"color: #8a8888;\"><strong>ADATTO AI VEGANI<\/strong><\/span><\/h3><p style=\"text-align: center;\">Senza conservanti, senza coloranti, senza lattosio, senza grano, senza pesce, senza glutine, senza lievito.<\/p><p><img decoding=\"async\" class=\"wp-image-2049 aligncenter\" src=\"https:\/\/granatherapy.miwebnueva.net\/wp-content\/uploads\/2019\/12\/producto-natural.png\" alt=\"prodotto naturale\" width=\"123\" height=\"122\" srcset=\"https:\/\/granatherapy.com\/wp-content\/uploads\/2019\/12\/producto-natural.png 225w, https:\/\/granatherapy.com\/wp-content\/uploads\/2019\/12\/producto-natural-100x100.png 100w, https:\/\/granatherapy.com\/wp-content\/uploads\/2019\/12\/producto-natural-150x150.png 150w\" sizes=\"(max-width: 123px) 100vw, 123px\" \/><\/p><h3 style=\"text-align: center;\"><span style=\"color: #8a8888;\"><strong>SENZA PROCESSI CHIMICI<\/strong><\/span><\/h3><p style=\"text-align: center;\">Estrazione completamente naturale, utilizziamo le tecnologie pi\u00f9 innovative con gli strumenti pi\u00f9 puliti e rispettosi dell\u2019ambiente.<\/p><p><img decoding=\"async\" class=\"size-full wp-image-2050 aligncenter\" src=\"https:\/\/granatherapy.miwebnueva.net\/wp-content\/uploads\/2019\/12\/universidad-mh.png\" alt=\"universit\u00e0-mh\" width=\"290\" height=\"89\" \/><\/p><h3 style=\"text-align: center;\"><span style=\"color: #8a8888;\"><strong>CERTIFICATO<\/strong><\/span><\/h3><p style=\"text-align: center;\">La punicalagina <strong>Universit\u00e0 Miguel Hern\u00e1ndez<\/strong> L\u2019Universit\u00e0 Miguel Hern\u00e1ndez in Spagna certifica il contenuto di polifenoli dei nostri integratori alimentari, indicando che soddisfano i requisiti degli alimenti funzionali.<\/p>\t\t\t\t\t\t\t\t<\/div>\n\t\t\t\t<div class=\"elementor-element elementor-element-dba45c9 elementor-widget elementor-widget-accordion\" data-id=\"dba45c9\" data-element_type=\"widget\" data-e-type=\"widget\" data-widget_type=\"accordion.default\">\n\t\t\t\t\t\t\t<div class=\"elementor-accordion\">\n\t\t\t\t\t\t\t<div class=\"elementor-accordion-item\">\n\t\t\t\t\t<div id=\"elementor-tab-title-2301\" class=\"elementor-tab-title\" data-tab=\"1\" role=\"button\" aria-controls=\"elementor-tab-content-2301\" aria-expanded=\"false\">\n\t\t\t\t\t\t\t\t\t\t\t\t\t<span class=\"elementor-accordion-icon elementor-accordion-icon-left\" aria-hidden=\"true\">\n\t\t\t\t\t\t\t\t\t\t\t\t\t\t\t<span class=\"elementor-accordion-icon-closed\"><i class=\"fas fa-plus\"><\/i><\/span>\n\t\t\t\t\t\t\t\t<span class=\"elementor-accordion-icon-opened\"><i class=\"fas fa-minus\"><\/i><\/span>\n\t\t\t\t\t\t\t\t\t\t\t\t\t\t<\/span>\n\t\t\t\t\t\t\t\t\t\t\t\t<a class=\"elementor-accordion-title\" tabindex=\"0\">Dove vengono coltivati i fichi e le brevas?<\/a>\n\t\t\t\t\t<\/div>\n\t\t\t\t\t<div id=\"elementor-tab-content-2301\" class=\"elementor-tab-content elementor-clearfix\" data-tab=\"1\" role=\"region\" aria-labelledby=\"elementor-tab-title-2301\"><p>Questi fichi e brevas sono coltivati nelle regioni mediterranee di <strong data-start=\"66\" data-end=\"78\">Alicante<\/strong> e <strong data-start=\"81\" data-end=\"91\">Murcia<\/strong>, zone privilegiate per il loro clima soleggiato, il suolo fertile e le condizioni ideali per la crescita ottimale di questo frutto. Qui gli agricoltori uniscono tradizione e tecnologia per produrre fichi e brevas freschi, saporiti e ricchi di nutrienti, nel rispetto dell\u2019ecosistema locale e garantendo la massima qualit\u00e0.<\/p><\/div>\n\t\t\t\t<\/div>\n\t\t\t\t\t\t\t<div class=\"elementor-accordion-item\">\n\t\t\t\t\t<div id=\"elementor-tab-title-2302\" class=\"elementor-tab-title\" data-tab=\"2\" role=\"button\" aria-controls=\"elementor-tab-content-2302\" aria-expanded=\"false\">\n\t\t\t\t\t\t\t\t\t\t\t\t\t<span class=\"elementor-accordion-icon elementor-accordion-icon-left\" aria-hidden=\"true\">\n\t\t\t\t\t\t\t\t\t\t\t\t\t\t\t<span class=\"elementor-accordion-icon-closed\"><i class=\"fas fa-plus\"><\/i><\/span>\n\t\t\t\t\t\t\t\t<span class=\"elementor-accordion-icon-opened\"><i class=\"fas fa-minus\"><\/i><\/span>\n\t\t\t\t\t\t\t\t\t\t\t\t\t\t<\/span>\n\t\t\t\t\t\t\t\t\t\t\t\t<a class=\"elementor-accordion-title\" tabindex=\"0\">\u00c8 adatto a vegani\/vegetariani?<\/a>\n\t\t\t\t\t<\/div>\n\t\t\t\t\t<div id=\"elementor-tab-content-2302\" class=\"elementor-tab-content elementor-clearfix\" data-tab=\"2\" role=\"region\" aria-labelledby=\"elementor-tab-title-2302\"><p>S\u00ec, i fichi mediterranei e i fichi precoci sono 100% naturali e di origine vegetale, quindi sono adatti a vegani e vegetariani.<\/p><\/div>\n\t\t\t\t<\/div>\n\t\t\t\t\t\t\t<div class=\"elementor-accordion-item\">\n\t\t\t\t\t<div id=\"elementor-tab-title-2303\" class=\"elementor-tab-title\" data-tab=\"3\" role=\"button\" aria-controls=\"elementor-tab-content-2303\" aria-expanded=\"false\">\n\t\t\t\t\t\t\t\t\t\t\t\t\t<span class=\"elementor-accordion-icon elementor-accordion-icon-left\" aria-hidden=\"true\">\n\t\t\t\t\t\t\t\t\t\t\t\t\t\t\t<span class=\"elementor-accordion-icon-closed\"><i class=\"fas fa-plus\"><\/i><\/span>\n\t\t\t\t\t\t\t\t<span class=\"elementor-accordion-icon-opened\"><i class=\"fas fa-minus\"><\/i><\/span>\n\t\t\t\t\t\t\t\t\t\t\t\t\t\t<\/span>\n\t\t\t\t\t\t\t\t\t\t\t\t<a class=\"elementor-accordion-title\" tabindex=\"0\">\u00c8 sicuro per le persone con determinate condizioni mediche?<\/a>\n\t\t\t\t\t<\/div>\n\t\t\t\t\t<div id=\"elementor-tab-content-2303\" class=\"elementor-tab-content elementor-clearfix\" data-tab=\"3\" role=\"region\" aria-labelledby=\"elementor-tab-title-2303\"><p>Il fico mediterraneo \u00e8 un alimento naturale con numerosi benefici per la salute, come il miglioramento della digestione, il controllo dei livelli di colesterolo e glucosio e l&#039;apporto di antiossidanti. Come per qualsiasi alimento, le persone con patologie specifiche dovrebbero consultare il proprio medico prima di includerlo regolarmente nella propria dieta.<\/p><\/div>\n\t\t\t\t<\/div>\n\t\t\t\t\t\t\t<div class=\"elementor-accordion-item\">\n\t\t\t\t\t<div id=\"elementor-tab-title-2304\" class=\"elementor-tab-title\" data-tab=\"4\" role=\"button\" aria-controls=\"elementor-tab-content-2304\" aria-expanded=\"false\">\n\t\t\t\t\t\t\t\t\t\t\t\t\t<span class=\"elementor-accordion-icon elementor-accordion-icon-left\" aria-hidden=\"true\">\n\t\t\t\t\t\t\t\t\t\t\t\t\t\t\t<span class=\"elementor-accordion-icon-closed\"><i class=\"fas fa-plus\"><\/i><\/span>\n\t\t\t\t\t\t\t\t<span class=\"elementor-accordion-icon-opened\"><i class=\"fas fa-minus\"><\/i><\/span>\n\t\t\t\t\t\t\t\t\t\t\t\t\t\t<\/span>\n\t\t\t\t\t\t\t\t\t\t\t\t<a class=\"elementor-accordion-title\" tabindex=\"0\">Quanto tempo ci vuole per vedere i risultati?<\/a>\n\t\t\t\t\t<\/div>\n\t\t\t\t\t<div id=\"elementor-tab-content-2304\" class=\"elementor-tab-content elementor-clearfix\" data-tab=\"4\" role=\"region\" aria-labelledby=\"elementor-tab-title-2304\"><p>Essendo un alimento naturale ricco di fibre, antiossidanti e minerali, i fichi sono raccomandati per un consumo regolare, per notare miglioramenti nella salute digestiva, nel controllo del colesterolo e del glucosio, nonch\u00e9 nella vitalit\u00e0 e protezione cellulare. In genere, i benefici di una dieta equilibrata che includa i fichi mediterranei possono essere osservati entro poche settimane o mesi, a seconda della persona.<\/p><\/div>\n\t\t\t\t<\/div>\n\t\t\t\t\t\t\t\t<\/div>\n\t\t\t\t\t\t<\/div>\n\t\t\t\t\t<\/div>\n\t\t<\/div>\n\t\t\t\t\t<\/div>\n\t\t<\/section>\n\t\t\t\t<\/div>","protected":false},"excerpt":{"rendered":"<p>\u2705 Edizione limitata stagionale: Non perdere l\u2019occasione di assaggiare questo gioiello mediterraneo \u2014 prenota la tua confezione prima che finisca!<\/p>\n<p>\u2705 Fichi e brevas freschi coltivati ad Alicante e in Murcia.<\/p>\n<p>\u2705 Raccolti nel loro punto ottimale di maturazione.<\/p>\n<p>\u2705 Spedizione in 24 ore per preservarne tutta la freschezza.<\/p>\n<p>\u2705 Ricchi di fibre, antiossidanti e polifenoli.<\/p>\n<p>\u2705 Autentico sapore mediterraneo, 100% naturale.<\/p>\n<p><strong>\ud83d\udd34 FUORI STAGIONE<\/strong><\/p>","protected":false},"featured_media":15735,"comment_status":"closed","ping_status":"closed","template":"","meta":{"_acf_changed":false,"_joinchat":{"telephone":"+34628520654"}},"product_brand":[],"product_cat":[508,476],"product_tag":[],"class_list":{"0":"post-15720","1":"product","2":"type-product","3":"status-publish","4":"has-post-thumbnail","6":"product_cat-apoyo-al-control-de-la-glucosa","7":"product_cat-fruta-fresca","8":"product_shipping_class-zumos-fruta","10":"first","11":"outofstock","12":"taxable","13":"shipping-taxable","14":"product-type-simple"},"acf":[],"_links":{"self":[{"href":"https:\/\/granatherapy.com\/it\/wp-json\/wp\/v2\/product\/15720","targetHints":{"allow":["GET"]}}],"collection":[{"href":"https:\/\/granatherapy.com\/it\/wp-json\/wp\/v2\/product"}],"about":[{"href":"https:\/\/granatherapy.com\/it\/wp-json\/wp\/v2\/types\/product"}],"replies":[{"embeddable":true,"href":"https:\/\/granatherapy.com\/it\/wp-json\/wp\/v2\/comments?post=15720"}],"version-history":[{"count":7,"href":"https:\/\/granatherapy.com\/it\/wp-json\/wp\/v2\/product\/15720\/revisions"}],"predecessor-version":[{"id":17522,"href":"https:\/\/granatherapy.com\/it\/wp-json\/wp\/v2\/product\/15720\/revisions\/17522"}],"wp:featuredmedia":[{"embeddable":true,"href":"https:\/\/granatherapy.com\/it\/wp-json\/wp\/v2\/media\/15735"}],"wp:attachment":[{"href":"https:\/\/granatherapy.com\/it\/wp-json\/wp\/v2\/media?parent=15720"}],"wp:term":[{"taxonomy":"product_brand","embeddable":true,"href":"https:\/\/granatherapy.com\/it\/wp-json\/wp\/v2\/product_brand?post=15720"},{"taxonomy":"product_cat","embeddable":true,"href":"https:\/\/granatherapy.com\/it\/wp-json\/wp\/v2\/product_cat?post=15720"},{"taxonomy":"product_tag","embeddable":true,"href":"https:\/\/granatherapy.com\/it\/wp-json\/wp\/v2\/product_tag?post=15720"}],"curies":[{"name":"parola chiave","href":"https:\/\/api.w.org\/{rel}","templated":true}]}}