{"id":14827,"date":"2025-03-13T19:25:27","date_gmt":"2025-03-13T18:25:27","guid":{"rendered":"https:\/\/granatherapy2.miwebnueva.net?post_type=product&#038;p=14827"},"modified":"2026-02-18T23:06:36","modified_gmt":"2026-02-18T22:06:36","slug":"succo-di-melograno","status":"publish","type":"product","link":"https:\/\/granatherapy.com\/it\/negozio\/succo-di-melograno\/","title":{"rendered":"Succo di melograno 6\u00d7750 ml"},"content":{"rendered":"<p>Il succo di melograno naturale \u00e8 una delle bevande con <b>contenuto pi\u00f9 elevato di polifenoli bioattivi<\/b>, in particolare le punicalagine, responsabili di:<\/p>\n<ul>\n<li aria-level=\"1\">Ridurre il <b>stress ossidativo<\/b><\/li>\n<li aria-level=\"1\">Proteggere le cellule e i tessuti<\/li>\n<li aria-level=\"1\">Per favorire il <b>elasticit\u00e0 arteriosa<\/b><\/li>\n<li aria-level=\"1\">Sostenere l&#039;equilibrio di <b>colesterolo ossidato (LDL-ox)<\/b><\/li>\n<li aria-level=\"1\">Contribuisci a <b>benessere metabolico<\/b><\/li>\n<li aria-level=\"1\">Mantenere l&#039;energia e la vitalit\u00e0 quotidiane<\/li>\n<\/ul>\n<p>Il consumo giornaliero di 200 ml fornisce una quantit\u00e0 significativa di antiossidanti equivalente al contenuto di <b>fino a 800 g di arilli freschi<\/b>, consentendo a chiunque di beneficiare del potere antiossidante del frutto senza dover rimuovere i noccioli.<\/p>","protected":false},"excerpt":{"rendered":"<p><i>100 % naturale \u2013 Alto contenuto di polifenoli \u2013 Da melograni coltivati in Spagna<\/i>.<\/p>\n<p><b>\ud83c\udf77<\/b><b> UN SUCCO DI MELOGRANO UNICO IN EUROPA<\/b><\/p>\n<p>Il <b>Succo di melograno spremuto <\/b>\u00c8 un prodotto naturale realizzato esclusivamente con melograni freschi coltivati nelle province di <b>Alicante e Murcia<\/b>, aree leader per qualit\u00e0 grazie al clima mediterraneo e ai terreni ricchi di minerali.<\/p>\n<p>Si ottiene tramite <b>spremuto direttamente<\/b> Prodotto con frutta, senza zuccheri aggiunti, senza concentrati e senza additivi di alcun tipo.<\/p>\n<p>Un succo puro, ricco di punicalagine e polifenoli, che conserva l&#039;intensit\u00e0, il potere antiossidante e il carattere autentico del melograno spagnolo.<\/p>","protected":false},"featured_media":15014,"comment_status":"closed","ping_status":"closed","template":"","meta":{"_acf_changed":false,"_joinchat":{"telephone":"+34628520654"}},"product_brand":[],"product_cat":[511],"product_tag":[],"class_list":{"0":"post-14827","1":"product","2":"type-product","3":"status-publish","4":"has-post-thumbnail","6":"product_cat-zumo-de-granada-exprimido","7":"product_shipping_class-zumos-fruta","9":"first","10":"instock","11":"sale","12":"featured","13":"taxable","14":"shipping-taxable","15":"purchasable","16":"product-type-simple"},"acf":[],"_links":{"self":[{"href":"https:\/\/granatherapy.com\/it\/wp-json\/wp\/v2\/product\/14827","targetHints":{"allow":["GET"]}}],"collection":[{"href":"https:\/\/granatherapy.com\/it\/wp-json\/wp\/v2\/product"}],"about":[{"href":"https:\/\/granatherapy.com\/it\/wp-json\/wp\/v2\/types\/product"}],"replies":[{"embeddable":true,"href":"https:\/\/granatherapy.com\/it\/wp-json\/wp\/v2\/comments?post=14827"}],"version-history":[{"count":29,"href":"https:\/\/granatherapy.com\/it\/wp-json\/wp\/v2\/product\/14827\/revisions"}],"predecessor-version":[{"id":17245,"href":"https:\/\/granatherapy.com\/it\/wp-json\/wp\/v2\/product\/14827\/revisions\/17245"}],"wp:featuredmedia":[{"embeddable":true,"href":"https:\/\/granatherapy.com\/it\/wp-json\/wp\/v2\/media\/15014"}],"wp:attachment":[{"href":"https:\/\/granatherapy.com\/it\/wp-json\/wp\/v2\/media?parent=14827"}],"wp:term":[{"taxonomy":"product_brand","embeddable":true,"href":"https:\/\/granatherapy.com\/it\/wp-json\/wp\/v2\/product_brand?post=14827"},{"taxonomy":"product_cat","embeddable":true,"href":"https:\/\/granatherapy.com\/it\/wp-json\/wp\/v2\/product_cat?post=14827"},{"taxonomy":"product_tag","embeddable":true,"href":"https:\/\/granatherapy.com\/it\/wp-json\/wp\/v2\/product_tag?post=14827"}],"curies":[{"name":"parola chiave","href":"https:\/\/api.w.org\/{rel}","templated":true}]}}