{"id":13192,"date":"2023-08-02T17:50:16","date_gmt":"2023-08-02T15:50:16","guid":{"rendered":"https:\/\/granatherapy2.miwebnueva.net?post_type=product&#038;p=13192"},"modified":"2026-02-18T10:48:13","modified_gmt":"2026-02-18T09:48:13","slug":"estratto-di-spinaci-4x60","status":"publish","type":"product","link":"https:\/\/granatherapy.com\/it\/negozio\/estratto-di-spinaci-4x60\/","title":{"rendered":"Estratto di spinaci 4\u00d760"},"content":{"rendered":"<div data-elementor-type=\"product-post\" data-elementor-id=\"13192\" class=\"elementor elementor-13192\" data-elementor-post-type=\"product\">\n\t\t\t\t\t\t<section class=\"elementor-section elementor-top-section elementor-element elementor-element-5e280e84 elementor-section-boxed elementor-section-height-default elementor-section-height-default\" data-id=\"5e280e84\" data-element_type=\"section\" data-e-type=\"section\">\n\t\t\t\t\t\t<div class=\"elementor-container elementor-column-gap-default\">\n\t\t\t\t\t<div class=\"elementor-column elementor-col-100 elementor-top-column elementor-element elementor-element-591d334a\" data-id=\"591d334a\" data-element_type=\"column\" data-e-type=\"column\">\n\t\t\t<div class=\"elementor-widget-wrap elementor-element-populated\">\n\t\t\t\t\t\t<div class=\"elementor-element elementor-element-2b91c4f elementor-widget elementor-widget-accordion\" data-id=\"2b91c4f\" data-element_type=\"widget\" data-e-type=\"widget\" data-widget_type=\"accordion.default\">\n\t\t\t\t\t\t\t<div class=\"elementor-accordion\">\n\t\t\t\t\t\t\t<div class=\"elementor-accordion-item\">\n\t\t\t\t\t<div id=\"elementor-tab-title-4561\" class=\"elementor-tab-title\" data-tab=\"1\" role=\"button\" aria-controls=\"elementor-tab-content-4561\" aria-expanded=\"false\">\n\t\t\t\t\t\t\t\t\t\t\t\t\t<span class=\"elementor-accordion-icon elementor-accordion-icon-left\" aria-hidden=\"true\">\n\t\t\t\t\t\t\t\t\t\t\t\t\t\t\t<span class=\"elementor-accordion-icon-closed\"><i class=\"fas fa-plus\"><\/i><\/span>\n\t\t\t\t\t\t\t\t<span class=\"elementor-accordion-icon-opened\"><i class=\"fas fa-minus\"><\/i><\/span>\n\t\t\t\t\t\t\t\t\t\t\t\t\t\t<\/span>\n\t\t\t\t\t\t\t\t\t\t\t\t<a class=\"elementor-accordion-title\" tabindex=\"0\">Descrizione<\/a>\n\t\t\t\t\t<\/div>\n\t\t\t\t\t<div id=\"elementor-tab-content-4561\" class=\"elementor-tab-content elementor-clearfix\" data-tab=\"1\" role=\"region\" aria-labelledby=\"elementor-tab-title-4561\"><p><span style=\"font-weight: 400;\">Un integratore naturale che apporta <\/span><b>inulina<\/b><span style=\"font-weight: 400;\"> e <\/span><b>inulina e acidi caffeilchinici<\/b><span style=\"font-weight: 400;\">, entrambi estratti dal fiore del carciofo. Supporta la <\/span><b>salute digestiva ed epatica<\/b><span style=\"font-weight: 400;\">, favorisce il <\/span><b>, favorisce l\u2019eliminazione delle tossine<\/b><span style=\"font-weight: 400;\"> contribuisce all\u2019equilibrio del microbiota intestinale. <\/span><b>equilibrio del microbiota intestinale<\/b><span style=\"font-weight: 400;\">Ideale per una depurazione delicata ed efficace.<\/span><\/p><\/div>\n\t\t\t\t<\/div>\n\t\t\t\t\t\t\t<div class=\"elementor-accordion-item\">\n\t\t\t\t\t<div id=\"elementor-tab-title-4562\" class=\"elementor-tab-title\" data-tab=\"2\" role=\"button\" aria-controls=\"elementor-tab-content-4562\" aria-expanded=\"false\">\n\t\t\t\t\t\t\t\t\t\t\t\t\t<span class=\"elementor-accordion-icon elementor-accordion-icon-left\" aria-hidden=\"true\">\n\t\t\t\t\t\t\t\t\t\t\t\t\t\t\t<span class=\"elementor-accordion-icon-closed\"><i class=\"fas fa-plus\"><\/i><\/span>\n\t\t\t\t\t\t\t\t<span class=\"elementor-accordion-icon-opened\"><i class=\"fas fa-minus\"><\/i><\/span>\n\t\t\t\t\t\t\t\t\t\t\t\t\t\t<\/span>\n\t\t\t\t\t\t\t\t\t\t\t\t<a class=\"elementor-accordion-title\" tabindex=\"0\">Composizione<\/a>\n\t\t\t\t\t<\/div>\n\t\t\t\t\t<div id=\"elementor-tab-content-4562\" class=\"elementor-tab-content elementor-clearfix\" data-tab=\"2\" role=\"region\" aria-labelledby=\"elementor-tab-title-4562\"><ul><li style=\"font-weight: 400;\" aria-level=\"1\"><span style=\"font-weight: 400;\">Integratore alimentare a base di estratto di spinaci ad alto contenuto di <\/span><b>inulina<\/b><span style=\"font-weight: 400;\"> e <\/span><b>inulina e acidi caffeilchinici<\/b><span style=\"font-weight: 400;\">.<\/span><\/li><li style=\"font-weight: 400;\" aria-level=\"1\"><b>60 CAPSULE \u2013 PESO NETTO: 30 g.<\/b><\/li><li style=\"font-weight: 400;\" aria-level=\"1\"><b>Ingredienti e quantit\u00e0 apportata per dose giornaliera:<\/b><span style=\"font-weight: 400;\">\u00a01420 mg. di estratto secco di Spinacio (Spinacia oleracea L. Spisar\u00ae) di cui 2,13 mg. di 20-idrossiecdisone.<\/span><b> Antiagglomerante:<\/b><span style=\"font-weight: 400;\">\u00a0stearato di magnesio e biossido di silicio.<\/span><\/li><li style=\"font-weight: 400;\" aria-level=\"1\"><span style=\"font-weight: 400;\">Involucro della capsula: gelatina (vegetale).<\/span><\/li><li style=\"font-weight: 400;\" aria-level=\"1\"><span style=\"font-weight: 400;\">Peso netto per capsula: 500 mg.<\/span><\/li><li style=\"list-style-type: none;\">\u00a0<\/li><li style=\"list-style-type: none;\">\u00a0<\/li><\/ul><\/div>\n\t\t\t\t<\/div>\n\t\t\t\t\t\t\t<div class=\"elementor-accordion-item\">\n\t\t\t\t\t<div id=\"elementor-tab-title-4563\" class=\"elementor-tab-title\" data-tab=\"3\" role=\"button\" aria-controls=\"elementor-tab-content-4563\" aria-expanded=\"false\">\n\t\t\t\t\t\t\t\t\t\t\t\t\t<span class=\"elementor-accordion-icon elementor-accordion-icon-left\" aria-hidden=\"true\">\n\t\t\t\t\t\t\t\t\t\t\t\t\t\t\t<span class=\"elementor-accordion-icon-closed\"><i class=\"fas fa-plus\"><\/i><\/span>\n\t\t\t\t\t\t\t\t<span class=\"elementor-accordion-icon-opened\"><i class=\"fas fa-minus\"><\/i><\/span>\n\t\t\t\t\t\t\t\t\t\t\t\t\t\t<\/span>\n\t\t\t\t\t\t\t\t\t\t\t\t<a class=\"elementor-accordion-title\" tabindex=\"0\">Mode d\u2019emploi<\/a>\n\t\t\t\t\t<\/div>\n\t\t\t\t\t<div id=\"elementor-tab-content-4563\" class=\"elementor-tab-content elementor-clearfix\" data-tab=\"3\" role=\"region\" aria-labelledby=\"elementor-tab-title-4563\"><ul><li style=\"font-weight: 400;\" aria-level=\"1\"><span style=\"font-weight: 400;\">Assumere 2 capsule mezz&#039;ora prima di colazione e 2 capsule mezz&#039;ora prima di cena.<\/span><span style=\"font-weight: 400;\"> Non superare la dose giornaliera raccomandata.<\/span><\/li><li style=\"font-weight: 400;\" aria-level=\"1\"><span style=\"font-weight: 400;\">Gli integratori alimentari non devono essere utilizzati come sostituti di una dieta varia ed equilibrata e di uno stile di vita sano.<\/span><\/li><li style=\"font-weight: 400;\" aria-level=\"1\"><span style=\"font-weight: 400;\">Tenere fuori dalla portata dei bambini pi\u00f9 piccoli.<\/span><\/li><li style=\"font-weight: 400;\" aria-level=\"1\"><span style=\"font-weight: 400;\">Conservare in un luogo fresco e asciutto.<\/span><\/li><li style=\"font-weight: 400;\" aria-level=\"1\">\u00a0<\/li><\/ul><\/div>\n\t\t\t\t<\/div>\n\t\t\t\t\t\t\t\t\t\t<script type=\"application\/ld+json\">{\n    \"@context\": \"https:\\\/\\\/schema.org\",\n    \"@type\": \"FAQPage\",\n    \"mainEntity\": [\n        {\n            \"@type\": \"Question\",\n            \"name\": \"Descripci\\u00f3n\",\n            \"acceptedAnswer\": {\n                \"@type\": \"Answer\",\n                \"text\": \"<p><span style=\\\"font-weight: 400;\\\">Complemento natural que aporta <\\\/span><b>inulina<\\\/b><span style=\\\"font-weight: 400;\\\"> y <\\\/span><b>\\u00e1cidos cafeoilqu\\u00ednicos<\\\/b><span style=\\\"font-weight: 400;\\\">, ambos extra\\u00eddos de la flor de la alcachofa. Apoya la <\\\/span><b>salud digestiva y hep\\u00e1tica<\\\/b><span style=\\\"font-weight: 400;\\\">, favorece la <\\\/span><b>eliminaci\\u00f3n de toxinas<\\\/b><span style=\\\"font-weight: 400;\\\"> y contribuye al <\\\/span><b>equilibrio de la microbiota intestinal<\\\/b><span style=\\\"font-weight: 400;\\\">. Ideal para una depuraci\\u00f3n suave y eficaz.<\\\/span><\\\/p>\"\n            }\n        },\n        {\n            \"@type\": \"Question\",\n            \"name\": \"Composici\\u00f3n\",\n            \"acceptedAnswer\": {\n                \"@type\": \"Answer\",\n                \"text\": \"<ul><li style=\\\"font-weight: 400;\\\" aria-level=\\\"1\\\"><span style=\\\"font-weight: 400;\\\">Complemento alimenticio a base de extracto de espinaca\\u00a0 con alto contenido en <\\\/span><b>inulina<\\\/b><span style=\\\"font-weight: 400;\\\"> y <\\\/span><b>\\u00e1cidos cafeoilqu\\u00ednicos<\\\/b><span style=\\\"font-weight: 400;\\\">.<\\\/span><\\\/li><li style=\\\"font-weight: 400;\\\" aria-level=\\\"1\\\"><b>60 C\\u00c1PSULAS \\u2013 PESO NETO: 30 g.<\\\/b><\\\/li><li style=\\\"font-weight: 400;\\\" aria-level=\\\"1\\\"><b>Ingredientes y cantidad aportada por dosis diaria:<\\\/b><span style=\\\"font-weight: 400;\\\">\\u00a01420 mg. de Extracto seco de espinaca (Spinacia oleracea L. Spisar\\u00ae) de los cuales 2,13 mg. 20-hidroxiecdisona.<\\\/span><b> Antiaglomerante:<\\\/b><span style=\\\"font-weight: 400;\\\">\\u00a0estearato de magnesio y di\\u00f3xido de silicio.<\\\/span><\\\/li><li style=\\\"font-weight: 400;\\\" aria-level=\\\"1\\\"><span style=\\\"font-weight: 400;\\\">Envoltura de la c\\u00e1psula: gelatina (vegetal).<\\\/span><\\\/li><li style=\\\"font-weight: 400;\\\" aria-level=\\\"1\\\"><span style=\\\"font-weight: 400;\\\">Peso neto c\\u00e1psula: 500 mg.<\\\/span><\\\/li><li style=\\\"list-style-type: none;\\\">\\u00a0<\\\/li><li style=\\\"list-style-type: none;\\\">\\u00a0<\\\/li><\\\/ul>\"\n            }\n        },\n        {\n            \"@type\": \"Question\",\n            \"name\": \"Modo de empleo\",\n            \"acceptedAnswer\": {\n                \"@type\": \"Answer\",\n                \"text\": \"<ul><li style=\\\"font-weight: 400;\\\" aria-level=\\\"1\\\"><span style=\\\"font-weight: 400;\\\">Tomar 2 c\\u00e1psulas media hora antes del desayuno y 2 c\\u00e1psulas media hora antes de la cena.<\\\/span><span style=\\\"font-weight: 400;\\\"> No superar la dosis diaria recomendada.<\\\/span><\\\/li><li style=\\\"font-weight: 400;\\\" aria-level=\\\"1\\\"><span style=\\\"font-weight: 400;\\\">Los complementos alimenticios no deben utilizarse como sustitutos de una dieta variada y equilibrada y un modo de vida sano.<\\\/span><\\\/li><li style=\\\"font-weight: 400;\\\" aria-level=\\\"1\\\"><span style=\\\"font-weight: 400;\\\">Mantener fuera del alcance de los ni\\u00f1os m\\u00e1s peque\\u00f1os.<\\\/span><\\\/li><li style=\\\"font-weight: 400;\\\" aria-level=\\\"1\\\"><span style=\\\"font-weight: 400;\\\">Conservar en lugar fresco y seco.<\\\/span><\\\/li><li style=\\\"font-weight: 400;\\\" aria-level=\\\"1\\\">\\u00a0<\\\/li><\\\/ul>\"\n            }\n        }\n    ]\n}<\/script>\n\t\t\t\t\t<\/div>\n\t\t\t\t\t\t<\/div>\n\t\t\t\t<div class=\"elementor-element elementor-element-3901532c elementor-widget elementor-widget-text-editor\" data-id=\"3901532c\" data-element_type=\"widget\" data-e-type=\"widget\" data-widget_type=\"text-editor.default\">\n\t\t\t\t\t\t\t\t\t<img decoding=\"async\" class=\"wp-image-11631 aligncenter\" src=\"https:\/\/granatherapy.miwebnueva.net\/wp-content\/uploads\/2019\/12\/granatum-plus-logo.jpg\" alt=\"logo granatum-plus\" width=\"340\" height=\"93\" srcset=\"https:\/\/granatherapy.com\/wp-content\/uploads\/2019\/12\/granatum-plus-logo.jpg 700w, https:\/\/granatherapy.com\/wp-content\/uploads\/2019\/12\/granatum-plus-logo-300x82.jpg 300w, https:\/\/granatherapy.com\/wp-content\/uploads\/2019\/12\/granatum-plus-logo-600x165.jpg 600w\" sizes=\"(max-width: 340px) 100vw, 340px\" \/>\r\n<h3 style=\"text-align: center;\"><strong><span style=\"color: #808080;\">GRANATUM PLUS<\/span>\r\n<\/strong><\/h3>\r\n&nbsp;\r\n<p style=\"text-align: center;\">Dal 2005 siamo un punto di riferimento e pionieri nella commercializzazione di integratori alimentari unici ed esclusivi, ad alto contenuto di antiossidanti naturali del Mediterraneo. Euromed \u00e8 il produttore esclusivo degli estratti che commercializziamo.<\/p>\r\n<p style=\"text-align: center;\"><img decoding=\"async\" class=\"aligncenter wp-image-11627\" src=\"https:\/\/granatherapy.miwebnueva.net\/wp-content\/uploads\/2019\/12\/euromed.jpg\" alt=\"euromed\" width=\"302\" height=\"109\" srcset=\"https:\/\/granatherapy.com\/wp-content\/uploads\/2019\/12\/euromed.jpg 600w, https:\/\/granatherapy.com\/wp-content\/uploads\/2019\/12\/euromed-300x108.jpg 300w\" sizes=\"(max-width: 302px) 100vw, 302px\" \/><\/p>\r\n\r\n<h3 style=\"text-align: center;\"><span style=\"color: #808080;\"><strong>EUROMED<\/strong><\/span><\/h3>\r\n&nbsp;\r\n<p style=\"text-align: center;\">Dal 1971, produttore leader di estratti vegetali standardizzati e sostanze attive naturali per i settori farmaceutico, nutraceutico, alimentare e cosmetico, per sostenere la salute e il benessere con soluzioni naturali.<\/p>\r\n&nbsp;\r\n\r\n<img decoding=\"async\" class=\"size-medium wp-image-13113 aligncenter\" src=\"https:\/\/granatherapy.miwebnueva.net\/wp-content\/uploads\/2023\/08\/Spisar_R-300x122.png\" alt=\"Spisar\" width=\"300\" height=\"122\" srcset=\"https:\/\/granatherapy.com\/wp-content\/uploads\/2023\/08\/Spisar_R-300x122.png 300w, https:\/\/granatherapy.com\/wp-content\/uploads\/2023\/08\/Spisar_R.png 451w\" sizes=\"(max-width: 300px) 100vw, 300px\" \/>\r\n<h3 style=\"text-align: center;\"><span style=\"color: #808080;\"><strong>SPISAR<\/strong><\/span><\/h3>\r\n<p style=\"text-align: center;\">Derivato da foglie di spinaci (Spinacia oleracea L.) standardizzate in 20-idrossiecdisone. Promuove la forma e la forza muscolare se abbinato all&#039;allenamento di resistenza.<\/p>\r\n<p style=\"text-align: center;\"><img loading=\"lazy\" decoding=\"async\" class=\"aligncenter wp-image-11629\" src=\"https:\/\/granatherapy.miwebnueva.net\/wp-content\/uploads\/2019\/12\/mediterranean.jpg\" alt=\"mediterraneo\" width=\"264\" height=\"228\" srcset=\"https:\/\/granatherapy.com\/wp-content\/uploads\/2019\/12\/mediterranean.jpg 552w, https:\/\/granatherapy.com\/wp-content\/uploads\/2019\/12\/mediterranean-300x259.jpg 300w\" sizes=\"(max-width: 264px) 100vw, 264px\" \/><\/p>\r\n\r\n<h3 style=\"text-align: center;\"><span style=\"color: #808080;\"><strong>MEDITERRANEAN\r\nfruit and vegetable extracts<\/strong><\/span><\/h3>\r\n<p style=\"text-align: center;\">Ispirandosi alle propriet\u00e0 di invecchiamento sano associate alla Dieta Mediterranea, mediate in gran parte da fitochimici, Euromed presenta una nuova linea di estratti di frutta e verdura basati su evidenze: melograni, olive, carciofi, fichi, limoni e spinaci spagnoli di origine locale e sostenibile.<\/p>\r\n<p style=\"text-align: center;\"><img loading=\"lazy\" decoding=\"async\" class=\"aligncenter wp-image-11630\" src=\"https:\/\/granatherapy.miwebnueva.net\/wp-content\/uploads\/2019\/12\/pure-hydro.jpg\" alt=\"idro-puro\" width=\"394\" height=\"142\" srcset=\"https:\/\/granatherapy.com\/wp-content\/uploads\/2019\/12\/pure-hydro.jpg 600w, https:\/\/granatherapy.com\/wp-content\/uploads\/2019\/12\/pure-hydro-300x108.jpg 300w\" sizes=\"(max-width: 394px) 100vw, 394px\" \/><\/p>\r\n\r\n<h3 style=\"text-align: center;\"><strong><span style=\"color: #808080;\">PROCESSO Pure-Hydro<\/span>\r\n<\/strong><\/h3>\r\n<p style=\"text-align: center;\">Un metodo di estrazione ecologico che utilizza acqua ultrapura come unico solvente, preservando e concentrando gli ingredienti naturali del frutto. Senza alcun rischio di possibili impurit\u00e0 dovute a residui di solventi volatili.<\/p>\r\n<p style=\"text-align: center;\"><img loading=\"lazy\" decoding=\"async\" class=\"wp-image-2048 aligncenter\" src=\"https:\/\/granatherapy.miwebnueva.net\/wp-content\/uploads\/2019\/12\/apato-para-veganos.png\" alt=\"appartamento vegano\" width=\"108\" height=\"108\" srcset=\"https:\/\/granatherapy.com\/wp-content\/uploads\/2019\/12\/apato-para-veganos.png 225w, https:\/\/granatherapy.com\/wp-content\/uploads\/2019\/12\/apato-para-veganos-100x100.png 100w, https:\/\/granatherapy.com\/wp-content\/uploads\/2019\/12\/apato-para-veganos-150x150.png 150w\" sizes=\"(max-width: 108px) 100vw, 108px\" \/><\/p>\r\n\r\n<h3 style=\"text-align: center;\"><span style=\"color: #808080;\"><strong>ADATTO AI VEGANI<\/strong><\/span><\/h3>\r\n<p style=\"text-align: center;\">Senza conservanti, senza coloranti, senza lattosio, senza grano, senza pesce, senza glutine, senza lievito.<\/p>\r\n<p style=\"text-align: center;\"><img loading=\"lazy\" decoding=\"async\" class=\"wp-image-2049 aligncenter\" src=\"https:\/\/granatherapy.miwebnueva.net\/wp-content\/uploads\/2019\/12\/producto-natural.png\" alt=\"prodotto naturale\" width=\"123\" height=\"122\" srcset=\"https:\/\/granatherapy.com\/wp-content\/uploads\/2019\/12\/producto-natural.png 225w, https:\/\/granatherapy.com\/wp-content\/uploads\/2019\/12\/producto-natural-100x100.png 100w, https:\/\/granatherapy.com\/wp-content\/uploads\/2019\/12\/producto-natural-150x150.png 150w\" sizes=\"(max-width: 123px) 100vw, 123px\" \/><\/p>\r\n\r\n<h3 style=\"text-align: center;\"><span style=\"color: #808080;\"><strong>SENZA PROCESSI CHIMICI<\/strong><\/span><\/h3>\r\n<p style=\"text-align: center;\">Estrazione completamente naturale, utilizziamo le tecnologie pi\u00f9 innovative con gli strumenti pi\u00f9 puliti e rispettosi dell\u2019ambiente.<\/p>\r\n<p style=\"text-align: center;\"><img loading=\"lazy\" decoding=\"async\" class=\"size-full wp-image-2050 aligncenter\" src=\"https:\/\/granatherapy.miwebnueva.net\/wp-content\/uploads\/2019\/12\/universidad-mh.png\" alt=\"universit\u00e0-mh\" width=\"290\" height=\"89\" \/><\/p>\r\n\r\n<h3 style=\"text-align: center;\"><span style=\"color: #808080;\"><strong>CERTIFICATO<\/strong><\/span><\/h3>\r\n<p style=\"text-align: center;\">L\u2019Universit\u00e0 Miguel Hern\u00e1ndez in Spagna certifica il contenuto di polifenoli dei nostri integratori alimentari, indicando che soddisfano i requisiti degli alimenti funzionali.<\/p>\t\t\t\t\t\t\t\t<\/div>\n\t\t\t\t<div class=\"elementor-element elementor-element-f627d4d elementor-widget elementor-widget-accordion\" data-id=\"f627d4d\" data-element_type=\"widget\" data-e-type=\"widget\" data-widget_type=\"accordion.default\">\n\t\t\t\t\t\t\t<div class=\"elementor-accordion\">\n\t\t\t\t\t\t\t<div class=\"elementor-accordion-item\">\n\t\t\t\t\t<div id=\"elementor-tab-title-2581\" class=\"elementor-tab-title\" data-tab=\"1\" role=\"button\" aria-controls=\"elementor-tab-content-2581\" aria-expanded=\"false\">\n\t\t\t\t\t\t\t\t\t\t\t\t\t<span class=\"elementor-accordion-icon elementor-accordion-icon-left\" aria-hidden=\"true\">\n\t\t\t\t\t\t\t\t\t\t\t\t\t\t\t<span class=\"elementor-accordion-icon-closed\"><i class=\"fas fa-plus\"><\/i><\/span>\n\t\t\t\t\t\t\t\t<span class=\"elementor-accordion-icon-opened\"><i class=\"fas fa-minus\"><\/i><\/span>\n\t\t\t\t\t\t\t\t\t\t\t\t\t\t<\/span>\n\t\t\t\t\t\t\t\t\t\t\t\t<a class=\"elementor-accordion-title\" tabindex=\"0\">Dove viene coltivata la materia prima utilizzata nel prodotto?<\/a>\n\t\t\t\t\t<\/div>\n\t\t\t\t\t<div id=\"elementor-tab-content-2581\" class=\"elementor-tab-content elementor-clearfix\" data-tab=\"1\" role=\"region\" aria-labelledby=\"elementor-tab-title-2581\"><p><span style=\"font-weight: 400;\">Utilizziamo spinaci coltivati in modo sostenibile nella provincia di Alicante e nella regione di Murcia. La nostra filiera segue rigorosi standard per garantire la purezza e l&#039;efficacia dei nostri estratti.<\/span><\/p><\/div>\n\t\t\t\t<\/div>\n\t\t\t\t\t\t\t<div class=\"elementor-accordion-item\">\n\t\t\t\t\t<div id=\"elementor-tab-title-2582\" class=\"elementor-tab-title\" data-tab=\"2\" role=\"button\" aria-controls=\"elementor-tab-content-2582\" aria-expanded=\"false\">\n\t\t\t\t\t\t\t\t\t\t\t\t\t<span class=\"elementor-accordion-icon elementor-accordion-icon-left\" aria-hidden=\"true\">\n\t\t\t\t\t\t\t\t\t\t\t\t\t\t\t<span class=\"elementor-accordion-icon-closed\"><i class=\"fas fa-plus\"><\/i><\/span>\n\t\t\t\t\t\t\t\t<span class=\"elementor-accordion-icon-opened\"><i class=\"fas fa-minus\"><\/i><\/span>\n\t\t\t\t\t\t\t\t\t\t\t\t\t\t<\/span>\n\t\t\t\t\t\t\t\t\t\t\t\t<a class=\"elementor-accordion-title\" tabindex=\"0\">\u00c8 adatto a vegani\/vegetariani?<\/a>\n\t\t\t\t\t<\/div>\n\t\t\t\t\t<div id=\"elementor-tab-content-2582\" class=\"elementor-tab-content elementor-clearfix\" data-tab=\"2\" role=\"region\" aria-labelledby=\"elementor-tab-title-2582\"><p>S\u00ec, il nostro integratore di melograno \u00e8 formulato senza ingredienti di origine animale ed \u00e8 adatto a vegani\/vegetariani.<\/p><\/div>\n\t\t\t\t<\/div>\n\t\t\t\t\t\t\t<div class=\"elementor-accordion-item\">\n\t\t\t\t\t<div id=\"elementor-tab-title-2583\" class=\"elementor-tab-title\" data-tab=\"3\" role=\"button\" aria-controls=\"elementor-tab-content-2583\" aria-expanded=\"false\">\n\t\t\t\t\t\t\t\t\t\t\t\t\t<span class=\"elementor-accordion-icon elementor-accordion-icon-left\" aria-hidden=\"true\">\n\t\t\t\t\t\t\t\t\t\t\t\t\t\t\t<span class=\"elementor-accordion-icon-closed\"><i class=\"fas fa-plus\"><\/i><\/span>\n\t\t\t\t\t\t\t\t<span class=\"elementor-accordion-icon-opened\"><i class=\"fas fa-minus\"><\/i><\/span>\n\t\t\t\t\t\t\t\t\t\t\t\t\t\t<\/span>\n\t\t\t\t\t\t\t\t\t\t\t\t<a class=\"elementor-accordion-title\" tabindex=\"0\">\u00c8 sicuro per le persone con determinate condizioni mediche?<\/a>\n\t\t\t\t\t<\/div>\n\t\t\t\t\t<div id=\"elementor-tab-content-2583\" class=\"elementor-tab-content elementor-clearfix\" data-tab=\"3\" role=\"region\" aria-labelledby=\"elementor-tab-title-2583\"><p>Il nostro prodotto \u00e8 formulato per essere sicuro per la maggior parte delle persone; tuttavia, \u00e8 sempre consigliabile consultare un professionista sanitario prima di iniziare qualsiasi integratore, soprattutto in presenza di condizioni mediche preesistenti.<\/p><\/div>\n\t\t\t\t<\/div>\n\t\t\t\t\t\t\t<div class=\"elementor-accordion-item\">\n\t\t\t\t\t<div id=\"elementor-tab-title-2584\" class=\"elementor-tab-title\" data-tab=\"4\" role=\"button\" aria-controls=\"elementor-tab-content-2584\" aria-expanded=\"false\">\n\t\t\t\t\t\t\t\t\t\t\t\t\t<span class=\"elementor-accordion-icon elementor-accordion-icon-left\" aria-hidden=\"true\">\n\t\t\t\t\t\t\t\t\t\t\t\t\t\t\t<span class=\"elementor-accordion-icon-closed\"><i class=\"fas fa-plus\"><\/i><\/span>\n\t\t\t\t\t\t\t\t<span class=\"elementor-accordion-icon-opened\"><i class=\"fas fa-minus\"><\/i><\/span>\n\t\t\t\t\t\t\t\t\t\t\t\t\t\t<\/span>\n\t\t\t\t\t\t\t\t\t\t\t\t<a class=\"elementor-accordion-title\" tabindex=\"0\">Questo integratore pu\u00f2 interagire con altri farmaci?<\/a>\n\t\t\t\t\t<\/div>\n\t\t\t\t\t<div id=\"elementor-tab-content-2584\" class=\"elementor-tab-content elementor-clearfix\" data-tab=\"4\" role=\"region\" aria-labelledby=\"elementor-tab-title-2584\"><p>Se stai assumendo farmaci prescritti, si consiglia di parlare con il medico prima di iniziare qualsiasi integratore per evitare possibili interazioni.<\/p><\/div>\n\t\t\t\t<\/div>\n\t\t\t\t\t\t\t<div class=\"elementor-accordion-item\">\n\t\t\t\t\t<div id=\"elementor-tab-title-2585\" class=\"elementor-tab-title\" data-tab=\"5\" role=\"button\" aria-controls=\"elementor-tab-content-2585\" aria-expanded=\"false\">\n\t\t\t\t\t\t\t\t\t\t\t\t\t<span class=\"elementor-accordion-icon elementor-accordion-icon-left\" aria-hidden=\"true\">\n\t\t\t\t\t\t\t\t\t\t\t\t\t\t\t<span class=\"elementor-accordion-icon-closed\"><i class=\"fas fa-plus\"><\/i><\/span>\n\t\t\t\t\t\t\t\t<span class=\"elementor-accordion-icon-opened\"><i class=\"fas fa-minus\"><\/i><\/span>\n\t\t\t\t\t\t\t\t\t\t\t\t\t\t<\/span>\n\t\t\t\t\t\t\t\t\t\t\t\t<a class=\"elementor-accordion-title\" tabindex=\"0\">Quanto tempo ci vuole per vedere i risultati?<\/a>\n\t\t\t\t\t<\/div>\n\t\t\t\t\t<div id=\"elementor-tab-content-2585\" class=\"elementor-tab-content elementor-clearfix\" data-tab=\"5\" role=\"region\" aria-labelledby=\"elementor-tab-title-2585\"><p>I risultati possono variare, ma molti utenti riferiscono miglioramenti nella vitalit\u00e0 e nel benessere generale dopo alcune settimane di uso costante. \u00c8 importante essere costanti nell\u2019assunzione dell\u2019integratore.<\/p><\/div>\n\t\t\t\t<\/div>\n\t\t\t\t\t\t\t\t<\/div>\n\t\t\t\t\t\t<\/div>\n\t\t\t\t\t<\/div>\n\t\t<\/div>\n\t\t\t\t\t<\/div>\n\t\t<\/section>\n\t\t\t\t<\/div>","protected":false},"excerpt":{"rendered":"<h2 class=\"elementor-heading-title elementor-size-default\">Integratore alimentare a base di estratto di spinaci coltivati in Spagna.<\/h2>\n<p>\u2705 Coltiviamo, estraiamo e confezioniamo in Spagna.<br data-start=\"94\" data-end=\"97\" \/>\u2705 1 capsula contiene 0,53 mg di 20-idrossiecdisone<br data-start=\"147\" data-end=\"150\" \/>\u2705 Lavorato fresco entro 48 ore, in modo ecologico.<br data-start=\"192\" data-end=\"195\" \/>\u2705 Prodotto a km 0 entro un raggio di 50 km.<br data-start=\"241\" data-end=\"244\" \/>\u2705 25 studi scientifici ne confermano le propriet\u00e0.<\/p>","protected":false},"featured_media":13205,"comment_status":"closed","ping_status":"closed","template":"","meta":{"_acf_changed":false,"_joinchat":[]},"product_brand":[],"product_cat":[497,515,501,507],"product_tag":[],"class_list":{"0":"post-13192","1":"product","2":"type-product","3":"status-publish","4":"has-post-thumbnail","6":"product_cat-digestion-higado-y-flora-intestinal","7":"product_cat-extracto-de-espinaca","8":"product_cat-nutricion-deportiva","9":"product_cat-vasos-sanguineos-circulacion-y-equilibrio-de-fluidos","10":"product_shipping_class-envio-gratuito","12":"first","13":"instock","14":"taxable","15":"shipping-taxable","16":"purchasable","17":"product-type-simple"},"acf":[],"_links":{"self":[{"href":"https:\/\/granatherapy.com\/it\/wp-json\/wp\/v2\/product\/13192","targetHints":{"allow":["GET"]}}],"collection":[{"href":"https:\/\/granatherapy.com\/it\/wp-json\/wp\/v2\/product"}],"about":[{"href":"https:\/\/granatherapy.com\/it\/wp-json\/wp\/v2\/types\/product"}],"replies":[{"embeddable":true,"href":"https:\/\/granatherapy.com\/it\/wp-json\/wp\/v2\/comments?post=13192"}],"version-history":[{"count":11,"href":"https:\/\/granatherapy.com\/it\/wp-json\/wp\/v2\/product\/13192\/revisions"}],"predecessor-version":[{"id":17274,"href":"https:\/\/granatherapy.com\/it\/wp-json\/wp\/v2\/product\/13192\/revisions\/17274"}],"wp:featuredmedia":[{"embeddable":true,"href":"https:\/\/granatherapy.com\/it\/wp-json\/wp\/v2\/media\/13205"}],"wp:attachment":[{"href":"https:\/\/granatherapy.com\/it\/wp-json\/wp\/v2\/media?parent=13192"}],"wp:term":[{"taxonomy":"product_brand","embeddable":true,"href":"https:\/\/granatherapy.com\/it\/wp-json\/wp\/v2\/product_brand?post=13192"},{"taxonomy":"product_cat","embeddable":true,"href":"https:\/\/granatherapy.com\/it\/wp-json\/wp\/v2\/product_cat?post=13192"},{"taxonomy":"product_tag","embeddable":true,"href":"https:\/\/granatherapy.com\/it\/wp-json\/wp\/v2\/product_tag?post=13192"}],"curies":[{"name":"parola chiave","href":"https:\/\/api.w.org\/{rel}","templated":true}]}}