{"id":514,"date":"2019-07-25T23:21:00","date_gmt":"2019-07-25T21:21:00","guid":{"rendered":"https:\/\/granatherapy2.miwebnueva.net?page_id=514"},"modified":"2025-06-12T18:53:15","modified_gmt":"2025-06-12T16:53:15","slug":"termini-di-utilizzo","status":"publish","type":"page","link":"https:\/\/granatherapy.com\/it\/termini-di-utilizzo\/","title":{"rendered":"Condizioni d\u2019uso"},"content":{"rendered":"<div data-elementor-type=\"wp-post\" data-elementor-id=\"514\" class=\"elementor elementor-514\" data-elementor-post-type=\"page\">\n\t\t\t\t\t\t<section class=\"elementor-section elementor-top-section elementor-element elementor-element-428d1fa elementor-section-boxed elementor-section-height-default elementor-section-height-default\" data-id=\"428d1fa\" data-element_type=\"section\" data-e-type=\"section\">\n\t\t\t\t\t\t<div class=\"elementor-container elementor-column-gap-default\">\n\t\t\t\t\t<div class=\"elementor-column elementor-col-100 elementor-top-column elementor-element elementor-element-7e929e0\" data-id=\"7e929e0\" data-element_type=\"column\" data-e-type=\"column\">\n\t\t\t<div class=\"elementor-widget-wrap elementor-element-populated\">\n\t\t\t\t\t\t<div class=\"elementor-element elementor-element-f7c7a79 elementor-widget elementor-widget-heading\" data-id=\"f7c7a79\" data-element_type=\"widget\" data-e-type=\"widget\" data-widget_type=\"heading.default\">\n\t\t\t\t\t<h2 class=\"elementor-heading-title elementor-size-default\">Condizioni d\u2019uso<\/h2>\t\t\t\t<\/div>\n\t\t\t\t<div class=\"elementor-element elementor-element-10ecc54 elementor-widget elementor-widget-text-editor\" data-id=\"10ecc54\" data-element_type=\"widget\" data-e-type=\"widget\" data-widget_type=\"text-editor.default\">\n\t\t\t\t\t\t\t\t\t<p><strong>TERMINI E CONDIZIONI GENERALI DEL SITO WEB WWW.GRANATHERAPY.COM<\/strong><\/p><p><strong>1.- Oggetto.<\/strong><\/p><p>Le presenti condizioni generali (di seguito Condizioni Generali) regolano l&#039;accesso e l&#039;utilizzo del Sito Web sotto il dominio <strong>www.granatherapy.com<\/strong> (di seguito Sito Web), di propriet\u00e0 di <strong>\u00ab<span style=\"font-size: 16px;\">POLIFENOLI MEDITERRANEI SL\u00bb<\/span><\/strong> (di seguito Granatum Plus), messo a disposizione degli utenti (di seguito Utente\/i).<br \/>Per qualsiasi domanda o richiesta relativa all&#039;uso e all&#039;accesso al Sito Web o alle presenti Condizioni Generali, \u00e8 possibile inviare un&#039;e-mail con la richiesta e le informazioni di contatto a <strong>info@granatherapy.miwebnueva.net<\/strong> . Puoi contattarci anche via posta, inviando la tua richiesta e i tuoi dati di contatto a:<\/p><ul><li><span style=\"font-size: 16px;\">POLIFENOLI MEDITERRANEI SL.<\/span><\/li><li><strong>Indirizzo <\/strong>:CL. CARRIL DE LA CONDOMINA, 3 Pta. B 3 \u2013 30006 Murcia (Spagna)<\/li><\/ul><p><strong>2.- Rispetto delle presenti Condizioni Generali<\/strong>.<\/p><p>L&#039;utilizzo del presente Sito Web implica la piena accettazione da parte dell&#039;Utente di tutte le Condizioni Generali in vigore al momento dell&#039;accesso. Pertanto, qualora l&#039;Utente non accetti una qualsiasi delle condizioni qui stabilite, \u00e8 pregato di astenersi dall&#039;utilizzo del presente Sito Web.<\/p><p>Pertanto, l&#039;Utente \u00e8 tenuto a leggere attentamente le Condizioni Generali ogni volta che intende utilizzare il Sito.<\/p><p>In ogni caso, Granatum Plus si riserva il diritto di modificare le presenti Condizioni Generali, nonch\u00e9 la sua configurazione, la sua ubicazione e qualsiasi altro termine generale o specifico, regola d&#039;uso, istruzione o avviso applicabile, senza preavviso e in qualsiasi momento. Allo stesso modo, Granatum Plus si riserva il diritto di sospendere, interrompere o interrompere il funzionamento del Sito Web in qualsiasi momento.<\/p><p>Per \u201cutilizzo del Sito Web\u201d si intende qualsiasi Utente che accede e naviga nel Sito Web, indipendentemente dal fatto che compili o meno i moduli di registrazione.<\/p><p><strong>3.- Condizioni di accesso e utilizzo del sito web e dei suoi contenuti.<\/strong><\/p><p>L&#039;accesso al Sito Web e\/o ai Contenuti in esso inclusi non implica alcun tipo di garanzia circa l&#039;idoneit\u00e0 del Sito Web e\/o dei Contenuti in esso inclusi per scopi particolari o specifici degli Utenti.<br \/>Granatum Plus potr\u00e0 stabilire ulteriori limitazioni e\/o condizioni per l&#039;utilizzo e\/o l&#039;accesso al Sito Web e\/o ai Contenuti, che dovranno essere in ogni caso rispettate dagli Utenti.<\/p><p><strong>3.1- Accesso e utilizzo del sito web.<\/strong><\/p><p>Salvo diversa indicazione, l&#039;utilizzo del Sito Web sar\u00e0 gratuito, fatti salvi i costi di connessione tramite la corrispondente rete di telecomunicazioni contrattualizzata dall&#039;Utente.<\/p><p>L&#039;Utente dichiara di avere pi\u00f9 di diciotto anni, ed \u00e8 altres\u00ec consapevole e accetta volontariamente ed espressamente che l&#039;utilizzo del Sito Web avviene in ogni caso sotto la sua sola ed esclusiva responsabilit\u00e0.<\/p><p>L&#039;Utente si impegna a rispettare le presenti Condizioni Generali, nonch\u00e9 eventuali avvertenze o istruzioni speciali contenute nel Sito Web, e ad agire sempre nel rispetto della legge, del buon costume e dei requisiti di buona fede, esercitando la dovuta diligenza in considerazione della natura e della considerazione del servizio utilizzato. A tal fine, l&#039;Utente si asterr\u00e0 dall&#039;utilizzare il Sito Web in qualsiasi modo che possa impedirne, danneggiarne o comprometterne il normale funzionamento, la propriet\u00e0 o i diritti di Granatum Plus, dei suoi fornitori, dei suoi distributori, di altri Utenti o di terzi.<\/p><p>In particolare, e senza che ci\u00f2 implichi alcuna limitazione all&#039;obbligo assunto dall&#039;Utente in generale ai sensi della sezione precedente, l&#039;Utente accetta nell&#039;utilizzo del Sito Web:<\/p><p><strong>A)<\/strong> non introdurre, memorizzare o diffondere sul o dal Sito Web alcuna informazione o materiale diffamatorio, calunnioso, osceno, minaccioso, xenofobo, pornografico, un&#039;apologia del terrorismo, incita alla violenza, alla discriminazione basata su razza, sesso, ideologia, religione o che in qualsiasi modo violi la forma, l&#039;ordine pubblico, i diritti fondamentali, le libert\u00e0 pubbliche, l&#039;onore, la privacy o l&#039;immagine di terzi e in generale le normative vigenti.<\/p><p><strong>B)<\/strong> non introdurre, memorizzare o diffondere attraverso il Sito Web alcun programma informatico, dato, virus, codice o qualsiasi altro strumento o dispositivo elettronico o fisico che possa causare danni al Sito Web, a uno qualsiasi dei servizi o a qualsiasi apparecchiatura, sistema o rete di Granatum Plus, di qualsiasi Utente, dei Fornitori o Distributori di Granatum Plus o in generale di qualsiasi terza parte, in grado di causare qualsiasi tipo di alterazione o impedire il normale funzionamento dello stesso.<\/p><p><strong>C)<\/strong> non introdurre, memorizzare o diffondere attraverso il Sito Web alcun contenuto che violi le norme sulla propriet\u00e0 intellettuale, industriale o diritti di terzi, n\u00e9 in generale alcun contenuto che non abbia il diritto di rendere disponibile a terzi in conformit\u00e0 con la legge.<\/p><p><strong>3.2- Accesso e utilizzo dei contenuti.<\/strong><br \/>Il Contenuto del Sito Web viene messo a disposizione dell&#039;Utente con informazioni provenienti sia da fonti interne che da terze parti.<br \/>Granatum Plus si impegna a garantire che il Contenuto sia della massima qualit\u00e0 possibile e ragionevolmente aggiornato, ma non garantisce l&#039;utilit\u00e0, l&#039;accuratezza, la completezza, la pertinenza e\/o la tempestivit\u00e0 del Contenuto.<\/p><p><strong>4.- Diritti di propriet\u00e0 intellettuale e industriale.<\/strong><\/p><p>Le presenti Condizioni Generali non trasferiscono alcun diritto di propriet\u00e0 intellettuale o industriale sul Sito Web o su nessuno dei suoi elementi costitutivi, ed \u00e8 espressamente vietato all&#039;Utente riprodurre, trasformare, distribuire, comunicare pubblicamente, mettere a disposizione, estrarre, riutilizzare, inoltrare o utilizzare in alcun modo, con qualsiasi mezzo o procedimento, nessuno di essi, salvo nei casi in cui sia legalmente consentito o autorizzato dal titolare dei diritti corrispondenti.<\/p><p>L&#039;Utente pu\u00f2 visualizzare e ottenere una copia privata temporanea del Contenuto per il suo esclusivo uso personale e privato sui propri sistemi informatici (software e hardware), a condizione che ci\u00f2 non avvenga per lo svolgimento di attivit\u00e0 commerciali o professionali. L&#039;Utente deve astenersi dall&#039;ottenere, o tentare di ottenere, il Contenuto tramite mezzi o procedure diversi da quelli messi a sua disposizione o indicati a tale scopo, o da quelli comunemente utilizzati su Internet (a condizione che questi ultimi non comportino un rischio di danneggiamento o disattivazione del Sito Web). L&#039;Utente deve in ogni momento rispettare tutti i diritti di propriet\u00e0 intellettuale e industriale sul Sito Web, di propriet\u00e0 di Granatum Plus o di terzi.<\/p><p><strong>4.- Esclusione di garanzie e responsabilit\u00e0.<\/strong><\/p><p><strong>4.1.- Esclusione di garanzie e responsabilit\u00e0 per il funzionamento del sito web.<\/strong><\/p><p>Granatum Plus non garantisce la disponibilit\u00e0 e la continuit\u00e0 del funzionamento del Sito Web e dei servizi o Contenuti ivi offerti, n\u00e9 che i contenuti presenti sul suo Sito Web siano aggiornati, ed \u00e8 esente da ogni responsabilit\u00e0 per danni di qualsiasi natura che possano derivare da tali circostanze.<\/p><p>Granatum Plus eseguir\u00e0, sempre che non vi siano circostanze che lo rendano impossibile o difficile e non appena venga a conoscenza di errori, disconnessioni e\/o mancato aggiornamento dei contenuti, tutti quei compiti volti a correggere gli errori, ripristinare la comunicazione e\/o aggiornare i suddetti contenuti.<\/p><p>Granatum Plus, inoltre, non garantisce n\u00e9 l&#039;affidabilit\u00e0 tecnica del proprio Sito Web n\u00e9 l&#039;accesso alle sue diverse pagine, ed \u00e8 pertanto esonerata da ogni responsabilit\u00e0 per danni di qualsiasi natura che possano derivarne.<br \/>Inoltre, Granatum Plus non \u00e8 responsabile per eventuali errori o carenze di sicurezza che potrebbero verificarsi a causa dell&#039;utilizzo da parte dell&#039;utente di una versione obsoleta o non sicura del browser, n\u00e9 per eventuali danni, errori o inesattezze che potrebbero derivare dal suo malfunzionamento.<\/p><p>Al fine di ridurre al minimo il rischio di introduzione di virus sul Sito Web, Granatum Plus utilizza un software antivirus per analizzare tutti i Contenuti caricati sul Sito Web. Tuttavia, Granatum Plus non garantisce l&#039;assenza di virus o altri elementi dannosi sul Sito Web introdotti da terze parti estranee a Granatum Plus che possano causare danni ai sistemi fisici o logici degli utenti o ai documenti e file elettronici memorizzati sui loro sistemi. Di conseguenza, Granatum Plus non sar\u00e0 in nessun caso responsabile per eventuali danni di qualsiasi tipo che possano derivare dalla presenza di virus o altri elementi dannosi che possano causare danni ai sistemi fisici o logici, ai documenti e ai file elettronici degli utenti.<br \/>Granatum Plus adotta diverse misure di sicurezza per proteggere il Sito Web, i dati raccolti e i Contenuti da attacchi informatici da parte di terzi. Tuttavia, Granatum Plus non garantisce che terze parti non autorizzate non possano accedere a informazioni sull&#039;utilizzo del Sito Web o sull&#039;attivit\u00e0 di navigazione dell&#039;utente, n\u00e9 sulle condizioni, caratteristiche e circostanze in cui ci\u00f2 avviene. Di conseguenza, Granatum Plus non sar\u00e0 in nessun caso responsabile per eventuali danni che possano derivare da tale accesso non autorizzato.<\/p><p>Granatum Plus non sar\u00e0 in nessun caso responsabile dell&#039;uso che gli utenti e\/o terzi potranno fare del Sito Web o dei Contenuti, n\u00e9 dei danni che ne possano derivare.<\/p><p><strong>4.2.- Esclusione di garanzie e responsabilit\u00e0 per i contenuti.<\/strong><\/p><p>Granatum Plus non modifica i contenuti di terze parti pubblicati sul Sito Web e, di conseguenza, non garantisce n\u00e9 si assume la responsabilit\u00e0 della legalit\u00e0, affidabilit\u00e0, utilit\u00e0, veridicit\u00e0, accuratezza, completezza o tempestivit\u00e0 di tali contenuti, n\u00e9 dei contenuti di propriet\u00e0 di Granatum Plus. Granatum Plus non sar\u00e0 in nessun caso responsabile per eventuali danni che possano derivare da: <strong>(Io)<\/strong> la mancanza di legalit\u00e0, veridicit\u00e0, accuratezza, completezza e\/o tempestivit\u00e0 dei Contenuti provenienti da terzi e propri; <strong>(ii)<\/strong> l&#039;inadeguatezza a qualsiasi scopo e la frustrazione delle aspettative generate dal Contenuto; <strong>(iii)<\/strong> decisioni o azioni intraprese o evitate dall&#039;utente in base alle informazioni o ai dati forniti nel Contenuto, inclusa, a titolo esemplificativo ma non esaustivo, la perdita di profitti o opportunit\u00e0 commerciali.<\/p><p><strong>5. Collegamenti ipertestuali.<\/strong><\/p><p>Chiunque voglia stabilire collegamenti ipertestuali tra il proprio sito web e il presente sito web deve osservare e rispettare le seguenti condizioni:<br \/><strong>Io)<\/strong> Non sar\u00e0 richiesta alcuna autorizzazione preventiva qualora il collegamento ipertestuale consenta solo l&#039;accesso alla homepage del sito web, ma non potr\u00e0 essere riprodotto in alcun modo. Qualsiasi altro tipo di collegamento ipertestuale richieder\u00e0 l&#039;autorizzazione scritta espressa e inequivocabile di Granatum Plus.<\/p><p><strong>ii)<\/strong> La pagina web in cui \u00e8 stabilito il collegamento ipertestuale pu\u00f2 contenere solo quanto strettamente necessario per identificare la destinazione del collegamento ipertestuale.<\/p><p><strong>iii)<\/strong> Il sito web in cui \u00e8 stabilito il collegamento ipertestuale non conterr\u00e0 informazioni o contenuti illegali, contrari alla morale, al buon costume generalmente accettato e all&#039;ordine pubblico, n\u00e9 conterr\u00e0 contenuti che violino i diritti di terzi.<\/p><p><strong>iv)<\/strong> Granatum Plus si riserva il diritto di bloccare i collegamenti ipertestuali al Sito Web che non siano stati preventivamente autorizzati espressamente, anche se conformi alle disposizioni della presente sezione delle Condizioni Generali.<\/p><p><strong>6.- Azioni in caso di inadempimento.<\/strong><\/p><p>Granatum Plus si riserva il diritto di intraprendere qualsiasi azione legale disponibile per richiedere la responsabilit\u00e0 per qualsiasi violazione delle presenti Condizioni Generali del Sito Web da parte di un utente.<\/p><p><strong>7.- Nullit\u00e0 parziale<\/strong>.<\/p><p>La dichiarazione di nullit\u00e0, invalidit\u00e0 o inefficacia di una qualsiasi delle clausole contenute nelle presenti Condizioni Generali non pregiudicher\u00e0 la validit\u00e0 o l&#039;efficacia delle restanti clausole, che continueranno ad essere vincolanti tra le parti.<\/p><p><strong>8. Legge applicabile e giurisdizione.<\/strong><\/p><p>Le presenti Condizioni Generali sono regolate dalle disposizioni della legge spagnola.<br \/>Per qualsiasi controversia relativa alle condizioni di utilizzo e accesso al presente Sito Web contenute nel presente documento di Condizioni Generali del Sito Web, le parti si sottopongono, rinunciando espressamente a qualsiasi altra giurisdizione che possa corrispondere loro, salvo diversa disposizione di legge, ai Tribunali di Molina de Segura.<\/p><p><strong>9.- Notifiche.<\/strong><\/p><p>Ai fini dell&#039;effettuazione delle opportune notifiche, Granatum Plus designa come proprio indirizzo di contatto quello specificato nell&#039;avviso legale.<br \/>L&#039;indirizzo email fornito dall&#039;Utente durante la procedura di registrazione sul Sito Web verr\u00e0 utilizzato da Granatum Plus per inviare notifiche all&#039;Utente.<\/p><p>L&#039;Utente \u00e8 tenuto a mantenere aggiornate le informazioni di contatto indicate nella presente clausola. Tutte le notifiche inviate da Granatum Plus all&#039;Utente saranno considerate validamente recapitate se inviate utilizzando le informazioni di contatto e le modalit\u00e0 sopra indicate. Granatum Plus non \u00e8 responsabile per eventuali danni derivanti dal mancato aggiornamento delle informazioni di contatto da parte dell&#039;Utente.<\/p><p><strong>10.<\/strong>\u00ab&quot;Questo commerciante si impegna a non consentire alcuna transazione illegale o ritenuta dai marchi delle carte di credito o dalla banca acquirente potenzialmente dannosa per la propria reputazione o con un impatto negativo su di loro. Le seguenti attivit\u00e0 sono vietate dai programmi dei marchi delle carte: la vendita o l&#039;offerta di qualsiasi prodotto o servizio che non sia pienamente conforme a tutte le leggi applicabili all&#039;Acquirente, alla Banca emittente, al Commerciante, al Titolare della Carta o alle carte. Inoltre, sono espressamente vietate anche le seguenti attivit\u00e0:&quot;<\/p><p>-\u00abVendere medicinali\u00bb<\/p>\t\t\t\t\t\t\t\t<\/div>\n\t\t\t\t<div class=\"elementor-element elementor-element-d78dbe7 elementor-widget elementor-widget-image\" data-id=\"d78dbe7\" data-element_type=\"widget\" data-e-type=\"widget\" data-widget_type=\"image.default\">\n\t\t\t\t\t\t\t\t\t\t\t\t\t\t\t\t<a href=\"http:\/\/www.segdades.com\/certificacion\/sello.php?id=31\" target=\"_blank\" rel=\"noopener\">\n\t\t\t\t\t\t\t<img decoding=\"async\" width=\"150\" height=\"115\" src=\"https:\/\/granatherapy.com\/wp-content\/uploads\/2019\/07\/lopd.jpg\" class=\"attachment-full size-full wp-image-976\" alt=\"\" \/>\t\t\t\t\t\t\t\t<\/a>\n\t\t\t\t\t\t\t\t\t\t\t\t\t\t\t<\/div>\n\t\t\t\t\t<\/div>\n\t\t<\/div>\n\t\t\t\t\t<\/div>\n\t\t<\/section>\n\t\t\t\t<\/div>","protected":false},"excerpt":{"rendered":"<p>CONDICIONES DE USO CONDICIONES GENERALES DEL WEBSITE WWW.GRANATHERAPY.COM 1.- Objeto. Las presentes condiciones generales (en adelante Condiciones Generales), regulan el acceso y el uso del Website bajo el dominio www.granatherapy.com (en adelante Website), titularidad de \u00abPOLIFENOLES MEDITERRANEOS S.L.\u00bb (en adelante Granatum Plus), puesto a disposici\u00f3n de los usuarios (en adelante Usuario\/s).Ante cualquier duda o consulta [&hellip;]<\/p>","protected":false},"author":1,"featured_media":0,"parent":0,"menu_order":0,"comment_status":"closed","ping_status":"closed","template":"","meta":{"_acf_changed":false,"_joinchat":[],"footnotes":""},"class_list":["post-514","page","type-page","status-publish","hentry"],"acf":[],"_links":{"self":[{"href":"https:\/\/granatherapy.com\/it\/wp-json\/wp\/v2\/pages\/514","targetHints":{"allow":["GET"]}}],"collection":[{"href":"https:\/\/granatherapy.com\/it\/wp-json\/wp\/v2\/pages"}],"about":[{"href":"https:\/\/granatherapy.com\/it\/wp-json\/wp\/v2\/types\/page"}],"author":[{"embeddable":true,"href":"https:\/\/granatherapy.com\/it\/wp-json\/wp\/v2\/users\/1"}],"replies":[{"embeddable":true,"href":"https:\/\/granatherapy.com\/it\/wp-json\/wp\/v2\/comments?post=514"}],"version-history":[{"count":27,"href":"https:\/\/granatherapy.com\/it\/wp-json\/wp\/v2\/pages\/514\/revisions"}],"predecessor-version":[{"id":15877,"href":"https:\/\/granatherapy.com\/it\/wp-json\/wp\/v2\/pages\/514\/revisions\/15877"}],"wp:attachment":[{"href":"https:\/\/granatherapy.com\/it\/wp-json\/wp\/v2\/media?parent=514"}],"curies":[{"name":"parola chiave","href":"https:\/\/api.w.org\/{rel}","templated":true}]}}