{"id":505,"date":"2019-07-25T23:17:42","date_gmt":"2019-07-25T21:17:42","guid":{"rendered":"https:\/\/granatherapy2.miwebnueva.net?page_id=505"},"modified":"2025-06-12T18:45:07","modified_gmt":"2025-06-12T16:45:07","slug":"politica-sulla-riservatezza","status":"publish","type":"page","link":"https:\/\/granatherapy.com\/it\/politica-sulla-riservatezza\/","title":{"rendered":"Informativa sulla privacy."},"content":{"rendered":"<div data-elementor-type=\"wp-post\" data-elementor-id=\"505\" class=\"elementor elementor-505\" data-elementor-post-type=\"page\">\n\t\t\t\t\t\t<section class=\"elementor-section elementor-top-section elementor-element elementor-element-503dafa elementor-section-boxed elementor-section-height-default elementor-section-height-default\" data-id=\"503dafa\" data-element_type=\"section\" data-e-type=\"section\">\n\t\t\t\t\t\t<div class=\"elementor-container elementor-column-gap-default\">\n\t\t\t\t\t<div class=\"elementor-column elementor-col-100 elementor-top-column elementor-element elementor-element-d8c80ac\" data-id=\"d8c80ac\" data-element_type=\"column\" data-e-type=\"column\">\n\t\t\t<div class=\"elementor-widget-wrap elementor-element-populated\">\n\t\t\t\t\t\t<div class=\"elementor-element elementor-element-f6c350f elementor-widget elementor-widget-heading\" data-id=\"f6c350f\" data-element_type=\"widget\" data-e-type=\"widget\" data-widget_type=\"heading.default\">\n\t\t\t\t\t<h2 class=\"elementor-heading-title elementor-size-default\">Informativa sulla privacy<\/h2>\t\t\t\t<\/div>\n\t\t\t\t<div class=\"elementor-element elementor-element-ab9de01 elementor-widget elementor-widget-text-editor\" data-id=\"ab9de01\" data-element_type=\"widget\" data-e-type=\"widget\" data-widget_type=\"text-editor.default\">\n\t\t\t\t\t\t\t\t\t<p>La presente informativa sulla privacy \u00e8 conforme a <strong>Regolamento (UE) 2016\/679 del Parlamento europeo e del Consiglio<\/strong>, del 27 aprile 2016, relativo alla protezione delle persone fisiche con riguardo al trattamento dei dati personali, nonch\u00e9 alla libera circolazione di tali dati (<strong>GDPR<\/strong>), Legge organica 3\/2018, del 5 dicembre, sulla protezione dei dati personali e la garanzia dei diritti digitali (<strong>LOPDGDD<\/strong>), nonch\u00e9 in tutte le questioni che non siano contrarie alle suddette normative, alla Legge Organica 15\/1999, sulla Protezione dei Dati Personali (<strong>Legge sulla protezione dei dati<\/strong>) e i relativi regolamenti attuativi e\/o quelli che in futuro potranno sostituirli o aggiornarli.<br \/>La nostra organizzazione si impegna a proteggere la privacy dei tuoi dati personali. I dati personali che ci fornisci sono necessari per fornirti i nostri servizi e vengono trattati in modo lecito, corretto e trasparente, garantendone un&#039;adeguata sicurezza, inclusa la protezione da trattamenti non autorizzati o illeciti e da perdita, distruzione o danno accidentali, mediante l&#039;applicazione di misure tecniche e organizzative.<br \/>Attraverso il presente documento desideriamo offrirti, in modo trasparente e corretto, tutte le informazioni necessarie in merito al trattamento dei tuoi dati personali da parte di questa organizzazione.<\/p><p><strong>I.- TITOLARE DEL TRATTAMENTO <\/strong><strong>IDENTIT\u00c0:<\/strong><\/p><p>POLIFENOLI MEDITERRANEI SL.<\/p><p><strong>CIF \/ NIF:<\/strong><\/p><p>B-21806567<\/p><p><strong>CASA:<\/strong><\/p><p><span style=\"font-size: 16px;\">CL. CARRIL DE LA CONDOMINA, 3 Pta. B 3 \u2013 30006 Murcia (Spagna)<\/span><\/p><p><strong>TELEFONO:<\/strong><\/p><p>(+34) 968 847 325<\/p><p><strong>E-MAIL:<\/strong> shop@granatherapy.miwebnueva.net<\/p><p><strong>II.- DESTINATARI DEI DATI PERSONALI<\/strong><\/p><p><strong>1.<\/strong>\u2013 I dati personali forniti non saranno ceduti a terzi, salvo quanto diversamente specificato nelle specifiche attivit\u00e0 di trattamento.<br \/><strong>2.<\/strong>\u2013 Facoltativamente, per la stipula di servizi di cloud computing e\/o di invio di e-mail, comunicazioni, nonch\u00e9 altri servizi informatici correlati, i dati personali potranno essere:<\/p><p>\u2013 Trasferiti a societ\u00e0 di servizi IT situate all\u2019interno dello Spazio economico europeo (SEE) o,<\/p><p>\u2013 Trasferiti a fornitori di servizi IT situati al di fuori dello Spazio Economico Europeo (SEE) certificati ai sensi del Privacy Shield, che fornisce loro adeguate garanzie per garantire la sicurezza dei dati personali. Per maggiori informazioni, visita questo link: <a href=\"https:\/\/www.privacyshield.gov\/welcome\" target=\"_blank\" rel=\"noopener\">https:\/\/www.privacyshield.gov\/welcome<\/a><\/p><p><strong>3.<\/strong>\u2013 Facoltativamente, alle amministrazioni e ad altri enti quando richiesto in adempimento di obblighi di legge.<\/p><p><strong>III.- BASE GIURIDICA CHE LEGITTIMA IL TRATTAMENTO DEI DATI PERSONALI<\/strong><\/p><p>In ogni specifico trattamento di dati personali, ti informeremo della base giuridica che lo legittima.<\/p><p><strong>IV.- DIRITTI <\/strong><strong>\u00a0ACCESSO<\/strong><\/p><p>\u00c8 il diritto di ottenere dal titolare del trattamento la conferma che sia o meno in corso un trattamento di dati personali che lo riguardano e, in tal caso, il diritto di accedere ai dati personali e alle seguenti informazioni: le finalit\u00e0 del trattamento, le categorie di dati personali in questione, i destinatari o le categorie di destinatari a cui i dati personali sono stati o saranno comunicati, il periodo di conservazione dei dati personali o i criteri utilizzati per determinare tale periodo, l&#039;esistenza del diritto di richiedere al titolare del trattamento la rettifica o la cancellazione dei dati personali o la limitazione del trattamento dei dati personali che lo riguardano o di opporsi a tale trattamento, il diritto di presentare un reclamo all&#039;Agenzia spagnola per la protezione dei dati (AEPD), l&#039;esistenza, ove applicabile, di un processo decisionale automatizzato, compresa la profilazione, in caso di trasferimento dei dati a paesi terzi e il diritto di essere informato delle garanzie appropriate applicate.<\/p><p><strong>DIRITTO DI RETTIFICA<\/strong><\/p><p>Hai il diritto di richiedere la correzione dei tuoi dati personali qualora siano inesatti, incluso il diritto di completare qualsiasi informazione incompleta. Ti informiamo che fornendoci i tuoi dati personali con qualsiasi mezzo, garantisci che essi sono veritieri e accurati e accetti di comunicarci eventuali modifiche o cambiamenti. Pertanto, qualsiasi danno causato dalla comunicazione di informazioni errate, inesatte o incomplete nei moduli del sito web sar\u00e0 di esclusiva responsabilit\u00e0 dell&#039;interessato.<\/p><p><strong>DIRITTO DI ELIMINAZIONE<\/strong><\/p><p>Si tratta del diritto di richiedere la cancellazione dei propri dati personali quando, tra gli altri motivi, non sono pi\u00f9 necessari per le finalit\u00e0 per le quali sono stati raccolti o sono trattati in altro modo, oppure quando si revoca il consenso. Si precisa che la cancellazione non sar\u00e0 concessa quando il trattamento dei dati personali \u00e8 necessario, tra gli altri motivi, per l&#039;adempimento di obblighi di legge o per l&#039;accertamento, l&#039;esercizio o la difesa di un diritto in sede giudiziaria.<\/p><p><strong>DIRITTO DI LIMITAZIONE<\/strong><\/p><p>Hai il diritto di richiedere la limitazione del trattamento dei tuoi dati personali, il che significa che in determinati casi puoi chiederci di sospendere temporaneamente il trattamento dei tuoi dati personali o di conservarli oltre il tempo necessario quando potresti averne bisogno.<\/p><p><strong>DIRITTO DI REVOCA DEL CONSENSO<\/strong><\/p><p>Si tratta del diritto di revocare in qualsiasi momento il consenso prestato selezionando &quot;Ho letto e accetto l&#039;informativa sulla privacy&quot;, come specificato nella corrispondente sezione &quot;Esercizio dei diritti&quot; o nel trattamento specifico delle comunicazioni commerciali o delle newsletter. Si prega di notare che tale diritto non si applicher\u00e0 qualora, tra gli altri casi, il trattamento dei dati personali sia necessario per l&#039;adempimento di un obbligo legale, l&#039;esecuzione e il mantenimento di un contratto, o per l&#039;accertamento, l&#039;esercizio o la difesa di un diritto in sede giudiziaria. Inoltre, la revoca del consenso non avr\u00e0 effetto retroattivo, ovvero non pregiudicher\u00e0 la liceit\u00e0 del trattamento basata sul consenso prima della revoca.<\/p><p><strong>DIRITTO ALLA PORTABILIT\u00c0<\/strong><\/p><p>Hai il diritto di ricevere in un formato strutturato, di uso comune e leggibile da dispositivo automatico i dati personali che ti riguardano e che ci hai fornito e di trasmetterli a un altro titolare del trattamento, a condizione che: il trattamento sia basato sul tuo consenso e sia effettuato con mezzi automatizzati o informatici.<\/p><p><strong>DIRITTO DI OPPOSIZIONE<\/strong><\/p><p>Hai il diritto di opporti al trattamento dei tuoi dati personali basato sul nostro legittimo interesse. Non tratteremo pi\u00f9 i tuoi dati personali a meno che non possiamo dimostrare l&#039;esistenza di motivi legittimi cogenti per il trattamento che prevalgono sui tuoi interessi, diritti e libert\u00e0, o per l&#039;accertamento, l&#039;esercizio o la difesa di un diritto in sede giudiziaria.<\/p><p><strong>DIRITTO DI PRESENTARE RECLAMO A UN&#039;AUTORIT\u00c0 DI CONTROLLO<\/strong><\/p><p>Se ritieni che stiamo elaborando i tuoi dati personali in modo non corretto, puoi contattarci oppure hai il diritto di presentare un reclamo all&#039;Agenzia spagnola per la protezione dei dati (AEPD):<br \/><a href=\"https:\/\/www.agpd.es\/portalwebAGPD\/index-ides-idphp.php\" target=\"_blank\" rel=\"noopener\">https:\/\/www.agpd.es\/portalwebAGPD\/index-ides-idphp.php<\/a><\/p><p><strong>ESERCIZIO DEI DIRITTI<\/strong><\/p><p>Puoi esercitare i tuoi diritti inviando una lettera all&#039;indirizzo postale sopra indicato o via email <strong>shop@granatherapy.miwebnueva.net<\/strong>, allegando in entrambi i casi <strong>copia del tuo NIF\/NIE\/passaporto o documento simile.<\/strong><\/p><p><strong>V.- TRATTAMENTO DEI DATI PERSONALI.<\/strong><br \/><strong>DISPOSIZIONI GENERALI<\/strong><\/p><p>I dati personali richiesti in ciascuna delle specifiche attivit\u00e0 di trattamento sono adeguati, pertinenti e limitati a quanto necessario rispetto alle finalit\u00e0 per le quali sono trattati, rispettando cos\u00ec il principio di minimizzazione dei dati.<\/p><p>I dati personali richiesti in ciascuno degli specifici trattamenti sono strettamente necessari; l&#039;eventuale rifiuto a fornirli comporterebbe l&#039;impossibilit\u00e0 di erogare il servizio richiesto.<\/p><p>La comunicazione dei dati personali prevista in ciascuna delle specifiche attivit\u00e0 di trattamento \u00e8 in alcuni casi necessaria per l&#039;esecuzione e il mantenimento di un contratto e in altri casi per l&#039;adempimento di un obbligo legale applicabile al titolare del trattamento.<\/p><p><strong>MODULO DI CONTATTO<\/strong><\/p><p>I dati personali saranno trattati per gestire le richieste di informazioni, suggerimenti e reclami degli utenti o clienti.<br \/>La base giuridica che legittima il trattamento dei dati personali \u00e8 il consenso espresso prestato tramite spunta <strong>\u201cHo letto e accetto l\u2019informativa sulla privacy\u201d<\/strong>.<\/p><p>I dati personali saranno conservati per un periodo di due anni dal momento in cui cessa il trattamento, fatto salvo l&#039;esercizio dei diritti a Lei spettanti in qualit\u00e0 di interessato.<\/p><p><strong>MODULO E-COMMERCE<\/strong><\/p><p>I dati personali saranno trattati per gestire i tuoi acquisti online elaborando i tuoi ordini e resi tramite i nostri servizi online, inviarti notifiche sullo stato della consegna o in caso di problemi con la spedizione degli articoli, gestire i tuoi pagamenti, gestire eventuali reclami o problemi relativi alla garanzia dei prodotti o servizi, identificarti e convalidare la tua et\u00e0 legale per contrarre, nonch\u00e9 per, se del caso, la formulazione, l&#039;esercizio o la difesa di reclami.<br \/>La base giuridica che legittima il trattamento dei dati personali \u00e8 il consenso espresso prestato tramite spunta <strong>\u201cHo letto e accetto l\u2019informativa sulla privacy\u201d<\/strong>.<br \/>I dati personali saranno condivisi con la societ\u00e0 di trasporto per consegnare il tuo ordine a domicilio, nonch\u00e9 con i fornitori di servizi di pagamento.<br \/>I dati personali saranno conservati fino alla revoca del consenso, salvo che la loro conservazione non sia necessaria per il mantenimento del rapporto tra le parti o per gli anni necessari all&#039;adempimento di obblighi di legge.<\/p>\t\t\t\t\t\t\t\t<\/div>\n\t\t\t\t\t<\/div>\n\t\t<\/div>\n\t\t\t\t\t<\/div>\n\t\t<\/section>\n\t\t\t\t<\/div>","protected":false},"excerpt":{"rendered":"<p>POL\u00cdTICA DE PRIVACIDAD La presente pol\u00edtica de privacidad es conforme al Reglamento (UE) 2016\/679 del Parlamento Europeo y del Consejo, de 27 de abril de 2016, relativo a la protecci\u00f3n de les personas f\u00edsicas en lo que respecta al tratamiento de datos personales y a la libre circulaci\u00f3n de estos datos (RGPD), a Ley Org\u00e1nica [&hellip;]<\/p>","protected":false},"author":1,"featured_media":0,"parent":0,"menu_order":0,"comment_status":"closed","ping_status":"closed","template":"","meta":{"_acf_changed":false,"_joinchat":[],"footnotes":""},"class_list":["post-505","page","type-page","status-publish","hentry"],"acf":[],"_links":{"self":[{"href":"https:\/\/granatherapy.com\/it\/wp-json\/wp\/v2\/pages\/505","targetHints":{"allow":["GET"]}}],"collection":[{"href":"https:\/\/granatherapy.com\/it\/wp-json\/wp\/v2\/pages"}],"about":[{"href":"https:\/\/granatherapy.com\/it\/wp-json\/wp\/v2\/types\/page"}],"author":[{"embeddable":true,"href":"https:\/\/granatherapy.com\/it\/wp-json\/wp\/v2\/users\/1"}],"replies":[{"embeddable":true,"href":"https:\/\/granatherapy.com\/it\/wp-json\/wp\/v2\/comments?post=505"}],"version-history":[{"count":14,"href":"https:\/\/granatherapy.com\/it\/wp-json\/wp\/v2\/pages\/505\/revisions"}],"predecessor-version":[{"id":15841,"href":"https:\/\/granatherapy.com\/it\/wp-json\/wp\/v2\/pages\/505\/revisions\/15841"}],"wp:attachment":[{"href":"https:\/\/granatherapy.com\/it\/wp-json\/wp\/v2\/media?parent=505"}],"curies":[{"name":"parola chiave","href":"https:\/\/api.w.org\/{rel}","templated":true}]}}