{"id":12261,"date":"2022-10-25T14:21:30","date_gmt":"2022-10-25T12:21:30","guid":{"rendered":"https:\/\/granatherapy2.miwebnueva.net?page_id=12261"},"modified":"2025-11-13T11:44:55","modified_gmt":"2025-11-13T10:44:55","slug":"termini-e-condizioni","status":"publish","type":"page","link":"https:\/\/granatherapy.com\/it\/termini-e-condizioni\/","title":{"rendered":"Spedizioni e resi"},"content":{"rendered":"<p><strong>COSTI DI CONSEGNA E TRASPORTO<\/strong><\/p>\n\n\n\n<p>Le spedizioni saranno effettuate tramite CTT Express, UPS e\/o Amazon Logistics, a seconda dell&#039;ordine.<\/p>\n\n\n\n<p>Spedizione gratuita nella Spagna continentale.<\/p>\n\n\n\n<p>Per le spedizioni verso i paesi membri dell&#039;Unione Europea e\/o le Isole Baleari, il costo della spedizione \u00e8 di 10 \u20ac.<\/p>\n\n\n\n<p>Al momento NON effettuiamo spedizioni alle Isole Canarie, a Ceuta o a Melilla.<\/p>\n\n\n\n<p>Gli ordini saranno consegnati all&#039;indirizzo di consegna liberamente indicato dall&#039;utente, le consegne saranno effettuate dal luned\u00ec al venerd\u00ec, esclusi i giorni festivi.<\/p>\n\n\n\n<p>Le consegne vengono normalmente effettuate entro 24-48 ore. Potrebbero verificarsi lievi variazioni nei tempi di consegna in circostanze particolari, come nel periodo da novembre a gennaio a causa del Black Friday e delle festivit\u00e0 natalizie, o in festivit\u00e0 nazionali come la Pasqua. Durante questi periodi, le aziende di trasporto potrebbero subire lievi ritardi dovuti all&#039;aumento del carico di lavoro e vi chiediamo comprensione e pazienza. Qualora il prodotto non fosse disponibile, l&#039;utente ne verr\u00e0 informato entro i tempi indicati. In tali casi, i tempi di consegna potranno essere prorogati fino a un massimo di 30 giorni di calendario dalla data dell&#039;ordine, a meno che l&#039;utente non esprima la propria insoddisfazione entro 48 ore dalla comunicazione dell&#039;indisponibilit\u00e0 del prodotto. In tal caso, verr\u00e0 emesso un rimborso immediato di qualsiasi importo pagato.<\/p>\n\n\n\n<p><\/p>\n\n\n\n<p>POLIFENOLES MEDITERR\u00c1NEO, SL non si assume alcuna responsabilit\u00e0 qualora la consegna del prodotto non possa essere effettuata a causa di dati falsi, inesatti o incompleti forniti dall&#039;utente o quando la consegna non possa essere effettuata per altri motivi imputabili al destinatario (ad esempio, assenza).<\/p>\n\n\n\n<p>Nonostante quanto sopra, POLIFENOLES MEDITERR\u00c1NEO, SL, adotter\u00e0 le misure proprie di un commerciante diligente per garantire che la consegna possa essere effettuata entro i tempi concordati e, se ci\u00f2 non fosse possibile, il prima possibile, con soddisfazione sia del mittente che del destinatario, e pertanto nessuna responsabilit\u00e0 potr\u00e0 essere attribuita a noi.<\/p>\n\n\n\n<p>\u00ab&quot;Periodo di recesso per la consegna dei beni: Lei ha il diritto di recedere dal presente contratto entro 14 giorni di calendario senza indicarne le ragioni. Il periodo di recesso scade dopo 14 giorni di calendario dal giorno in cui Lei o un terzo da Lei designato, diverso dal vettore, acquisisce il possesso fisico dell&#039;ultimo bene.&quot;.<\/p>\n\n\n\n<p>Idoneit\u00e0 per rimborsi e cambi<\/p>\n\n\n\n<p>Per completare il reso, abbiamo bisogno di una ricevuta o di una prova d&#039;acquisto.<\/p>\n\n\n\n<p>Modifiche (se applicabili)<\/p>\n\n\n\n<p>Sostituiamo gli articoli solo se difettosi o danneggiati. Se desideri sostituirli con lo stesso articolo, inviaci un&#039;e-mail a (Aggiungi l&#039;indirizzo e-mail pertinente) e invia l&#039;articolo a: (Indirizzo pertinente). Il prezzo del prodotto verr\u00e0 rimborsato utilizzando il metodo di pagamento originale (bonifico bancario, carta di credito o PayPal).<\/p>\n\n\n\n<p><strong>DIRITTO DI RECESSO O RISOLUZIONE<\/strong><\/p>\n\n\n\n<p>Per esercitare il diritto di recesso, \u00e8 necessario comunicarlo a: <strong>POLIFENOLI MEDITERRANEI<\/strong> SL. <strong>Indirizzo <\/strong>CL. CARRIL DE LA CONDOMINA, 3 Pta. B 3 \u2013 30006 Murcia (Spagna), info@granatherapy.miwebnueva.net, (+34) 968 847 325. Puoi comunicarci la tua decisione di recedere dal presente contratto tramite una dichiarazione esplicita (ad esempio lettera inviata per posta, fax o posta elettronica). Puoi utilizzare il modulo di recesso tipo qui sotto, ma non \u00e8 obbligatorio. <strong><a href=\"https:\/\/granatherapy.comwp-content\/uploads\/2022\/10\/DESISTIMIENTO-2.docx\" target=\"_blank\" rel=\"noreferrer noopener\">\u201cScarica il modulo di recesso\u201d<\/a><\/strong> Per rispettare il termine di recesso, \u00e8 sufficiente che Lei invii la comunicazione relativa all&#039;esercizio del diritto di recesso prima della scadenza del periodo di recesso.<\/p>\n\n\n\n<p><strong>CONSEGUENZE DEL RECESSO<\/strong><\/p>\n\n\n\n<p>In caso di recesso dal presente contratto, ti rimborseremo tutti i pagamenti che hai effettuato a nostro favore, compresi i costi di consegna (ad eccezione dei costi supplementari derivanti dalla tua eventuale scelta di un metodo di consegna diverso dal metodo meno costoso di consegna standard da noi offerto), senza indebito ritardo e in ogni caso non oltre 14 giorni di calendario dal giorno in cui siamo informati della tua decisione di recedere dal presente contratto. Detti rimborsi saranno effettuati utilizzando lo stesso mezzo di pagamento da te usato per la transazione iniziale, salvo che tu non abbia espressamente convenuto altrimenti; in ogni caso, non dovrai sostenere alcun costo quale conseguenza di tale rimborso. Potremmo sospendere il rimborso fino al ricevimento dei beni oppure fino all&#039;avvenuta dimostrazione da parte tua di averli rispediti, a seconda di quale condizione si verifichi per prima. Sei tenuto a restituire o consegnare i beni direttamente a noi senza indebito ritardo e in ogni caso non oltre 14 giorni di calendario dal giorno in cui ci hai comunicato il tuo recesso dal presente contratto. Il termine sar\u00e0 rispettato se rispedisci i beni prima della scadenza. [Sarai responsabile del costo diretto della restituzione dei beni.] Sarai responsabile solo per qualsiasi diminuzione del valore dei beni risultante da una manipolazione diversa da quella necessaria per stabilire la natura, le caratteristiche e il funzionamento dei beni.\u00ab<\/p>\n\n\n\n<p><\/p>","protected":false},"excerpt":{"rendered":"<p>GASTOS DE ENTREGA Y TRANSPORTE Los env\u00edos se realizar\u00e1n mediante CTT Express, UPS y\/o log\u00edstica de Amazon, seg\u00fan sea el pedido. Env\u00edo totalmente gratuito para pen\u00ednsula. En los env\u00edos a pa\u00edses miembros de la Uni\u00f3n Europea y\/o Baleares, el coste de env\u00edo es de 10\u20ac. De momento, NO realizamos env\u00edos a Islas Canarias, Ceuta o [&hellip;]<\/p>","protected":false},"author":1,"featured_media":0,"parent":0,"menu_order":0,"comment_status":"closed","ping_status":"closed","template":"","meta":{"_acf_changed":false,"_joinchat":[],"footnotes":""},"class_list":["post-12261","page","type-page","status-publish","hentry"],"acf":[],"_links":{"self":[{"href":"https:\/\/granatherapy.com\/it\/wp-json\/wp\/v2\/pages\/12261","targetHints":{"allow":["GET"]}}],"collection":[{"href":"https:\/\/granatherapy.com\/it\/wp-json\/wp\/v2\/pages"}],"about":[{"href":"https:\/\/granatherapy.com\/it\/wp-json\/wp\/v2\/types\/page"}],"author":[{"embeddable":true,"href":"https:\/\/granatherapy.com\/it\/wp-json\/wp\/v2\/users\/1"}],"replies":[{"embeddable":true,"href":"https:\/\/granatherapy.com\/it\/wp-json\/wp\/v2\/comments?post=12261"}],"version-history":[{"count":16,"href":"https:\/\/granatherapy.com\/it\/wp-json\/wp\/v2\/pages\/12261\/revisions"}],"predecessor-version":[{"id":16639,"href":"https:\/\/granatherapy.com\/it\/wp-json\/wp\/v2\/pages\/12261\/revisions\/16639"}],"wp:attachment":[{"href":"https:\/\/granatherapy.com\/it\/wp-json\/wp\/v2\/media?parent=12261"}],"curies":[{"name":"parola chiave","href":"https:\/\/api.w.org\/{rel}","templated":true}]}}