{"id":17422,"date":"2026-02-19T11:38:15","date_gmt":"2026-02-19T10:38:15","guid":{"rendered":"https:\/\/granatherapy2.miwebnueva.net\/?post_type=product&#038;p=17422"},"modified":"2026-02-25T01:49:42","modified_gmt":"2026-02-25T00:49:42","slug":"extrait-de-kaki-plus-3x60","status":"publish","type":"product","link":"https:\/\/granatherapy.com\/fr\/magasin\/extrait-de-kaki-plus-3x60\/","title":{"rendered":"Extrait de kaki Plus 3\u00d760"},"content":{"rendered":"<p>L&#039;extrait de kaki est une source naturelle de <b>Polyph\u00e9nols<\/b>, en particulier <b>tanins condens\u00e9s<\/b>, des compos\u00e9s bioactifs dot\u00e9s d&#039;une forte capacit\u00e9 \u00e0 moduler le m\u00e9tabolisme des graisses.<\/p>\n<p>Merci \u00e0 vous <b>Proc\u00e9d\u00e9 d&#039;extraction \u00e9cologique \u00e0 l&#039;eau ultrapure (Pure-Hydro Process\u00ae)<\/b>, un extrait standardis\u00e9 est obtenu avec un <b>concentration de tannins condens\u00e9s sup\u00e9rieure \u00e0 5 %<\/b>, garantissant la stabilit\u00e9, la biodisponibilit\u00e9 et l&#039;efficacit\u00e9 physiologique.<\/p>\n<p>Son m\u00e9canisme d&#039;action repose principalement sur <b>inhibition de la lipase pancr\u00e9atique<\/b>, l&#039;enzyme responsable de la digestion des graisses, qui r\u00e9duit leur absorption et favorise leur \u00e9limination.<\/p>","protected":false},"excerpt":{"rendered":"<p>Persimmon Extract Plus est un compl\u00e9ment alimentaire fabriqu\u00e9 avec <b>extrait sec de kaki (Diospyros kaki Lf)<\/b>, Cultiv\u00e9 et transform\u00e9 en Espagne. Son efficacit\u00e9 est soutenue par un <b>essai clinique humain<\/b>, ce qui d\u00e9montre des avantages significatifs en mati\u00e8re de r\u00e9duction de la masse grasse et d&#039;am\u00e9lioration de la composition corporelle, sans effets secondaires.<\/p>","protected":false},"featured_media":17420,"comment_status":"closed","ping_status":"closed","template":"","meta":{"_acf_changed":false,"_joinchat":[]},"product_brand":[],"product_cat":[505,499,520],"product_tag":[],"class_list":{"0":"post-17422","1":"product","2":"type-product","3":"status-publish","4":"has-post-thumbnail","6":"product_cat-belleza-de-piel-y-cabello","7":"product_cat-control-del-peso","8":"product_cat-extracto-de-caqui","9":"product_shipping_class-envio-gratuito","11":"first","12":"instock","13":"taxable","14":"shipping-taxable","15":"purchasable","16":"product-type-simple"},"acf":[],"_links":{"self":[{"href":"https:\/\/granatherapy.com\/fr\/wp-json\/wp\/v2\/product\/17422","targetHints":{"allow":["GET"]}}],"collection":[{"href":"https:\/\/granatherapy.com\/fr\/wp-json\/wp\/v2\/product"}],"about":[{"href":"https:\/\/granatherapy.com\/fr\/wp-json\/wp\/v2\/types\/product"}],"replies":[{"embeddable":true,"href":"https:\/\/granatherapy.com\/fr\/wp-json\/wp\/v2\/comments?post=17422"}],"version-history":[{"count":3,"href":"https:\/\/granatherapy.com\/fr\/wp-json\/wp\/v2\/product\/17422\/revisions"}],"predecessor-version":[{"id":17472,"href":"https:\/\/granatherapy.com\/fr\/wp-json\/wp\/v2\/product\/17422\/revisions\/17472"}],"wp:featuredmedia":[{"embeddable":true,"href":"https:\/\/granatherapy.com\/fr\/wp-json\/wp\/v2\/media\/17420"}],"wp:attachment":[{"href":"https:\/\/granatherapy.com\/fr\/wp-json\/wp\/v2\/media?parent=17422"}],"wp:term":[{"taxonomy":"product_brand","embeddable":true,"href":"https:\/\/granatherapy.com\/fr\/wp-json\/wp\/v2\/product_brand?post=17422"},{"taxonomy":"product_cat","embeddable":true,"href":"https:\/\/granatherapy.com\/fr\/wp-json\/wp\/v2\/product_cat?post=17422"},{"taxonomy":"product_tag","embeddable":true,"href":"https:\/\/granatherapy.com\/fr\/wp-json\/wp\/v2\/product_tag?post=17422"}],"curies":[{"name":"wp","href":"https:\/\/api.w.org\/{rel}","templated":true}]}}