{"id":1742,"date":"2020-01-09T19:41:24","date_gmt":"2020-01-09T18:41:24","guid":{"rendered":"https:\/\/granatherapy2.miwebnueva.net?post_type=product&#038;p=1742"},"modified":"2026-02-18T10:48:11","modified_gmt":"2026-02-18T09:48:11","slug":"punicalagine-hydroxytyrosol-plus","status":"publish","type":"product","link":"https:\/\/granatherapy.com\/fr\/magasin\/punicalagine-hydroxytyrosol-plus\/","title":{"rendered":"Punicalagine Hydroxytyrosol Plus 3\u00d760"},"content":{"rendered":"<p>La punicalagine est un ellagitanin pr\u00e9sent dans la grenade, dot\u00e9 d\u2019une puissante activit\u00e9 antioxydante et anti-inflammatoire, qui est m\u00e9tabolis\u00e9 dans l\u2019intestin en compos\u00e9s b\u00e9n\u00e9fiques tels que les urolithines. De son c\u00f4t\u00e9, l\u2019hydroxytyrosol est l\u2019un des polyph\u00e9nols les plus efficaces pour neutraliser les radicaux libres et prot\u00e9ger les cellules contre les dommages oxydatifs.<\/p>\n<p>La combinaison de ces deux actifs offre une <i>d\u00e9fense antioxydante renforc\u00e9e,<\/i>aidant \u00e0 :<\/p>\n<ul>\n<li aria-level=\"1\">Prot\u00e9ger les cellules contre les dommages oxydatifs et le stress physiologique.<\/li>\n<li aria-level=\"1\">R\u00e9duire les processus inflammatoires chroniques.<\/li>\n<li aria-level=\"1\">Soutenir la sant\u00e9 cellulaire et l\u2019int\u00e9grit\u00e9 des tissus vitaux.<\/li>\n<li aria-level=\"1\">Favoriser une r\u00e9ponse antioxydante plus large qu\u2019avec un seul extrait.<\/li>\n<\/ul>","protected":false},"excerpt":{"rendered":"<p><i>Extrait de grenade (Punica granatum) et d\u2019olive (Olea europaea) issus d\u2019une culture durable en Espagne pour une protection compl\u00e8te contre le stress oxydatif, le vieillissement cellulaire et le bien-\u00eatre cardiovasculaire.<\/i><\/p>\n<p><b>Punicalagine Hydroxytyrosol Plus<\/b> compl\u00e9ment alimentaire unique qui associe deux des <b>antioxydants naturels les plus puissants du r\u00e9gime m\u00e9diterran\u00e9en<\/b>: la <b>punicalagine<\/b> de la grenade et l\u2019 <b>hydroxytyrosol<\/b> de l\u2019olive. Gr\u00e2ce \u00e0 son proc\u00e9d\u00e9 d\u2019extraction \u00e9cologique \u00e0 l\u2019eau ultrapure, les polyph\u00e9nols actifs sont pr\u00e9serv\u00e9s sous une forme hautement biodisponible, offrant une <b>otection cellulaire renforc\u00e9e<\/b> contre le stress oxydatif et l\u2019inflammation.<\/p>","protected":false},"featured_media":11579,"comment_status":"open","ping_status":"closed","template":"","meta":{"_acf_changed":false,"_joinchat":[]},"product_brand":[],"product_cat":[504,505,499,497,502,501,509,503,500,498,496,506],"product_tag":[],"class_list":{"0":"post-1742","1":"product","2":"type-product","3":"status-publish","4":"has-post-thumbnail","6":"product_cat-antibacteriano-antimicrobiano","7":"product_cat-belleza-de-piel-y-cabello","8":"product_cat-control-del-peso","9":"product_cat-digestion-higado-y-flora-intestinal","10":"product_cat-energia-y-resistencia","11":"product_cat-nutricion-deportiva","12":"product_cat-punicalagina-hidroxitirosol-plus","13":"product_cat-refuerzo-del-sistema-inmunitario","14":"product_cat-salud-articular","15":"product_cat-salud-del-cerebro-y-memoria","16":"product_cat-salud-del-corazon-y-control-de-grasas-en-sangre","17":"product_cat-salud-ocular","18":"product_shipping_class-envio-gratuito","20":"first","21":"instock","22":"taxable","23":"shipping-taxable","24":"purchasable","25":"product-type-simple"},"acf":[],"_links":{"self":[{"href":"https:\/\/granatherapy.com\/fr\/wp-json\/wp\/v2\/product\/1742","targetHints":{"allow":["GET"]}}],"collection":[{"href":"https:\/\/granatherapy.com\/fr\/wp-json\/wp\/v2\/product"}],"about":[{"href":"https:\/\/granatherapy.com\/fr\/wp-json\/wp\/v2\/types\/product"}],"replies":[{"embeddable":true,"href":"https:\/\/granatherapy.com\/fr\/wp-json\/wp\/v2\/comments?post=1742"}],"version-history":[{"count":11,"href":"https:\/\/granatherapy.com\/fr\/wp-json\/wp\/v2\/product\/1742\/revisions"}],"predecessor-version":[{"id":17221,"href":"https:\/\/granatherapy.com\/fr\/wp-json\/wp\/v2\/product\/1742\/revisions\/17221"}],"wp:featuredmedia":[{"embeddable":true,"href":"https:\/\/granatherapy.com\/fr\/wp-json\/wp\/v2\/media\/11579"}],"wp:attachment":[{"href":"https:\/\/granatherapy.com\/fr\/wp-json\/wp\/v2\/media?parent=1742"}],"wp:term":[{"taxonomy":"product_brand","embeddable":true,"href":"https:\/\/granatherapy.com\/fr\/wp-json\/wp\/v2\/product_brand?post=1742"},{"taxonomy":"product_cat","embeddable":true,"href":"https:\/\/granatherapy.com\/fr\/wp-json\/wp\/v2\/product_cat?post=1742"},{"taxonomy":"product_tag","embeddable":true,"href":"https:\/\/granatherapy.com\/fr\/wp-json\/wp\/v2\/product_tag?post=1742"}],"curies":[{"name":"wp","href":"https:\/\/api.w.org\/{rel}","templated":true}]}}