{"id":1736,"date":"2020-01-09T19:24:55","date_gmt":"2020-01-09T18:24:55","guid":{"rendered":"https:\/\/granatherapy2.miwebnueva.net?post_type=product&#038;p=1736"},"modified":"2026-02-18T10:48:11","modified_gmt":"2026-02-18T09:48:11","slug":"hydroxytyrosol-plus-3x30","status":"publish","type":"product","link":"https:\/\/granatherapy.com\/fr\/magasin\/hydroxytyrosol-plus-3x30\/","title":{"rendered":"Hydroxytyrosol Plus 3\u00d760"},"content":{"rendered":"<p>La <b>hydroxytyrosol<\/b> Il s&#039;agit d&#039;un polyph\u00e9nol pr\u00e9sent principalement dans l&#039;huile d&#039;olive extra vierge et les feuilles d&#039;olivier. Il est consid\u00e9r\u00e9 comme l&#039;un des antioxydants naturels les plus puissants apr\u00e8s l&#039;acide gallique, avec une capacit\u00e9 sup\u00e9rieure \u00e0 celle d&#039;autres compos\u00e9s tels que la coenzyme Q10 ou le th\u00e9 vert.<\/p>\n<p>Gr\u00e2ce \u00e0 sa structure mol\u00e9culaire, l&#039;hydroxytyrosol :<\/p>\n<ul>\n<li aria-level=\"1\">Il neutralise les radicaux libres et prot\u00e8ge les cellules des dommages oxydatifs.,<\/li>\n<li aria-level=\"1\">contribue au fonctionnement normal du syst\u00e8me cardiovasculaire,<\/li>\n<li aria-level=\"1\">favorise un vieillissement en bonne sant\u00e9 et<\/li>\n<li aria-level=\"1\">Il contribue au maintien d&#039;un m\u00e9tabolisme \u00e9quilibr\u00e9.<\/li>\n<\/ul>\n<p>Ce compos\u00e9 est <b>hautement biodisponible<\/b>, Cela permet \u00e0 l&#039;organisme de l&#039;absorber efficacement et de l&#039;utiliser dans des processus de protection essentiels.<\/p>","protected":false},"excerpt":{"rendered":"<p><i>Antioxydant naturel \u00e0 haute teneur en hydroxytyrosol pour favoriser la sant\u00e9 cardiovasculaire, un vieillissement en bonne sant\u00e9 et le bien-\u00eatre g\u00e9n\u00e9ral.<\/i><\/p>\n<p><b>Hydroxytyrosol Plus<\/b> Il s&#039;agit d&#039;un compl\u00e9ment alimentaire \u00e0 base d&#039;extrait sec d&#039;olive (<b>Olea europaea L.<\/b>) <b>cultiv\u00e9 en Espagne<\/b> et extraits par un proc\u00e9d\u00e9 respectueux de l&#039;environnement avec <b>l\u2019eau ultrapure<\/b> qui conserve ses polyph\u00e9nols naturels sans additifs chimiques. Chaque capsule contient <b>dose recommand\u00e9e d&#039;hydroxytyrosol<\/b> \u2014l\u2019un des antioxydants naturels les plus puissants qui existent\u2014 ainsi que d\u2019autres compos\u00e9s ph\u00e9noliques b\u00e9n\u00e9fiques.<\/p>","protected":false},"featured_media":11525,"comment_status":"open","ping_status":"closed","template":"","meta":{"_acf_changed":false,"_joinchat":[]},"product_brand":[],"product_cat":[504,512,496],"product_tag":[],"class_list":{"0":"post-1736","1":"product","2":"type-product","3":"status-publish","4":"has-post-thumbnail","6":"product_cat-antibacteriano-antimicrobiano","7":"product_cat-hidroxitirosol","8":"product_cat-salud-del-corazon-y-control-de-grasas-en-sangre","9":"product_shipping_class-envio-gratuito","11":"first","12":"instock","13":"taxable","14":"shipping-taxable","15":"purchasable","16":"product-type-simple"},"acf":[],"_links":{"self":[{"href":"https:\/\/granatherapy.com\/fr\/wp-json\/wp\/v2\/product\/1736","targetHints":{"allow":["GET"]}}],"collection":[{"href":"https:\/\/granatherapy.com\/fr\/wp-json\/wp\/v2\/product"}],"about":[{"href":"https:\/\/granatherapy.com\/fr\/wp-json\/wp\/v2\/types\/product"}],"replies":[{"embeddable":true,"href":"https:\/\/granatherapy.com\/fr\/wp-json\/wp\/v2\/comments?post=1736"}],"version-history":[{"count":15,"href":"https:\/\/granatherapy.com\/fr\/wp-json\/wp\/v2\/product\/1736\/revisions"}],"predecessor-version":[{"id":17253,"href":"https:\/\/granatherapy.com\/fr\/wp-json\/wp\/v2\/product\/1736\/revisions\/17253"}],"wp:featuredmedia":[{"embeddable":true,"href":"https:\/\/granatherapy.com\/fr\/wp-json\/wp\/v2\/media\/11525"}],"wp:attachment":[{"href":"https:\/\/granatherapy.com\/fr\/wp-json\/wp\/v2\/media?parent=1736"}],"wp:term":[{"taxonomy":"product_brand","embeddable":true,"href":"https:\/\/granatherapy.com\/fr\/wp-json\/wp\/v2\/product_brand?post=1736"},{"taxonomy":"product_cat","embeddable":true,"href":"https:\/\/granatherapy.com\/fr\/wp-json\/wp\/v2\/product_cat?post=1736"},{"taxonomy":"product_tag","embeddable":true,"href":"https:\/\/granatherapy.com\/fr\/wp-json\/wp\/v2\/product_tag?post=1736"}],"curies":[{"name":"wp","href":"https:\/\/api.w.org\/{rel}","templated":true}]}}