{"id":17315,"date":"2026-01-27T02:52:53","date_gmt":"2026-01-27T01:52:53","guid":{"rendered":"https:\/\/granatherapy2.miwebnueva.net\/?post_type=product&#038;p=17315"},"modified":"2026-02-20T10:28:00","modified_gmt":"2026-02-20T09:28:00","slug":"extrait-de-concombre-plus-3x60","status":"publish","type":"product","link":"https:\/\/granatherapy.com\/fr\/magasin\/extrait-de-concombre-plus-3x60\/","title":{"rendered":"Extrait de concombre Plus 3\u00d760"},"content":{"rendered":"<p>L&#039;extrait de concombre est une source naturelle de <strong>Acides amin\u00e9s bioactifs, flavono\u00efdes, tanins et iminosucres<\/strong>, des compos\u00e9s aux propri\u00e9t\u00e9s anti-inflammatoires et antioxydantes qui agissent directement sur les m\u00e9canismes impliqu\u00e9s dans la douleur et la d\u00e9g\u00e9n\u00e9rescence articulaire.<\/p>\n<p>Gr\u00e2ce \u00e0 <strong>Proc\u00e9d\u00e9 d&#039;extraction \u00e9cologique \u00e0 l&#039;eau ultrapure (Pure-Hydro Process\u00ae)<\/strong>, On obtient un extrait hautement concentr\u00e9 et biodisponible, standardis\u00e9 sous la marque <strong>CuberUp\u00ae<\/strong>, ce qui garantit stabilit\u00e9, puret\u00e9 et efficacit\u00e9 physiologique.<\/p>\n<p>Son m\u00e9canisme d&#039;action repose sur le <strong>r\u00e9gulation de l&#039;oxyde nitrique<\/strong>, la r\u00e9duction des m\u00e9diateurs inflammatoires et la protection du cartilage articulaire.<\/p>","protected":false},"excerpt":{"rendered":"<p>Soulagement des douleurs articulaires, am\u00e9lioration de la mobilit\u00e9 et soutien complet de la sant\u00e9 articulaire.<\/p>\n<p><strong>Extrait de concombre plus<\/strong> Il s&#039;agit d&#039;un compl\u00e9ment alimentaire fabriqu\u00e9 \u00e0 partir de <strong>extrait sec de concombre (Cucumis sativus L.)<\/strong>, Cultiv\u00e9 en Espagne et obtenu par un proc\u00e9d\u00e9 d&#039;extraction biologique. Son efficacit\u00e9 a \u00e9t\u00e9 d\u00e9montr\u00e9e. <strong>cliniquement prouv\u00e9 chez l&#039;homme<\/strong> Pour soulager les douleurs articulaires et am\u00e9liorer la fonctionnalit\u00e9 chez les personnes souffrant d&#039;arthrose du genou.<\/p>","protected":false},"featured_media":17316,"comment_status":"closed","ping_status":"closed","template":"","meta":{"_acf_changed":false,"_joinchat":[]},"product_brand":[],"product_cat":[519],"product_tag":[],"class_list":{"0":"post-17315","1":"product","2":"type-product","3":"status-publish","4":"has-post-thumbnail","6":"product_cat-extracto-de-pepino","7":"product_shipping_class-envio-gratuito","9":"first","10":"instock","11":"taxable","12":"shipping-taxable","13":"purchasable","14":"product-type-simple"},"acf":[],"_links":{"self":[{"href":"https:\/\/granatherapy.com\/fr\/wp-json\/wp\/v2\/product\/17315","targetHints":{"allow":["GET"]}}],"collection":[{"href":"https:\/\/granatherapy.com\/fr\/wp-json\/wp\/v2\/product"}],"about":[{"href":"https:\/\/granatherapy.com\/fr\/wp-json\/wp\/v2\/types\/product"}],"replies":[{"embeddable":true,"href":"https:\/\/granatherapy.com\/fr\/wp-json\/wp\/v2\/comments?post=17315"}],"version-history":[{"count":2,"href":"https:\/\/granatherapy.com\/fr\/wp-json\/wp\/v2\/product\/17315\/revisions"}],"predecessor-version":[{"id":17318,"href":"https:\/\/granatherapy.com\/fr\/wp-json\/wp\/v2\/product\/17315\/revisions\/17318"}],"wp:featuredmedia":[{"embeddable":true,"href":"https:\/\/granatherapy.com\/fr\/wp-json\/wp\/v2\/media\/17316"}],"wp:attachment":[{"href":"https:\/\/granatherapy.com\/fr\/wp-json\/wp\/v2\/media?parent=17315"}],"wp:term":[{"taxonomy":"product_brand","embeddable":true,"href":"https:\/\/granatherapy.com\/fr\/wp-json\/wp\/v2\/product_brand?post=17315"},{"taxonomy":"product_cat","embeddable":true,"href":"https:\/\/granatherapy.com\/fr\/wp-json\/wp\/v2\/product_cat?post=17315"},{"taxonomy":"product_tag","embeddable":true,"href":"https:\/\/granatherapy.com\/fr\/wp-json\/wp\/v2\/product_tag?post=17315"}],"curies":[{"name":"wp","href":"https:\/\/api.w.org\/{rel}","templated":true}]}}