{"id":17304,"date":"2026-01-27T02:50:08","date_gmt":"2026-01-27T01:50:08","guid":{"rendered":"https:\/\/granatherapy2.miwebnueva.net\/?post_type=product&#038;p=17304"},"modified":"2026-02-20T10:25:05","modified_gmt":"2026-02-20T09:25:05","slug":"extrait-de-figue-plus-3x60","status":"publish","type":"product","link":"https:\/\/granatherapy.com\/fr\/magasin\/extrait-de-figue-plus-3x60\/","title":{"rendered":"Extrait de figue Plus 3\u00d760"},"content":{"rendered":"<p><strong>Extrait de figue plus<\/strong> Il s&#039;agit d&#039;un compl\u00e9ment alimentaire fabriqu\u00e9 \u00e0 partir de <strong>extrait de figue s\u00e9ch\u00e9e (<em>Ficus carica L.<\/em>)<\/strong> cultiv\u00e9 en Espagne et standardis\u00e9 en <strong>acide abscissique (ABA)<\/strong>, une phytohormone naturelle jouant un r\u00f4le cl\u00e9 dans la r\u00e9gulation du m\u00e9tabolisme du glucose.<\/p>\n<p>Son efficacit\u00e9 est soutenue par <strong>\u00e9tudes scientifiques publi\u00e9es<\/strong> qui d\u00e9montrent leur capacit\u00e9 \u00e0 <strong>am\u00e9liorer la sensibilit\u00e9 \u00e0 l&#039;insuline<\/strong>, r\u00e9duire l&#039;inflammation m\u00e9tabolique et favoriser un meilleur contr\u00f4le de la glyc\u00e9mie, m\u00eame \u00e0 tr\u00e8s faibles doses.<\/p>","protected":false},"excerpt":{"rendered":"<p><strong>Compl\u00e9ment alimentaire \u00e0 base d&#039;extrait de figue standardis\u00e9 en acide abscissique (ABA)<\/strong><\/p>\n<p>Soutien naturel pour <strong>contr\u00f4le glyc\u00e9mique<\/strong> et le <strong>am\u00e9lioration de la sensibilit\u00e9 \u00e0 l&#039;insuline<\/strong>.<\/p>","protected":false},"featured_media":17305,"comment_status":"closed","ping_status":"closed","template":"","meta":{"_acf_changed":false,"_joinchat":[]},"product_brand":[],"product_cat":[518],"product_tag":[],"class_list":{"0":"post-17304","1":"product","2":"type-product","3":"status-publish","4":"has-post-thumbnail","6":"product_cat-extracto-de-higo","7":"product_shipping_class-envio-gratuito","9":"first","10":"instock","11":"taxable","12":"shipping-taxable","13":"purchasable","14":"product-type-simple"},"acf":[],"_links":{"self":[{"href":"https:\/\/granatherapy.com\/fr\/wp-json\/wp\/v2\/product\/17304","targetHints":{"allow":["GET"]}}],"collection":[{"href":"https:\/\/granatherapy.com\/fr\/wp-json\/wp\/v2\/product"}],"about":[{"href":"https:\/\/granatherapy.com\/fr\/wp-json\/wp\/v2\/types\/product"}],"replies":[{"embeddable":true,"href":"https:\/\/granatherapy.com\/fr\/wp-json\/wp\/v2\/comments?post=17304"}],"version-history":[{"count":3,"href":"https:\/\/granatherapy.com\/fr\/wp-json\/wp\/v2\/product\/17304\/revisions"}],"predecessor-version":[{"id":17308,"href":"https:\/\/granatherapy.com\/fr\/wp-json\/wp\/v2\/product\/17304\/revisions\/17308"}],"wp:featuredmedia":[{"embeddable":true,"href":"https:\/\/granatherapy.com\/fr\/wp-json\/wp\/v2\/media\/17305"}],"wp:attachment":[{"href":"https:\/\/granatherapy.com\/fr\/wp-json\/wp\/v2\/media?parent=17304"}],"wp:term":[{"taxonomy":"product_brand","embeddable":true,"href":"https:\/\/granatherapy.com\/fr\/wp-json\/wp\/v2\/product_brand?post=17304"},{"taxonomy":"product_cat","embeddable":true,"href":"https:\/\/granatherapy.com\/fr\/wp-json\/wp\/v2\/product_cat?post=17304"},{"taxonomy":"product_tag","embeddable":true,"href":"https:\/\/granatherapy.com\/fr\/wp-json\/wp\/v2\/product_tag?post=17304"}],"curies":[{"name":"wp","href":"https:\/\/api.w.org\/{rel}","templated":true}]}}