{"id":1692,"date":"2020-01-09T17:02:27","date_gmt":"2020-01-09T16:02:27","guid":{"rendered":"https:\/\/granatherapy2.miwebnueva.net?post_type=product&#038;p=1692"},"modified":"2026-02-18T10:48:10","modified_gmt":"2026-02-18T09:48:10","slug":"punicalagina-plus-3x28","status":"publish","type":"product","link":"https:\/\/granatherapy.com\/fr\/magasin\/punicalagina-plus-3x28\/","title":{"rendered":"Punicalagine Plus 3\u00d728"},"content":{"rendered":"<p>La punicalagine <b>punicalagine<\/b> est un puissant antioxydant naturel appartenant au groupe des polyph\u00e9nols. Sa capacit\u00e9 \u00e0 neutraliser les radicaux libres, \u00e0 r\u00e9duire le stress oxydatif et \u00e0 moduler la r\u00e9ponse inflammatoire en fait un alli\u00e9 essentiel pour la sant\u00e9 cellulaire, cardiovasculaire, immunitaire et m\u00e9tabolique.<\/p>\n<p>Gr\u00e2ce \u00e0 son <b>proc\u00e9d\u00e9 d\u2019extraction \u00e0 l\u2019eau ultrapure<\/b>, les mol\u00e9cules actives sont pr\u00e9serv\u00e9es intactes, garantissant une <b>une solubilit\u00e9 \u00e0 100 % et une biodisponibilit\u00e9 sup\u00e9rieure<\/b> qui renforce son action dans l\u2019organisme.<\/p>","protected":false},"excerpt":{"rendered":"<p><i>Antioxydant naturel, anti-inflammatoire et soutien global au bien-\u00eatre g\u00e9n\u00e9ral.<\/i><\/p>\n<p><b>Punicalagine Plus<\/b> Il s\u2019agit d\u2019un compl\u00e9ment alimentaire \u00e9labor\u00e9 \u00e0 partir d\u2019extrait sec de grenade (Punica granatum L.) <b>, cultiv\u00e9e, extraite et conditionn\u00e9e en Espagne.<\/b>. Chaque capsule contient <b>200 mg de punicalagine de haute qualit\u00e9<\/b> et est soutenue par de multiples \u00e9tudes scientifiques qui confirment ses bienfaits pour la sant\u00e9.<\/p>","protected":false},"featured_media":11491,"comment_status":"open","ping_status":"closed","template":"","meta":{"_acf_changed":false,"_joinchat":[]},"product_brand":[],"product_cat":[68,504,505,499,497,502,501,516,503,500,498,496,506],"product_tag":[],"class_list":{"0":"post-1692","1":"product","2":"type-product","3":"status-publish","4":"has-post-thumbnail","6":"product_cat-punicalagina","7":"product_cat-antibacteriano-antimicrobiano","8":"product_cat-belleza-de-piel-y-cabello","9":"product_cat-control-del-peso","10":"product_cat-digestion-higado-y-flora-intestinal","11":"product_cat-energia-y-resistencia","12":"product_cat-nutricion-deportiva","13":"product_cat-punicalagina-plus","14":"product_cat-refuerzo-del-sistema-inmunitario","15":"product_cat-salud-articular","16":"product_cat-salud-del-cerebro-y-memoria","17":"product_cat-salud-del-corazon-y-control-de-grasas-en-sangre","18":"product_cat-salud-ocular","19":"product_shipping_class-envio-gratuito","21":"first","22":"instock","23":"taxable","24":"shipping-taxable","25":"purchasable","26":"product-type-simple"},"acf":[],"_links":{"self":[{"href":"https:\/\/granatherapy.com\/fr\/wp-json\/wp\/v2\/product\/1692","targetHints":{"allow":["GET"]}}],"collection":[{"href":"https:\/\/granatherapy.com\/fr\/wp-json\/wp\/v2\/product"}],"about":[{"href":"https:\/\/granatherapy.com\/fr\/wp-json\/wp\/v2\/types\/product"}],"replies":[{"embeddable":true,"href":"https:\/\/granatherapy.com\/fr\/wp-json\/wp\/v2\/comments?post=1692"}],"version-history":[{"count":12,"href":"https:\/\/granatherapy.com\/fr\/wp-json\/wp\/v2\/product\/1692\/revisions"}],"predecessor-version":[{"id":17408,"href":"https:\/\/granatherapy.com\/fr\/wp-json\/wp\/v2\/product\/1692\/revisions\/17408"}],"wp:featuredmedia":[{"embeddable":true,"href":"https:\/\/granatherapy.com\/fr\/wp-json\/wp\/v2\/media\/11491"}],"wp:attachment":[{"href":"https:\/\/granatherapy.com\/fr\/wp-json\/wp\/v2\/media?parent=1692"}],"wp:term":[{"taxonomy":"product_brand","embeddable":true,"href":"https:\/\/granatherapy.com\/fr\/wp-json\/wp\/v2\/product_brand?post=1692"},{"taxonomy":"product_cat","embeddable":true,"href":"https:\/\/granatherapy.com\/fr\/wp-json\/wp\/v2\/product_cat?post=1692"},{"taxonomy":"product_tag","embeddable":true,"href":"https:\/\/granatherapy.com\/fr\/wp-json\/wp\/v2\/product_tag?post=1692"}],"curies":[{"name":"wp","href":"https:\/\/api.w.org\/{rel}","templated":true}]}}