{"id":15720,"date":"2025-06-05T21:57:10","date_gmt":"2025-06-05T19:57:10","guid":{"rendered":"https:\/\/granatherapy2.miwebnueva.net?post_type=product&#038;p=15720"},"modified":"2026-03-02T11:47:05","modified_gmt":"2026-03-02T10:47:05","slug":"figues-mediterraneennes-et-figues-precoces","status":"publish","type":"product","link":"https:\/\/granatherapy.com\/fr\/magasin\/figues-mediterraneennes-et-figues-precoces\/","title":{"rendered":"Figues et brevas fra\u00eeches de la M\u00e9diterran\u00e9e"},"content":{"rendered":"<div data-elementor-type=\"product-post\" data-elementor-id=\"15720\" class=\"elementor elementor-15720\" data-elementor-post-type=\"product\">\n\t\t\t\t\t\t<section class=\"elementor-section elementor-top-section elementor-element elementor-element-30a010a6 elementor-section-boxed elementor-section-height-default elementor-section-height-default\" data-id=\"30a010a6\" data-element_type=\"section\" data-e-type=\"section\">\n\t\t\t\t\t\t<div class=\"elementor-container elementor-column-gap-default\">\n\t\t\t\t\t<div class=\"elementor-column elementor-col-100 elementor-top-column elementor-element elementor-element-3412e41b\" data-id=\"3412e41b\" data-element_type=\"column\" data-e-type=\"column\">\n\t\t\t<div class=\"elementor-widget-wrap elementor-element-populated\">\n\t\t\t\t\t\t<div class=\"elementor-element elementor-element-7fe1863 elementor-widget elementor-widget-accordion\" data-id=\"7fe1863\" data-element_type=\"widget\" data-e-type=\"widget\" data-widget_type=\"accordion.default\">\n\t\t\t\t\t\t\t<div class=\"elementor-accordion\">\n\t\t\t\t\t\t\t<div class=\"elementor-accordion-item\">\n\t\t\t\t\t<div id=\"elementor-tab-title-1341\" class=\"elementor-tab-title\" data-tab=\"1\" role=\"button\" aria-controls=\"elementor-tab-content-1341\" aria-expanded=\"false\">\n\t\t\t\t\t\t\t\t\t\t\t\t\t<span class=\"elementor-accordion-icon elementor-accordion-icon-left\" aria-hidden=\"true\">\n\t\t\t\t\t\t\t\t\t\t\t\t\t\t\t<span class=\"elementor-accordion-icon-closed\"><i class=\"fas fa-plus\"><\/i><\/span>\n\t\t\t\t\t\t\t\t<span class=\"elementor-accordion-icon-opened\"><i class=\"fas fa-minus\"><\/i><\/span>\n\t\t\t\t\t\t\t\t\t\t\t\t\t\t<\/span>\n\t\t\t\t\t\t\t\t\t\t\t\t<a class=\"elementor-accordion-title\" tabindex=\"0\">Description<\/a>\n\t\t\t\t\t<\/div>\n\t\t\t\t\t<div id=\"elementor-tab-content-1341\" class=\"elementor-tab-content elementor-clearfix\" data-tab=\"1\" role=\"region\" aria-labelledby=\"elementor-tab-title-1341\"><p data-start=\"904\" data-end=\"979\">\ud83c\udf3f Produit de saison | \ud83d\udccd Origine locale | \ud83c\udf47 100 % naturel et sans additifs<\/p><p data-start=\"213\" data-end=\"649\">La <strong data-start=\"216\" data-end=\"237\">figue m\u00e9diterran\u00e9enne<\/strong> est un fruit embl\u00e9matique cultiv\u00e9 sur les terres fertiles d\u2019Alicante et de Murcie, des r\u00e9gions qui r\u00e9unissent les conditions id\u00e9ales pour le d\u00e9veloppement de ce mets naturel. Nos familles d\u2019agriculteurs associent des techniques ancestrales \u00e0 des technologies modernes pour vous offrir une <strong data-start=\"510\" data-end=\"525\">figue fra\u00eech<\/strong> d\u2019une qualit\u00e9 exceptionnelle, au go\u00fbt doux et juteux et \u00e0 la texture incomparable, \u00e9voquant le v\u00e9ritable esprit m\u00e9diterran\u00e9en.<\/p><p data-start=\"651\" data-end=\"1026\">Les <strong data-start=\"655\" data-end=\"665\">brevas<\/strong>La premi\u00e8re r\u00e9colte de la figue et les figues m\u00fbres sont un cadeau pour le palais et la sant\u00e9. Chaque fruit contient une forte concentration de fibres alimentaires, essentielles \u00e0 une digestion saine et \u00e0 la r\u00e9gulation du cholest\u00e9rol et de la glyc\u00e9mie. De plus, leur apport naturel en glucides fournit une \u00e9nergie imm\u00e9diate pour suivre le rythme du quotidien.<\/p><p data-start=\"1028\" data-end=\"1351\">La <strong data-start=\"1031\" data-end=\"1052\">figue m\u00e9diterran\u00e9enne<\/strong> Il se distingue par sa richesse en vitamines A, C et E, de puissants antioxydants qui aident \u00e0 lutter contre le vieillissement cellulaire et \u00e0 renforcer le syst\u00e8me immunitaire. Il apporte \u00e9galement des min\u00e9raux tels que le potassium, le calcium, le magn\u00e9sium et le fer, essentiels au bon fonctionnement cardiovasculaire, osseux et musculaire.<\/p><p data-start=\"1353\" data-end=\"1807\">L\u2019un des plus grands bienfaits des figues et brevas m\u00e9diterran\u00e9ennes est leur forte teneur en <strong data-start=\"1443\" data-end=\"1458\">Polyph\u00e9nols<\/strong>, des compos\u00e9s bioactifs aux propri\u00e9t\u00e9s antioxydantes et anti-inflammatoires reconnues. Les acides ph\u00e9noliques, les flavono\u00efdes, les anthocyanes et les carot\u00e9no\u00efdes agissent ensemble pour prot\u00e9ger les cellules contre les dommages oxydatifs, am\u00e9liorer la circulation sanguine et pr\u00e9server la sant\u00e9 oculaire, tout en apportant une saveur unique aux nuances sucr\u00e9es et aux notes de miel et de fruits secs.<\/p><p data-start=\"1809\" data-end=\"2147\">Inclure des figues et brevas m\u00e9diterran\u00e9ennes dans votre alimentation est bien plus que savourer une saveur exquise : c\u2019est une d\u00e9cision intelligente pour prendre soin de votre bien-\u00eatre. Une consommation r\u00e9guli\u00e8re peut am\u00e9liorer la sant\u00e9 digestive, aider \u00e0 contr\u00f4ler le cholest\u00e9rol et la glyc\u00e9mie, prot\u00e9ger contre le vieillissement cellulaire et apporter \u00e9nergie et vitalit\u00e9 de mani\u00e8re naturelle.<\/p><p data-start=\"2149\" data-end=\"2408\">Chez Granatum Plus, nous garantissons que chaque figue m\u00e9diterran\u00e9enne et chaque breva arrive sur votre table fra\u00eeche et \u00e0 son point optimal de maturit\u00e9, gr\u00e2ce \u00e0 notre service de livraison rapide en 24 heures. Nous pr\u00e9servons ainsi intactes toutes leurs propri\u00e9t\u00e9s nutritionnelles et leur saveur d\u00e9licieuse.<\/p><p data-start=\"2410\" data-end=\"2648\">Ne laissez pas passer ce tr\u00e9sor m\u00e9diterran\u00e9en. Red\u00e9couvrez les propri\u00e9t\u00e9s et la saveur des figues et brevas m\u00e9diterran\u00e9ennes, le fruit naturel qu\u2019Alicante et Murcie nous offrent chaque saison pour prendre soin de votre sant\u00e9 et de celle de toute votre famille.<\/p><p data-start=\"2650\" data-end=\"2744\">Faites de la figue m\u00e9diterran\u00e9enne votre fruit pr\u00e9f\u00e9r\u00e9 et profitez d\u00e8s aujourd\u2019hui de ses bienfaits naturels !<\/p><\/div>\n\t\t\t\t<\/div>\n\t\t\t\t\t\t\t<div class=\"elementor-accordion-item\">\n\t\t\t\t\t<div id=\"elementor-tab-title-1342\" class=\"elementor-tab-title\" data-tab=\"2\" role=\"button\" aria-controls=\"elementor-tab-content-1342\" aria-expanded=\"false\">\n\t\t\t\t\t\t\t\t\t\t\t\t\t<span class=\"elementor-accordion-icon elementor-accordion-icon-left\" aria-hidden=\"true\">\n\t\t\t\t\t\t\t\t\t\t\t\t\t\t\t<span class=\"elementor-accordion-icon-closed\"><i class=\"fas fa-plus\"><\/i><\/span>\n\t\t\t\t\t\t\t\t<span class=\"elementor-accordion-icon-opened\"><i class=\"fas fa-minus\"><\/i><\/span>\n\t\t\t\t\t\t\t\t\t\t\t\t\t\t<\/span>\n\t\t\t\t\t\t\t\t\t\t\t\t<a class=\"elementor-accordion-title\" tabindex=\"0\">Informations nutritionnelles (par figue fra\u00eeche d\u2019environ 50 g)<\/a>\n\t\t\t\t\t<\/div>\n\t\t\t\t\t<div id=\"elementor-tab-content-1342\" class=\"elementor-tab-content elementor-clearfix\" data-tab=\"2\" role=\"region\" aria-labelledby=\"elementor-tab-title-1342\"><table style=\"width: 100%; border-collapse: collapse; font-family: sans-serif;\"><thead style=\"background-color: #f4f4f4;\"><tr><th style=\"padding: 10px; border: 1px solid #ddd; text-align: left;\">Composant<\/th><th style=\"padding: 10px; border: 1px solid #ddd; text-align: left;\">Par figue (environ 50 g)<\/th><\/tr><\/thead><tbody><tr><td style=\"padding: 10px; border: 1px solid #ddd;\">\u00c9nergie<\/td><td style=\"padding: 10px; border: 1px solid #ddd;\">37 kcal<\/td><\/tr><tr><td style=\"padding: 10px; border: 1px solid #ddd;\">Glucides<\/td><td style=\"padding: 10px; border: 1px solid #ddd;\">9,6 g<\/td><\/tr><tr><td style=\"padding: 10px; border: 1px solid #ddd;\">Sucres naturels<\/td><td style=\"padding: 10px; border: 1px solid #ddd;\">8 g<\/td><\/tr><tr><td style=\"padding: 10px; border: 1px solid #ddd;\">Fibre<\/td><td style=\"padding: 10px; border: 1px solid #ddd;\">1,4 g<\/td><\/tr><tr><td style=\"padding: 10px; border: 1px solid #ddd;\">Prot\u00e9ines<\/td><td style=\"padding: 10px; border: 1px solid #ddd;\">0,3 g<\/td><\/tr><tr><td style=\"padding: 10px; border: 1px solid #ddd;\">mati\u00e8res grasses totales<\/td><td style=\"padding: 10px; border: 1px solid #ddd;\">0,1 g<\/td><\/tr><tr><td style=\"padding: 10px; border: 1px solid #ddd;\">graisses satur\u00e9es<\/td><td style=\"padding: 10px; border: 1px solid #ddd;\">0 g<\/td><\/tr><tr><td style=\"padding: 10px; border: 1px solid #ddd;\">Vitamine A<\/td><td style=\"padding: 10px; border: 1px solid #ddd;\">3 \u00b5g<\/td><\/tr><tr><td style=\"padding: 10px; border: 1px solid #ddd;\">Vitamine C<\/td><td style=\"padding: 10px; border: 1px solid #ddd;\">1,2 mg<\/td><\/tr><tr><td style=\"padding: 10px; border: 1px solid #ddd;\">Vitamine E<\/td><td style=\"padding: 10px; border: 1px solid #ddd;\">0,1 mg<\/td><\/tr><tr><td style=\"padding: 10px; border: 1px solid #ddd;\">Potassium<\/td><td style=\"padding: 10px; border: 1px solid #ddd;\">116 mg<\/td><\/tr><tr><td style=\"padding: 10px; border: 1px solid #ddd;\">Calcium<\/td><td style=\"padding: 10px; border: 1px solid #ddd;\">18 mg<\/td><\/tr><tr><td style=\"padding: 10px; border: 1px solid #ddd;\">Magn\u00e9sium<\/td><td style=\"padding: 10px; border: 1px solid #ddd;\">8 mg<\/td><\/tr><tr><td style=\"padding: 10px; border: 1px solid #ddd;\">Fer<\/td><td style=\"padding: 10px; border: 1px solid #ddd;\">0,2 mg<\/td><\/tr><tr style=\"background-color: #f9f9f9;\"><td style=\"padding: 10px; border: 1px solid #ddd;\"><strong>polyph\u00e9nols totaux<\/strong><\/td><td style=\"padding: 10px; border: 1px solid #ddd;\"><strong>100\u2013150 mg<\/strong><\/td><\/tr><\/tbody><\/table><p style=\"font-size: 0.9em; color: #666; margin-top: 8px;\">Valeurs approximatives ; peuvent varier selon la vari\u00e9t\u00e9, la taille et le degr\u00e9 de maturit\u00e9 de la figue.<\/p><\/div>\n\t\t\t\t<\/div>\n\t\t\t\t\t\t\t<div class=\"elementor-accordion-item\">\n\t\t\t\t\t<div id=\"elementor-tab-title-1343\" class=\"elementor-tab-title\" data-tab=\"3\" role=\"button\" aria-controls=\"elementor-tab-content-1343\" aria-expanded=\"false\">\n\t\t\t\t\t\t\t\t\t\t\t\t\t<span class=\"elementor-accordion-icon elementor-accordion-icon-left\" aria-hidden=\"true\">\n\t\t\t\t\t\t\t\t\t\t\t\t\t\t\t<span class=\"elementor-accordion-icon-closed\"><i class=\"fas fa-plus\"><\/i><\/span>\n\t\t\t\t\t\t\t\t<span class=\"elementor-accordion-icon-opened\"><i class=\"fas fa-minus\"><\/i><\/span>\n\t\t\t\t\t\t\t\t\t\t\t\t\t\t<\/span>\n\t\t\t\t\t\t\t\t\t\t\t\t<a class=\"elementor-accordion-title\" tabindex=\"0\">Du champ \u00e0 votre table<\/a>\n\t\t\t\t\t<\/div>\n\t\t\t\t\t<div id=\"elementor-tab-content-1343\" class=\"elementor-tab-content elementor-clearfix\" data-tab=\"3\" role=\"region\" aria-labelledby=\"elementor-tab-title-1343\"><p>Chez Granatum Plus, nous r\u00e9coltons chaque figue avec le plus grand soin, garantissant un produit frais, savoureux et de qualit\u00e9 sup\u00e9rieure. De plus, notre service exclusif vous assure une livraison \u00e0 domicile en 24 heures, en pr\u00e9servant toute leur fra\u00eecheur et leurs propri\u00e9t\u00e9s.\u00a0<\/p><\/div>\n\t\t\t\t<\/div>\n\t\t\t\t\t\t\t\t<\/div>\n\t\t\t\t\t\t<\/div>\n\t\t\t\t<div class=\"elementor-element elementor-element-25d8c20 elementor-widget elementor-widget-text-editor\" data-id=\"25d8c20\" data-element_type=\"widget\" data-e-type=\"widget\" data-widget_type=\"text-editor.default\">\n\t\t\t\t\t\t\t\t\t<p><img decoding=\"async\" class=\"wp-image-2048 aligncenter\" src=\"https:\/\/granatherapy.miwebnueva.net\/wp-content\/uploads\/2019\/12\/apato-para-veganos.png\" alt=\"appartement adapt\u00e9 aux v\u00e9g\u00e9taliens\" width=\"108\" height=\"108\" srcset=\"https:\/\/granatherapy.com\/wp-content\/uploads\/2019\/12\/apato-para-veganos.png 225w, https:\/\/granatherapy.com\/wp-content\/uploads\/2019\/12\/apato-para-veganos-100x100.png 100w, https:\/\/granatherapy.com\/wp-content\/uploads\/2019\/12\/apato-para-veganos-150x150.png 150w\" sizes=\"(max-width: 108px) 100vw, 108px\" \/><\/p><h3 style=\"text-align: center;\"><span style=\"color: #8a8888;\"><strong>ADAPT\u00c9 AUX V\u00c9GANS<\/strong><\/span><\/h3><p style=\"text-align: center;\">Sans conservateurs, sans colorants, sans lactose, sans bl\u00e9, sans poisson, sans gluten, sans levure.<\/p><p><img decoding=\"async\" class=\"wp-image-2049 aligncenter\" src=\"https:\/\/granatherapy.miwebnueva.net\/wp-content\/uploads\/2019\/12\/producto-natural.png\" alt=\"produit naturel\" width=\"123\" height=\"122\" srcset=\"https:\/\/granatherapy.com\/wp-content\/uploads\/2019\/12\/producto-natural.png 225w, https:\/\/granatherapy.com\/wp-content\/uploads\/2019\/12\/producto-natural-100x100.png 100w, https:\/\/granatherapy.com\/wp-content\/uploads\/2019\/12\/producto-natural-150x150.png 150w\" sizes=\"(max-width: 123px) 100vw, 123px\" \/><\/p><h3 style=\"text-align: center;\"><span style=\"color: #8a8888;\"><strong>SANS PROC\u00c9D\u00c9S CHIMIQUES<\/strong><\/span><\/h3><p style=\"text-align: center;\">Extraction enti\u00e8rement naturelle, utilisant les technologies les plus innovantes avec les outils les plus propres et les plus respectueux de l\u2019environnement.<\/p><p><img decoding=\"async\" class=\"size-full wp-image-2050 aligncenter\" src=\"https:\/\/granatherapy.miwebnueva.net\/wp-content\/uploads\/2019\/12\/universidad-mh.png\" alt=\"universit\u00e9-mh\" width=\"290\" height=\"89\" \/><\/p><h3 style=\"text-align: center;\"><span style=\"color: #8a8888;\"><strong>CERTIFI\u00c9<\/strong><\/span><\/h3><p style=\"text-align: center;\">La punicalagine <strong>Universit\u00e9 Miguel Hern\u00e1ndez<\/strong> L\u2019Universit\u00e9 Miguel Hern\u00e1ndez en Espagne certifie la teneur en polyph\u00e9nols de nos compl\u00e9ments alimentaires, indiquant qu\u2019ils r\u00e9pondent aux exigences des aliments fonctionnels.<\/p>\t\t\t\t\t\t\t\t<\/div>\n\t\t\t\t<div class=\"elementor-element elementor-element-dba45c9 elementor-widget elementor-widget-accordion\" data-id=\"dba45c9\" data-element_type=\"widget\" data-e-type=\"widget\" data-widget_type=\"accordion.default\">\n\t\t\t\t\t\t\t<div class=\"elementor-accordion\">\n\t\t\t\t\t\t\t<div class=\"elementor-accordion-item\">\n\t\t\t\t\t<div id=\"elementor-tab-title-2301\" class=\"elementor-tab-title\" data-tab=\"1\" role=\"button\" aria-controls=\"elementor-tab-content-2301\" aria-expanded=\"false\">\n\t\t\t\t\t\t\t\t\t\t\t\t\t<span class=\"elementor-accordion-icon elementor-accordion-icon-left\" aria-hidden=\"true\">\n\t\t\t\t\t\t\t\t\t\t\t\t\t\t\t<span class=\"elementor-accordion-icon-closed\"><i class=\"fas fa-plus\"><\/i><\/span>\n\t\t\t\t\t\t\t\t<span class=\"elementor-accordion-icon-opened\"><i class=\"fas fa-minus\"><\/i><\/span>\n\t\t\t\t\t\t\t\t\t\t\t\t\t\t<\/span>\n\t\t\t\t\t\t\t\t\t\t\t\t<a class=\"elementor-accordion-title\" tabindex=\"0\">O\u00f9 sont cultiv\u00e9es les figues et les brevas ?<\/a>\n\t\t\t\t\t<\/div>\n\t\t\t\t\t<div id=\"elementor-tab-content-2301\" class=\"elementor-tab-content elementor-clearfix\" data-tab=\"1\" role=\"region\" aria-labelledby=\"elementor-tab-title-2301\"><p>Ces figues et brevas sont cultiv\u00e9es dans les r\u00e9gions m\u00e9diterran\u00e9ennes de <strong data-start=\"66\" data-end=\"78\">Alicante<\/strong> et <strong data-start=\"81\" data-end=\"91\">Murcie<\/strong>, des zones privil\u00e9gi\u00e9es par leur climat ensoleill\u00e9, leurs sols fertiles et des conditions id\u00e9ales pour la croissance optimale de ce fruit. L\u00e0-bas, les agriculteurs associent tradition et technologie pour produire des figues et brevas fra\u00eeches, savoureuses et riches en nutriments, tout en respectant l\u2019\u00e9cosyst\u00e8me local et en garantissant une qualit\u00e9 maximale.<\/p><\/div>\n\t\t\t\t<\/div>\n\t\t\t\t\t\t\t<div class=\"elementor-accordion-item\">\n\t\t\t\t\t<div id=\"elementor-tab-title-2302\" class=\"elementor-tab-title\" data-tab=\"2\" role=\"button\" aria-controls=\"elementor-tab-content-2302\" aria-expanded=\"false\">\n\t\t\t\t\t\t\t\t\t\t\t\t\t<span class=\"elementor-accordion-icon elementor-accordion-icon-left\" aria-hidden=\"true\">\n\t\t\t\t\t\t\t\t\t\t\t\t\t\t\t<span class=\"elementor-accordion-icon-closed\"><i class=\"fas fa-plus\"><\/i><\/span>\n\t\t\t\t\t\t\t\t<span class=\"elementor-accordion-icon-opened\"><i class=\"fas fa-minus\"><\/i><\/span>\n\t\t\t\t\t\t\t\t\t\t\t\t\t\t<\/span>\n\t\t\t\t\t\t\t\t\t\t\t\t<a class=\"elementor-accordion-title\" tabindex=\"0\">Convient-il aux v\u00e9gans\/v\u00e9g\u00e9tariens ?<\/a>\n\t\t\t\t\t<\/div>\n\t\t\t\t\t<div id=\"elementor-tab-content-2302\" class=\"elementor-tab-content elementor-clearfix\" data-tab=\"2\" role=\"region\" aria-labelledby=\"elementor-tab-title-2302\"><p>Oui, les figues m\u00e9diterran\u00e9ennes et les figues pr\u00e9coces sont 100% naturelles et d&#039;origine v\u00e9g\u00e9tale, elles conviennent donc aux v\u00e9g\u00e9taliens et aux v\u00e9g\u00e9tariens.<\/p><\/div>\n\t\t\t\t<\/div>\n\t\t\t\t\t\t\t<div class=\"elementor-accordion-item\">\n\t\t\t\t\t<div id=\"elementor-tab-title-2303\" class=\"elementor-tab-title\" data-tab=\"3\" role=\"button\" aria-controls=\"elementor-tab-content-2303\" aria-expanded=\"false\">\n\t\t\t\t\t\t\t\t\t\t\t\t\t<span class=\"elementor-accordion-icon elementor-accordion-icon-left\" aria-hidden=\"true\">\n\t\t\t\t\t\t\t\t\t\t\t\t\t\t\t<span class=\"elementor-accordion-icon-closed\"><i class=\"fas fa-plus\"><\/i><\/span>\n\t\t\t\t\t\t\t\t<span class=\"elementor-accordion-icon-opened\"><i class=\"fas fa-minus\"><\/i><\/span>\n\t\t\t\t\t\t\t\t\t\t\t\t\t\t<\/span>\n\t\t\t\t\t\t\t\t\t\t\t\t<a class=\"elementor-accordion-title\" tabindex=\"0\">Est-il s\u00fbr pour les personnes souffrant de certaines conditions m\u00e9dicales ?<\/a>\n\t\t\t\t\t<\/div>\n\t\t\t\t\t<div id=\"elementor-tab-content-2303\" class=\"elementor-tab-content elementor-clearfix\" data-tab=\"3\" role=\"region\" aria-labelledby=\"elementor-tab-title-2303\"><p>La figue m\u00e9diterran\u00e9enne est un fruit naturel aux nombreux bienfaits pour la sant\u00e9\u00a0: elle am\u00e9liore la digestion, r\u00e9gule le cholest\u00e9rol et la glyc\u00e9mie, et apporte des antioxydants. Comme pour tout aliment, les personnes souffrant de probl\u00e8mes de sant\u00e9 particuliers devraient consulter leur m\u00e9decin avant d\u2019en consommer r\u00e9guli\u00e8rement.<\/p><\/div>\n\t\t\t\t<\/div>\n\t\t\t\t\t\t\t<div class=\"elementor-accordion-item\">\n\t\t\t\t\t<div id=\"elementor-tab-title-2304\" class=\"elementor-tab-title\" data-tab=\"4\" role=\"button\" aria-controls=\"elementor-tab-content-2304\" aria-expanded=\"false\">\n\t\t\t\t\t\t\t\t\t\t\t\t\t<span class=\"elementor-accordion-icon elementor-accordion-icon-left\" aria-hidden=\"true\">\n\t\t\t\t\t\t\t\t\t\t\t\t\t\t\t<span class=\"elementor-accordion-icon-closed\"><i class=\"fas fa-plus\"><\/i><\/span>\n\t\t\t\t\t\t\t\t<span class=\"elementor-accordion-icon-opened\"><i class=\"fas fa-minus\"><\/i><\/span>\n\t\t\t\t\t\t\t\t\t\t\t\t\t\t<\/span>\n\t\t\t\t\t\t\t\t\t\t\t\t<a class=\"elementor-accordion-title\" tabindex=\"0\">Combien de temps faut-il pour voir des r\u00e9sultats ?<\/a>\n\t\t\t\t\t<\/div>\n\t\t\t\t\t<div id=\"elementor-tab-content-2304\" class=\"elementor-tab-content elementor-clearfix\" data-tab=\"4\" role=\"region\" aria-labelledby=\"elementor-tab-title-2304\"><p>Aliment naturel riche en fibres, en antioxydants et en min\u00e9raux, la figue est recommand\u00e9e en consommation r\u00e9guli\u00e8re pour am\u00e9liorer la digestion, le contr\u00f4le du cholest\u00e9rol et de la glyc\u00e9mie, ainsi que la vitalit\u00e9 et la protection cellulaires. En g\u00e9n\u00e9ral, les bienfaits d&#039;une alimentation \u00e9quilibr\u00e9e incluant des figues m\u00e9diterran\u00e9ennes se font sentir en quelques semaines ou quelques mois, selon les individus.<\/p><\/div>\n\t\t\t\t<\/div>\n\t\t\t\t\t\t\t\t<\/div>\n\t\t\t\t\t\t<\/div>\n\t\t\t\t\t<\/div>\n\t\t<\/div>\n\t\t\t\t\t<\/div>\n\t\t<\/section>\n\t\t\t\t<\/div>","protected":false},"excerpt":{"rendered":"<p>\u2705 \u00c9dition limit\u00e9e saisonni\u00e8re : Ne manquez pas de go\u00fbter \u00e0 ce joyau m\u00e9diterran\u00e9en \u2014 r\u00e9servez votre bo\u00eete avant qu\u2019il n\u2019y en ait plus !<\/p>\n<p>\u2705 Figues et brevas fra\u00eeches cultiv\u00e9es \u00e0 Alicante et en Murcie.<\/p>\n<p>\u2705 R\u00e9colt\u00e9s \u00e0 leur point optimal de maturit\u00e9.<\/p>\n<p>\u2705 Livraison en 24 h pour conserver toute leur fra\u00eecheur.<\/p>\n<p>\u2705 Riches en fibres, antioxydants et polyph\u00e9nols.<\/p>\n<p>\u2705 Saveur m\u00e9diterran\u00e9enne authentique, 100 % naturelle.<\/p>\n<p><strong>\ud83d\udd34 HORS SAISON<\/strong><\/p>","protected":false},"featured_media":15735,"comment_status":"closed","ping_status":"closed","template":"","meta":{"_acf_changed":false,"_joinchat":{"telephone":"+34628520654"}},"product_brand":[],"product_cat":[508,476],"product_tag":[],"class_list":{"0":"post-15720","1":"product","2":"type-product","3":"status-publish","4":"has-post-thumbnail","6":"product_cat-apoyo-al-control-de-la-glucosa","7":"product_cat-fruta-fresca","8":"product_shipping_class-zumos-fruta","10":"first","11":"outofstock","12":"taxable","13":"shipping-taxable","14":"product-type-simple"},"acf":[],"_links":{"self":[{"href":"https:\/\/granatherapy.com\/fr\/wp-json\/wp\/v2\/product\/15720","targetHints":{"allow":["GET"]}}],"collection":[{"href":"https:\/\/granatherapy.com\/fr\/wp-json\/wp\/v2\/product"}],"about":[{"href":"https:\/\/granatherapy.com\/fr\/wp-json\/wp\/v2\/types\/product"}],"replies":[{"embeddable":true,"href":"https:\/\/granatherapy.com\/fr\/wp-json\/wp\/v2\/comments?post=15720"}],"version-history":[{"count":7,"href":"https:\/\/granatherapy.com\/fr\/wp-json\/wp\/v2\/product\/15720\/revisions"}],"predecessor-version":[{"id":17522,"href":"https:\/\/granatherapy.com\/fr\/wp-json\/wp\/v2\/product\/15720\/revisions\/17522"}],"wp:featuredmedia":[{"embeddable":true,"href":"https:\/\/granatherapy.com\/fr\/wp-json\/wp\/v2\/media\/15735"}],"wp:attachment":[{"href":"https:\/\/granatherapy.com\/fr\/wp-json\/wp\/v2\/media?parent=15720"}],"wp:term":[{"taxonomy":"product_brand","embeddable":true,"href":"https:\/\/granatherapy.com\/fr\/wp-json\/wp\/v2\/product_brand?post=15720"},{"taxonomy":"product_cat","embeddable":true,"href":"https:\/\/granatherapy.com\/fr\/wp-json\/wp\/v2\/product_cat?post=15720"},{"taxonomy":"product_tag","embeddable":true,"href":"https:\/\/granatherapy.com\/fr\/wp-json\/wp\/v2\/product_tag?post=15720"}],"curies":[{"name":"wp","href":"https:\/\/api.w.org\/{rel}","templated":true}]}}