{"id":14877,"date":"2025-03-14T16:36:26","date_gmt":"2025-03-14T15:36:26","guid":{"rendered":"https:\/\/granatherapy2.miwebnueva.net?post_type=product&#038;p=14877"},"modified":"2026-03-10T12:24:15","modified_gmt":"2026-03-10T11:24:15","slug":"jus-de-grenade-24x200","status":"publish","type":"product","link":"https:\/\/granatherapy.com\/fr\/magasin\/jus-de-grenade-24x200\/","title":{"rendered":"Jus de grenade 24\u00d7200 ml"},"content":{"rendered":"<p>Le jus de grenade naturel est l&#039;une des boissons qui <b>teneur plus \u00e9lev\u00e9e en polyph\u00e9nols bioactifs<\/b>, notamment les punicalagins, responsables de :<\/p>\n<ul>\n<li aria-level=\"1\">R\u00e9duisez le <b>stress oxydatif<\/b><\/li>\n<li aria-level=\"1\">Prot\u00e9ger les cellules et les tissus<\/li>\n<li aria-level=\"1\">Pour favoriser le <b>\u00e9lasticit\u00e9 art\u00e9rielle<\/b><\/li>\n<li aria-level=\"1\">Soutenir l&#039;\u00e9quilibre de <b>cholest\u00e9rol oxyd\u00e9 (LDL-ox)<\/b><\/li>\n<li aria-level=\"1\">Contribuez \u00e0 <b>bien-\u00eatre m\u00e9tabolique<\/b><\/li>\n<li aria-level=\"1\">Maintenir son \u00e9nergie et sa vitalit\u00e9 au quotidien<\/li>\n<\/ul>\n<p>La consommation quotidienne de 200 ml apporte une quantit\u00e9 significative d&#039;antioxydants \u00e9quivalente \u00e0 la teneur en <b>jusqu&#039;\u00e0 800 g d&#039;arilles fra\u00eeches<\/b>, permettant \u00e0 chacun de b\u00e9n\u00e9ficier du pouvoir antioxydant du fruit sans avoir besoin d&#039;en retirer les noyaux.<\/p>","protected":false},"excerpt":{"rendered":"<p><i>100 % naturel \u2013 Teneur \u00e9lev\u00e9e en polyph\u00e9nols \u2013 Issu de grenades cultiv\u00e9es en Espagne<\/i>.<\/p>\n<p><b>\ud83c\udf77<\/b><b> UN JUS DE GRENADE UNIQUE EN EUROPE<\/b><\/p>\n<p>La <b>Jus de grenade press\u00e9 <\/b>C&#039;est un produit naturel fabriqu\u00e9 exclusivement \u00e0 partir de grenades fra\u00eeches cultiv\u00e9es dans les provinces de <b>Alicante et Murcie<\/b>, des r\u00e9gions de premier plan en termes de qualit\u00e9 gr\u00e2ce \u00e0 leur climat m\u00e9diterran\u00e9en et \u00e0 leurs sols riches en min\u00e9raux.<\/p>\n<p>Il est obtenu par <b>pression directe<\/b> Fabriqu\u00e9 \u00e0 partir de fruits, sans sucres ajout\u00e9s, sans concentr\u00e9 et sans additifs d&#039;aucune sorte.<\/p>\n<p>Un jus pur, riche en punicalagines et en polyph\u00e9nols, qui pr\u00e9serve l&#039;intensit\u00e9, le pouvoir antioxydant et le caract\u00e8re authentique de la grenade espagnole.<\/p>","protected":false},"featured_media":1771,"comment_status":"closed","ping_status":"closed","template":"","meta":{"_acf_changed":false,"_joinchat":{"telephone":"+34628520654"}},"product_brand":[],"product_cat":[511],"product_tag":[],"class_list":{"0":"post-14877","1":"product","2":"type-product","3":"status-publish","4":"has-post-thumbnail","6":"product_cat-zumo-de-granada-exprimido","7":"product_shipping_class-zumos-fruta","9":"first","10":"outofstock","11":"featured","12":"taxable","13":"shipping-taxable","14":"purchasable","15":"product-type-simple"},"acf":[],"_links":{"self":[{"href":"https:\/\/granatherapy.com\/fr\/wp-json\/wp\/v2\/product\/14877","targetHints":{"allow":["GET"]}}],"collection":[{"href":"https:\/\/granatherapy.com\/fr\/wp-json\/wp\/v2\/product"}],"about":[{"href":"https:\/\/granatherapy.com\/fr\/wp-json\/wp\/v2\/types\/product"}],"replies":[{"embeddable":true,"href":"https:\/\/granatherapy.com\/fr\/wp-json\/wp\/v2\/comments?post=14877"}],"version-history":[{"count":30,"href":"https:\/\/granatherapy.com\/fr\/wp-json\/wp\/v2\/product\/14877\/revisions"}],"predecessor-version":[{"id":17418,"href":"https:\/\/granatherapy.com\/fr\/wp-json\/wp\/v2\/product\/14877\/revisions\/17418"}],"wp:featuredmedia":[{"embeddable":true,"href":"https:\/\/granatherapy.com\/fr\/wp-json\/wp\/v2\/media\/1771"}],"wp:attachment":[{"href":"https:\/\/granatherapy.com\/fr\/wp-json\/wp\/v2\/media?parent=14877"}],"wp:term":[{"taxonomy":"product_brand","embeddable":true,"href":"https:\/\/granatherapy.com\/fr\/wp-json\/wp\/v2\/product_brand?post=14877"},{"taxonomy":"product_cat","embeddable":true,"href":"https:\/\/granatherapy.com\/fr\/wp-json\/wp\/v2\/product_cat?post=14877"},{"taxonomy":"product_tag","embeddable":true,"href":"https:\/\/granatherapy.com\/fr\/wp-json\/wp\/v2\/product_tag?post=14877"}],"curies":[{"name":"wp","href":"https:\/\/api.w.org\/{rel}","templated":true}]}}