{"id":13104,"date":"2023-08-01T18:27:33","date_gmt":"2023-08-01T16:27:33","guid":{"rendered":"https:\/\/granatherapy2.miwebnueva.net?post_type=product&#038;p=13104"},"modified":"2026-02-18T10:48:13","modified_gmt":"2026-02-18T09:48:13","slug":"extrait-dartichaut-1x60","status":"publish","type":"product","link":"https:\/\/granatherapy.com\/fr\/magasin\/extrait-dartichaut-1x60\/","title":{"rendered":"Extrait d\u2019artichaut"},"content":{"rendered":"<p>La fatigue digestive, une sensation de lourdeur apr\u00e8s les repas ou des troubles intestinaux peuvent \u00eatre des signes d&#039;un d\u00e9s\u00e9quilibre du microbiote intestinal.<\/p>\n<p>Artichoke Extract Plus fournit <b>L&#039;inuline pr\u00e9sentant le plus haut degr\u00e9 de polym\u00e9risation connu chez les plantes<\/b> (page 2 de l&#039;\u00e9tude)<\/p>\n<p>Extrait d&#039;artichaut et ses bienfaits\u2026<\/p>\n<p>, ce qui lui permet d&#039;atteindre le c\u00f4lon intact et d&#039;\u00eatre ferment\u00e9 par des bact\u00e9ries b\u00e9n\u00e9fiques.<br \/>\nCe processus\u00a0:<\/p>\n<ul>\n<li aria-level=\"1\">Il favorise des selles plus r\u00e9guli\u00e8res.<\/li>\n<li aria-level=\"1\">R\u00e9duire l&#039;enflure<\/li>\n<li aria-level=\"1\">Am\u00e9liore l&#039;absorption des nutriments<\/li>\n<li aria-level=\"1\">Il contribue \u00e0 un syst\u00e8me digestif plus \u00e9quilibr\u00e9 et actif.<\/li>\n<\/ul>\n<p>Une aide naturelle pour se sentir l\u00e9ger, favoriser une bonne digestion et un bien-\u00eatre continu.<\/p>","protected":false},"excerpt":{"rendered":"<p><b>SANT\u00c9 MICROBIOTIQUE<\/b><\/p>\n<p>Ce compl\u00e9ment digestif associe un extrait sec d&#039;artichaut de haute puret\u00e9 (Cynamed\u00ae), riche en <b>inuline<\/b>, <b>l\u2019inuline et des acides caf\u00e9oylquiniques<\/b> et des compos\u00e9s ph\u00e9noliques qui agissent en synergie sur le microbiote, la digestion et le bien-\u00eatre g\u00e9n\u00e9ral.<\/p>\n<p>Gr\u00e2ce \u00e0 son proc\u00e9d\u00e9 d&#039;extraction aqueuse <b>Proc\u00e9d\u00e9 Pure-Hydro\u2122<\/b>, Totalement exempt de solvants chimiques, cet extrait conserve son profil naturel de fibres pr\u00e9biotiques et de polyph\u00e9nols, garantissant une action efficace et bien tol\u00e9r\u00e9e m\u00eame par les personnes ayant une sensibilit\u00e9 digestive.<\/p>\n<p>C&#039;est une solution polyvalente qui r\u00e9gule de l&#039;int\u00e9rieur : elle aide \u00e0 purifier, am\u00e9liore le transit intestinal, r\u00e9duit les ballonnements et renforce les d\u00e9fenses immunitaires sans provoquer d&#039;inconfort digestif.<\/p>","protected":false},"featured_media":14248,"comment_status":"closed","ping_status":"closed","template":"","meta":{"_acf_changed":false,"_joinchat":[]},"product_brand":[],"product_cat":[514],"product_tag":[],"class_list":{"0":"post-13104","1":"product","2":"type-product","3":"status-publish","4":"has-post-thumbnail","6":"product_cat-extracto-de-alcachofa","7":"product_shipping_class-envio-gratuito","9":"first","10":"instock","11":"featured","12":"taxable","13":"shipping-taxable","14":"purchasable","15":"product-type-simple"},"acf":[],"_links":{"self":[{"href":"https:\/\/granatherapy.com\/fr\/wp-json\/wp\/v2\/product\/13104","targetHints":{"allow":["GET"]}}],"collection":[{"href":"https:\/\/granatherapy.com\/fr\/wp-json\/wp\/v2\/product"}],"about":[{"href":"https:\/\/granatherapy.com\/fr\/wp-json\/wp\/v2\/types\/product"}],"replies":[{"embeddable":true,"href":"https:\/\/granatherapy.com\/fr\/wp-json\/wp\/v2\/comments?post=13104"}],"version-history":[{"count":17,"href":"https:\/\/granatherapy.com\/fr\/wp-json\/wp\/v2\/product\/13104\/revisions"}],"predecessor-version":[{"id":17211,"href":"https:\/\/granatherapy.com\/fr\/wp-json\/wp\/v2\/product\/13104\/revisions\/17211"}],"wp:featuredmedia":[{"embeddable":true,"href":"https:\/\/granatherapy.com\/fr\/wp-json\/wp\/v2\/media\/14248"}],"wp:attachment":[{"href":"https:\/\/granatherapy.com\/fr\/wp-json\/wp\/v2\/media?parent=13104"}],"wp:term":[{"taxonomy":"product_brand","embeddable":true,"href":"https:\/\/granatherapy.com\/fr\/wp-json\/wp\/v2\/product_brand?post=13104"},{"taxonomy":"product_cat","embeddable":true,"href":"https:\/\/granatherapy.com\/fr\/wp-json\/wp\/v2\/product_cat?post=13104"},{"taxonomy":"product_tag","embeddable":true,"href":"https:\/\/granatherapy.com\/fr\/wp-json\/wp\/v2\/product_tag?post=13104"}],"curies":[{"name":"wp","href":"https:\/\/api.w.org\/{rel}","templated":true}]}}