{"id":13093,"date":"2023-08-01T18:15:06","date_gmt":"2023-08-01T16:15:06","guid":{"rendered":"https:\/\/granatherapy2.miwebnueva.net?post_type=product&#038;p=13093"},"modified":"2026-03-05T16:43:05","modified_gmt":"2026-03-05T15:43:05","slug":"extrait-de-citron-1x60","status":"publish","type":"product","link":"https:\/\/granatherapy.com\/fr\/magasin\/extrait-de-citron-1x60\/","title":{"rendered":"Extrait de citron"},"content":{"rendered":"<p>La punicalagine <b>\u00e9riocitrine<\/b> C&#039;est un flavono\u00efde d&#039;agrume dot\u00e9 d&#039;un pouvoir antioxydant extraordinaire.<br \/>\nElle se distingue par sa capacit\u00e9 \u00e0\u00a0:<\/p>\n<ul>\n<li aria-level=\"1\">R\u00e9duire le stress oxydatif cellulaire<\/li>\n<li aria-level=\"1\">Prot\u00e9ger contre les dommages caus\u00e9s par les radicaux libres<\/li>\n<li aria-level=\"1\">Favoriser un m\u00e9tabolisme \u00e9nerg\u00e9tique plus efficace<\/li>\n<li aria-level=\"1\">Soutien de la fonction h\u00e9patique dans les processus de d\u00e9toxification<\/li>\n<\/ul>\n<p>Sa biodisponibilit\u00e9 et sa solubilit\u00e9 permettent \u00e0 l&#039;organisme de l&#039;utiliser rapidement et efficacement.<\/p>","protected":false},"excerpt":{"rendered":"<p><b>NORMALIS\u00c9 \u00c0 L&#039;\u00c9RYOCITRIN<\/b><\/p>\n<p>Antioxydant naturel, soutien m\u00e9tabolique et \u00e9quilibre cellulaire pour un bien-\u00eatre quotidien.<\/p>\n<p>L&#039;extrait de citron Wellemon\u00ae est un compl\u00e9ment alimentaire fabriqu\u00e9 \u00e0 partir de <b>citrons Citrus limon L.<\/b> originaires de l&#039;agriculture m\u00e9diterran\u00e9enne. Leur standardisation en <b>\u00e9riocitrine<\/b>, l&#039;un des flavono\u00efdes les plus puissants du citron, garantit une efficacit\u00e9 antioxydante \u00e9lev\u00e9e et un soutien global \u00e0 l&#039;\u00e9nergie, au m\u00e9tabolisme et \u00e0 la sant\u00e9 cellulaire.<\/p>\n<p>Chaque dose quotidienne fournit <b>355 mg d&#039;extrait sec de citron<\/b>, avec <b>35 mg d&#039;\u00e9riocitrine pure<\/b>, obtenu gr\u00e2ce \u00e0 un proc\u00e9d\u00e9 d&#039;extraction de haute qualit\u00e9.<\/p>","protected":false},"featured_media":14271,"comment_status":"closed","ping_status":"closed","template":"","meta":{"_acf_changed":false,"_joinchat":[]},"product_brand":[],"product_cat":[513],"product_tag":[],"class_list":{"0":"post-13093","1":"product","2":"type-product","3":"status-publish","4":"has-post-thumbnail","6":"product_cat-extracto-de-limon","7":"product_shipping_class-envio-gratuito","9":"first","10":"instock","11":"featured","12":"taxable","13":"shipping-taxable","14":"purchasable","15":"product-type-simple"},"acf":[],"_links":{"self":[{"href":"https:\/\/granatherapy.com\/fr\/wp-json\/wp\/v2\/product\/13093","targetHints":{"allow":["GET"]}}],"collection":[{"href":"https:\/\/granatherapy.com\/fr\/wp-json\/wp\/v2\/product"}],"about":[{"href":"https:\/\/granatherapy.com\/fr\/wp-json\/wp\/v2\/types\/product"}],"replies":[{"embeddable":true,"href":"https:\/\/granatherapy.com\/fr\/wp-json\/wp\/v2\/comments?post=13093"}],"version-history":[{"count":11,"href":"https:\/\/granatherapy.com\/fr\/wp-json\/wp\/v2\/product\/13093\/revisions"}],"predecessor-version":[{"id":17260,"href":"https:\/\/granatherapy.com\/fr\/wp-json\/wp\/v2\/product\/13093\/revisions\/17260"}],"wp:featuredmedia":[{"embeddable":true,"href":"https:\/\/granatherapy.com\/fr\/wp-json\/wp\/v2\/media\/14271"}],"wp:attachment":[{"href":"https:\/\/granatherapy.com\/fr\/wp-json\/wp\/v2\/media?parent=13093"}],"wp:term":[{"taxonomy":"product_brand","embeddable":true,"href":"https:\/\/granatherapy.com\/fr\/wp-json\/wp\/v2\/product_brand?post=13093"},{"taxonomy":"product_cat","embeddable":true,"href":"https:\/\/granatherapy.com\/fr\/wp-json\/wp\/v2\/product_cat?post=13093"},{"taxonomy":"product_tag","embeddable":true,"href":"https:\/\/granatherapy.com\/fr\/wp-json\/wp\/v2\/product_tag?post=13093"}],"curies":[{"name":"wp","href":"https:\/\/api.w.org\/{rel}","templated":true}]}}