{"id":514,"date":"2019-07-25T23:21:00","date_gmt":"2019-07-25T21:21:00","guid":{"rendered":"https:\/\/granatherapy2.miwebnueva.net?page_id=514"},"modified":"2025-06-12T18:53:15","modified_gmt":"2025-06-12T16:53:15","slug":"conditions-dutilisation","status":"publish","type":"page","link":"https:\/\/granatherapy.com\/fr\/conditions-dutilisation\/","title":{"rendered":"Conditions d\u2019utilisation"},"content":{"rendered":"<div data-elementor-type=\"wp-post\" data-elementor-id=\"514\" class=\"elementor elementor-514\" data-elementor-post-type=\"page\">\n\t\t\t\t\t\t<section class=\"elementor-section elementor-top-section elementor-element elementor-element-428d1fa elementor-section-boxed elementor-section-height-default elementor-section-height-default\" data-id=\"428d1fa\" data-element_type=\"section\" data-e-type=\"section\">\n\t\t\t\t\t\t<div class=\"elementor-container elementor-column-gap-default\">\n\t\t\t\t\t<div class=\"elementor-column elementor-col-100 elementor-top-column elementor-element elementor-element-7e929e0\" data-id=\"7e929e0\" data-element_type=\"column\" data-e-type=\"column\">\n\t\t\t<div class=\"elementor-widget-wrap elementor-element-populated\">\n\t\t\t\t\t\t<div class=\"elementor-element elementor-element-f7c7a79 elementor-widget elementor-widget-heading\" data-id=\"f7c7a79\" data-element_type=\"widget\" data-e-type=\"widget\" data-widget_type=\"heading.default\">\n\t\t\t\t\t<h2 class=\"elementor-heading-title elementor-size-default\">Conditions d\u2019utilisation<\/h2>\t\t\t\t<\/div>\n\t\t\t\t<div class=\"elementor-element elementor-element-10ecc54 elementor-widget elementor-widget-text-editor\" data-id=\"10ecc54\" data-element_type=\"widget\" data-e-type=\"widget\" data-widget_type=\"text-editor.default\">\n\t\t\t\t\t\t\t\t\t<p><strong>CONDITIONS G\u00c9N\u00c9RALES D&#039;UTILISATION DU SITE WEB WWW.GRANATHERAPY.COM<\/strong><\/p><p><strong>1.- Objet.<\/strong><\/p><p>Les pr\u00e9sentes conditions g\u00e9n\u00e9rales (ci-apr\u00e8s \u00ab\u00a0Conditions G\u00e9n\u00e9rales\u00a0\u00bb) r\u00e9gissent l\u2019acc\u00e8s au site Web et son utilisation sous le domaine <strong>www.granatherapy.com<\/strong> (ci-apr\u00e8s le Site Web), propri\u00e9t\u00e9 de <strong>\u00ab<span style=\"font-size: 16px;\">POLYPH\u00c9NOLS M\u00c9DITERRAN\u00c9ENS SL\u00bb<\/span><\/strong> (ci-apr\u00e8s Granatum Plus), mis \u00e0 la disposition des utilisateurs (ci-apr\u00e8s Utilisateur(s)).<br \/>Pour toute question relative \u00e0 l&#039;utilisation et \u00e0 l&#039;acc\u00e8s au Site Web ou aux pr\u00e9sentes Conditions G\u00e9n\u00e9rales, vous pouvez envoyer un courriel contenant votre demande et vos coordonn\u00e9es \u00e0 <strong>info@granatherapy.miwebnueva.net<\/strong> . Vous pouvez \u00e9galement nous contacter par courrier, en envoyant votre demande et vos coordonn\u00e9es \u00e0\u00a0:<\/p><ul><li><span style=\"font-size: 16px;\">POLYPH\u00c9NOLS M\u00c9DITERRAN\u00c9ENS SL.<\/span><\/li><li><strong>Adresse <\/strong>:CL. CARRIL DE LA CONDOMINA, 3 Pta. B 3 \u2013 30006 Murcie (Espagne)<\/li><\/ul><p><strong>2.- Respect des pr\u00e9sentes conditions g\u00e9n\u00e9rales<\/strong>.<\/p><p>L\u2019utilisation de ce site web implique l\u2019acceptation pleine et enti\u00e8re par l\u2019utilisateur de l\u2019ensemble des conditions g\u00e9n\u00e9rales en vigueur au moment de l\u2019acc\u00e8s. Par cons\u00e9quent, si l\u2019utilisateur n\u2019accepte pas l\u2019une quelconque des conditions \u00e9nonc\u00e9es ici, il doit s\u2019abstenir d\u2019utiliser ce site web.<\/p><p>Par cons\u00e9quent, l\u2019Utilisateur doit lire attentivement les Conditions G\u00e9n\u00e9rales chaque fois qu\u2019il souhaite utiliser le Site Web.<\/p><p>Granatum Plus se r\u00e9serve le droit de modifier \u00e0 tout moment et sans pr\u00e9avis les pr\u00e9sentes Conditions g\u00e9n\u00e9rales, ainsi que leur configuration, leur emplacement et toutes autres conditions g\u00e9n\u00e9rales ou particuli\u00e8res, r\u00e8gles d&#039;utilisation, instructions ou mentions l\u00e9gales applicables. De m\u00eame, Granatum Plus se r\u00e9serve le droit de suspendre, d&#039;interrompre ou de mettre fin \u00e0 l&#039;exploitation du Site Web \u00e0 tout moment.<\/p><p>\u201c Utilisation du site Web \u201d d\u00e9signe tout utilisateur qui acc\u00e8de au site Web et le consulte, qu\u2019il remplisse ou non les formulaires d\u2019inscription.<\/p><p><strong>3. Conditions d\u2019acc\u00e8s et d\u2019utilisation du site web et de son contenu.<\/strong><\/p><p>L\u2019acc\u00e8s au Site Web et\/ou au Contenu qui y figure n\u2019implique aucune garantie quant \u00e0 l\u2019ad\u00e9quation du Site Web et\/ou du Contenu qui y figure aux besoins particuliers ou sp\u00e9cifiques des Utilisateurs.<br \/>Granatum Plus peut \u00e9tablir des limitations et\/ou conditions suppl\u00e9mentaires pour l&#039;utilisation et\/ou l&#039;acc\u00e8s au site Web et\/ou au contenu, qui doivent \u00eatre respect\u00e9es par les utilisateurs dans tous les cas.<\/p><p><strong>3.1- Acc\u00e8s et utilisation du site Web.<\/strong><\/p><p>Sauf indication contraire, l\u2019utilisation du Site Web sera gratuite, sans pr\u00e9judice des frais de connexion via le r\u00e9seau de t\u00e9l\u00e9communications correspondant souscrit par l\u2019Utilisateur.<\/p><p>L\u2019Utilisateur reconna\u00eet \u00eatre \u00e2g\u00e9 de plus de dix-huit ans et est \u00e9galement conscient et accepte volontairement et express\u00e9ment que l\u2019utilisation du Site Web est effectu\u00e9e dans tous les cas sous sa seule et exclusive responsabilit\u00e9.<\/p><p>L\u2019Utilisateur s\u2019engage \u00e0 respecter les pr\u00e9sentes Conditions G\u00e9n\u00e9rales, ainsi que toutes les mentions l\u00e9gales ou instructions particuli\u00e8res figurant sur le Site Web, et \u00e0 toujours agir conform\u00e9ment \u00e0 la loi, aux bonnes m\u0153urs et aux exigences de la bonne foi, en faisant preuve de la diligence requise compte tenu de la nature et de la contrepartie du service utilis\u00e9. \u00c0 cette fin, l\u2019Utilisateur s\u2019engage \u00e0 ne pas utiliser le Site Web d\u2019une mani\u00e8re susceptible d\u2019entraver, d\u2019endommager ou de perturber son fonctionnement normal, les biens ou les droits de Granatum Plus, de ses fournisseurs, de ses distributeurs, des autres Utilisateurs ou de tout tiers.<\/p><p>Plus pr\u00e9cis\u00e9ment, et sans que cela n&#039;implique aucune restriction \u00e0 l&#039;obligation assum\u00e9e par l&#039;Utilisateur en g\u00e9n\u00e9ral conform\u00e9ment \u00e0 la section pr\u00e9c\u00e9dente, l&#039;Utilisateur accepte, lors de l&#039;utilisation du Site Web\u00a0:<\/p><p><strong>\u00e0)<\/strong> Ne pas introduire, stocker ou diffuser sur ou \u00e0 partir du site Web, toute information ou tout document diffamatoire, injurieux, obsc\u00e8ne, mena\u00e7ant, x\u00e9nophobe, pornographique, faisant l&#039;apologie du terrorisme, incitant \u00e0 la violence, \u00e0 la discrimination fond\u00e9e sur la race, le sexe, l&#039;id\u00e9ologie, la religion ou qui viole de quelque mani\u00e8re que ce soit la forme, l&#039;ordre public, les droits fondamentaux, les libert\u00e9s publiques, l&#039;honneur, la vie priv\u00e9e ou l&#039;image de tiers et, d&#039;une mani\u00e8re g\u00e9n\u00e9rale, la r\u00e9glementation en vigueur.<\/p><p><strong>b)<\/strong> Ne pas introduire, stocker ou diffuser par le biais du site Web tout programme informatique, donn\u00e9e, virus, code ou tout autre instrument ou dispositif \u00e9lectronique ou physique susceptible d&#039;endommager le site Web, l&#039;un des services, ou l&#039;un des \u00e9quipements, syst\u00e8mes ou r\u00e9seaux de Granatum Plus, tout utilisateur, les fournisseurs ou distributeurs de Granatum Plus ou, de mani\u00e8re g\u00e9n\u00e9rale, tout tiers, et susceptible de provoquer toute alt\u00e9ration ou d&#039;emp\u00eacher le fonctionnement normal de ceux-ci.<\/p><p><strong>c)<\/strong> ne pas introduire, stocker ou diffuser via le site Web tout contenu qui enfreint les r\u00e8gles de propri\u00e9t\u00e9 intellectuelle, de propri\u00e9t\u00e9 industrielle ou les droits de tiers, ni d&#039;une mani\u00e8re g\u00e9n\u00e9rale tout contenu qu&#039;il n&#039;a pas le droit de mettre \u00e0 la disposition de tiers conform\u00e9ment \u00e0 la loi.<\/p><p><strong>3.2- Acc\u00e8s et utilisation du contenu.<\/strong><br \/>Le contenu du site Web est mis \u00e0 la disposition de l&#039;utilisateur avec des informations provenant de sources internes et tierces.<br \/>Granatum Plus s&#039;efforce de garantir que le Contenu soit de la plus haute qualit\u00e9 possible et raisonnablement \u00e0 jour, mais ne garantit pas l&#039;utilit\u00e9, l&#039;exactitude, l&#039;exhaustivit\u00e9, la pertinence et\/ou l&#039;actualit\u00e9 du Contenu.<\/p><p><strong>4.- Droits de propri\u00e9t\u00e9 intellectuelle et industrielle.<\/strong><\/p><p>Les pr\u00e9sentes Conditions G\u00e9n\u00e9rales ne transf\u00e8rent aucun droit de propri\u00e9t\u00e9 intellectuelle ou industrielle sur le Site Web ou l&#039;un de ses \u00e9l\u00e9ments constitutifs, et il est express\u00e9ment interdit \u00e0 l&#039;Utilisateur de reproduire, transformer, distribuer, communiquer publiquement, mettre \u00e0 disposition, extraire, r\u00e9utiliser, transmettre ou utiliser de quelque mani\u00e8re que ce soit, par quelque moyen ou proc\u00e9d\u00e9 que ce soit, l&#039;un quelconque de ces \u00e9l\u00e9ments, sauf dans les cas o\u00f9 cela est l\u00e9galement permis ou autoris\u00e9 par le titulaire des droits correspondants.<\/p><p>L\u2019Utilisateur peut consulter et obtenir une copie temporaire et priv\u00e9e du Contenu pour son usage personnel et priv\u00e9 exclusif sur ses syst\u00e8mes informatiques (logiciels et mat\u00e9riels), \u00e0 condition que ce ne soit pas \u00e0 des fins commerciales ou professionnelles. L\u2019Utilisateur s\u2019engage \u00e0 ne pas obtenir, ni tenter d\u2019obtenir, le Contenu par d\u2019autres moyens ou proc\u00e9d\u00e9s que ceux mis \u00e0 sa disposition ou indiqu\u00e9s \u00e0 cet effet, ou ceux couramment utilis\u00e9s sur Internet (\u00e0 condition que ces derniers n\u2019entra\u00eenent aucun risque d\u2019endommagement ou de dysfonctionnement du Site Web). L\u2019Utilisateur est tenu de respecter en toutes circonstances l\u2019ensemble des droits de propri\u00e9t\u00e9 intellectuelle et industrielle relatifs au Site Web, d\u00e9tenus par Granatum Plus ou par des tiers.<\/p><p><strong>4.- Exclusion de garanties et de responsabilit\u00e9.<\/strong><\/p><p><strong>4.1.- Exclusion de garanties et de responsabilit\u00e9 pour le fonctionnement du site web.<\/strong><\/p><p>Granatum Plus ne garantit ni la disponibilit\u00e9 ni la continuit\u00e9 du fonctionnement du site Web et des services ou contenus qui y sont propos\u00e9s, ni que le contenu existant sur son site Web soit \u00e0 jour, et est exon\u00e9r\u00e9e de toute responsabilit\u00e9 pour les dommages de toute nature pouvant r\u00e9sulter de telles circonstances.<\/p><p>Granatum Plus effectuera, sauf circonstances contraires et d\u00e8s qu&#039;elle aura connaissance d&#039;erreurs, de d\u00e9connexions et\/ou d&#039;un d\u00e9faut de mise \u00e0 jour du contenu, toutes les t\u00e2ches visant \u00e0 corriger les erreurs, \u00e0 r\u00e9tablir la communication et\/ou \u00e0 mettre \u00e0 jour ledit contenu.<\/p><p>Par ailleurs, Granatum Plus ne garantit ni la fiabilit\u00e9 technique de son site Web ni l&#039;acc\u00e8s \u00e0 ses diff\u00e9rentes pages, et est donc exon\u00e9r\u00e9e de toute responsabilit\u00e9 pour les dommages de toute nature pouvant r\u00e9sulter de cette situation.<br \/>De plus, Granatum Plus n&#039;est pas responsable des erreurs ou des failles de s\u00e9curit\u00e9 pouvant survenir en raison de l&#039;utilisation par l&#039;utilisateur d&#039;une version de navigateur obsol\u00e8te ou non s\u00e9curis\u00e9e, ni des dommages, erreurs ou inexactitudes pouvant r\u00e9sulter d&#039;un dysfonctionnement de ce dernier.<\/p><p>Afin de minimiser les risques d&#039;introduction de virus sur le Site Web, Granatum Plus utilise un logiciel antivirus pour analyser l&#039;ensemble du Contenu t\u00e9l\u00e9charg\u00e9. Cependant, Granatum Plus ne garantit pas l&#039;absence de virus ou d&#039;autres \u00e9l\u00e9ments nuisibles sur le Site Web, introduits par des tiers ind\u00e9pendants de Granatum Plus et susceptibles d&#039;endommager les syst\u00e8mes physiques ou informatiques des utilisateurs, ainsi que les documents et fichiers \u00e9lectroniques stock\u00e9s sur leurs syst\u00e8mes. En cons\u00e9quence, Granatum Plus ne saurait \u00eatre tenu responsable, en aucune circonstance, des dommages de quelque nature que ce soit pouvant r\u00e9sulter de la pr\u00e9sence de virus ou d&#039;autres \u00e9l\u00e9ments nuisibles susceptibles d&#039;endommager les syst\u00e8mes physiques ou informatiques, les documents ou fichiers \u00e9lectroniques des utilisateurs.<br \/>Granatum Plus met en \u0153uvre diverses mesures de s\u00e9curit\u00e9 pour prot\u00e9ger le site web, les donn\u00e9es collect\u00e9es et le contenu contre les cyberattaques. Cependant, Granatum Plus ne peut garantir qu&#039;aucun tiers non autoris\u00e9 ne pourra acc\u00e9der aux informations relatives \u00e0 l&#039;utilisation du site web ou \u00e0 l&#039;activit\u00e9 de navigation de l&#039;utilisateur, ni aux conditions, caract\u00e9ristiques et circonstances de cette utilisation. Par cons\u00e9quent, Granatum Plus ne pourra en aucun cas \u00eatre tenu responsable des dommages pouvant r\u00e9sulter d&#039;un tel acc\u00e8s non autoris\u00e9.<\/p><p>Granatum Plus ne pourra en aucun cas \u00eatre tenu responsable de l&#039;utilisation que les utilisateurs et\/ou des tiers pourraient faire du site Web ou du contenu, ni des dommages qui pourraient en r\u00e9sulter.<\/p><p><strong>4.2.- Exclusion des garanties et de la responsabilit\u00e9 concernant le contenu.<\/strong><\/p><p>Granatum Plus ne modifie pas les contenus tiers publi\u00e9s sur le site web et, par cons\u00e9quent, ne garantit ni n&#039;assume aucune responsabilit\u00e9 quant \u00e0 la l\u00e9galit\u00e9, la fiabilit\u00e9, l&#039;utilit\u00e9, la v\u00e9racit\u00e9, l&#039;exactitude, l&#039;exhaustivit\u00e9 ou l&#039;actualit\u00e9 de ces contenus, ni quant aux contenus dont Granatum Plus est propri\u00e9taire. Granatum Plus ne saurait \u00eatre tenu responsable, en aucune circonstance, des dommages pouvant r\u00e9sulter de\u00a0: <strong>(Yo)<\/strong> le manque de l\u00e9galit\u00e9, de v\u00e9racit\u00e9, d&#039;exactitude, d&#039;exhaustivit\u00e9 et\/ou d&#039;actualit\u00e9 du contenu provenant de tiers et de leur propre contenu\u00a0; <strong>(ii)<\/strong> l\u2019inad\u00e9quation \u00e0 toute fin et la d\u00e9ception des attentes suscit\u00e9es par le Contenu\u00a0; <strong>(iii)<\/strong> les d\u00e9cisions ou actions entreprises ou \u00e9vit\u00e9es par l&#039;utilisateur en se fiant aux informations ou donn\u00e9es fournies dans le Contenu, y compris, sans limitation, la perte de profits ou d&#039;opportunit\u00e9s commerciales.<\/p><p><strong>5. Hyperliens.<\/strong><\/p><p>Les personnes souhaitant \u00e9tablir des liens hypertextes entre leur site web et ce site web doivent respecter les conditions suivantes\u00a0:<br \/><strong>Yo)<\/strong> Aucune autorisation pr\u00e9alable ne sera requise si le lien hypertexte permet uniquement d&#039;acc\u00e9der \u00e0 la page d&#039;accueil du site web, mais sa reproduction est interdite. Tout autre type de lien hypertexte n\u00e9cessitera l&#039;autorisation \u00e9crite expresse et sans \u00e9quivoque de Granatum Plus.<\/p><p><strong>ii)<\/strong> La page web sur laquelle le lien hypertexte est \u00e9tabli ne doit contenir que les \u00e9l\u00e9ments strictement n\u00e9cessaires \u00e0 l&#039;identification de la destination du lien hypertexte.<\/p><p><strong>iii)<\/strong> Le site web sur lequel le lien hypertexte est \u00e9tabli ne contiendra aucune information ni aucun contenu ill\u00e9gal, contraire \u00e0 la morale et aux bonnes m\u0153urs g\u00e9n\u00e9ralement accept\u00e9es et \u00e0 l&#039;ordre public, ni aucun contenu portant atteinte aux droits de tiers.<\/p><p><strong>iv)<\/strong> Granatum Plus se r\u00e9serve le droit de bloquer les liens hypertextes vers le Site Web qui ne font pas l&#039;objet d&#039;une autorisation expresse pr\u00e9alable, m\u00eame s&#039;ils respectent les dispositions de la pr\u00e9sente section des Conditions G\u00e9n\u00e9rales.<\/p><p><strong>6.- Mesures prises en cas de non-respect.<\/strong><\/p><p>Granatum Plus se r\u00e9serve le droit d&#039;engager toute action en justice possible pour exiger la responsabilit\u00e9 de tout utilisateur en cas de violation des pr\u00e9sentes Conditions g\u00e9n\u00e9rales du site Web.<\/p><p><strong>7.- Nullit\u00e9 partielle<\/strong>.<\/p><p>La d\u00e9claration de nullit\u00e9, d&#039;invalidit\u00e9 ou d&#039;inefficacit\u00e9 de l&#039;une quelconque des clauses contenues dans les pr\u00e9sentes Conditions g\u00e9n\u00e9rales n&#039;affectera pas la validit\u00e9 ou l&#039;efficacit\u00e9 des autres clauses, qui continueront de lier les parties.<\/p><p><strong>8. Droit applicable et juridiction comp\u00e9tente.<\/strong><\/p><p>Les pr\u00e9sentes conditions g\u00e9n\u00e9rales sont r\u00e9gies par les dispositions du droit espagnol.<br \/>Tout litige relatif aux conditions d&#039;utilisation et d&#039;acc\u00e8s \u00e0 ce site Web contenues dans le pr\u00e9sent document de conditions g\u00e9n\u00e9rales du site Web, les parties se soumettent, renon\u00e7ant express\u00e9ment \u00e0 toute autre juridiction qui pourrait leur correspondre, sauf disposition contraire de la loi, aux tribunaux de Molina de Segura.<\/p><p><strong>9.- Notifications.<\/strong><\/p><p>Afin d\u2019effectuer les notifications appropri\u00e9es, Granatum Plus d\u00e9signe comme adresse de contact celle sp\u00e9cifi\u00e9e dans les mentions l\u00e9gales.<br \/>L\u2019adresse \u00e9lectronique fournie par l\u2019Utilisateur lors du processus d\u2019inscription sur le Site Web sera utilis\u00e9e par Granatum Plus pour envoyer des notifications \u00e0 l\u2019Utilisateur.<\/p><p>L&#039;Utilisateur est tenu de maintenir \u00e0 jour les informations de contact mentionn\u00e9es dans la pr\u00e9sente clause. Toutes les notifications envoy\u00e9es par Granatum Plus \u00e0 l&#039;Utilisateur seront consid\u00e9r\u00e9es comme valablement d\u00e9livr\u00e9es si elles sont envoy\u00e9es au moyen des informations de contact et par les m\u00e9thodes susmentionn\u00e9es. Granatum Plus d\u00e9cline toute responsabilit\u00e9 pour les dommages pouvant r\u00e9sulter du d\u00e9faut de mise \u00e0 jour des informations de contact de l&#039;Utilisateur.<\/p><p><strong>10.<\/strong>\u00ab Ce commer\u00e7ant s&#039;engage \u00e0 ne permettre aucune transaction ill\u00e9gale ou consid\u00e9r\u00e9e par les marques de cartes de cr\u00e9dit ou la banque acqu\u00e9reuse comme susceptible de nuire \u00e0 leur r\u00e9putation ou de leur avoir un impact n\u00e9gatif. Les activit\u00e9s suivantes sont interdites par les programmes des marques de cartes\u00a0: la vente ou l&#039;offre de tout produit ou service non conforme \u00e0 toutes les lois applicables \u00e0 l&#039;acheteur, \u00e0 la banque \u00e9mettrice, au commer\u00e7ant, au titulaire de la carte ou aux cartes. De plus, les activit\u00e9s suivantes sont \u00e9galement express\u00e9ment interdites\u00a0: \u00bb<\/p><p>-\u00abVendre des m\u00e9dicaments\u00bb<\/p>\t\t\t\t\t\t\t\t<\/div>\n\t\t\t\t<div class=\"elementor-element elementor-element-d78dbe7 elementor-widget elementor-widget-image\" data-id=\"d78dbe7\" data-element_type=\"widget\" data-e-type=\"widget\" data-widget_type=\"image.default\">\n\t\t\t\t\t\t\t\t\t\t\t\t\t\t\t\t<a href=\"http:\/\/www.segdades.com\/certificacion\/sello.php?id=31\" target=\"_blank\" rel=\"noopener\">\n\t\t\t\t\t\t\t<img decoding=\"async\" width=\"150\" height=\"115\" src=\"https:\/\/granatherapy.com\/wp-content\/uploads\/2019\/07\/lopd.jpg\" class=\"attachment-full size-full wp-image-976\" alt=\"\" \/>\t\t\t\t\t\t\t\t<\/a>\n\t\t\t\t\t\t\t\t\t\t\t\t\t\t\t<\/div>\n\t\t\t\t\t<\/div>\n\t\t<\/div>\n\t\t\t\t\t<\/div>\n\t\t<\/section>\n\t\t\t\t<\/div>","protected":false},"excerpt":{"rendered":"<p>CONDICIONES DE USO CONDICIONES GENERALES DEL WEBSITE WWW.GRANATHERAPY.COM 1.- Objeto. Las presentes condiciones generales (en adelante Condiciones Generales), regulan el acceso y el uso del Website bajo el dominio www.granatherapy.com (en adelante Website), titularidad de \u00abPOLIFENOLES MEDITERRANEOS S.L.\u00bb (en adelante Granatum Plus), puesto a disposici\u00f3n de los usuarios (en adelante Usuario\/s).Ante cualquier duda o consulta [&hellip;]<\/p>","protected":false},"author":1,"featured_media":0,"parent":0,"menu_order":0,"comment_status":"closed","ping_status":"closed","template":"","meta":{"_acf_changed":false,"_joinchat":[],"footnotes":""},"class_list":["post-514","page","type-page","status-publish","hentry"],"acf":[],"_links":{"self":[{"href":"https:\/\/granatherapy.com\/fr\/wp-json\/wp\/v2\/pages\/514","targetHints":{"allow":["GET"]}}],"collection":[{"href":"https:\/\/granatherapy.com\/fr\/wp-json\/wp\/v2\/pages"}],"about":[{"href":"https:\/\/granatherapy.com\/fr\/wp-json\/wp\/v2\/types\/page"}],"author":[{"embeddable":true,"href":"https:\/\/granatherapy.com\/fr\/wp-json\/wp\/v2\/users\/1"}],"replies":[{"embeddable":true,"href":"https:\/\/granatherapy.com\/fr\/wp-json\/wp\/v2\/comments?post=514"}],"version-history":[{"count":27,"href":"https:\/\/granatherapy.com\/fr\/wp-json\/wp\/v2\/pages\/514\/revisions"}],"predecessor-version":[{"id":15877,"href":"https:\/\/granatherapy.com\/fr\/wp-json\/wp\/v2\/pages\/514\/revisions\/15877"}],"wp:attachment":[{"href":"https:\/\/granatherapy.com\/fr\/wp-json\/wp\/v2\/media?parent=514"}],"curies":[{"name":"wp","href":"https:\/\/api.w.org\/{rel}","templated":true}]}}