{"id":505,"date":"2019-07-25T23:17:42","date_gmt":"2019-07-25T21:17:42","guid":{"rendered":"https:\/\/granatherapy2.miwebnueva.net?page_id=505"},"modified":"2025-06-12T18:45:07","modified_gmt":"2025-06-12T16:45:07","slug":"politique-de-confidentialite","status":"publish","type":"page","link":"https:\/\/granatherapy.com\/fr\/politique-de-confidentialite\/","title":{"rendered":"Politique de confidentialit\u00e9."},"content":{"rendered":"<div data-elementor-type=\"wp-post\" data-elementor-id=\"505\" class=\"elementor elementor-505\" data-elementor-post-type=\"page\">\n\t\t\t\t\t\t<section class=\"elementor-section elementor-top-section elementor-element elementor-element-503dafa elementor-section-boxed elementor-section-height-default elementor-section-height-default\" data-id=\"503dafa\" data-element_type=\"section\" data-e-type=\"section\">\n\t\t\t\t\t\t<div class=\"elementor-container elementor-column-gap-default\">\n\t\t\t\t\t<div class=\"elementor-column elementor-col-100 elementor-top-column elementor-element elementor-element-d8c80ac\" data-id=\"d8c80ac\" data-element_type=\"column\" data-e-type=\"column\">\n\t\t\t<div class=\"elementor-widget-wrap elementor-element-populated\">\n\t\t\t\t\t\t<div class=\"elementor-element elementor-element-f6c350f elementor-widget elementor-widget-heading\" data-id=\"f6c350f\" data-element_type=\"widget\" data-e-type=\"widget\" data-widget_type=\"heading.default\">\n\t\t\t\t\t<h2 class=\"elementor-heading-title elementor-size-default\">Politique de confidentialit\u00e9<\/h2>\t\t\t\t<\/div>\n\t\t\t\t<div class=\"elementor-element elementor-element-ab9de01 elementor-widget elementor-widget-text-editor\" data-id=\"ab9de01\" data-element_type=\"widget\" data-e-type=\"widget\" data-widget_type=\"text-editor.default\">\n\t\t\t\t\t\t\t\t\t<p>Cette politique de confidentialit\u00e9 est conforme aux <strong>R\u00e8glement (UE) 2016\/679 du Parlement europ\u00e9en et du Conseil<\/strong>, du 27 avril 2016, relative \u00e0 la protection des personnes physiques \u00e0 l&#039;\u00e9gard du traitement des donn\u00e9es \u00e0 caract\u00e8re personnel et \u00e0 la libre circulation de ces donn\u00e9es (<strong>RGPD<\/strong>), Loi organique 3\/2018 du 5 d\u00e9cembre relative \u00e0 la protection des donn\u00e9es personnelles et \u00e0 la garantie des droits num\u00e9riques (<strong>LOPDGDD<\/strong>), ainsi que dans toutes les mati\u00e8res qui ne sont pas contraires aux r\u00e9glementations susmentionn\u00e9es, \u00e0 la loi organique 15\/1999 relative \u00e0 la protection des donn\u00e9es personnelles (<strong>Loi sur la protection des donn\u00e9es<\/strong>) et ses r\u00e8glements d&#039;application, et\/ou ceux qui pourraient les remplacer ou les mettre \u00e0 jour \u00e0 l&#039;avenir.<br \/>Notre organisation s&#039;engage \u00e0 prot\u00e9ger la confidentialit\u00e9 de vos donn\u00e9es personnelles. Les donn\u00e9es personnelles que vous nous fournissez sont n\u00e9cessaires \u00e0 la prestation de nos services et sont trait\u00e9es de mani\u00e8re licite, loyale et transparente, garantissant leur s\u00e9curit\u00e9 ad\u00e9quate, notamment la protection contre le traitement non autoris\u00e9 ou illicite et contre la perte, la destruction ou les dommages accidentels gr\u00e2ce \u00e0 la mise en \u0153uvre de mesures techniques et organisationnelles.<br \/>Par le pr\u00e9sent document, nous souhaitons vous offrir, de mani\u00e8re transparente et \u00e9quitable, toutes les informations n\u00e9cessaires concernant le traitement de vos donn\u00e9es personnelles par notre organisation.<\/p><p><strong>I.- CONTR\u00d4LEUR DE DONN\u00c9ES <\/strong><strong>IDENTIT\u00c9:<\/strong><\/p><p>POLYPH\u00c9NOLS M\u00c9DITERRAN\u00c9ENS SL.<\/p><p><strong>CIF \/ NIF\u00a0:<\/strong><\/p><p>B-21806567<\/p><p><strong>MAISON:<\/strong><\/p><p><span style=\"font-size: 16px;\">CL. CARRIL DE LA CONDOMINA, 3 Pta. B 3 \u2013 30006 Murcie (Espagne)<\/span><\/p><p><strong>T\u00c9L\u00c9PHONE:<\/strong><\/p><p>(+34) 968 847 325<\/p><p><strong>E-MAIL:<\/strong> boutique@granatherapy.miwebnueva.net<\/p><p><strong>II.- DESTINATAIRES DES DONN\u00c9ES PERSONNELLES<\/strong><\/p><p><strong>1.<\/strong>\u2013 Les donn\u00e9es personnelles fournies ne seront transf\u00e9r\u00e9es \u00e0 aucun tiers, sauf indication contraire dans les activit\u00e9s de traitement sp\u00e9cifiques.<br \/><strong>2.<\/strong>\u2013 Le cas \u00e9ch\u00e9ant, pour la souscription \u00e0 des services d\u2019informatique en nuage et\/ou \u00e0 des services d\u2019envoi de courriels, de communication, ainsi qu\u2019\u00e0 d\u2019autres services informatiques connexes, les donn\u00e9es personnelles peuvent \u00eatre\u00a0:<\/p><p>\u2013 Transf\u00e9r\u00e9s \u00e0 des soci\u00e9t\u00e9s de services informatiques situ\u00e9es dans l\u2019Espace \u00e9conomique europ\u00e9en (EEE) ou,<\/p><p>\u2013 Les donn\u00e9es sont transf\u00e9r\u00e9es \u00e0 des prestataires de services informatiques situ\u00e9s hors de l\u2019EEE et certifi\u00e9s dans le cadre du Bouclier de protection des donn\u00e9es, ce qui leur assure des garanties ad\u00e9quates pour la s\u00e9curit\u00e9 des donn\u00e9es personnelles. Pour en savoir plus, veuillez consulter ce lien\u00a0: <a href=\"https:\/\/www.privacyshield.gov\/welcome\" target=\"_blank\" rel=\"noopener\">https:\/\/www.privacyshield.gov\/welcome<\/a><\/p><p><strong>3.<\/strong>\u2013 Facultativement, aux administrations et autres organismes lorsque cela est requis pour se conformer aux obligations l\u00e9gales.<\/p><p><strong>III.- FONDEMENT JURIDIQUE L\u00c9GITIME LE TRAITEMENT DES DONN\u00c9ES PERSONNELLES<\/strong><\/p><p>Pour chaque traitement sp\u00e9cifique de donn\u00e9es personnelles, nous vous informerons de la base juridique qui le l\u00e9gitime.<\/p><p><strong>IV.- DROITS <\/strong><strong>\u00a0ACC\u00c9DER<\/strong><\/p><p>Il s&#039;agit du droit d&#039;obtenir du responsable du traitement la confirmation qu&#039;il traite ou non des donn\u00e9es \u00e0 caract\u00e8re personnel concernant la personne concern\u00e9e et, le cas \u00e9ch\u00e9ant, le droit d&#039;acc\u00e9der \u00e0 ces donn\u00e9es et aux informations suivantes\u00a0: les finalit\u00e9s du traitement, les cat\u00e9gories de donn\u00e9es \u00e0 caract\u00e8re personnel concern\u00e9es, les destinataires ou cat\u00e9gories de destinataires auxquels les donn\u00e9es \u00e0 caract\u00e8re personnel ont \u00e9t\u00e9 ou seront communiqu\u00e9es, la dur\u00e9e de conservation des donn\u00e9es \u00e0 caract\u00e8re personnel ou les crit\u00e8res utilis\u00e9s pour d\u00e9terminer cette dur\u00e9e, l&#039;existence du droit de demander au responsable du traitement la rectification ou l&#039;effacement des donn\u00e9es \u00e0 caract\u00e8re personnel ou la limitation du traitement des donn\u00e9es \u00e0 caract\u00e8re personnel concernant la personne concern\u00e9e ou de s&#039;opposer \u00e0 un tel traitement, le droit d&#039;introduire une r\u00e9clamation aupr\u00e8s de l&#039;Agence espagnole de protection des donn\u00e9es (AEPD), l&#039;existence, le cas \u00e9ch\u00e9ant, d&#039;une prise de d\u00e9cision automatis\u00e9e, y compris le profilage, lorsque des donn\u00e9es sont transf\u00e9r\u00e9es vers des pays tiers, et le droit d&#039;\u00eatre inform\u00e9 des garanties appropri\u00e9es appliqu\u00e9es.<\/p><p><strong>DROIT DE RECTIFICATION<\/strong><\/p><p>Vous avez le droit de demander la rectification de vos donn\u00e9es personnelles si elles sont inexactes, et notamment de compl\u00e9ter toute information incompl\u00e8te. Veuillez noter qu&#039;en nous communiquant vos donn\u00e9es personnelles par quelque moyen que ce soit, vous garantissez leur exactitude et vous vous engagez \u00e0 nous informer de toute modification. Par cons\u00e9quent, toute responsabilit\u00e9 pour les dommages caus\u00e9s par la communication d&#039;informations erron\u00e9es, inexactes ou incompl\u00e8tes via les formulaires du site web incombe exclusivement \u00e0 la personne concern\u00e9e.<\/p><p><strong>DROIT D&#039;\u00c9LIMINATION<\/strong><\/p><p>Vous avez le droit de demander l&#039;effacement de vos donn\u00e9es personnelles lorsque, notamment, leur conservation n&#039;est plus n\u00e9cessaire au regard de la finalit\u00e9 pour laquelle elles ont \u00e9t\u00e9 collect\u00e9es, lorsqu&#039;elles sont trait\u00e9es d&#039;une autre mani\u00e8re ou lorsque vous retirez votre consentement. Il convient de noter que l&#039;effacement ne sera pas accord\u00e9 lorsque le traitement des donn\u00e9es personnelles est n\u00e9cessaire, entre autres, au respect d&#039;obligations l\u00e9gales ou \u00e0 la constatation, \u00e0 l&#039;exercice ou \u00e0 la d\u00e9fense d&#039;un droit en justice.<\/p><p><strong>DROIT \u00c0 LA LIMITATION<\/strong><\/p><p>Vous avez le droit de demander la limitation du traitement de vos donn\u00e9es personnelles, ce qui signifie que, dans certains cas, vous pouvez nous demander de suspendre temporairement le traitement de vos donn\u00e9es personnelles ou de les conserver au-del\u00e0 de la dur\u00e9e n\u00e9cessaire, lorsque vous en avez besoin.<\/p><p><strong>DROIT DE RETIRER SON CONSENTEMENT<\/strong><\/p><p>Vous avez le droit de retirer \u00e0 tout moment votre consentement, que vous avez donn\u00e9 en cochant la case \u201c J\u2019ai lu et j\u2019accepte la politique de confidentialit\u00e9 \u201d, comme indiqu\u00e9 dans la section \u201c Exercice des droits \u201d ou dans les modalit\u00e9s sp\u00e9cifiques de traitement des communications commerciales ou des newsletters. Veuillez noter que ce droit ne s\u2019applique pas, notamment si le traitement des donn\u00e9es personnelles est n\u00e9cessaire au respect d\u2019une obligation l\u00e9gale, \u00e0 l\u2019ex\u00e9cution et au maintien d\u2019un contrat, ou \u00e0 la constatation, \u00e0 l\u2019exercice ou \u00e0 la d\u00e9fense d\u2019un droit en justice. Par ailleurs, le retrait du consentement n\u2019a pas d\u2019effet r\u00e9troactif\u00a0; autrement dit, il n\u2019affecte pas la lic\u00e9it\u00e9 du traitement fond\u00e9 sur le consentement effectu\u00e9 avant ce retrait.<\/p><p><strong>DROIT \u00c0 LA PORTABILIT\u00c9<\/strong><\/p><p>Vous avez le droit de recevoir les donn\u00e9es personnelles vous concernant que vous nous avez fournies, dans un format structur\u00e9, couramment utilis\u00e9 et lisible par machine, et de les transmettre \u00e0 un autre responsable du traitement, \u00e0 condition que : le traitement soit fond\u00e9 sur votre consentement et soit effectu\u00e9 par des moyens automatis\u00e9s ou informatiques.<\/p><p><strong>DROIT D&#039;OPPOSITION<\/strong><\/p><p>Vous avez le droit de vous opposer au traitement de vos donn\u00e9es personnelles fond\u00e9 sur notre int\u00e9r\u00eat l\u00e9gitime. Nous cesserons alors de traiter vos donn\u00e9es personnelles, sauf si nous pouvons d\u00e9montrer l&#039;existence de motifs l\u00e9gitimes et imp\u00e9rieux justifiant ce traitement et pr\u00e9valant sur vos int\u00e9r\u00eats, droits et libert\u00e9s, ou pour la constatation, l&#039;exercice ou la d\u00e9fense de droits en justice.<\/p><p><strong>DROIT DE D\u00c9POSER UNE PLAINTE AUPR\u00c8S D&#039;UNE AUTORIT\u00c9 DE SURVEILLANCE<\/strong><\/p><p>Si vous estimez que nous traitons vos donn\u00e9es personnelles de mani\u00e8re incorrecte, vous pouvez nous contacter ou vous avez \u00e9galement le droit de d\u00e9poser une plainte aupr\u00e8s de l&#039;Agence espagnole de protection des donn\u00e9es (AEPD)\u00a0:<br \/><a href=\"https:\/\/www.agpd.es\/portalwebAGPD\/index-ides-idphp.php\" target=\"_blank\" rel=\"noopener\">https:\/\/www.agpd.es\/portalwebAGPD\/index-ides-idphp.php<\/a><\/p><p><strong>EXERCICE DES DROITS<\/strong><\/p><p>Vous pouvez exercer vos droits en envoyant une lettre \u00e0 l&#039;adresse postale indiqu\u00e9e ci-dessus ou par courriel. <strong>boutique@granatherapy.miwebnueva.net<\/strong>, attacher dans les deux cas <strong>copie de votre NIF\/NIE\/Passeport ou document similaire.<\/strong><\/p><p><strong>V.- TRAITEMENT DES DONN\u00c9ES PERSONNELLES.<\/strong><br \/><strong>DISPOSITIONS G\u00c9N\u00c9RALES<\/strong><\/p><p>Les donn\u00e9es personnelles demand\u00e9es dans chacune des activit\u00e9s de traitement sp\u00e9cifiques sont ad\u00e9quates, pertinentes et limit\u00e9es \u00e0 ce qui est n\u00e9cessaire au regard des finalit\u00e9s pour lesquelles elles sont trait\u00e9es, respectant ainsi le principe de minimisation des donn\u00e9es.<\/p><p>Les donn\u00e9es personnelles demand\u00e9es pour chacun des traitements sp\u00e9cifiques sont strictement n\u00e9cessaires ; le refus de les fournir impliquerait que le service demand\u00e9 ne puisse \u00eatre fourni.<\/p><p>La communication des donn\u00e9es personnelles pr\u00e9vue dans chacune des activit\u00e9s de traitement sp\u00e9cifiques est, dans certains cas, n\u00e9cessaire \u00e0 l&#039;ex\u00e9cution et au maintien d&#039;un contrat et, dans d&#039;autres cas, au respect d&#039;une obligation l\u00e9gale applicable au responsable du traitement.<\/p><p><strong>FORMULAIRE DE CONTACT<\/strong><\/p><p>Les donn\u00e9es personnelles seront trait\u00e9es afin de r\u00e9pondre aux demandes d&#039;informations, aux suggestions et aux r\u00e9clamations des utilisateurs ou des clients.<br \/>La base juridique qui l\u00e9gitime le traitement des donn\u00e9es personnelles est le consentement expr\u00e8s donn\u00e9 par le biais d&#039;un contr\u00f4le. <strong>\u201c J\u2019ai lu et j\u2019accepte la politique de confidentialit\u00e9. \u201d<\/strong>.<\/p><p>Les donn\u00e9es personnelles seront conserv\u00e9es pendant une dur\u00e9e de deux ans \u00e0 compter de la cessation de leur traitement, sans pr\u00e9judice de l&#039;exercice des droits dont vous disposez en tant que personne concern\u00e9e.<\/p><p><strong>FORMULAIRE DE COMMERCE \u00c9LECTRONIQUE<\/strong><\/p><p>Les donn\u00e9es personnelles seront trait\u00e9es pour g\u00e9rer vos achats en ligne en traitant vos commandes et retours via nos services en ligne, vous envoyer des notifications concernant l&#039;\u00e9tat de la livraison ou en cas de probl\u00e8me avec l&#039;exp\u00e9dition des articles, g\u00e9rer vos paiements, traiter toute r\u00e9clamation ou probl\u00e8me concernant la garantie des produits ou services, vous identifier et valider votre \u00e2ge l\u00e9gal pour contracter, ainsi que, le cas \u00e9ch\u00e9ant, pour la formulation, l&#039;exercice ou la d\u00e9fense de droits en justice.<br \/>La base juridique qui l\u00e9gitime le traitement des donn\u00e9es personnelles est le consentement expr\u00e8s donn\u00e9 par le biais d&#039;un contr\u00f4le. <strong>\u201c J\u2019ai lu et j\u2019accepte la politique de confidentialit\u00e9. \u201d<\/strong>.<br \/>Vos donn\u00e9es personnelles seront partag\u00e9es avec la soci\u00e9t\u00e9 de transport afin de livrer votre commande \u00e0 votre domicile, ainsi qu&#039;avec les prestataires de services de paiement.<br \/>Vos donn\u00e9es personnelles seront conserv\u00e9es jusqu&#039;\u00e0 ce que vous retiriez votre consentement, sauf si leur conservation est n\u00e9cessaire au maintien de la relation entre les parties ou pendant la dur\u00e9e n\u00e9cessaire au respect des obligations l\u00e9gales.<\/p>\t\t\t\t\t\t\t\t<\/div>\n\t\t\t\t\t<\/div>\n\t\t<\/div>\n\t\t\t\t\t<\/div>\n\t\t<\/section>\n\t\t\t\t<\/div>","protected":false},"excerpt":{"rendered":"<p>POL\u00cdTICA DE PRIVACIDAD La presente pol\u00edtica de privacidad es conforme al Reglamento (UE) 2016\/679 del Parlamento Europeo y del Consejo, de 27 de abril de 2016, relativo a la protecci\u00f3n de les personas f\u00edsicas en lo que respecta al tratamiento de datos personales y a la libre circulaci\u00f3n de estos datos (RGPD), a Ley Org\u00e1nica [&hellip;]<\/p>","protected":false},"author":1,"featured_media":0,"parent":0,"menu_order":0,"comment_status":"closed","ping_status":"closed","template":"","meta":{"_acf_changed":false,"_joinchat":[],"footnotes":""},"class_list":["post-505","page","type-page","status-publish","hentry"],"acf":[],"_links":{"self":[{"href":"https:\/\/granatherapy.com\/fr\/wp-json\/wp\/v2\/pages\/505","targetHints":{"allow":["GET"]}}],"collection":[{"href":"https:\/\/granatherapy.com\/fr\/wp-json\/wp\/v2\/pages"}],"about":[{"href":"https:\/\/granatherapy.com\/fr\/wp-json\/wp\/v2\/types\/page"}],"author":[{"embeddable":true,"href":"https:\/\/granatherapy.com\/fr\/wp-json\/wp\/v2\/users\/1"}],"replies":[{"embeddable":true,"href":"https:\/\/granatherapy.com\/fr\/wp-json\/wp\/v2\/comments?post=505"}],"version-history":[{"count":14,"href":"https:\/\/granatherapy.com\/fr\/wp-json\/wp\/v2\/pages\/505\/revisions"}],"predecessor-version":[{"id":15841,"href":"https:\/\/granatherapy.com\/fr\/wp-json\/wp\/v2\/pages\/505\/revisions\/15841"}],"wp:attachment":[{"href":"https:\/\/granatherapy.com\/fr\/wp-json\/wp\/v2\/media?parent=505"}],"curies":[{"name":"wp","href":"https:\/\/api.w.org\/{rel}","templated":true}]}}