{"id":507,"date":"2019-07-25T23:18:04","date_gmt":"2019-07-25T21:18:04","guid":{"rendered":"https:\/\/granatherapy2.miwebnueva.net?page_id=507"},"modified":"2022-01-25T11:06:16","modified_gmt":"2022-01-25T10:06:16","slug":"politica-de-cookies","status":"publish","type":"page","link":"https:\/\/granatherapy.com\/en\/politica-de-cookies\/","title":{"rendered":"Pol\u00edtica de Cookies"},"content":{"rendered":"<div data-elementor-type=\"wp-post\" data-elementor-id=\"507\" class=\"elementor elementor-507\" data-elementor-post-type=\"page\">\n\t\t\t\t\t\t<section class=\"elementor-section elementor-top-section elementor-element elementor-element-680a850 elementor-section-boxed elementor-section-height-default elementor-section-height-default\" data-id=\"680a850\" data-element_type=\"section\" data-e-type=\"section\">\n\t\t\t\t\t\t<div class=\"elementor-container elementor-column-gap-default\">\n\t\t\t\t\t<div class=\"elementor-column elementor-col-100 elementor-top-column elementor-element elementor-element-d8660d4\" data-id=\"d8660d4\" data-element_type=\"column\" data-e-type=\"column\">\n\t\t\t<div class=\"elementor-widget-wrap elementor-element-populated\">\n\t\t\t\t\t\t<div class=\"elementor-element elementor-element-a7ad0a2 elementor-widget elementor-widget-heading\" data-id=\"a7ad0a2\" data-element_type=\"widget\" data-e-type=\"widget\" data-widget_type=\"heading.default\">\n\t\t\t\t\t<h2 class=\"elementor-heading-title elementor-size-default\">Cookie policy<\/h2>\t\t\t\t<\/div>\n\t\t\t\t<div class=\"elementor-element elementor-element-a788db5 elementor-widget elementor-widget-text-editor\" data-id=\"a788db5\" data-element_type=\"widget\" data-e-type=\"widget\" data-widget_type=\"text-editor.default\">\n\t\t\t\t\t\t\t\t\t<h4 data-fontsize=\"17\" data-lineheight=\"20\">Informaci\u00f3n de cookies:<\/h4><p>Las cookies son archivos que se pueden descargar en su equipo a trav\u00e9s de las p\u00e1ginas web. Son herramientas que tienen un papel esencial para la prestaci\u00f3n de numerosos servicios de la sociedad de la informaci\u00f3n. Entre otros, permiten a una p\u00e1gina web almacenar y recuperar informaci\u00f3n sobre los h\u00e1bitos de navegaci\u00f3n de un usuario o de su equipo y, dependiendo de la informaci\u00f3n obtenida, se pueden utilizar para reconocer al usuario y mejorar el servicio ofrecido.<\/p><h4 data-fontsize=\"17\" data-lineheight=\"20\">\u00a0Estad\u00edsticas del sitio de Google<\/h4><p>Seg\u00fan quien sea la entidad que gestione el dominio desde donde se env\u00edan las cookies y trate los datos que se obtengan se pueden distinguir dos tipos: cookies propias y cookies de terceros. Existe tambi\u00e9n una segunda clasificaci\u00f3n seg\u00fan el plazo de tiempo que permanecen almacenadas en el navegador del cliente, pudiendo tratarse de cookies de sesi\u00f3n o cookies persistentes. Por \u00faltimo, existe otra clasificaci\u00f3n con cinco tipos de cookies seg\u00fan la finalidad para la que se traten los datos obtenidos: cookies t\u00e9cnicas, cookies de personalizaci\u00f3n, cookies de an\u00e1lisis, cookies publicitarias y cookies de publicidad comportamental.<\/p><h4 data-fontsize=\"17\" data-lineheight=\"20\">Cookies utilizadas en la web<\/h4><p>A continuaci\u00f3n se identifican las cookies que est\u00e1n siendo utilizadas en este portal as\u00ed como su tipolog\u00eda y funci\u00f3n: Una cookie propia de tipo t\u00e9cnico denominada PHPSESSID necesaria para la correcta navegaci\u00f3n por las p\u00e1ginas web. Cookies de Google Analytics, un servicio de anal\u00edtica web desarrollada por Google, que permite la medici\u00f3n y an\u00e1lisis de la navegaci\u00f3n en las p\u00e1ginas web. En su navegador podr\u00e1 observar 4 cookies de este servicio. Seg\u00fan la tipolog\u00eda anterior se trata de cookies propias, de sesi\u00f3n y de an\u00e1lisis. Puede encontrar m\u00e1s informaci\u00f3n al respecto e inhabilitar el uso de estas cookies en:\u00a0<span style=\"color: #b0097e;\"><strong><a class=\"btn btn-default\" style=\"color: #b0097e;\" href=\"http:\/\/www.google.es\/intl\/es_ALL\/analytics\/learn\/privacy.html\" target=\"_blank\" rel=\"noopener\">http:\/\/www.google.es\/intl\/es_ALL\/analytics\/learn\/privacy.html<\/a><\/strong>.<\/span>\u00a0A trav\u00e9s de la anal\u00edtica web no se obtiene informaci\u00f3n sobre sus datos personales garantizando la tutela de la privacidad de las personas que navegan por la web. La informaci\u00f3n que se obtiene es la relativa al n\u00famero de usuarios que acceden a la web, el n\u00famero de p\u00e1ginas vistas, la frecuencia y repetici\u00f3n de las visitas, su duraci\u00f3n, el navegador utilizado, el operador que presta el servicio, el idioma, el terminal que utiliza, o la ciudad a la que est\u00e1 asignada su direcci\u00f3n IP. Informaci\u00f3n que posibilita un mejor y m\u00e1s apropiado servicio por parte de este portal.<\/p>\t\t\t\t\t\t\t\t<\/div>\n\t\t\t\t<div class=\"elementor-element elementor-element-0ce62ce elementor-widget elementor-widget-shortcode\" data-id=\"0ce62ce\" data-element_type=\"widget\" data-e-type=\"widget\" data-widget_type=\"shortcode.default\">\n\t\t\t\t\t\t\t<div class=\"elementor-shortcode\"><script id=\"CookieDeclaration\" src=\"https:\/\/consent.cookiebot.com\/341d2b92-b71e-49a9-bed9-ca10e938f472\/cd.js\" type=\"text\/javascript\" async><\/script><\/div>\n\t\t\t\t\t\t<\/div>\n\t\t\t\t<div class=\"elementor-element elementor-element-43d39db elementor-widget elementor-widget-text-editor\" data-id=\"43d39db\" data-element_type=\"widget\" data-e-type=\"widget\" data-widget_type=\"text-editor.default\">\n\t\t\t\t\t\t\t\t\t<p><strong>C\u00d3MO MODIFICAR LA CONFIGURACI\u00d3N DE LAS COOKIES:<\/strong><\/p><p>Usted puede restringir, bloquear o borrar las cookies de este sitio o cualquier otra p\u00e1gina web, utilizando su navegador. En cada navegador la operativa diferente, la funci\u00f3n de Ayuda le mostrar\u00e1 c\u00f3mo hacerlo.<\/p><p><span style=\"color: #b0097e;\"><strong>\u2022\u00a0<a class=\"btn btn-default\" style=\"color: #b0097e;\" href=\"http:\/\/windows.microsoft.com\/es-xl\/internet-explorer\/delete-manage-cookies#ie=ie-10\" target=\"_blank\" rel=\"noopener\">Internet Explorer<\/a><\/strong><\/span><br \/><span style=\"color: #b0097e;\"><strong>\u2022\u00a0<a class=\"btn btn-default\" style=\"color: #b0097e;\" href=\"https:\/\/support.mozilla.org\/es\/kb\/Borrar%20cookies\" target=\"_blank\" rel=\"noopener\">Firefox<\/a><\/strong><\/span><br \/><span style=\"color: #b0097e;\"><strong>\u2022\u00a0<a class=\"btn btn-default\" style=\"color: #b0097e;\" href=\"https:\/\/support.google.com\/chrome\/answer\/95647?hl=es\" target=\"_blank\" rel=\"noopener\">Chrome<\/a><\/strong><\/span><br \/><span style=\"color: #b0097e;\"><strong>\u2022\u00a0<a class=\"btn btn-default\" style=\"color: #b0097e;\" href=\"https:\/\/www.youtube.com\/watch?v=gdfxTPW8eOo\" target=\"_blank\" rel=\"noopener\">video para configurar el navegador CHROME<\/a><\/strong><\/span><span style=\"color: #b0097e;\"><strong><a class=\"btn btn-default\" style=\"color: #b0097e;\" href=\"https:\/\/www.youtube.com\/watch?v=gdfxTPW8eOo\" target=\"_blank\" rel=\"noopener\">\u00a0<\/a><\/strong><\/span><\/p><p><span style=\"color: #b0097e;\"><strong><a class=\"btn btn-default\" style=\"color: #b0097e;\" href=\"https:\/\/www.youtube.com\/watch?v=gdfxTPW8eOo\" target=\"_blank\" rel=\"noopener\">&#8211; SAFARI<\/a><\/strong><\/span><\/p><p>\u00a0<\/p>\t\t\t\t\t\t\t\t<\/div>\n\t\t\t\t\t<\/div>\n\t\t<\/div>\n\t\t\t\t\t<\/div>\n\t\t<\/section>\n\t\t\t\t<section class=\"elementor-section elementor-top-section elementor-element elementor-element-b59945a elementor-section-boxed elementor-section-height-default elementor-section-height-default\" data-id=\"b59945a\" data-element_type=\"section\" data-e-type=\"section\">\n\t\t\t\t\t\t<div class=\"elementor-container elementor-column-gap-default\">\n\t\t\t\t\t<div class=\"elementor-column elementor-col-100 elementor-top-column elementor-element elementor-element-f69fca1\" data-id=\"f69fca1\" data-element_type=\"column\" data-e-type=\"column\">\n\t\t\t<div class=\"elementor-widget-wrap\">\n\t\t\t\t\t\t\t<\/div>\n\t\t<\/div>\n\t\t\t\t\t<\/div>\n\t\t<\/section>\n\t\t\t\t<\/div>","protected":false},"excerpt":{"rendered":"<p>POL\u00cdTICA DE COOKIES Informaci\u00f3n de cookies: Las cookies son archivos que se pueden descargar en su equipo a trav\u00e9s de las p\u00e1ginas web. Son herramientas que tienen un papel esencial para la prestaci\u00f3n de numerosos servicios de la sociedad de la informaci\u00f3n. Entre otros, permiten a una p\u00e1gina web almacenar y recuperar informaci\u00f3n sobre los [&hellip;]<\/p>","protected":false},"author":1,"featured_media":0,"parent":0,"menu_order":0,"comment_status":"closed","ping_status":"closed","template":"","meta":{"_acf_changed":false,"_joinchat":[],"footnotes":""},"class_list":["post-507","page","type-page","status-publish","hentry"],"acf":[],"_links":{"self":[{"href":"https:\/\/granatherapy.com\/en\/wp-json\/wp\/v2\/pages\/507","targetHints":{"allow":["GET"]}}],"collection":[{"href":"https:\/\/granatherapy.com\/en\/wp-json\/wp\/v2\/pages"}],"about":[{"href":"https:\/\/granatherapy.com\/en\/wp-json\/wp\/v2\/types\/page"}],"author":[{"embeddable":true,"href":"https:\/\/granatherapy.com\/en\/wp-json\/wp\/v2\/users\/1"}],"replies":[{"embeddable":true,"href":"https:\/\/granatherapy.com\/en\/wp-json\/wp\/v2\/comments?post=507"}],"version-history":[{"count":20,"href":"https:\/\/granatherapy.com\/en\/wp-json\/wp\/v2\/pages\/507\/revisions"}],"predecessor-version":[{"id":11145,"href":"https:\/\/granatherapy.com\/en\/wp-json\/wp\/v2\/pages\/507\/revisions\/11145"}],"wp:attachment":[{"href":"https:\/\/granatherapy.com\/en\/wp-json\/wp\/v2\/media?parent=507"}],"curies":[{"name":"wp","href":"https:\/\/api.w.org\/{rel}","templated":true}]}}