{"id":2387,"date":"2020-02-12T13:16:00","date_gmt":"2020-02-12T12:16:00","guid":{"rendered":"https:\/\/granatherapy2.miwebnueva.net?post_type=product&#038;p=2387"},"modified":"2026-02-18T10:48:12","modified_gmt":"2026-02-18T09:48:12","slug":"punicalagin-hydroxytyrosol-plus-6x60-2","status":"publish","type":"product","link":"https:\/\/granatherapy.com\/de\/speichern\/punicalagin-hydroxytyrosol-plus-6x60-2\/","title":{"rendered":"Punicalagin Hydroxytyrosol Plus 6\u00d760"},"content":{"rendered":"<p>Punicalagin ist ein Ellagitannin, das im Granatapfel vorkommt und eine starke antioxidative und entz\u00fcndungshemmende Wirkung besitzt. Es wird im Darm zu n\u00fctzlichen Verbindungen wie Urolithinen metabolisiert. Hydroxytyrosol hingegen ist eines der wirksamsten Polyphenole zur Neutralisierung freier Radikale und zum Schutz der Zellen vor oxidativen Sch\u00e4den.<\/p>\n<p>Die Kombination dieser beiden Wirkstoffe bietet einen <i>verst\u00e4rkten antioxidativen<\/i>Schutz und hilft dabei:<\/p>\n<ul>\n<li aria-level=\"1\">Die Zellen vor oxidativen Sch\u00e4den und physiologischem Stress sch\u00fctzen.<\/li>\n<li aria-level=\"1\">Chronische Entz\u00fcndungsprozesse reduzieren.<\/li>\n<li aria-level=\"1\">Die Zellgesundheit und die Integrit\u00e4t lebenswichtiger Gewebe unterst\u00fctzen.<\/li>\n<li aria-level=\"1\">Eine umfassendere antioxidative Reaktion f\u00f6rdern als mit einem einzelnen Extrakt.<\/li>\n<\/ul>","protected":false},"excerpt":{"rendered":"<p><i>Granatapfel- (Punica granatum) und Olivenextrakt (Olea europaea) aus nachhaltigem Anbau in Spanien f\u00fcr einen umfassenden Schutz vor oxidativem Stress, Zellalterung und kardiovaskul\u00e4rem Wohlbefinden.<\/i><\/p>\n<p><b>Punicalagin Hydroxytyrosol Plus<\/b> ist ein einzigartiges Nahrungserg\u00e4nzungsmittel, das zwei der <b>st\u00e4rksten nat\u00fcrlichen Antioxidantien der mediterranen Ern\u00e4hrung<\/b>kombiniert: <b>Punicalagin<\/b> aus Granatapfel und <b>Hydroxytyrosol<\/b> aus der Olive. Dank des umweltfreundlichen Extraktionsverfahrens mit ultrapurem Wasser bleiben die aktiven Polyphenole in hoch bioverf\u00fcgbarer Form erhalten und bieten einen <b>verst\u00e4rkten Zellschutz<\/b> vor oxidativem Stress und Entz\u00fcndungen.<\/p>","protected":false},"featured_media":11586,"comment_status":"open","ping_status":"closed","template":"","meta":{"_acf_changed":false,"_joinchat":[]},"product_brand":[],"product_cat":[504,505,499,497,502,501,509,503,500,498,496,506],"product_tag":[],"class_list":{"0":"post-2387","1":"product","2":"type-product","3":"status-publish","4":"has-post-thumbnail","6":"product_cat-antibacteriano-antimicrobiano","7":"product_cat-belleza-de-piel-y-cabello","8":"product_cat-control-del-peso","9":"product_cat-digestion-higado-y-flora-intestinal","10":"product_cat-energia-y-resistencia","11":"product_cat-nutricion-deportiva","12":"product_cat-punicalagina-hidroxitirosol-plus","13":"product_cat-refuerzo-del-sistema-inmunitario","14":"product_cat-salud-articular","15":"product_cat-salud-del-cerebro-y-memoria","16":"product_cat-salud-del-corazon-y-control-de-grasas-en-sangre","17":"product_cat-salud-ocular","18":"product_shipping_class-envio-gratuito","20":"first","21":"instock","22":"taxable","23":"shipping-taxable","24":"purchasable","25":"product-type-simple"},"acf":[],"_links":{"self":[{"href":"https:\/\/granatherapy.com\/de\/wp-json\/wp\/v2\/product\/2387","targetHints":{"allow":["GET"]}}],"collection":[{"href":"https:\/\/granatherapy.com\/de\/wp-json\/wp\/v2\/product"}],"about":[{"href":"https:\/\/granatherapy.com\/de\/wp-json\/wp\/v2\/types\/product"}],"replies":[{"embeddable":true,"href":"https:\/\/granatherapy.com\/de\/wp-json\/wp\/v2\/comments?post=2387"}],"version-history":[{"count":15,"href":"https:\/\/granatherapy.com\/de\/wp-json\/wp\/v2\/product\/2387\/revisions"}],"predecessor-version":[{"id":17412,"href":"https:\/\/granatherapy.com\/de\/wp-json\/wp\/v2\/product\/2387\/revisions\/17412"}],"wp:featuredmedia":[{"embeddable":true,"href":"https:\/\/granatherapy.com\/de\/wp-json\/wp\/v2\/media\/11586"}],"wp:attachment":[{"href":"https:\/\/granatherapy.com\/de\/wp-json\/wp\/v2\/media?parent=2387"}],"wp:term":[{"taxonomy":"product_brand","embeddable":true,"href":"https:\/\/granatherapy.com\/de\/wp-json\/wp\/v2\/product_brand?post=2387"},{"taxonomy":"product_cat","embeddable":true,"href":"https:\/\/granatherapy.com\/de\/wp-json\/wp\/v2\/product_cat?post=2387"},{"taxonomy":"product_tag","embeddable":true,"href":"https:\/\/granatherapy.com\/de\/wp-json\/wp\/v2\/product_tag?post=2387"}],"curies":[{"name":"wp","href":"https:\/\/api.w.org\/{rel}","templated":true}]}}