{"id":17380,"date":"2026-02-02T10:59:03","date_gmt":"2026-02-02T09:59:03","guid":{"rendered":"https:\/\/granatherapy2.miwebnueva.net\/?post_type=product&#038;p=17380"},"modified":"2026-02-25T01:46:42","modified_gmt":"2026-02-25T00:46:42","slug":"kaki-extrakt-plus","status":"publish","type":"product","link":"https:\/\/granatherapy.com\/de\/speichern\/kaki-extrakt-plus\/","title":{"rendered":"Persimmonenextrakt Plus"},"content":{"rendered":"<p>Kaki-Extrakt ist eine nat\u00fcrliche Quelle von <b>Polyphenols<\/b>, besonders <b>kondensierte Tannine<\/b>, bioaktive Verbindungen mit hoher F\u00e4higkeit zur Modulation des Fettstoffwechsels.<\/p>\n<p>Vielen Dank f\u00fcr Ihre <b>\u00f6kologisches Extraktionsverfahren mit Reinstwasser (Pure-Hydro Process\u00ae)<\/b>, Ein standardisierter Extrakt wird mit einem <b>Konzentration von kondensierten Tanninen gr\u00f6\u00dfer als 5 %<\/b>, Gew\u00e4hrleistung von Stabilit\u00e4t, Bioverf\u00fcgbarkeit und physiologischer Wirksamkeit.<\/p>\n<p>Sein Wirkungsmechanismus basiert in erster Linie auf der <b>Hemmung der Pankreaslipase<\/b>, das Enzym, das f\u00fcr die Verdauung von Fetten verantwortlich ist, deren Aufnahme verringert und deren Ausscheidung f\u00f6rdert.<\/p>","protected":false},"excerpt":{"rendered":"<p>Nat\u00fcrliche Kontrolle des K\u00f6rpergewichts, Fettabbau und Verbesserung des allgemeinen Wohlbefindens.<\/p>\n<p>Persimmon Extract Plus ist ein Nahrungserg\u00e4nzungsmittel, das hergestellt wird mit <b>Trockenextrakt aus Kaki (Diospyros kaki Lf)<\/b>, Angebaut und verarbeitet in Spanien. Seine Wirksamkeit wird durch folgende Merkmale belegt: <b>Klinische Studie am Menschen<\/b>, was erhebliche Vorteile bei der Reduzierung von K\u00f6rperfett und der Verbesserung der K\u00f6rperzusammensetzung ohne Nebenwirkungen nachweist.<\/p>","protected":false},"featured_media":17425,"comment_status":"closed","ping_status":"closed","template":"","meta":{"_acf_changed":false,"_joinchat":[]},"product_brand":[],"product_cat":[505,499,520],"product_tag":[],"class_list":{"0":"post-17380","1":"product","2":"type-product","3":"status-publish","4":"has-post-thumbnail","6":"product_cat-belleza-de-piel-y-cabello","7":"product_cat-control-del-peso","8":"product_cat-extracto-de-caqui","9":"product_shipping_class-envio-gratuito","11":"first","12":"instock","13":"taxable","14":"shipping-taxable","15":"purchasable","16":"product-type-simple"},"acf":[],"_links":{"self":[{"href":"https:\/\/granatherapy.com\/de\/wp-json\/wp\/v2\/product\/17380","targetHints":{"allow":["GET"]}}],"collection":[{"href":"https:\/\/granatherapy.com\/de\/wp-json\/wp\/v2\/product"}],"about":[{"href":"https:\/\/granatherapy.com\/de\/wp-json\/wp\/v2\/types\/product"}],"replies":[{"embeddable":true,"href":"https:\/\/granatherapy.com\/de\/wp-json\/wp\/v2\/comments?post=17380"}],"version-history":[{"count":5,"href":"https:\/\/granatherapy.com\/de\/wp-json\/wp\/v2\/product\/17380\/revisions"}],"predecessor-version":[{"id":17469,"href":"https:\/\/granatherapy.com\/de\/wp-json\/wp\/v2\/product\/17380\/revisions\/17469"}],"wp:featuredmedia":[{"embeddable":true,"href":"https:\/\/granatherapy.com\/de\/wp-json\/wp\/v2\/media\/17425"}],"wp:attachment":[{"href":"https:\/\/granatherapy.com\/de\/wp-json\/wp\/v2\/media?parent=17380"}],"wp:term":[{"taxonomy":"product_brand","embeddable":true,"href":"https:\/\/granatherapy.com\/de\/wp-json\/wp\/v2\/product_brand?post=17380"},{"taxonomy":"product_cat","embeddable":true,"href":"https:\/\/granatherapy.com\/de\/wp-json\/wp\/v2\/product_cat?post=17380"},{"taxonomy":"product_tag","embeddable":true,"href":"https:\/\/granatherapy.com\/de\/wp-json\/wp\/v2\/product_tag?post=17380"}],"curies":[{"name":"wp","href":"https:\/\/api.w.org\/{rel}","templated":true}]}}