{"id":1732,"date":"2020-01-09T19:24:05","date_gmt":"2020-01-09T18:24:05","guid":{"rendered":"https:\/\/granatherapy2.miwebnueva.net?post_type=product&#038;p=1732"},"modified":"2026-02-18T10:48:11","modified_gmt":"2026-02-18T09:48:11","slug":"hydroxytyrosol-plus","status":"publish","type":"product","link":"https:\/\/granatherapy.com\/de\/speichern\/hydroxytyrosol-plus\/","title":{"rendered":"Hydroxytyrosol Plus 1\u00d760"},"content":{"rendered":"<p>Die <b>Hydroxytyrosol<\/b> Es handelt sich um ein Polyphenol, das haupts\u00e4chlich in nativem Oliven\u00f6l extra und Olivenbl\u00e4ttern vorkommt. Es gilt nach der Galluss\u00e4ure als eines der st\u00e4rksten nat\u00fcrlichen Antioxidantien und besitzt eine h\u00f6here Wirksamkeit als andere Verbindungen wie Coenzym Q10 oder gr\u00fcner Tee.<\/p>\n<p>Dank seiner Molekularstruktur:<\/p>\n<ul>\n<li aria-level=\"1\">Es neutralisiert freie Radikale und sch\u00fctzt die Zellen vor oxidativen Sch\u00e4den.,<\/li>\n<li aria-level=\"1\">tr\u00e4gt zur normalen Funktion des Herz-Kreislauf-Systems bei,<\/li>\n<li aria-level=\"1\">unterst\u00fctzt gesundes Altern und<\/li>\n<li aria-level=\"1\">Es tr\u00e4gt zur Aufrechterhaltung eines ausgeglichenen Stoffwechsels bei.<\/li>\n<\/ul>\n<p>Diese Verbindung ist <b>hoch bioverf\u00fcgbar<\/b>, Dadurch kann der K\u00f6rper es effizient aufnehmen und in essentiellen Schutzprozessen nutzen.<\/p>","protected":false},"excerpt":{"rendered":"<p><i>Nat\u00fcrliches Antioxidans mit hohem Hydroxytyrosolgehalt zur Unterst\u00fctzung der Herz-Kreislauf-Gesundheit, des gesunden Alterns und des allgemeinen Wohlbefindens.<\/i><\/p>\n<p><b>Hydroxytyrosol Plus<\/b> Es handelt sich um ein Nahrungserg\u00e4nzungsmittel aus getrocknetem Olivenextrakt (<b>Olea europaea L.<\/b>) <b>in Spanien angebaut<\/b> und durch ein umweltfreundliches Verfahren gewonnen mit <b>ultrareines Wasser<\/b> das seine nat\u00fcrlichen Polyphenole ohne chemische Zus\u00e4tze beh\u00e4lt. Jede Kapsel enth\u00e4lt die <b>empfohlene Dosis von Hydroxytyrosol<\/b> \u2014eines der st\u00e4rksten nat\u00fcrlichen Antioxidantien, die es gibt \u2014 zusammen mit anderen n\u00fctzlichen phenolischen Verbindungen.<\/p>","protected":false},"featured_media":14279,"comment_status":"open","ping_status":"closed","template":"","meta":{"_acf_changed":false,"_joinchat":[]},"product_brand":[],"product_cat":[504,512,496],"product_tag":[],"class_list":{"0":"post-1732","1":"product","2":"type-product","3":"status-publish","4":"has-post-thumbnail","6":"product_cat-antibacteriano-antimicrobiano","7":"product_cat-hidroxitirosol","8":"product_cat-salud-del-corazon-y-control-de-grasas-en-sangre","9":"product_shipping_class-envio-gratuito","11":"first","12":"instock","13":"taxable","14":"shipping-taxable","15":"purchasable","16":"product-type-simple"},"acf":[],"_links":{"self":[{"href":"https:\/\/granatherapy.com\/de\/wp-json\/wp\/v2\/product\/1732","targetHints":{"allow":["GET"]}}],"collection":[{"href":"https:\/\/granatherapy.com\/de\/wp-json\/wp\/v2\/product"}],"about":[{"href":"https:\/\/granatherapy.com\/de\/wp-json\/wp\/v2\/types\/product"}],"replies":[{"embeddable":true,"href":"https:\/\/granatherapy.com\/de\/wp-json\/wp\/v2\/comments?post=1732"}],"version-history":[{"count":15,"href":"https:\/\/granatherapy.com\/de\/wp-json\/wp\/v2\/product\/1732\/revisions"}],"predecessor-version":[{"id":17250,"href":"https:\/\/granatherapy.com\/de\/wp-json\/wp\/v2\/product\/1732\/revisions\/17250"}],"wp:featuredmedia":[{"embeddable":true,"href":"https:\/\/granatherapy.com\/de\/wp-json\/wp\/v2\/media\/14279"}],"wp:attachment":[{"href":"https:\/\/granatherapy.com\/de\/wp-json\/wp\/v2\/media?parent=1732"}],"wp:term":[{"taxonomy":"product_brand","embeddable":true,"href":"https:\/\/granatherapy.com\/de\/wp-json\/wp\/v2\/product_brand?post=1732"},{"taxonomy":"product_cat","embeddable":true,"href":"https:\/\/granatherapy.com\/de\/wp-json\/wp\/v2\/product_cat?post=1732"},{"taxonomy":"product_tag","embeddable":true,"href":"https:\/\/granatherapy.com\/de\/wp-json\/wp\/v2\/product_tag?post=1732"}],"curies":[{"name":"wp","href":"https:\/\/api.w.org\/{rel}","templated":true}]}}