{"id":17315,"date":"2026-01-27T02:52:53","date_gmt":"2026-01-27T01:52:53","guid":{"rendered":"https:\/\/granatherapy2.miwebnueva.net\/?post_type=product&#038;p=17315"},"modified":"2026-02-20T10:28:00","modified_gmt":"2026-02-20T09:28:00","slug":"gurkenextrakt-plus-3x60","status":"publish","type":"product","link":"https:\/\/granatherapy.com\/de\/speichern\/gurkenextrakt-plus-3x60\/","title":{"rendered":"Gurkenextrakt Plus 3\u00d760"},"content":{"rendered":"<p>Gurkenextrakt ist eine nat\u00fcrliche Quelle von <strong>bioaktive Aminos\u00e4uren, Flavonoide, Tannine und Iminozucker<\/strong>, Verbindungen mit entz\u00fcndungshemmenden und antioxidativen Eigenschaften, die direkt auf die Mechanismen einwirken, die an Schmerzen und Gelenkverschlei\u00df beteiligt sind.<\/p>\n<p>Dank <strong>\u00f6kologisches Extraktionsverfahren mit Reinstwasser (Pure-Hydro Process\u00ae)<\/strong>, Es wird ein hochkonzentrierter und bioverf\u00fcgbarer Extrakt gewonnen, der unter dem Markennamen standardisiert wird. <strong>CuberUp\u00ae<\/strong>, was Stabilit\u00e4t, Reinheit und physiologische Wirksamkeit gew\u00e4hrleistet.<\/p>\n<p>Sein Wirkungsmechanismus basiert auf dem <strong>Stickoxidregulation<\/strong>, die Reduzierung von Entz\u00fcndungsmediatoren und der Schutz des Gelenkknorpels.<\/p>","protected":false},"excerpt":{"rendered":"<p>Linderung von Gelenkschmerzen, verbesserte Beweglichkeit und umfassende Unterst\u00fctzung der Gelenkgesundheit.<\/p>\n<p><strong>Gurkenextrakt Plus<\/strong> Es handelt sich um ein Nahrungserg\u00e4nzungsmittel, das aus <strong>Trockenextrakt aus Gurke (Cucumis sativus L.)<\/strong>, Angebaut in Spanien und gewonnen durch ein organisches Extraktionsverfahren. Seine Wirksamkeit wurde nachgewiesen. <strong>klinisch am Menschen erprobt<\/strong> Zur Linderung von Gelenkschmerzen und Verbesserung der Funktionalit\u00e4t bei Menschen mit Kniearthrose.<\/p>","protected":false},"featured_media":17316,"comment_status":"closed","ping_status":"closed","template":"","meta":{"_acf_changed":false,"_joinchat":[]},"product_brand":[],"product_cat":[519],"product_tag":[],"class_list":{"0":"post-17315","1":"product","2":"type-product","3":"status-publish","4":"has-post-thumbnail","6":"product_cat-extracto-de-pepino","7":"product_shipping_class-envio-gratuito","9":"first","10":"instock","11":"taxable","12":"shipping-taxable","13":"purchasable","14":"product-type-simple"},"acf":[],"_links":{"self":[{"href":"https:\/\/granatherapy.com\/de\/wp-json\/wp\/v2\/product\/17315","targetHints":{"allow":["GET"]}}],"collection":[{"href":"https:\/\/granatherapy.com\/de\/wp-json\/wp\/v2\/product"}],"about":[{"href":"https:\/\/granatherapy.com\/de\/wp-json\/wp\/v2\/types\/product"}],"replies":[{"embeddable":true,"href":"https:\/\/granatherapy.com\/de\/wp-json\/wp\/v2\/comments?post=17315"}],"version-history":[{"count":2,"href":"https:\/\/granatherapy.com\/de\/wp-json\/wp\/v2\/product\/17315\/revisions"}],"predecessor-version":[{"id":17318,"href":"https:\/\/granatherapy.com\/de\/wp-json\/wp\/v2\/product\/17315\/revisions\/17318"}],"wp:featuredmedia":[{"embeddable":true,"href":"https:\/\/granatherapy.com\/de\/wp-json\/wp\/v2\/media\/17316"}],"wp:attachment":[{"href":"https:\/\/granatherapy.com\/de\/wp-json\/wp\/v2\/media?parent=17315"}],"wp:term":[{"taxonomy":"product_brand","embeddable":true,"href":"https:\/\/granatherapy.com\/de\/wp-json\/wp\/v2\/product_brand?post=17315"},{"taxonomy":"product_cat","embeddable":true,"href":"https:\/\/granatherapy.com\/de\/wp-json\/wp\/v2\/product_cat?post=17315"},{"taxonomy":"product_tag","embeddable":true,"href":"https:\/\/granatherapy.com\/de\/wp-json\/wp\/v2\/product_tag?post=17315"}],"curies":[{"name":"wp","href":"https:\/\/api.w.org\/{rel}","templated":true}]}}