{"id":17304,"date":"2026-01-27T02:50:08","date_gmt":"2026-01-27T01:50:08","guid":{"rendered":"https:\/\/granatherapy2.miwebnueva.net\/?post_type=product&#038;p=17304"},"modified":"2026-02-20T10:25:05","modified_gmt":"2026-02-20T09:25:05","slug":"feigenextrakt-plus-3x60","status":"publish","type":"product","link":"https:\/\/granatherapy.com\/de\/speichern\/feigenextrakt-plus-3x60\/","title":{"rendered":"Feigenextrakt Plus 3\u00d760"},"content":{"rendered":"<p><strong>Feigenextrakt Plus<\/strong> Es handelt sich um ein Nahrungserg\u00e4nzungsmittel, das aus <strong>Trockenfeigenextrakt (<em>Ficus carica L.<\/em>)<\/strong> angebaut in Spanien und standardisiert in <strong>Abscisins\u00e4ure (ABA)<\/strong>, ein nat\u00fcrliches Phytohormon mit einer Schl\u00fcsselrolle bei der Regulierung des Glukosestoffwechsels.<\/p>\n<p>Seine Wirksamkeit wird belegt durch <strong>ver\u00f6ffentlichte wissenschaftliche Studien<\/strong> die ihre F\u00e4higkeit unter Beweis stellen <strong>Verbesserung der Insulinsensitivit\u00e4t<\/strong>, Sie reduzieren Stoffwechselentz\u00fcndungen und f\u00f6rdern eine bessere Blutzuckerkontrolle, selbst bei sehr niedrigen Dosen.<\/p>","protected":false},"excerpt":{"rendered":"<p><strong>Nahrungserg\u00e4nzungsmittel auf Basis von Feigenextrakt, standardisiert auf Abscisins\u00e4ure (ABA)<\/strong><\/p>\n<p>Nat\u00fcrliche Unterst\u00fctzung f\u00fcr <strong>glyk\u00e4mische Kontrolle<\/strong> und die <strong>verbesserte Insulinsensitivit\u00e4t<\/strong>.<\/p>","protected":false},"featured_media":17305,"comment_status":"closed","ping_status":"closed","template":"","meta":{"_acf_changed":false,"_joinchat":[]},"product_brand":[],"product_cat":[518],"product_tag":[],"class_list":{"0":"post-17304","1":"product","2":"type-product","3":"status-publish","4":"has-post-thumbnail","6":"product_cat-extracto-de-higo","7":"product_shipping_class-envio-gratuito","9":"first","10":"instock","11":"taxable","12":"shipping-taxable","13":"purchasable","14":"product-type-simple"},"acf":[],"_links":{"self":[{"href":"https:\/\/granatherapy.com\/de\/wp-json\/wp\/v2\/product\/17304","targetHints":{"allow":["GET"]}}],"collection":[{"href":"https:\/\/granatherapy.com\/de\/wp-json\/wp\/v2\/product"}],"about":[{"href":"https:\/\/granatherapy.com\/de\/wp-json\/wp\/v2\/types\/product"}],"replies":[{"embeddable":true,"href":"https:\/\/granatherapy.com\/de\/wp-json\/wp\/v2\/comments?post=17304"}],"version-history":[{"count":3,"href":"https:\/\/granatherapy.com\/de\/wp-json\/wp\/v2\/product\/17304\/revisions"}],"predecessor-version":[{"id":17308,"href":"https:\/\/granatherapy.com\/de\/wp-json\/wp\/v2\/product\/17304\/revisions\/17308"}],"wp:featuredmedia":[{"embeddable":true,"href":"https:\/\/granatherapy.com\/de\/wp-json\/wp\/v2\/media\/17305"}],"wp:attachment":[{"href":"https:\/\/granatherapy.com\/de\/wp-json\/wp\/v2\/media?parent=17304"}],"wp:term":[{"taxonomy":"product_brand","embeddable":true,"href":"https:\/\/granatherapy.com\/de\/wp-json\/wp\/v2\/product_brand?post=17304"},{"taxonomy":"product_cat","embeddable":true,"href":"https:\/\/granatherapy.com\/de\/wp-json\/wp\/v2\/product_cat?post=17304"},{"taxonomy":"product_tag","embeddable":true,"href":"https:\/\/granatherapy.com\/de\/wp-json\/wp\/v2\/product_tag?post=17304"}],"curies":[{"name":"wp","href":"https:\/\/api.w.org\/{rel}","templated":true}]}}