{"id":1695,"date":"2020-01-09T17:06:45","date_gmt":"2020-01-09T16:06:45","guid":{"rendered":"https:\/\/granatherapy2.miwebnueva.net?post_type=product&#038;p=1695"},"modified":"2026-02-18T10:48:11","modified_gmt":"2026-02-18T09:48:11","slug":"punicalagina-plus-6x28","status":"publish","type":"product","link":"https:\/\/granatherapy.com\/de\/speichern\/punicalagina-plus-6x28\/","title":{"rendered":"Punicalagin Plus 6\u00d728"},"content":{"rendered":"<p>Punicalagin ist <b>Punicalagin<\/b> ein starkes nat\u00fcrliches Antioxidans aus der Gruppe der Polyphenole. Seine F\u00e4higkeit, freie Radikale zu neutralisieren, oxidativen Stress zu reduzieren und die Entz\u00fcndungsreaktion zu modulieren, macht es zu einem wesentlichen Verb\u00fcndeten f\u00fcr die Zell-, Herz-Kreislauf-, Immun- und Stoffwechselgesundheit.<\/p>\n<p>Dank des <b>Extraktionsverfahrens mit ultrapurem Wasser<\/b>bleiben die aktiven Molek\u00fcle vollst\u00e4ndig erhalten, <b>was eine 100%ige L\u00f6slichkeit und eine h\u00f6here Bioverf\u00fcgbarkeit erm\u00f6glicht,<\/b> die ihre Wirkung im K\u00f6rper verst\u00e4rkt.<\/p>","protected":false},"excerpt":{"rendered":"<p><i>Nat\u00fcrliches Antioxidans, entz\u00fcndungshemmend und umfassende Unterst\u00fctzung f\u00fcr das allgemeine Wohlbefinden.<\/i><\/p>\n<p><b>Punicalagin Plus<\/b> Es handelt sich um ein Nahrungserg\u00e4nzungsmittel aus Trockenextrakt des Granatapfels (Punica granatum L.) <b>, der in Spanien angebaut, extrahiert und abgef\u00fcllt wird.<\/b>. Jede Kapsel enth\u00e4lt <b>200 mg hochwertiges Punicalagin<\/b> und wird durch zahlreiche wissenschaftliche Studien gest\u00fctzt, die seine gesundheitlichen Vorteile belegen.<\/p>","protected":false},"featured_media":11498,"comment_status":"open","ping_status":"closed","template":"","meta":{"_acf_changed":false,"_joinchat":[]},"product_brand":[],"product_cat":[68,504,505,499,497,502,501,516,503,500,498,496,506],"product_tag":[],"class_list":{"0":"post-1695","1":"product","2":"type-product","3":"status-publish","4":"has-post-thumbnail","6":"product_cat-punicalagina","7":"product_cat-antibacteriano-antimicrobiano","8":"product_cat-belleza-de-piel-y-cabello","9":"product_cat-control-del-peso","10":"product_cat-digestion-higado-y-flora-intestinal","11":"product_cat-energia-y-resistencia","12":"product_cat-nutricion-deportiva","13":"product_cat-punicalagina-plus","14":"product_cat-refuerzo-del-sistema-inmunitario","15":"product_cat-salud-articular","16":"product_cat-salud-del-cerebro-y-memoria","17":"product_cat-salud-del-corazon-y-control-de-grasas-en-sangre","18":"product_cat-salud-ocular","19":"product_shipping_class-envio-gratuito","21":"first","22":"instock","23":"taxable","24":"shipping-taxable","25":"purchasable","26":"product-type-simple"},"acf":[],"_links":{"self":[{"href":"https:\/\/granatherapy.com\/de\/wp-json\/wp\/v2\/product\/1695","targetHints":{"allow":["GET"]}}],"collection":[{"href":"https:\/\/granatherapy.com\/de\/wp-json\/wp\/v2\/product"}],"about":[{"href":"https:\/\/granatherapy.com\/de\/wp-json\/wp\/v2\/types\/product"}],"replies":[{"embeddable":true,"href":"https:\/\/granatherapy.com\/de\/wp-json\/wp\/v2\/comments?post=1695"}],"version-history":[{"count":11,"href":"https:\/\/granatherapy.com\/de\/wp-json\/wp\/v2\/product\/1695\/revisions"}],"predecessor-version":[{"id":17219,"href":"https:\/\/granatherapy.com\/de\/wp-json\/wp\/v2\/product\/1695\/revisions\/17219"}],"wp:featuredmedia":[{"embeddable":true,"href":"https:\/\/granatherapy.com\/de\/wp-json\/wp\/v2\/media\/11498"}],"wp:attachment":[{"href":"https:\/\/granatherapy.com\/de\/wp-json\/wp\/v2\/media?parent=1695"}],"wp:term":[{"taxonomy":"product_brand","embeddable":true,"href":"https:\/\/granatherapy.com\/de\/wp-json\/wp\/v2\/product_brand?post=1695"},{"taxonomy":"product_cat","embeddable":true,"href":"https:\/\/granatherapy.com\/de\/wp-json\/wp\/v2\/product_cat?post=1695"},{"taxonomy":"product_tag","embeddable":true,"href":"https:\/\/granatherapy.com\/de\/wp-json\/wp\/v2\/product_tag?post=1695"}],"curies":[{"name":"wp","href":"https:\/\/api.w.org\/{rel}","templated":true}]}}