{"id":15202,"date":"2025-03-24T18:03:57","date_gmt":"2025-03-24T17:03:57","guid":{"rendered":"https:\/\/granatherapy2.miwebnueva.net?post_type=product&#038;p=15202"},"modified":"2026-02-18T10:48:14","modified_gmt":"2026-02-18T09:48:14","slug":"punicalagina-plus-probiotika","status":"publish","type":"product","link":"https:\/\/granatherapy.com\/de\/speichern\/punicalagina-plus-probiotika\/","title":{"rendered":"Punicalagin Plus + Probiotika"},"content":{"rendered":"<p><b>Punicalagin Plus + Probiotika<\/b> Es handelt sich um ein Nahrungserg\u00e4nzungsmittel, das Folgendes kombiniert:<\/p>\n<p>\u2714 <b>Punicalagin Plus<\/b> \u2014 ein nat\u00fcrlicher Extrakt von <b>Granatapfel (Punica granatum)<\/b> Reich an Punicalagin-Polyphenolen, starken nat\u00fcrlichen Antioxidantien mit entz\u00fcndungshemmender und zellsch\u00fctzender Wirkung.<\/p>\n<p>\u2714 <b>Bioithas MUCOSA<\/b> \u2014 eine Kombination ausgew\u00e4hlter probiotischer St\u00e4mme (<i>Lactiplantibacillus plantarum<\/i> und <i>Bifidobacterium longum<\/i>) zusammen mit Biotin, das speziell zur Unterst\u00fctzung des Wohlbefindens der Schleimhautgewebe und der Darmgesundheit entwickelt wurde.<\/p>\n<p>Dieses Produkt ist besonders n\u00fctzlich f\u00fcr diejenigen, die suchen nach <b>Unterst\u00fctzung der Verdauung, Gleichgewicht der Darmflora, antioxidativer Schutz und allgemeines Wohlbefinden<\/b> in einer einzigen Formel.<\/p>","protected":false},"excerpt":{"rendered":"<p><b>Funktionelles Antioxidans und Verdauungserg\u00e4nzungsmittel<\/b><\/p>\n<p><i>Synergistische Kombination aus Granatapfelextrakt und Probiotika f\u00fcr zellul\u00e4res, Verdauungs- und Immunsystem-Wohlbefinden.<\/i><\/p>","protected":false},"featured_media":15193,"comment_status":"open","ping_status":"closed","template":"","meta":{"_acf_changed":false,"_joinchat":[]},"product_brand":[],"product_cat":[504,505,499,497,502,501,510,503,500,498,496,506],"product_tag":[],"class_list":{"0":"post-15202","1":"product","2":"type-product","3":"status-publish","4":"has-post-thumbnail","6":"product_cat-antibacteriano-antimicrobiano","7":"product_cat-belleza-de-piel-y-cabello","8":"product_cat-control-del-peso","9":"product_cat-digestion-higado-y-flora-intestinal","10":"product_cat-energia-y-resistencia","11":"product_cat-nutricion-deportiva","12":"product_cat-punicalagina-probioticos","13":"product_cat-refuerzo-del-sistema-inmunitario","14":"product_cat-salud-articular","15":"product_cat-salud-del-cerebro-y-memoria","16":"product_cat-salud-del-corazon-y-control-de-grasas-en-sangre","17":"product_cat-salud-ocular","18":"product_shipping_class-envio-gratuito","20":"first","21":"instock","22":"featured","23":"taxable","24":"shipping-taxable","25":"purchasable","26":"product-type-simple"},"acf":[],"_links":{"self":[{"href":"https:\/\/granatherapy.com\/de\/wp-json\/wp\/v2\/product\/15202","targetHints":{"allow":["GET"]}}],"collection":[{"href":"https:\/\/granatherapy.com\/de\/wp-json\/wp\/v2\/product"}],"about":[{"href":"https:\/\/granatherapy.com\/de\/wp-json\/wp\/v2\/types\/product"}],"replies":[{"embeddable":true,"href":"https:\/\/granatherapy.com\/de\/wp-json\/wp\/v2\/comments?post=15202"}],"version-history":[{"count":28,"href":"https:\/\/granatherapy.com\/de\/wp-json\/wp\/v2\/product\/15202\/revisions"}],"predecessor-version":[{"id":17238,"href":"https:\/\/granatherapy.com\/de\/wp-json\/wp\/v2\/product\/15202\/revisions\/17238"}],"wp:featuredmedia":[{"embeddable":true,"href":"https:\/\/granatherapy.com\/de\/wp-json\/wp\/v2\/media\/15193"}],"wp:attachment":[{"href":"https:\/\/granatherapy.com\/de\/wp-json\/wp\/v2\/media?parent=15202"}],"wp:term":[{"taxonomy":"product_brand","embeddable":true,"href":"https:\/\/granatherapy.com\/de\/wp-json\/wp\/v2\/product_brand?post=15202"},{"taxonomy":"product_cat","embeddable":true,"href":"https:\/\/granatherapy.com\/de\/wp-json\/wp\/v2\/product_cat?post=15202"},{"taxonomy":"product_tag","embeddable":true,"href":"https:\/\/granatherapy.com\/de\/wp-json\/wp\/v2\/product_tag?post=15202"}],"curies":[{"name":"wp","href":"https:\/\/api.w.org\/{rel}","templated":true}]}}