{"id":14877,"date":"2025-03-14T16:36:26","date_gmt":"2025-03-14T15:36:26","guid":{"rendered":"https:\/\/granatherapy2.miwebnueva.net?post_type=product&#038;p=14877"},"modified":"2026-03-10T12:24:15","modified_gmt":"2026-03-10T11:24:15","slug":"granatapfelsaft-24x200","status":"publish","type":"product","link":"https:\/\/granatherapy.com\/de\/speichern\/granatapfelsaft-24x200\/","title":{"rendered":"Granatapfelsaft 24\u00d7200 ml"},"content":{"rendered":"<p>Nat\u00fcrlicher Granatapfelsaft ist eines der Getr\u00e4nke mit <b>h\u00f6herer Gehalt an bioaktiven Polyphenolen<\/b>, insbesondere Punicalagine, verantwortlich f\u00fcr:<\/p>\n<ul>\n<li aria-level=\"1\">Reduzieren Sie die <b>oxidativer Stress<\/b><\/li>\n<li aria-level=\"1\">Zellen und Gewebe sch\u00fctzen<\/li>\n<li aria-level=\"1\">Um die <b>arterielle Elastizit\u00e4t<\/b><\/li>\n<li aria-level=\"1\">Unterst\u00fctzung des Gleichgewichts von <b>oxidiertes Cholesterin (LDL-ox)<\/b><\/li>\n<li aria-level=\"1\">Beitragen zu <b>metabolisches Wohlbefinden<\/b><\/li>\n<li aria-level=\"1\">T\u00e4gliche Energie und Vitalit\u00e4t erhalten<\/li>\n<\/ul>\n<p>Der t\u00e4gliche Verzehr von 200 ml liefert eine signifikante Menge an Antioxidantien, die dem Gehalt an <b>bis zu 800 g frische Arillen<\/b>, Dadurch kann jeder von der antioxidativen Wirkung der Frucht profitieren, ohne die Kerne entfernen zu m\u00fcssen.<\/p>","protected":false},"excerpt":{"rendered":"<p><i>100 % nat\u00fcrlich \u2013 Hoher Polyphenolgehalt \u2013 Aus in Spanien angebauten Granat\u00e4pfeln<\/i>.<\/p>\n<p><b>\ud83c\udf77<\/b><b> EIN IN EUROPA EINZIGARTIGER GRANATAPFELSAFT<\/b><\/p>\n<p>Die <b>Frisch gepresster Granatapfelsaft <\/b>Es handelt sich um ein Naturprodukt, das ausschlie\u00dflich aus frischen Granat\u00e4pfeln hergestellt wird, die in den Provinzen angebaut werden <b>Alicante und Murcia<\/b>, f\u00fchrende Gebiete in puncto Qualit\u00e4t dank ihres mediterranen Klimas und ihrer mineralreichen B\u00f6den.<\/p>\n<p>Es wird erhalten durch <b>direkt gequetscht<\/b> Hergestellt aus Fr\u00fcchten, ohne Zuckerzusatz, ohne Konzentrat und ohne jegliche Zusatzstoffe.<\/p>\n<p>Ein reiner Saft, reich an Punicalaginen und Polyphenolen, der die Intensit\u00e4t, die antioxidative Kraft und den authentischen Charakter des spanischen Granatapfels bewahrt.<\/p>","protected":false},"featured_media":1771,"comment_status":"closed","ping_status":"closed","template":"","meta":{"_acf_changed":false,"_joinchat":{"telephone":"+34628520654"}},"product_brand":[],"product_cat":[511],"product_tag":[],"class_list":{"0":"post-14877","1":"product","2":"type-product","3":"status-publish","4":"has-post-thumbnail","6":"product_cat-zumo-de-granada-exprimido","7":"product_shipping_class-zumos-fruta","9":"first","10":"outofstock","11":"featured","12":"taxable","13":"shipping-taxable","14":"purchasable","15":"product-type-simple"},"acf":[],"_links":{"self":[{"href":"https:\/\/granatherapy.com\/de\/wp-json\/wp\/v2\/product\/14877","targetHints":{"allow":["GET"]}}],"collection":[{"href":"https:\/\/granatherapy.com\/de\/wp-json\/wp\/v2\/product"}],"about":[{"href":"https:\/\/granatherapy.com\/de\/wp-json\/wp\/v2\/types\/product"}],"replies":[{"embeddable":true,"href":"https:\/\/granatherapy.com\/de\/wp-json\/wp\/v2\/comments?post=14877"}],"version-history":[{"count":30,"href":"https:\/\/granatherapy.com\/de\/wp-json\/wp\/v2\/product\/14877\/revisions"}],"predecessor-version":[{"id":17418,"href":"https:\/\/granatherapy.com\/de\/wp-json\/wp\/v2\/product\/14877\/revisions\/17418"}],"wp:featuredmedia":[{"embeddable":true,"href":"https:\/\/granatherapy.com\/de\/wp-json\/wp\/v2\/media\/1771"}],"wp:attachment":[{"href":"https:\/\/granatherapy.com\/de\/wp-json\/wp\/v2\/media?parent=14877"}],"wp:term":[{"taxonomy":"product_brand","embeddable":true,"href":"https:\/\/granatherapy.com\/de\/wp-json\/wp\/v2\/product_brand?post=14877"},{"taxonomy":"product_cat","embeddable":true,"href":"https:\/\/granatherapy.com\/de\/wp-json\/wp\/v2\/product_cat?post=14877"},{"taxonomy":"product_tag","embeddable":true,"href":"https:\/\/granatherapy.com\/de\/wp-json\/wp\/v2\/product_tag?post=14877"}],"curies":[{"name":"wp","href":"https:\/\/api.w.org\/{rel}","templated":true}]}}