{"id":13148,"date":"2023-08-02T15:07:37","date_gmt":"2023-08-02T13:07:37","guid":{"rendered":"https:\/\/granatherapy2.miwebnueva.net?post_type=product&#038;p=13148"},"modified":"2026-02-18T10:48:13","modified_gmt":"2026-02-18T09:48:13","slug":"zitronenextrakt-4x60","status":"publish","type":"product","link":"https:\/\/granatherapy.com\/de\/speichern\/zitronenextrakt-4x60\/","title":{"rendered":"Zitronenextrakt 4\u00d760"},"content":{"rendered":"<p>Punicalagin ist <b>Eriocitrin<\/b> Es handelt sich um ein Zitrusflavonoid mit au\u00dfergew\u00f6hnlicher antioxidativer Wirkung.<br \/>\nEs zeichnet sich durch seine F\u00e4higkeit aus:<\/p>\n<ul>\n<li aria-level=\"1\">Zellul\u00e4ren oxidativen Stress reduzieren<\/li>\n<li aria-level=\"1\">Schutz vor Sch\u00e4den durch freie Radikale<\/li>\n<li aria-level=\"1\">F\u00f6rdern Sie einen effizienteren Energiestoffwechsel<\/li>\n<li aria-level=\"1\">Unterst\u00fctzung der Leberfunktion bei Entgiftungsprozessen<\/li>\n<\/ul>\n<p>Dank seiner Bioverf\u00fcgbarkeit und L\u00f6slichkeit kann es vom K\u00f6rper schnell und effektiv aufgenommen werden.<\/p>","protected":false},"excerpt":{"rendered":"<p><b>Auf Eryocitrin standardisiert<\/b><\/p>\n<p>Nat\u00fcrliches Antioxidans, Unterst\u00fctzung des Stoffwechsels und zellul\u00e4res Gleichgewicht f\u00fcr das t\u00e4gliche Wohlbefinden.<\/p>\n<p>Wellemon\u00ae Zitronenextrakt ist ein Nahrungserg\u00e4nzungsmittel, hergestellt aus <b>Zitronen Citrus limon L.<\/b> Sie stammen aus der mediterranen Landwirtschaft. Ihre Standardisierung in <b>Eriocitrin<\/b>, eines der wirksamsten Flavonoide in Zitronen, garantiert eine hohe antioxidative Wirksamkeit und allgemeine Unterst\u00fctzung f\u00fcr Energie, Stoffwechsel und Zellgesundheit.<\/p>\n<p>Jede Tagesdosis enth\u00e4lt <b>355 mg Trockenzitronenextrakt<\/b>, mit <b>35 mg reines Eriocitrin<\/b>, gewonnen durch ein hochwertiges Extraktionsverfahren.<\/p>","protected":false},"featured_media":13154,"comment_status":"closed","ping_status":"closed","template":"","meta":{"_acf_changed":false,"_joinchat":[]},"product_brand":[],"product_cat":[513],"product_tag":[],"class_list":{"0":"post-13148","1":"product","2":"type-product","3":"status-publish","4":"has-post-thumbnail","6":"product_cat-extracto-de-limon","7":"product_shipping_class-envio-gratuito","9":"first","10":"instock","11":"taxable","12":"shipping-taxable","13":"purchasable","14":"product-type-simple"},"acf":[],"_links":{"self":[{"href":"https:\/\/granatherapy.com\/de\/wp-json\/wp\/v2\/product\/13148","targetHints":{"allow":["GET"]}}],"collection":[{"href":"https:\/\/granatherapy.com\/de\/wp-json\/wp\/v2\/product"}],"about":[{"href":"https:\/\/granatherapy.com\/de\/wp-json\/wp\/v2\/types\/product"}],"replies":[{"embeddable":true,"href":"https:\/\/granatherapy.com\/de\/wp-json\/wp\/v2\/comments?post=13148"}],"version-history":[{"count":10,"href":"https:\/\/granatherapy.com\/de\/wp-json\/wp\/v2\/product\/13148\/revisions"}],"predecessor-version":[{"id":17259,"href":"https:\/\/granatherapy.com\/de\/wp-json\/wp\/v2\/product\/13148\/revisions\/17259"}],"wp:featuredmedia":[{"embeddable":true,"href":"https:\/\/granatherapy.com\/de\/wp-json\/wp\/v2\/media\/13154"}],"wp:attachment":[{"href":"https:\/\/granatherapy.com\/de\/wp-json\/wp\/v2\/media?parent=13148"}],"wp:term":[{"taxonomy":"product_brand","embeddable":true,"href":"https:\/\/granatherapy.com\/de\/wp-json\/wp\/v2\/product_brand?post=13148"},{"taxonomy":"product_cat","embeddable":true,"href":"https:\/\/granatherapy.com\/de\/wp-json\/wp\/v2\/product_cat?post=13148"},{"taxonomy":"product_tag","embeddable":true,"href":"https:\/\/granatherapy.com\/de\/wp-json\/wp\/v2\/product_tag?post=13148"}],"curies":[{"name":"wp","href":"https:\/\/api.w.org\/{rel}","templated":true}]}}