{"id":13104,"date":"2023-08-01T18:27:33","date_gmt":"2023-08-01T16:27:33","guid":{"rendered":"https:\/\/granatherapy2.miwebnueva.net?post_type=product&#038;p=13104"},"modified":"2026-02-18T10:48:13","modified_gmt":"2026-02-18T09:48:13","slug":"artischockenextrakt-1x60","status":"publish","type":"product","link":"https:\/\/granatherapy.com\/de\/speichern\/artischockenextrakt-1x60\/","title":{"rendered":"Artischockenextrakt"},"content":{"rendered":"<p>Verdauungsm\u00fcdigkeit, ein Schweregef\u00fchl nach dem Essen oder Darmbeschwerden k\u00f6nnen Anzeichen f\u00fcr ein Ungleichgewicht der Darmflora sein.<\/p>\n<p>Artischockenextrakt Plus bietet <b>Inulin mit dem h\u00f6chsten in Pflanzen bekannten Polymerisationsgrad<\/b> (Seite 2 der Studie)<\/p>\n<p>Vorteile von Artischockenextrakt Plus\u2026<\/p>\n<p>, Dadurch gelangt es unversehrt in den Dickdarm und kann dort von n\u00fctzlichen Bakterien fermentiert werden.<br \/>\nDieser Prozess:<\/p>\n<ul>\n<li aria-level=\"1\">Es f\u00f6rdert einen regelm\u00e4\u00dfigeren Stuhlgang.<\/li>\n<li aria-level=\"1\">Schwellung reduzieren<\/li>\n<li aria-level=\"1\">Verbessert die N\u00e4hrstoffaufnahme<\/li>\n<li aria-level=\"1\">Es tr\u00e4gt zu einem ausgeglicheneren und aktiveren Darm bei.<\/li>\n<\/ul>\n<p>Ein nat\u00fcrliches Hilfsmittel f\u00fcr mehr Leichtigkeit, eine klare Verdauung und anhaltendes Wohlbefinden.<\/p>","protected":false},"excerpt":{"rendered":"<p><b>MIKROBIOTISCHE GESUNDHEIT<\/b><\/p>\n<p>Dieses Verdauungspr\u00e4parat kombiniert hochreinen getrockneten Artischockenextrakt (Cynamed\u00ae), der reich an <b>Inulin<\/b>, <b>Inulin und Caffeoylchinas\u00e4uren liefert<\/b> und phenolische Verbindungen, die synergistisch auf die Darmflora, die Verdauung und das allgemeine Wohlbefinden wirken.<\/p>\n<p>Dank seines w\u00e4ssrigen Extraktionsverfahrens <b>Reines Hydro-Verfahren\u2122<\/b>, Dieser Extrakt ist v\u00f6llig frei von chemischen L\u00f6sungsmitteln und beh\u00e4lt sein nat\u00fcrliches Profil an pr\u00e4biotischen Ballaststoffen und Polyphenolen. Dadurch wird eine effektive Wirkung gew\u00e4hrleistet, die auch von Menschen mit Verdauungssensibilit\u00e4t gut vertragen wird.<\/p>\n<p>Es handelt sich um eine vielseitige L\u00f6sung, die von innen heraus reguliert: Sie hilft bei der Reinigung, verbessert die Regelm\u00e4\u00dfigkeit des Stuhlgangs, reduziert Bl\u00e4hungen und st\u00e4rkt die Abwehrkr\u00e4fte, ohne Verdauungsbeschwerden zu verursachen.<\/p>","protected":false},"featured_media":14248,"comment_status":"closed","ping_status":"closed","template":"","meta":{"_acf_changed":false,"_joinchat":[]},"product_brand":[],"product_cat":[514],"product_tag":[],"class_list":{"0":"post-13104","1":"product","2":"type-product","3":"status-publish","4":"has-post-thumbnail","6":"product_cat-extracto-de-alcachofa","7":"product_shipping_class-envio-gratuito","9":"first","10":"instock","11":"featured","12":"taxable","13":"shipping-taxable","14":"purchasable","15":"product-type-simple"},"acf":[],"_links":{"self":[{"href":"https:\/\/granatherapy.com\/de\/wp-json\/wp\/v2\/product\/13104","targetHints":{"allow":["GET"]}}],"collection":[{"href":"https:\/\/granatherapy.com\/de\/wp-json\/wp\/v2\/product"}],"about":[{"href":"https:\/\/granatherapy.com\/de\/wp-json\/wp\/v2\/types\/product"}],"replies":[{"embeddable":true,"href":"https:\/\/granatherapy.com\/de\/wp-json\/wp\/v2\/comments?post=13104"}],"version-history":[{"count":17,"href":"https:\/\/granatherapy.com\/de\/wp-json\/wp\/v2\/product\/13104\/revisions"}],"predecessor-version":[{"id":17211,"href":"https:\/\/granatherapy.com\/de\/wp-json\/wp\/v2\/product\/13104\/revisions\/17211"}],"wp:featuredmedia":[{"embeddable":true,"href":"https:\/\/granatherapy.com\/de\/wp-json\/wp\/v2\/media\/14248"}],"wp:attachment":[{"href":"https:\/\/granatherapy.com\/de\/wp-json\/wp\/v2\/media?parent=13104"}],"wp:term":[{"taxonomy":"product_brand","embeddable":true,"href":"https:\/\/granatherapy.com\/de\/wp-json\/wp\/v2\/product_brand?post=13104"},{"taxonomy":"product_cat","embeddable":true,"href":"https:\/\/granatherapy.com\/de\/wp-json\/wp\/v2\/product_cat?post=13104"},{"taxonomy":"product_tag","embeddable":true,"href":"https:\/\/granatherapy.com\/de\/wp-json\/wp\/v2\/product_tag?post=13104"}],"curies":[{"name":"wp","href":"https:\/\/api.w.org\/{rel}","templated":true}]}}