{"id":514,"date":"2019-07-25T23:21:00","date_gmt":"2019-07-25T21:21:00","guid":{"rendered":"https:\/\/granatherapy2.miwebnueva.net?page_id=514"},"modified":"2025-06-12T18:53:15","modified_gmt":"2025-06-12T16:53:15","slug":"nutzungsbedingungen","status":"publish","type":"page","link":"https:\/\/granatherapy.com\/de\/nutzungsbedingungen\/","title":{"rendered":"Nutzungsbedingungen"},"content":{"rendered":"<div data-elementor-type=\"wp-post\" data-elementor-id=\"514\" class=\"elementor elementor-514\" data-elementor-post-type=\"page\">\n\t\t\t\t\t\t<section class=\"elementor-section elementor-top-section elementor-element elementor-element-428d1fa elementor-section-boxed elementor-section-height-default elementor-section-height-default\" data-id=\"428d1fa\" data-element_type=\"section\" data-e-type=\"section\">\n\t\t\t\t\t\t<div class=\"elementor-container elementor-column-gap-default\">\n\t\t\t\t\t<div class=\"elementor-column elementor-col-100 elementor-top-column elementor-element elementor-element-7e929e0\" data-id=\"7e929e0\" data-element_type=\"column\" data-e-type=\"column\">\n\t\t\t<div class=\"elementor-widget-wrap elementor-element-populated\">\n\t\t\t\t\t\t<div class=\"elementor-element elementor-element-f7c7a79 elementor-widget elementor-widget-heading\" data-id=\"f7c7a79\" data-element_type=\"widget\" data-e-type=\"widget\" data-widget_type=\"heading.default\">\n\t\t\t\t\t<h2 class=\"elementor-heading-title elementor-size-default\">Nutzungsbedingungen<\/h2>\t\t\t\t<\/div>\n\t\t\t\t<div class=\"elementor-element elementor-element-10ecc54 elementor-widget elementor-widget-text-editor\" data-id=\"10ecc54\" data-element_type=\"widget\" data-e-type=\"widget\" data-widget_type=\"text-editor.default\">\n\t\t\t\t\t\t\t\t\t<p><strong>ALLGEMEINE GESCH\u00c4FTSBEDINGUNGEN DER WEBSITE WWW.GRANATHERAPY.COM<\/strong><\/p><p><strong>1. Objekt.<\/strong><\/p><p>Diese Allgemeinen Gesch\u00e4ftsbedingungen (nachfolgend Allgemeine Gesch\u00e4ftsbedingungen) regeln den Zugang zu und die Nutzung der Website unter der Domain <strong>www.granatherapy.com<\/strong> (im Folgenden Website), im Besitz von <strong>\u00ab<span style=\"font-size: 16px;\">MEDITERRANE POLYPHENOLE SL\u00bb<\/span><\/strong> (nachfolgend Granatum Plus), das den Benutzern (nachfolgend Benutzer\/e) zur Verf\u00fcgung gestellt wird.<br \/>Bei Fragen oder Anliegen bez\u00fcglich der Nutzung und des Zugriffs auf die Website oder dieser Allgemeinen Gesch\u00e4ftsbedingungen k\u00f6nnen Sie eine E-Mail mit Ihrer Anfrage und Ihren Kontaktdaten senden an <strong>info@granatherapy.miwebnueva.net<\/strong> . Sie k\u00f6nnen uns auch per Post kontaktieren und Ihre Anfrage sowie Ihre Kontaktdaten an folgende Adresse senden:<\/p><ul><li><span style=\"font-size: 16px;\">MEDITERRANE POLYPHENOLE SL.<\/span><\/li><li><strong>Adresse <\/strong>: CL. CARRIL DE LA CONDOMINA, 3 Pta. B 3 \u2013 30006 Murcia (Spanien)<\/li><\/ul><p><strong>2. Einhaltung dieser Allgemeinen Gesch\u00e4ftsbedingungen<\/strong>.<\/p><p>Die Nutzung dieser Website setzt die uneingeschr\u00e4nkte Zustimmung des Nutzers zu allen zum Zeitpunkt des Zugriffs geltenden Allgemeinen Gesch\u00e4ftsbedingungen voraus. Sollte der Nutzer mit einer der hierin enthaltenen Bedingungen nicht einverstanden sein, ist die Nutzung dieser Website untersagt.<\/p><p>Daher sollte der Nutzer die Allgemeinen Gesch\u00e4ftsbedingungen jedes Mal sorgf\u00e4ltig lesen, wenn er die Website nutzen m\u00f6chte.<\/p><p>Granatum Plus beh\u00e4lt sich in jedem Fall das Recht vor, diese Allgemeinen Gesch\u00e4ftsbedingungen sowie deren Konfiguration, Standort und alle anderen geltenden allgemeinen oder spezifischen Bedingungen, Nutzungsregeln, Anweisungen oder Hinweise jederzeit und ohne vorherige Ank\u00fcndigung zu \u00e4ndern. Ebenso beh\u00e4lt sich Granatum Plus das Recht vor, den Betrieb der Website jederzeit auszusetzen, zu unterbrechen oder einzustellen.<\/p><p>\u201cNutzung der Website\u201d bezieht sich auf jeden Benutzer, der auf die Website zugreift und sie durchsucht, unabh\u00e4ngig davon, ob er die Registrierungsformulare ausf\u00fcllt.<\/p><p><strong>3.- Zugangs- und Nutzungsbedingungen der Website und ihrer Inhalte.<\/strong><\/p><p>Der Zugriff auf die Website und\/oder die darin enthaltenen Inhalte impliziert keinerlei Garantie hinsichtlich der Eignung der Website und\/oder der darin enthaltenen Inhalte f\u00fcr bestimmte oder spezifische Zwecke der Nutzer.<br \/>Granatum Plus kann zus\u00e4tzliche Einschr\u00e4nkungen und\/oder Bedingungen f\u00fcr die Nutzung und\/oder den Zugriff auf die Website und\/oder die Inhalte festlegen, die von den Nutzern in jedem Fall zu beachten sind.<\/p><p><strong>3.1- Zugang und Nutzung der Website.<\/strong><\/p><p>Sofern nicht anders angegeben, ist die Nutzung der Website kostenlos, unbeschadet der Kosten f\u00fcr die Verbindung \u00fcber das vom Nutzer beauftragte Telekommunikationsnetz.<\/p><p>Der Nutzer best\u00e4tigt, \u00fcber achtzehn Jahre alt zu sein, und ist sich dar\u00fcber im Klaren und akzeptiert freiwillig und ausdr\u00fccklich, dass die Nutzung der Website in allen F\u00e4llen in seiner alleinigen und ausschlie\u00dflichen Verantwortung erfolgt.<\/p><p>Der Nutzer verpflichtet sich, diese Allgemeinen Gesch\u00e4ftsbedingungen sowie alle auf der Website enthaltenen besonderen Hinweise und Anweisungen zu beachten und stets im Einklang mit geltendem Recht, den guten Sitten und Treu und Glauben zu handeln. Dabei ist die gebotene Sorgfalt im Hinblick auf Art und Umfang der genutzten Dienstleistung anzuwenden. Zu diesem Zweck verpflichtet sich der Nutzer, die Website nicht in einer Weise zu nutzen, die deren ordnungsgem\u00e4\u00dfen Betrieb, das Eigentum oder die Rechte von Granatum Plus, seinen Lieferanten, Vertriebspartnern, anderen Nutzern oder Dritten beeintr\u00e4chtigt, besch\u00e4digt oder gef\u00e4hrdet.<\/p><p>Im Einzelnen, und ohne dass dies eine Einschr\u00e4nkung der vom Nutzer im Allgemeinen gem\u00e4\u00df dem vorstehenden Abschnitt \u00fcbernommenen Verpflichtungen impliziert, stimmt der Nutzer bei der Nutzung der Website Folgendem zu:<\/p><p><strong>Zu)<\/strong> Es ist untersagt, auf oder \u00fcber die Website Informationen oder Material einzuf\u00fchren, zu speichern oder zu verbreiten, die diffamierend, verleumderisch, obsz\u00f6n, bedrohlich, fremdenfeindlich, pornografisch sind, Terrorismus verherrlichen, zu Gewalt anstiften, Diskriminierung aufgrund von Rasse, Geschlecht, Ideologie oder Religion begehen oder in irgendeiner Weise die Form, die \u00f6ffentliche Ordnung, Grundrechte, \u00f6ffentliche Freiheiten, Ehre, Privatsph\u00e4re oder das Bild Dritter oder allgemein geltende Vorschriften verletzen.<\/p><p><strong>B)<\/strong> Es ist untersagt, \u00fcber die Website Computerprogramme, Daten, Viren, Codes oder andere elektronische oder physische Instrumente oder Ger\u00e4te einzuf\u00fchren, zu speichern oder zu verbreiten, die der Website, den Diensten oder der Ausr\u00fcstung, den Systemen oder Netzwerken von Granatum Plus, einem Benutzer, den Lieferanten oder Vertriebspartnern von Granatum Plus oder allgemein Dritten Schaden zuf\u00fcgen k\u00f6nnen oder die in der Lage sind, irgendeine Art von Ver\u00e4nderung vorzunehmen oder die normale Funktionsf\u00e4higkeit derselben zu verhindern.<\/p><p><strong>C)<\/strong> Es ist untersagt, \u00fcber die Website Inhalte einzuf\u00fchren, zu speichern oder zu verbreiten, die gegen geistiges Eigentum, gewerbliche Schutzrechte oder Rechte Dritter versto\u00dfen, oder generell Inhalte, zu deren Bereitstellung an Dritte er nicht nach geltendem Recht berechtigt ist.<\/p><p><strong>3.2- Zugriff und Nutzung von Inhalten.<\/strong><br \/>Die Inhalte der Website werden dem Nutzer unter Einbeziehung von Informationen aus internen und externen Quellen zur Verf\u00fcgung gestellt.<br \/>Granatum Plus ist bestrebt, sicherzustellen, dass die Inhalte von h\u00f6chstm\u00f6glicher Qualit\u00e4t und angemessener Aktualit\u00e4t sind, \u00fcbernimmt jedoch keine Gew\u00e4hr f\u00fcr die N\u00fctzlichkeit, Genauigkeit, Vollst\u00e4ndigkeit, Relevanz und\/oder Aktualit\u00e4t der Inhalte.<\/p><p><strong>4. Geistige und gewerbliche Eigentumsrechte.<\/strong><\/p><p>Diese Allgemeinen Gesch\u00e4ftsbedingungen \u00fcbertragen keine geistigen oder gewerblichen Eigentumsrechte an der Website oder ihren Bestandteilen. Dem Nutzer ist es ausdr\u00fccklich untersagt, diese in irgendeiner Weise, mit irgendwelchen Mitteln oder Verfahren zu reproduzieren, zu ver\u00e4ndern, zu verbreiten, \u00f6ffentlich zug\u00e4nglich zu machen, bereitzustellen, zu extrahieren, wiederzuverwenden, weiterzuleiten oder zu nutzen, es sei denn, dies ist gesetzlich zul\u00e4ssig oder vom Inhaber der entsprechenden Rechte genehmigt.<\/p><p>Der Nutzer darf die Inhalte f\u00fcr seinen ausschlie\u00dflich pers\u00f6nlichen und privaten Gebrauch auf seinen Computersystemen (Software und Hardware) einsehen und eine tempor\u00e4re private Kopie davon erhalten, sofern dies nicht zu kommerziellen oder beruflichen Zwecken erfolgt. Der Nutzer darf die Inhalte nicht auf andere Weise als durch die ihm zur Verf\u00fcgung gestellten oder zu diesem Zweck angegebenen Mittel oder Verfahren oder durch die im Internet \u00fcblicherweise verwendeten Mittel oder Verfahren erlangen oder dies versuchen (sofern letztere kein Risiko einer Besch\u00e4digung oder Nichtverf\u00fcgbarkeit der Website bergen). Der Nutzer muss jederzeit alle geistigen und gewerblichen Eigentumsrechte an der Website, die Granatum Plus oder Dritten geh\u00f6ren, respektieren.<\/p><p><strong>4. Ausschluss von Gew\u00e4hrleistungen und Haftung.<\/strong><\/p><p><strong>4.1.- Ausschluss von Gew\u00e4hrleistungen und Haftung f\u00fcr den Betrieb der Website.<\/strong><\/p><p>Granatum Plus \u00fcbernimmt keine Gew\u00e4hr f\u00fcr die Verf\u00fcgbarkeit und den ununterbrochenen Betrieb der Website und der darin angebotenen Dienste oder Inhalte, noch daf\u00fcr, dass die auf der Website vorhandenen Inhalte aktuell sind, und ist von jeglicher Haftung f\u00fcr Sch\u00e4den jeglicher Art befreit, die sich aus solchen Umst\u00e4nden ergeben k\u00f6nnen.<\/p><p>Granatum Plus wird, sofern keine Umst\u00e4nde vorliegen, die dies unm\u00f6glich oder schwierig machen, und sobald es von Fehlern, Verbindungsabbr\u00fcchen und\/oder fehlenden Aktualisierungen der Inhalte Kenntnis erlangt, alle Ma\u00dfnahmen ergreifen, die darauf abzielen, die Fehler zu beheben, die Kommunikation wiederherzustellen und\/oder die vorgenannten Inhalte zu aktualisieren.<\/p><p>Dar\u00fcber hinaus \u00fcbernimmt Granatum Plus weder eine Gew\u00e4hr f\u00fcr die technische Zuverl\u00e4ssigkeit seiner Website noch f\u00fcr den Zugriff auf die einzelnen Seiten und ist daher von jeglicher Haftung f\u00fcr Sch\u00e4den jeglicher Art, die aus diesem Grund entstehen k\u00f6nnen, befreit.<br \/>Des Weiteren \u00fcbernimmt Granatum Plus keine Verantwortung f\u00fcr Fehler oder Sicherheitsl\u00fccken, die durch die Verwendung einer veralteten oder unsicheren Browserversion durch den Benutzer entstehen k\u00f6nnen, oder f\u00fcr Sch\u00e4den, Fehler oder Ungenauigkeiten, die sich aus deren Fehlfunktion ergeben.<\/p><p>Um das Risiko der Einschleusung von Viren auf die Website zu minimieren, verwendet Granatum Plus eine Virenscanner-Software, die alle auf die Website hochgeladenen Inhalte \u00fcberpr\u00fcft. Granatum Plus \u00fcbernimmt jedoch keine Gew\u00e4hr daf\u00fcr, dass die Website frei von Viren oder anderen sch\u00e4dlichen Elementen ist, die von Dritten, die nicht mit Granatum Plus in Verbindung stehen, eingeschleust wurden und Sch\u00e4den an den physischen oder logischen Systemen der Nutzer oder an auf deren Systemen gespeicherten elektronischen Dokumenten und Dateien verursachen k\u00f6nnen. Daher haftet Granatum Plus unter keinen Umst\u00e4nden f\u00fcr Sch\u00e4den jeglicher Art, die durch das Vorhandensein von Viren oder anderen sch\u00e4dlichen Elementen entstehen und die physischen oder logischen Systeme, elektronischen Dokumente oder Dateien der Nutzer besch\u00e4digen k\u00f6nnen.<br \/>Granatum Plus trifft verschiedene Sicherheitsvorkehrungen, um die Website, die erhobenen Daten und die Inhalte vor Cyberangriffen Dritter zu sch\u00fctzen. Granatum Plus kann jedoch nicht garantieren, dass unbefugte Dritte keinen Zugriff auf Informationen \u00fcber die Website-Nutzung oder das Surfverhalten des Nutzers sowie die Bedingungen, Merkmale und Umst\u00e4nde dieser Aktivit\u00e4ten erhalten. Daher haftet Granatum Plus unter keinen Umst\u00e4nden f\u00fcr Sch\u00e4den, die durch einen solchen unbefugten Zugriff entstehen.<\/p><p>Granatum Plus \u00fcbernimmt in keinem Fall die Haftung f\u00fcr die Nutzung der Website oder ihrer Inhalte durch Benutzer und\/oder Dritte sowie f\u00fcr daraus entstehende Sch\u00e4den.<\/p><p><strong>4.2.- Ausschluss von Gew\u00e4hrleistungen und Haftung f\u00fcr Inhalte.<\/strong><\/p><p>Granatum Plus bearbeitet keine auf der Website ver\u00f6ffentlichten Inhalte Dritter und \u00fcbernimmt daher weder Gew\u00e4hr f\u00fcr die Rechtm\u00e4\u00dfigkeit, Zuverl\u00e4ssigkeit, N\u00fctzlichkeit, Richtigkeit, Genauigkeit, Vollst\u00e4ndigkeit noch Aktualit\u00e4t dieser Inhalte noch f\u00fcr Inhalte, die Granatum Plus geh\u00f6ren. Granatum Plus haftet unter keinen Umst\u00e4nden f\u00fcr Sch\u00e4den, die aus Folgendem entstehen: <strong>(Yo)<\/strong> die fehlende Rechtm\u00e4\u00dfigkeit, Wahrhaftigkeit, Genauigkeit, Vollst\u00e4ndigkeit und\/oder Aktualit\u00e4t der Inhalte, die von Dritten oder von ihnen selbst stammen; <strong>(ii)<\/strong> die Ungeeignetheit f\u00fcr jeglichen Zweck und die Entt\u00e4uschung der durch den Inhalt geweckten Erwartungen; <strong>(iii)<\/strong> Entscheidungen oder Handlungen, die der Nutzer aufgrund der im Inhalt bereitgestellten Informationen oder Daten trifft oder unterl\u00e4sst, einschlie\u00dflich, aber nicht beschr\u00e4nkt auf den Verlust von Gewinnen oder Gesch\u00e4ftsm\u00f6glichkeiten.<\/p><p><strong>5. Hyperlinks.<\/strong><\/p><p>Wer Hyperlinks zwischen seiner Website und dieser Website einrichten m\u00f6chte, muss die folgenden Bedingungen beachten und einhalten:<br \/><strong>Yo)<\/strong> Eine vorherige Genehmigung ist nicht erforderlich, wenn der Hyperlink lediglich den Zugriff auf die Startseite der Website erm\u00f6glicht; eine Vervielf\u00e4ltigung ist jedoch untersagt. F\u00fcr jede andere Art von Hyperlink ist die ausdr\u00fcckliche und unmissverst\u00e4ndliche schriftliche Genehmigung von Granatum Plus erforderlich.<\/p><p><strong>ii)<\/strong> Die Webseite, auf der der Hyperlink eingerichtet ist, darf nur das enthalten, was unbedingt notwendig ist, um das Ziel des Hyperlinks zu identifizieren.<\/p><p><strong>iii)<\/strong> Die Website, auf der der Hyperlink eingerichtet ist, enth\u00e4lt weder Informationen oder Inhalte, die rechtswidrig sind, gegen die guten Sitten und die \u00f6ffentliche Ordnung versto\u00dfen, noch Inhalte, die Rechte Dritter verletzen.<\/p><p><strong>iv)<\/strong> Granatum Plus beh\u00e4lt sich das Recht vor, Hyperlinks zur Website zu sperren, f\u00fcr die keine vorherige ausdr\u00fcckliche Genehmigung vorliegt, selbst wenn diese den Bestimmungen dieses Abschnitts der Allgemeinen Gesch\u00e4ftsbedingungen entsprechen.<\/p><p><strong>6. Ma\u00dfnahmen bei Nichteinhaltung.<\/strong><\/p><p>Granatum Plus beh\u00e4lt sich das Recht vor, alle zur Verf\u00fcgung stehenden rechtlichen Schritte einzuleiten, um die Verantwortlichkeit f\u00fcr jeden Versto\u00df eines Nutzers gegen diese Allgemeinen Website-Bedingungen einzufordern.<\/p><p><strong>7. Teilweise Nichtigkeit<\/strong>.<\/p><p>Sollte eine der in diesen Allgemeinen Gesch\u00e4ftsbedingungen enthaltenen Klauseln f\u00fcr nichtig, ung\u00fcltig oder unwirksam erkl\u00e4rt werden, so ber\u00fchrt dies nicht die G\u00fcltigkeit oder Wirksamkeit der \u00fcbrigen Klauseln, die weiterhin zwischen den Parteien verbindlich bleiben.<\/p><p><strong>8. Anwendbares Recht und Gerichtsstand.<\/strong><\/p><p>Diese Allgemeinen Gesch\u00e4ftsbedingungen unterliegen den Bestimmungen des spanischen Rechts.<br \/>Jegliche Streitigkeiten im Zusammenhang mit den Nutzungsbedingungen und dem Zugang zu dieser Website, die in diesem Dokument der Allgemeinen Gesch\u00e4ftsbedingungen der Website enthalten sind, unterwerfen sich den Parteien, unter ausdr\u00fccklichem Verzicht auf jede andere ihnen m\u00f6glicherweise zustehende Gerichtsbarkeit, sofern nicht gesetzlich etwas anderes bestimmt ist, den Gerichten von Molina de Segura.<\/p><p><strong>9. Benachrichtigungen.<\/strong><\/p><p>Zum Zwecke der Durchf\u00fchrung der entsprechenden Benachrichtigungen bestimmt Granatum Plus als Kontaktadresse die im Impressum angegebene Adresse.<br \/>Die vom Nutzer w\u00e4hrend des Registrierungsprozesses auf der Website angegebene E-Mail-Adresse wird von Granatum Plus verwendet, um dem Nutzer Benachrichtigungen zu senden.<\/p><p>Der Nutzer ist verpflichtet, die in dieser Klausel genannten Kontaktdaten stets aktuell zu halten. Alle Benachrichtigungen von Granatum Plus an den Nutzer gelten als ordnungsgem\u00e4\u00df zugestellt, wenn sie \u00fcber die oben genannten Kontaktdaten und -methoden versendet werden. Granatum Plus haftet nicht f\u00fcr Sch\u00e4den, die dem Nutzer durch die Nichtaktualisierung seiner Kontaktdaten entstehen.<\/p><p><strong>10.<\/strong>\u00abDieser H\u00e4ndler verpflichtet sich, keine Transaktionen zuzulassen, die illegal sind oder von den Kreditkartenanbietern oder der Acquirer-Bank als potenziell rufsch\u00e4digend oder nachteilig eingestuft werden. Folgende Aktivit\u00e4ten sind im Rahmen der Kartenprogramme verboten: der Verkauf oder das Anbieten von Produkten oder Dienstleistungen, die nicht allen f\u00fcr den K\u00e4ufer, die ausstellende Bank, den H\u00e4ndler, den Karteninhaber oder die Karten geltenden Gesetzen vollst\u00e4ndig entsprechen. Dar\u00fcber hinaus sind folgende Aktivit\u00e4ten ausdr\u00fccklich verboten:\u201c<\/p><p>-\u00abVerkauf von Medikamenten\u00bb<\/p>\t\t\t\t\t\t\t\t<\/div>\n\t\t\t\t<div class=\"elementor-element elementor-element-d78dbe7 elementor-widget elementor-widget-image\" data-id=\"d78dbe7\" data-element_type=\"widget\" data-e-type=\"widget\" data-widget_type=\"image.default\">\n\t\t\t\t\t\t\t\t\t\t\t\t\t\t\t\t<a href=\"http:\/\/www.segdades.com\/certificacion\/sello.php?id=31\" target=\"_blank\" rel=\"noopener\">\n\t\t\t\t\t\t\t<img decoding=\"async\" width=\"150\" height=\"115\" src=\"https:\/\/granatherapy.com\/wp-content\/uploads\/2019\/07\/lopd.jpg\" class=\"attachment-full size-full wp-image-976\" alt=\"\" \/>\t\t\t\t\t\t\t\t<\/a>\n\t\t\t\t\t\t\t\t\t\t\t\t\t\t\t<\/div>\n\t\t\t\t\t<\/div>\n\t\t<\/div>\n\t\t\t\t\t<\/div>\n\t\t<\/section>\n\t\t\t\t<\/div>","protected":false},"excerpt":{"rendered":"<p>CONDICIONES DE USO CONDICIONES GENERALES DEL WEBSITE WWW.GRANATHERAPY.COM 1.- Objeto. Las presentes condiciones generales (en adelante Condiciones Generales), regulan el acceso y el uso del Website bajo el dominio www.granatherapy.com (en adelante Website), titularidad de \u00abPOLIFENOLES MEDITERRANEOS S.L.\u00bb (en adelante Granatum Plus), puesto a disposici\u00f3n de los usuarios (en adelante Usuario\/s).Ante cualquier duda o consulta [&hellip;]<\/p>","protected":false},"author":1,"featured_media":0,"parent":0,"menu_order":0,"comment_status":"closed","ping_status":"closed","template":"","meta":{"_acf_changed":false,"_joinchat":[],"footnotes":""},"class_list":["post-514","page","type-page","status-publish","hentry"],"acf":[],"_links":{"self":[{"href":"https:\/\/granatherapy.com\/de\/wp-json\/wp\/v2\/pages\/514","targetHints":{"allow":["GET"]}}],"collection":[{"href":"https:\/\/granatherapy.com\/de\/wp-json\/wp\/v2\/pages"}],"about":[{"href":"https:\/\/granatherapy.com\/de\/wp-json\/wp\/v2\/types\/page"}],"author":[{"embeddable":true,"href":"https:\/\/granatherapy.com\/de\/wp-json\/wp\/v2\/users\/1"}],"replies":[{"embeddable":true,"href":"https:\/\/granatherapy.com\/de\/wp-json\/wp\/v2\/comments?post=514"}],"version-history":[{"count":27,"href":"https:\/\/granatherapy.com\/de\/wp-json\/wp\/v2\/pages\/514\/revisions"}],"predecessor-version":[{"id":15877,"href":"https:\/\/granatherapy.com\/de\/wp-json\/wp\/v2\/pages\/514\/revisions\/15877"}],"wp:attachment":[{"href":"https:\/\/granatherapy.com\/de\/wp-json\/wp\/v2\/media?parent=514"}],"curies":[{"name":"wp","href":"https:\/\/api.w.org\/{rel}","templated":true}]}}