{"id":505,"date":"2019-07-25T23:17:42","date_gmt":"2019-07-25T21:17:42","guid":{"rendered":"https:\/\/granatherapy2.miwebnueva.net?page_id=505"},"modified":"2025-06-12T18:45:07","modified_gmt":"2025-06-12T16:45:07","slug":"datenschutzrichtlinie","status":"publish","type":"page","link":"https:\/\/granatherapy.com\/de\/datenschutzrichtlinie\/","title":{"rendered":"Datenschutzerkl\u00e4rung."},"content":{"rendered":"<div data-elementor-type=\"wp-post\" data-elementor-id=\"505\" class=\"elementor elementor-505\" data-elementor-post-type=\"page\">\n\t\t\t\t\t\t<section class=\"elementor-section elementor-top-section elementor-element elementor-element-503dafa elementor-section-boxed elementor-section-height-default elementor-section-height-default\" data-id=\"503dafa\" data-element_type=\"section\" data-e-type=\"section\">\n\t\t\t\t\t\t<div class=\"elementor-container elementor-column-gap-default\">\n\t\t\t\t\t<div class=\"elementor-column elementor-col-100 elementor-top-column elementor-element elementor-element-d8c80ac\" data-id=\"d8c80ac\" data-element_type=\"column\" data-e-type=\"column\">\n\t\t\t<div class=\"elementor-widget-wrap elementor-element-populated\">\n\t\t\t\t\t\t<div class=\"elementor-element elementor-element-f6c350f elementor-widget elementor-widget-heading\" data-id=\"f6c350f\" data-element_type=\"widget\" data-e-type=\"widget\" data-widget_type=\"heading.default\">\n\t\t\t\t\t<h2 class=\"elementor-heading-title elementor-size-default\">Datenschutzerkl\u00e4rung<\/h2>\t\t\t\t<\/div>\n\t\t\t\t<div class=\"elementor-element elementor-element-ab9de01 elementor-widget elementor-widget-text-editor\" data-id=\"ab9de01\" data-element_type=\"widget\" data-e-type=\"widget\" data-widget_type=\"text-editor.default\">\n\t\t\t\t\t\t\t\t\t<p>Diese Datenschutzrichtlinie entspricht den geltenden Bestimmungen. <strong>Verordnung (EU) 2016\/679 des Europ\u00e4ischen Parlaments und des Rates<\/strong>, vom 27. April 2016, \u00fcber den Schutz nat\u00fcrlicher Personen bei der Verarbeitung personenbezogener Daten und \u00fcber den freien Datenverkehr (<strong>DSGVO<\/strong>), Organgesetz 3\/2018 vom 5. Dezember \u00fcber den Schutz personenbezogener Daten und die Gew\u00e4hrleistung digitaler Rechte (<strong>LOPDGDD<\/strong>sowie in allen Angelegenheiten, die nicht im Widerspruch zu den vorgenannten Bestimmungen stehen, dem Organgesetz 15\/1999 zum Schutz personenbezogener Daten (<strong>Datenschutzgesetz<\/strong>) und die dazugeh\u00f6rigen Durchf\u00fchrungsbestimmungen bzw. solche, die diese in Zukunft ersetzen oder aktualisieren k\u00f6nnten.<br \/>Unsere Organisation verpflichtet sich zum Schutz Ihrer personenbezogenen Daten. Die von Ihnen bereitgestellten personenbezogenen Daten sind f\u00fcr die Erbringung unserer Dienstleistungen erforderlich und werden rechtm\u00e4\u00dfig, fair und transparent verarbeitet. Wir gew\u00e4hrleisten deren angemessene Sicherheit, einschlie\u00dflich des Schutzes vor unbefugter oder unrechtm\u00e4\u00dfiger Verarbeitung sowie vor versehentlichem Verlust, Zerst\u00f6rung oder Besch\u00e4digung durch den Einsatz technischer und organisatorischer Ma\u00dfnahmen.<br \/>Mit diesem Dokument m\u00f6chten wir Ihnen auf transparente und faire Weise alle notwendigen Informationen \u00fcber die Verarbeitung Ihrer personenbezogenen Daten durch diese Organisation zur Verf\u00fcgung stellen.<\/p><p><strong>I. - DATENVERANTWORTLICHER <\/strong><strong>IDENTIT\u00c4T:<\/strong><\/p><p>MEDITERRANE POLYPHENOLE SL.<\/p><p><strong>CIF \/ NIF:<\/strong><\/p><p>B-21806567<\/p><p><strong>HEIM:<\/strong><\/p><p><span style=\"font-size: 16px;\">CL. CARRIL DE LA CONDOMINA, 3 Pta. B 3 \u2013 30006 Murcia (Spanien)<\/span><\/p><p><strong>TELEFON:<\/strong><\/p><p>(+34) 968 847 325<\/p><p><strong>E-MAIL:<\/strong> shop@granatherapy.miwebnueva.net<\/p><p><strong>II. EMPF\u00c4NGER PERSONENBEZOGENER DATEN<\/strong><\/p><p><strong>1.<\/strong>\u2013 Die angegebenen personenbezogenen Daten werden nicht an Dritte weitergegeben, es sei denn, in den jeweiligen Verarbeitungst\u00e4tigkeiten ist etwas anderes angegeben.<br \/><strong>2.<\/strong>\u2013 Optional k\u00f6nnen f\u00fcr die Beauftragung von Cloud-Computing-Diensten und\/oder Diensten zum Versenden von E-Mails, zur Kommunikation sowie anderen damit verbundenen Computer-Dienstleistungen folgende personenbezogene Daten erhoben werden:<\/p><p>\u2013 \u00dcbertragen an IT-Dienstleistungsunternehmen mit Sitz im Europ\u00e4ischen Wirtschaftsraum (EWR) oder,<\/p><p>\u2013 Die Daten werden an IT-Dienstleister au\u00dferhalb des EWR \u00fcbermittelt, die nach dem EU-US-Datenschutzschild zertifiziert sind und somit \u00fcber angemessene Schutzma\u00dfnahmen zum Schutz personenbezogener Daten verf\u00fcgen. Weitere Informationen finden Sie unter diesem Link: <a href=\"https:\/\/www.privacyshield.gov\/welcome\" target=\"_blank\" rel=\"noopener\">https:\/\/www.privacyshield.gov\/welcome<\/a><\/p><p><strong>3.<\/strong>\u2013 Optional an Beh\u00f6rden und andere Stellen, wenn dies zur Erf\u00fcllung gesetzlicher Verpflichtungen erforderlich ist.<\/p><p><strong>III. Rechtsgrundlage f\u00fcr die Verarbeitung personenbezogener Daten<\/strong><\/p><p>Bei jeder einzelnen Verarbeitung personenbezogener Daten werden wir Sie \u00fcber die Rechtsgrundlage informieren, die diese Verarbeitung legitimiert.<\/p><p><strong>IV. - Rechte <\/strong><strong>\u00a0ZUGANG<\/strong><\/p><p>Es besteht das Recht, vom Verantwortlichen eine Best\u00e4tigung dar\u00fcber zu erhalten, ob er personenbezogene Daten der betroffenen Person verarbeitet, und, falls dies der Fall ist, das Recht auf Zugang zu diesen personenbezogenen Daten und folgenden Informationen: die Zwecke der Verarbeitung, die Kategorien der verarbeiteten personenbezogenen Daten, die Empf\u00e4nger oder Kategorien von Empf\u00e4ngern, denen die personenbezogenen Daten offengelegt wurden oder werden, die Dauer, f\u00fcr die die personenbezogenen Daten gespeichert werden, oder die Kriterien f\u00fcr die Festlegung dieser Dauer, das Bestehen eines Rechts, vom Verantwortlichen die Berichtigung oder L\u00f6schung der personenbezogenen Daten oder die Einschr\u00e4nkung der Verarbeitung der die betroffene Person betreffenden personenbezogenen Daten zu verlangen oder einer solchen Verarbeitung zu widersprechen, das Recht, eine Beschwerde bei der spanischen Datenschutzbeh\u00f6rde (AEPD) einzureichen, das Bestehen einer gegebenenfalls automatisierten Entscheidungsfindung einschlie\u00dflich Profiling, wenn Daten in Drittl\u00e4nder \u00fcbermittelt werden, und das Recht, \u00fcber die angewandten geeigneten Garantien informiert zu werden.<\/p><p><strong>RECHT AUF BERICHTIGUNG<\/strong><\/p><p>Sie haben das Recht, die Berichtigung Ihrer personenbezogenen Daten zu verlangen, falls diese unrichtig sind, einschlie\u00dflich des Rechts auf Vervollst\u00e4ndigung unvollst\u00e4ndiger Angaben. Bitte beachten Sie, dass Sie mit der \u00dcbermittlung Ihrer personenbezogenen Daten \u2013 gleich auf welchem Wege \u2013 deren Richtigkeit und Vollst\u00e4ndigkeit garantieren und uns \u00fcber jegliche \u00c4nderungen oder Erg\u00e4nzungen informieren. Daher tr\u00e4gt die betroffene Person allein die Verantwortung f\u00fcr jegliche Sch\u00e4den, die durch die \u00dcbermittlung fehlerhafter, ungenauer oder unvollst\u00e4ndiger Informationen in den Formularen der Website entstehen.<\/p><p><strong>ELIMINIERUNGSRECHT<\/strong><\/p><p>Sie haben das Recht, die L\u00f6schung Ihrer personenbezogenen Daten zu verlangen, wenn diese unter anderem f\u00fcr den Zweck, f\u00fcr den sie erhoben wurden, nicht mehr erforderlich sind, auf andere Weise verarbeitet werden oder Sie Ihre Einwilligung widerrufen. Eine L\u00f6schung ist jedoch nicht m\u00f6glich, wenn die Verarbeitung personenbezogener Daten unter anderem zur Erf\u00fcllung rechtlicher Verpflichtungen oder zur Geltendmachung, Aus\u00fcbung oder Verteidigung von Rechtsanspr\u00fcchen erforderlich ist.<\/p><p><strong>Recht auf Beschr\u00e4nkung<\/strong><\/p><p>Sie haben das Recht, die Einschr\u00e4nkung der Verarbeitung Ihrer personenbezogenen Daten zu verlangen. Das bedeutet, dass Sie uns in bestimmten F\u00e4llen bitten k\u00f6nnen, die Verarbeitung Ihrer personenbezogenen Daten vor\u00fcbergehend auszusetzen oder diese \u00fcber den f\u00fcr Sie notwendigen Zeitraum hinaus aufzubewahren.<\/p><p><strong>Recht auf Widerruf der Einwilligung<\/strong><\/p><p>Sie haben das Recht, Ihre Einwilligung zur Datenverarbeitung jederzeit zu widerrufen, indem Sie die Option \u201cIch habe die Datenschutzerkl\u00e4rung gelesen und stimme ihr zu\u201d aktiviert haben. Die entsprechenden Informationen finden Sie im Abschnitt \u201cAus\u00fcbung Ihrer Rechte\u201d oder in den spezifischen Angaben zur Verarbeitung von Werbemitteilungen oder Newslettern. Bitte beachten Sie, dass dieses Recht nicht gilt, wenn die Verarbeitung Ihrer personenbezogenen Daten unter anderem zur Erf\u00fcllung einer rechtlichen Verpflichtung, zur Durchf\u00fchrung und Aufrechterhaltung eines Vertrags oder zur Geltendmachung, Aus\u00fcbung oder Verteidigung von Rechtsanspr\u00fcchen erforderlich ist. Der Widerruf der Einwilligung hat keine r\u00fcckwirkende Wirkung; das hei\u00dft, er ber\u00fchrt nicht die Rechtm\u00e4\u00dfigkeit der aufgrund der Einwilligung bis zum Widerruf erfolgten Verarbeitung.<\/p><p><strong>Recht auf Portabilit\u00e4t<\/strong><\/p><p>Sie haben das Recht, die Sie betreffenden personenbezogenen Daten, die Sie uns bereitgestellt haben, in einem strukturierten, g\u00e4ngigen und maschinenlesbaren Format zu erhalten und diese an einen anderen Verantwortlichen zu \u00fcbermitteln, sofern die Verarbeitung auf Ihrer Einwilligung beruht und mit Hilfe automatisierter oder computergest\u00fctzter Verfahren erfolgt.<\/p><p><strong>Einspruchsrecht<\/strong><\/p><p>Sie haben das Recht, der Verarbeitung Ihrer personenbezogenen Daten aufgrund unseres berechtigten Interesses zu widersprechen. Wir werden Ihre personenbezogenen Daten nicht mehr verarbeiten, es sei denn, wir k\u00f6nnen zwingende berechtigte Gr\u00fcnde f\u00fcr die Verarbeitung nachweisen, die Ihre Interessen, Rechte und Freiheiten \u00fcberwiegen, oder die Verarbeitung dient der Geltendmachung, Aus\u00fcbung oder Verteidigung von Rechtsanspr\u00fcchen.<\/p><p><strong>Recht auf Einreichung einer Beschwerde bei einer Aufsichtsbeh\u00f6rde<\/strong><\/p><p>Wenn Sie der Ansicht sind, dass wir Ihre personenbezogenen Daten unrechtm\u00e4\u00dfig verarbeiten, k\u00f6nnen Sie uns kontaktieren oder Sie haben auch das Recht, eine Beschwerde bei der spanischen Datenschutzbeh\u00f6rde (AEPD) einzureichen:<br \/><a href=\"https:\/\/www.agpd.es\/portalwebAGPD\/index-ides-idphp.php\" target=\"_blank\" rel=\"noopener\">https:\/\/www.agpd.es\/portalwebAGPD\/index-ides-idphp.php<\/a><\/p><p><strong>AUS\u00dcBUNG VON RECHTEN<\/strong><\/p><p>Sie k\u00f6nnen Ihre Rechte aus\u00fcben, indem Sie einen Brief an die oben angegebene Postanschrift oder eine E-Mail senden. <strong>shop@granatherapy.miwebnueva.net<\/strong>, in beiden F\u00e4llen anbringen <strong>Kopie Ihres NIF\/NIE\/Reisepasses oder eines \u00e4hnlichen Dokuments.<\/strong><\/p><p><strong>V. - VERARBEITUNG PERSONENBEZOGENER DATEN.<\/strong><br \/><strong>ALLGEMEINE BESTIMMUNGEN<\/strong><\/p><p>Die in den einzelnen Verarbeitungst\u00e4tigkeiten angeforderten personenbezogenen Daten sind angemessen, relevant und auf das f\u00fcr die Zwecke ihrer Verarbeitung notwendige Ma\u00df beschr\u00e4nkt; damit wird dem Grundsatz der Datenminimierung entsprochen.<\/p><p>Die in den einzelnen Behandlungsschritten abgefragten personenbezogenen Daten sind unbedingt erforderlich; die Verweigerung ihrer Angabe h\u00e4tte zur Folge, dass die angeforderte Dienstleistung nicht erbracht werden kann.<\/p><p>Die \u00dcbermittlung personenbezogener Daten im Rahmen der einzelnen Verarbeitungst\u00e4tigkeiten ist in einigen F\u00e4llen f\u00fcr die Durchf\u00fchrung und Aufrechterhaltung eines Vertrags und in anderen F\u00e4llen zur Erf\u00fcllung einer dem Verantwortlichen obliegenden rechtlichen Verpflichtung erforderlich.<\/p><p><strong>KONTAKTFORMULAR<\/strong><\/p><p>Personenbezogene Daten werden verarbeitet, um Anfragen nach Informationen, Anregungen und Beschwerden von Nutzern oder Kunden zu bearbeiten.<br \/>Die Rechtsgrundlage, die die Verarbeitung personenbezogener Daten legitimiert, ist die ausdr\u00fcckliche Einwilligung, die durch Ankreuzen erteilt wird. <strong>\u201cIch habe die Datenschutzbestimmungen gelesen und stimme ihnen zu.\u201d<\/strong>.<\/p><p>Personenbezogene Daten werden f\u00fcr einen Zeitraum von zwei Jahren ab dem Zeitpunkt ihrer Beendigung aufbewahrt, unbeschadet der Aus\u00fcbung Ihrer Rechte als betroffene Person.<\/p><p><strong>E-Commerce-Formular<\/strong><\/p><p>Personenbezogene Daten werden verarbeitet, um Ihre Online-Eink\u00e4ufe zu verwalten, indem Ihre Bestellungen und R\u00fccksendungen \u00fcber unsere Online-Dienste abgewickelt werden, Ihnen Benachrichtigungen \u00fcber den Lieferstatus oder im Falle von Problemen mit dem Versand von Artikeln zugesandt werden, Ihre Zahlungen zu verwalten, Beschwerden oder Probleme im Zusammenhang mit der Gew\u00e4hrleistung von Produkten oder Dienstleistungen zu bearbeiten, Sie zu identifizieren und Ihr gesetzliches Alter f\u00fcr den Vertragsabschluss zu best\u00e4tigen sowie gegebenenfalls zur Geltendmachung, Aus\u00fcbung oder Verteidigung von Anspr\u00fcchen.<br \/>Die Rechtsgrundlage, die die Verarbeitung personenbezogener Daten legitimiert, ist die ausdr\u00fcckliche Einwilligung, die durch Ankreuzen erteilt wird. <strong>\u201cIch habe die Datenschutzbestimmungen gelesen und stimme ihnen zu.\u201d<\/strong>.<br \/>Ihre pers\u00f6nlichen Daten werden an das Transportunternehmen zur Zustellung Ihrer Bestellung an Ihre Adresse sowie an Zahlungsdienstleister weitergegeben.<br \/>Ihre personenbezogenen Daten werden so lange gespeichert, bis Sie Ihre Einwilligung widerrufen, es sei denn, die Speicherung ist zur Aufrechterhaltung der Beziehung zwischen den Parteien oder f\u00fcr die zur Erf\u00fcllung gesetzlicher Verpflichtungen erforderliche Zeit notwendig.<\/p>\t\t\t\t\t\t\t\t<\/div>\n\t\t\t\t\t<\/div>\n\t\t<\/div>\n\t\t\t\t\t<\/div>\n\t\t<\/section>\n\t\t\t\t<\/div>","protected":false},"excerpt":{"rendered":"<p>POL\u00cdTICA DE PRIVACIDAD La presente pol\u00edtica de privacidad es conforme al Reglamento (UE) 2016\/679 del Parlamento Europeo y del Consejo, de 27 de abril de 2016, relativo a la protecci\u00f3n de les personas f\u00edsicas en lo que respecta al tratamiento de datos personales y a la libre circulaci\u00f3n de estos datos (RGPD), a Ley Org\u00e1nica [&hellip;]<\/p>","protected":false},"author":1,"featured_media":0,"parent":0,"menu_order":0,"comment_status":"closed","ping_status":"closed","template":"","meta":{"_acf_changed":false,"_joinchat":[],"footnotes":""},"class_list":["post-505","page","type-page","status-publish","hentry"],"acf":[],"_links":{"self":[{"href":"https:\/\/granatherapy.com\/de\/wp-json\/wp\/v2\/pages\/505","targetHints":{"allow":["GET"]}}],"collection":[{"href":"https:\/\/granatherapy.com\/de\/wp-json\/wp\/v2\/pages"}],"about":[{"href":"https:\/\/granatherapy.com\/de\/wp-json\/wp\/v2\/types\/page"}],"author":[{"embeddable":true,"href":"https:\/\/granatherapy.com\/de\/wp-json\/wp\/v2\/users\/1"}],"replies":[{"embeddable":true,"href":"https:\/\/granatherapy.com\/de\/wp-json\/wp\/v2\/comments?post=505"}],"version-history":[{"count":14,"href":"https:\/\/granatherapy.com\/de\/wp-json\/wp\/v2\/pages\/505\/revisions"}],"predecessor-version":[{"id":15841,"href":"https:\/\/granatherapy.com\/de\/wp-json\/wp\/v2\/pages\/505\/revisions\/15841"}],"wp:attachment":[{"href":"https:\/\/granatherapy.com\/de\/wp-json\/wp\/v2\/media?parent=505"}],"curies":[{"name":"wp","href":"https:\/\/api.w.org\/{rel}","templated":true}]}}