{"id":17554,"date":"2026-03-04T01:38:32","date_gmt":"2026-03-04T00:38:32","guid":{"rendered":"https:\/\/granatherapy.com\/?page_id=17554"},"modified":"2026-03-04T01:42:02","modified_gmt":"2026-03-04T00:42:02","slug":"blog","status":"publish","type":"page","link":"https:\/\/granatherapy.com\/de\/blog\/","title":{"rendered":"Blog"},"content":{"rendered":"<div data-elementor-type=\"wp-page\" data-elementor-id=\"17554\" class=\"elementor elementor-17554\" data-elementor-post-type=\"page\">\n\t\t\t\t<div class=\"elementor-element elementor-element-455db28 e-flex e-con-boxed e-con e-parent\" data-id=\"455db28\" data-element_type=\"container\" data-e-type=\"container\" data-settings=\"{&quot;background_background&quot;:&quot;classic&quot;}\">\n\t\t\t\t\t<div class=\"e-con-inner\">\n\t\t\t\t<div class=\"elementor-element elementor-element-019c29e elementor-widget elementor-widget-heading\" data-id=\"019c29e\" data-element_type=\"widget\" data-e-type=\"widget\" data-widget_type=\"heading.default\">\n\t\t\t\t\t<h2 class=\"elementor-heading-title elementor-size-default\">Granatherapy | Wahre Gesundheit von innen heraus<\/h2>\t\t\t\t<\/div>\n\t\t\t\t<div class=\"elementor-element elementor-element-7de72b7 elementor-widget elementor-widget-heading\" data-id=\"7de72b7\" data-element_type=\"widget\" data-e-type=\"widget\" data-widget_type=\"heading.default\">\n\t\t\t\t\t<p class=\"elementor-heading-title elementor-size-default\">Ein Ort, an dem Natur und Wissenschaft zusammenkommen. Erfahren Sie, wie mediterrane Superfoods, der Granatapfel Mollar aus Elche und polyphenolreiche Extrakte Teil Ihrer t\u00e4glichen Routine werden k\u00f6nnen, um Ihre Gesundheit auf nat\u00fcrliche und bewusste Weise zu f\u00f6rdern.<\/p>\t\t\t\t<\/div>\n\t\t\t\t\t<\/div>\n\t\t\t\t<\/div>\n\t\t<div class=\"elementor-element elementor-element-fb6c442 e-flex e-con-boxed e-con e-parent\" data-id=\"fb6c442\" data-element_type=\"container\" data-e-type=\"container\">\n\t\t\t\t\t<div class=\"e-con-inner\">\n\t\t\t\t<div class=\"elementor-element elementor-element-4ccb2dc elementor-grid-3 elementor-grid-tablet-2 elementor-grid-mobile-1 elementor-widget elementor-widget-loop-grid\" data-id=\"4ccb2dc\" data-element_type=\"widget\" data-e-type=\"widget\" data-settings=\"{&quot;template_id&quot;:&quot;17534&quot;,&quot;pagination_type&quot;:&quot;load_more_infinite_scroll&quot;,&quot;_skin&quot;:&quot;post&quot;,&quot;columns&quot;:&quot;3&quot;,&quot;columns_tablet&quot;:&quot;2&quot;,&quot;columns_mobile&quot;:&quot;1&quot;,&quot;edit_handle_selector&quot;:&quot;[data-elementor-type=\\&quot;loop-item\\&quot;]&quot;,&quot;load_more_spinner&quot;:{&quot;value&quot;:&quot;fas fa-spinner&quot;,&quot;library&quot;:&quot;fa-solid&quot;},&quot;row_gap&quot;:{&quot;unit&quot;:&quot;px&quot;,&quot;size&quot;:&quot;&quot;,&quot;sizes&quot;:[]},&quot;row_gap_tablet&quot;:{&quot;unit&quot;:&quot;px&quot;,&quot;size&quot;:&quot;&quot;,&quot;sizes&quot;:[]},&quot;row_gap_mobile&quot;:{&quot;unit&quot;:&quot;px&quot;,&quot;size&quot;:&quot;&quot;,&quot;sizes&quot;:[]}}\" data-widget_type=\"loop-grid.post\">\n\t\t\t\t<div class=\"elementor-widget-container\">\n\t\t\t\t\t\t\t<div class=\"elementor-loop-container elementor-grid\" role=\"list\">\n\t\t<style id=\"loop-dynamic-17534\">.e-loop-item-17540 .elementor-element.elementor-element-e4c4166:not(.elementor-motion-effects-element-type-background), .e-loop-item-17540 .elementor-element.elementor-element-e4c4166 > .elementor-motion-effects-container > .elementor-motion-effects-layer{background-image:url(\"https:\/\/granatherapy.com\/wp-content\/uploads\/2025\/03\/881\u00d7461.png\");}<\/style><style id=\"loop-17534\">.elementor-17534 .elementor-element.elementor-element-8f361f5{--display:flex;--flex-direction:column;--container-widget-width:100%;--container-widget-height:initial;--container-widget-flex-grow:0;--container-widget-align-self:initial;--flex-wrap-mobile:wrap;--gap:0px 0px;--row-gap:0px;--column-gap:0px;--border-radius:15px 15px 15px 15px;box-shadow:0px 0px 10px 0px rgba(0, 0, 0, 0.09);--padding-top:0px;--padding-bottom:0px;--padding-left:0px;--padding-right:0px;}.elementor-17534 .elementor-element.elementor-element-8f361f5:not(.elementor-motion-effects-element-type-background), .elementor-17534 .elementor-element.elementor-element-8f361f5 > .elementor-motion-effects-container > .elementor-motion-effects-layer{background-color:#FFFFFF;}.elementor-17534 .elementor-element.elementor-element-e4c4166{--display:flex;--min-height:250px;--border-radius:15px 15px 0px 0px;}.elementor-17534 .elementor-element.elementor-element-e4c4166:not(.elementor-motion-effects-element-type-background), .elementor-17534 .elementor-element.elementor-element-e4c4166 > .elementor-motion-effects-container > .elementor-motion-effects-layer{background-position:center center;background-repeat:no-repeat;background-size:cover;}.elementor-17534 .elementor-element.elementor-element-39662ac{--display:flex;--gap:10px 10px;--row-gap:10px;--column-gap:10px;--padding-top:20px;--padding-bottom:20px;--padding-left:20px;--padding-right:20px;}.elementor-widget-theme-post-title .elementor-heading-title{font-family:var( --e-global-typography-primary-font-family ), Sans-serif;font-weight:var( --e-global-typography-primary-font-weight );color:var( --e-global-color-primary );}.elementor-17534 .elementor-element.elementor-element-e88b7e4 .elementor-heading-title{font-family:\"FUTURA LT\", Sans-serif;font-size:22px;font-weight:700;}.elementor-widget-theme-post-excerpt{font-family:var( --e-global-typography-text-font-family ), Sans-serif;font-weight:var( --e-global-typography-text-font-weight );color:var( --e-global-color-text );}.elementor-widget-button .elementor-button{font-family:var( --e-global-typography-accent-font-family ), Sans-serif;font-weight:var( --e-global-typography-accent-font-weight );background-color:var( --e-global-color-accent );}.elementor-17534 .elementor-element.elementor-element-67d9cf8 .elementor-button{fill:#FFFFFF;color:#FFFFFF;border-radius:100px 100px 100px 100px;}.elementor-17534 .elementor-element.elementor-element-67d9cf8 .elementor-button:hover, .elementor-17534 .elementor-element.elementor-element-67d9cf8 .elementor-button:focus{color:#FFFFFF;background-color:var( --e-global-color-35be969 );border-color:var( --e-global-color-35be969 );}.elementor-17534 .elementor-element.elementor-element-67d9cf8 .elementor-button:hover svg, .elementor-17534 .elementor-element.elementor-element-67d9cf8 .elementor-button:focus svg{fill:#FFFFFF;}<\/style>\t\t<div data-elementor-type=\"loop-item\" data-elementor-id=\"17534\" class=\"elementor elementor-17534 e-loop-item e-loop-item-17540 post-17540 post type-post status-publish format-standard has-post-thumbnail hentry category-salud-y-bienestar-natural\" data-elementor-post-type=\"elementor_library\" data-custom-edit-handle=\"1\">\n\t\t\t<div class=\"elementor-element elementor-element-8f361f5 e-flex e-con-boxed e-con e-parent\" data-id=\"8f361f5\" data-element_type=\"container\" data-e-type=\"container\" data-settings=\"{&quot;background_background&quot;:&quot;classic&quot;}\">\n\t\t\t\t\t<div class=\"e-con-inner\">\n\t\t<div class=\"elementor-element elementor-element-e4c4166 e-con-full e-flex e-con e-child\" data-id=\"e4c4166\" data-element_type=\"container\" data-e-type=\"container\" data-settings=\"{&quot;background_background&quot;:&quot;classic&quot;}\">\n\t\t\t\t<\/div>\n\t\t<div class=\"elementor-element elementor-element-39662ac e-con-full e-flex e-con e-child\" data-id=\"39662ac\" data-element_type=\"container\" data-e-type=\"container\">\n\t\t\t\t<div class=\"elementor-element elementor-element-e88b7e4 elementor-widget elementor-widget-theme-post-title elementor-page-title elementor-widget-heading\" data-id=\"e88b7e4\" data-element_type=\"widget\" data-e-type=\"widget\" data-widget_type=\"theme-post-title.default\">\n\t\t\t\t\t<h2 class=\"elementor-heading-title elementor-size-default\"><a href=\"https:\/\/granatherapy.com\/de\/wie-sie-das-richtige-polyphenol-entsprechend-ihrem-gesundheitsziel-auswahlen\/\">Wie Sie das richtige Polyphenol entsprechend Ihrem Gesundheitsziel ausw\u00e4hlen<\/a><\/h2>\t\t\t\t<\/div>\n\t\t\t\t<div class=\"elementor-element elementor-element-c6e0d1e elementor-widget elementor-widget-theme-post-excerpt\" data-id=\"c6e0d1e\" data-element_type=\"widget\" data-e-type=\"widget\" data-widget_type=\"theme-post-excerpt.default\">\n\t\t\t\t\t<p>Funktionelle Ern\u00e4hrung hat sich weiterentwickelt. Heute geht es nicht mehr nur darum, sich gesund zu ern\u00e4hren, sondern auch darum, Zutaten mit einer bestimmten Konzentration auszuw\u00e4hlen\u2026.\t\t\t\t<\/div>\n\t\t\t\t<div class=\"elementor-element elementor-element-67d9cf8 elementor-widget elementor-widget-button\" data-id=\"67d9cf8\" data-element_type=\"widget\" data-e-type=\"widget\" data-widget_type=\"button.default\">\n\t\t\t\t\t\t\t\t\t\t<a class=\"elementor-button elementor-button-link elementor-size-sm\" href=\"https:\/\/granatherapy.com\/de\/wie-sie-das-richtige-polyphenol-entsprechend-ihrem-gesundheitsziel-auswahlen\/\">\n\t\t\t\t\t\t<span class=\"elementor-button-content-wrapper\">\n\t\t\t\t\t\t\t\t\t<span class=\"elementor-button-text\">Siehe Artikel<\/span>\n\t\t\t\t\t<\/span>\n\t\t\t\t\t<\/a>\n\t\t\t\t\t\t\t\t<\/div>\n\t\t\t\t<\/div>\n\t\t\t\t\t<\/div>\n\t\t\t\t<\/div>\n\t\t\t\t<\/div>\n\t\t<style id=\"loop-dynamic-17534\">.e-loop-item-17532 .elementor-element.elementor-element-e4c4166:not(.elementor-motion-effects-element-type-background), .e-loop-item-17532 .elementor-element.elementor-element-e4c4166 > .elementor-motion-effects-container > .elementor-motion-effects-layer{background-image:url(\"https:\/\/granatherapy.com\/wp-content\/uploads\/2025\/03\/7.png\");}<\/style>\t\t<div data-elementor-type=\"loop-item\" data-elementor-id=\"17534\" class=\"elementor elementor-17534 e-loop-item e-loop-item-17532 post-17532 post type-post status-publish format-standard has-post-thumbnail hentry category-salud-y-bienestar-natural\" data-elementor-post-type=\"elementor_library\" data-custom-edit-handle=\"1\">\n\t\t\t<div class=\"elementor-element elementor-element-8f361f5 e-flex e-con-boxed e-con e-parent\" data-id=\"8f361f5\" data-element_type=\"container\" data-e-type=\"container\" data-settings=\"{&quot;background_background&quot;:&quot;classic&quot;}\">\n\t\t\t\t\t<div class=\"e-con-inner\">\n\t\t<div class=\"elementor-element elementor-element-e4c4166 e-con-full e-flex e-con e-child\" data-id=\"e4c4166\" data-element_type=\"container\" data-e-type=\"container\" data-settings=\"{&quot;background_background&quot;:&quot;classic&quot;}\">\n\t\t\t\t<\/div>\n\t\t<div class=\"elementor-element elementor-element-39662ac e-con-full e-flex e-con e-child\" data-id=\"39662ac\" data-element_type=\"container\" data-e-type=\"container\">\n\t\t\t\t<div class=\"elementor-element elementor-element-e88b7e4 elementor-widget elementor-widget-theme-post-title elementor-page-title elementor-widget-heading\" data-id=\"e88b7e4\" data-element_type=\"widget\" data-e-type=\"widget\" data-widget_type=\"theme-post-title.default\">\n\t\t\t\t\t<h2 class=\"elementor-heading-title elementor-size-default\"><a href=\"https:\/\/granatherapy.com\/de\/granatherapy-mittelmeer-polyphenole-fur-echtes-wohlbefinden-von-innen\/\">Granatherapy: Mediterrane Polyphenole f\u00fcr echtes Wohlbefinden von innen heraus<\/a><\/h2>\t\t\t\t<\/div>\n\t\t\t\t<div class=\"elementor-element elementor-element-c6e0d1e elementor-widget elementor-widget-theme-post-excerpt\" data-id=\"c6e0d1e\" data-element_type=\"widget\" data-e-type=\"widget\" data-widget_type=\"theme-post-excerpt.default\">\n\t\t\t\t\t<p>In einer Welt, in der wir zunehmend nach nat\u00fcrlichen, wirksamen und wissenschaftlich fundierten L\u00f6sungen suchen, entstand Granatherapy, ein Projekt...\t\t\t\t<\/div>\n\t\t\t\t<div class=\"elementor-element elementor-element-67d9cf8 elementor-widget elementor-widget-button\" data-id=\"67d9cf8\" data-element_type=\"widget\" data-e-type=\"widget\" data-widget_type=\"button.default\">\n\t\t\t\t\t\t\t\t\t\t<a class=\"elementor-button elementor-button-link elementor-size-sm\" href=\"https:\/\/granatherapy.com\/de\/granatherapy-mittelmeer-polyphenole-fur-echtes-wohlbefinden-von-innen\/\">\n\t\t\t\t\t\t<span class=\"elementor-button-content-wrapper\">\n\t\t\t\t\t\t\t\t\t<span class=\"elementor-button-text\">Siehe Artikel<\/span>\n\t\t\t\t\t<\/span>\n\t\t\t\t\t<\/a>\n\t\t\t\t\t\t\t\t<\/div>\n\t\t\t\t<\/div>\n\t\t\t\t\t<\/div>\n\t\t\t\t<\/div>\n\t\t\t\t<\/div>\n\t\t\t\t<\/div>\n\t\t\t\t\t<span class=\"e-load-more-spinner\">\n\t\t\t\t<i aria-hidden=\"true\" class=\"fas fa-spinner\"><\/i>\t\t\t<\/span>\n\t\t\n\t\t\t\t\t\t<\/div>\n\t\t\t\t<\/div>\n\t\t\t\t\t<\/div>\n\t\t\t\t<\/div>\n\t\t\t\t<\/div>","protected":false},"excerpt":{"rendered":"<p>Granatherapy | Wahres Wohlbefinden von innen. Ein Ort, an dem Natur und Wissenschaft zusammenkommen. Erfahren Sie, wie mediterrane Superfoods, der Granatapfel Mollar aus Elche und polyphenolreiche Extrakte Teil Ihrer t\u00e4glichen Routine werden k\u00f6nnen, um Ihre Gesundheit auf nat\u00fcrliche und bewusste Weise zu f\u00f6rdern.<\/p>","protected":false},"author":4020,"featured_media":0,"parent":0,"menu_order":0,"comment_status":"closed","ping_status":"closed","template":"elementor_header_footer","meta":{"_acf_changed":false,"_joinchat":[],"footnotes":""},"class_list":["post-17554","page","type-page","status-publish","hentry"],"acf":[],"_links":{"self":[{"href":"https:\/\/granatherapy.com\/de\/wp-json\/wp\/v2\/pages\/17554","targetHints":{"allow":["GET"]}}],"collection":[{"href":"https:\/\/granatherapy.com\/de\/wp-json\/wp\/v2\/pages"}],"about":[{"href":"https:\/\/granatherapy.com\/de\/wp-json\/wp\/v2\/types\/page"}],"author":[{"embeddable":true,"href":"https:\/\/granatherapy.com\/de\/wp-json\/wp\/v2\/users\/4020"}],"replies":[{"embeddable":true,"href":"https:\/\/granatherapy.com\/de\/wp-json\/wp\/v2\/comments?post=17554"}],"version-history":[{"count":4,"href":"https:\/\/granatherapy.com\/de\/wp-json\/wp\/v2\/pages\/17554\/revisions"}],"predecessor-version":[{"id":17558,"href":"https:\/\/granatherapy.com\/de\/wp-json\/wp\/v2\/pages\/17554\/revisions\/17558"}],"wp:attachment":[{"href":"https:\/\/granatherapy.com\/de\/wp-json\/wp\/v2\/media?parent=17554"}],"curies":[{"name":"wp","href":"https:\/\/api.w.org\/{rel}","templated":true}]}}