{"id":12261,"date":"2022-10-25T14:21:30","date_gmt":"2022-10-25T12:21:30","guid":{"rendered":"https:\/\/granatherapy2.miwebnueva.net?page_id=12261"},"modified":"2025-11-13T11:44:55","modified_gmt":"2025-11-13T10:44:55","slug":"geschaftsbedingungen","status":"publish","type":"page","link":"https:\/\/granatherapy.com\/de\/geschaftsbedingungen\/","title":{"rendered":"Versand und R\u00fcckgabe"},"content":{"rendered":"<p><strong>LIEFER- UND TRANSPORTKOSTEN<\/strong><\/p>\n\n\n\n<p>Der Versand erfolgt je nach Bestellung \u00fcber CTT Express, UPS und\/oder Amazon Logistics.<\/p>\n\n\n\n<p>Kostenloser Versand innerhalb des spanischen Festlands.<\/p>\n\n\n\n<p>F\u00fcr Lieferungen in Mitgliedstaaten der Europ\u00e4ischen Union und\/oder auf die Balearen betragen die Versandkosten 10 \u20ac.<\/p>\n\n\n\n<p>Derzeit liefern wir NICHT auf die Kanarischen Inseln, nach Ceuta oder Melilla.<\/p>\n\n\n\n<p>Bestellungen werden an die vom Nutzer frei angegebene Lieferadresse geliefert, die Zustellung erfolgt von Montag bis Freitag, Feiertage ausgenommen.<\/p>\n\n\n\n<p>Lieferungen erfolgen in der Regel innerhalb von 24 bis 48 Stunden. Unter besonderen Umst\u00e4nden, wie beispielsweise in der Vorweihnachtszeit (November bis Januar) oder an Feiertagen wie Ostern, kann es zu leichten Verz\u00f6gerungen kommen. In diesen Zeitr\u00e4umen kann es bei den Transportunternehmen aufgrund des erh\u00f6hten Arbeitsaufkommens zu leichten Verz\u00f6gerungen kommen. Wir bitten Sie daher um Verst\u00e4ndnis und Geduld. Sollte ein Produkt nicht verf\u00fcgbar sein, werden Sie innerhalb der angegebenen Frist dar\u00fcber informiert. In diesem Fall kann sich die Lieferzeit auf maximal 30 Kalendertage ab Bestelldatum verl\u00e4ngern, es sei denn, Sie reklamieren innerhalb von 48 Stunden nach Benachrichtigung \u00fcber die Nichtverf\u00fcgbarkeit des Produkts. In diesem Fall erhalten Sie umgehend eine R\u00fcckerstattung aller gezahlten Betr\u00e4ge.<\/p>\n\n\n\n<p><\/p>\n\n\n\n<p>POLIFENOLES MEDITERR\u00c1NEO, SL \u00fcbernimmt keine Verantwortung, wenn die Lieferung des Produkts nicht erfolgen kann, weil die vom Benutzer angegebenen Daten falsch, ungenau oder unvollst\u00e4ndig sind oder wenn die Lieferung aus anderen Gr\u00fcnden, die dem Empf\u00e4nger zuzurechnen sind (z. B. Abwesenheit), nicht erfolgen kann.<\/p>\n\n\n\n<p>Ungeachtet des Vorstehenden wird POLIFENOLES MEDITERR\u00c1NEO, SL die von einem sorgf\u00e4ltigen Kaufmann geforderten Ma\u00dfnahmen ergreifen, um sicherzustellen, dass die Lieferung innerhalb der vereinbarten Frist erfolgt, und falls dies nicht m\u00f6glich ist, so schnell wie m\u00f6glich zur Zufriedenheit sowohl des Absenders als auch des Empf\u00e4ngers, und daher kann uns keine Haftung zugeschrieben werden.<\/p>\n\n\n\n<p>\u00abWiderrufsfrist f\u00fcr die Lieferung von Waren: Sie haben das Recht, binnen 14 Kalendertagen ohne Angabe von Gr\u00fcnden diesen Vertrag zu widerrufen. Die Widerrufsfrist betr\u00e4gt 14 Kalendertage ab dem Tag, an dem Sie oder ein von Ihnen benannter Dritter, der nicht der Bef\u00f6rderer ist, die letzte Ware in Besitz genommen haben.\u201c.<\/p>\n\n\n\n<p>Anspruch auf R\u00fcckerstattung und Umtausch<\/p>\n\n\n\n<p>Um Ihre R\u00fccksendung abzuschlie\u00dfen, ben\u00f6tigen wir einen Kaufbeleg.<\/p>\n\n\n\n<p>\u00c4nderungen (falls zutreffend)<\/p>\n\n\n\n<p>Wir ersetzen Artikel nur, wenn sie defekt oder besch\u00e4digt sind. Falls Sie einen Umtausch gegen denselben Artikel w\u00fcnschen, senden Sie uns bitte eine E-Mail an (E-Mail-Adresse einf\u00fcgen) und schicken Sie den Artikel an folgende Adresse: (Adresse einf\u00fcgen). Der Kaufpreis wird Ihnen \u00fcber die urspr\u00fcngliche Zahlungsmethode (\u00dcberweisung, Kreditkarte oder PayPal) erstattet.<\/p>\n\n\n\n<p><strong>Widerrufsrecht oder K\u00fcndigungsrecht<\/strong><\/p>\n\n\n\n<p>Um Ihr Widerrufsrecht auszu\u00fcben, m\u00fcssen Sie uns unter folgender Adresse benachrichtigen: <strong>MEDITERRANE POLYPHENOLE<\/strong> SL. <strong>Adresse <\/strong>CL. CARRIL DE LA CONDOMINA, 3 Pta. B 3 \u2013 30006 Murcia (Spanien), info@granatherapy.miwebnueva.net, (+34) 968 847 325. Sie k\u00f6nnen uns Ihren Entschluss, diesen Vertrag zu widerrufen, mittels einer eindeutigen Erkl\u00e4rung (z. B. per Post, Fax oder E-Mail) mitteilen. Sie k\u00f6nnen daf\u00fcr das untenstehende Muster-Widerrufsformular verwenden, dies ist jedoch nicht verpflichtend. <strong><a href=\"https:\/\/granatherapy.comwp-content\/uploads\/2022\/10\/DESISTIMIENTO-2.docx\" target=\"_blank\" rel=\"noreferrer noopener\">\u201cAuszahlungsformular herunterladen\u201d<\/a><\/strong> Zur Wahrung der Widerrufsfrist gen\u00fcgt es, wenn Sie Ihre Mitteilung \u00fcber die Aus\u00fcbung dieses Rechts vor Ablauf der Widerrufsfrist absenden.<\/p>\n\n\n\n<p><strong>FOLGEN DES ENTZUGS<\/strong><\/p>\n\n\n\n<p>Im Falle Ihres Widerrufs dieses Vertrags erstatten wir Ihnen alle von Ihnen erhaltenen Zahlungen, einschlie\u00dflich der Lieferkosten (mit Ausnahme etwaiger Mehrkosten, die sich daraus ergeben, dass Sie eine andere als unsere g\u00fcnstigste Standardlieferung gew\u00e4hlt haben), unverz\u00fcglich und sp\u00e4testens binnen 14 Kalendertagen ab dem Tag, an dem wir \u00fcber Ihren Widerruf dieses Vertrags informiert wurden. Die R\u00fcckzahlung erfolgt mit demselben Zahlungsmittel, das Sie bei der urspr\u00fcnglichen Transaktion eingesetzt haben, es sei denn, mit Ihnen wurde ausdr\u00fccklich etwas anderes vereinbart; in keinem Fall werden Ihnen wegen dieser R\u00fcckzahlung Entgelte berechnet. Wir k\u00f6nnen die R\u00fcckzahlung verweigern, bis wir die Ware wieder zur\u00fcckerhalten haben oder Sie uns den Nachweis erbracht haben, dass Sie die Ware zur\u00fcckgesandt haben, je nachdem, welches der fr\u00fchere Zeitpunkt ist. Sie m\u00fcssen die Ware unverz\u00fcglich und sp\u00e4testens binnen 14 Kalendertagen ab dem Tag, an dem Sie uns \u00fcber Ihren Widerruf dieses Vertrags informiert haben, direkt an uns zur\u00fccksenden oder \u00fcbergeben. Die Frist ist gewahrt, wenn Sie die Ware vor Ablauf der Frist absenden. [Sie tragen die unmittelbaren Kosten der R\u00fccksendung der Ware.] Sie haften nur f\u00fcr einen etwaigen Wertverlust der Ware, der auf eine Behandlung zur\u00fcckzuf\u00fchren ist, die \u00fcber die zur Feststellung der Beschaffenheit, der Eigenschaften und der Funktionsweise der Ware notwendige Behandlung hinausgeht.\u00ab<\/p>\n\n\n\n<p><\/p>","protected":false},"excerpt":{"rendered":"<p>GASTOS DE ENTREGA Y TRANSPORTE Los env\u00edos se realizar\u00e1n mediante CTT Express, UPS y\/o log\u00edstica de Amazon, seg\u00fan sea el pedido. Env\u00edo totalmente gratuito para pen\u00ednsula. En los env\u00edos a pa\u00edses miembros de la Uni\u00f3n Europea y\/o Baleares, el coste de env\u00edo es de 10\u20ac. De momento, NO realizamos env\u00edos a Islas Canarias, Ceuta o [&hellip;]<\/p>","protected":false},"author":1,"featured_media":0,"parent":0,"menu_order":0,"comment_status":"closed","ping_status":"closed","template":"","meta":{"_acf_changed":false,"_joinchat":[],"footnotes":""},"class_list":["post-12261","page","type-page","status-publish","hentry"],"acf":[],"_links":{"self":[{"href":"https:\/\/granatherapy.com\/de\/wp-json\/wp\/v2\/pages\/12261","targetHints":{"allow":["GET"]}}],"collection":[{"href":"https:\/\/granatherapy.com\/de\/wp-json\/wp\/v2\/pages"}],"about":[{"href":"https:\/\/granatherapy.com\/de\/wp-json\/wp\/v2\/types\/page"}],"author":[{"embeddable":true,"href":"https:\/\/granatherapy.com\/de\/wp-json\/wp\/v2\/users\/1"}],"replies":[{"embeddable":true,"href":"https:\/\/granatherapy.com\/de\/wp-json\/wp\/v2\/comments?post=12261"}],"version-history":[{"count":16,"href":"https:\/\/granatherapy.com\/de\/wp-json\/wp\/v2\/pages\/12261\/revisions"}],"predecessor-version":[{"id":16639,"href":"https:\/\/granatherapy.com\/de\/wp-json\/wp\/v2\/pages\/12261\/revisions\/16639"}],"wp:attachment":[{"href":"https:\/\/granatherapy.com\/de\/wp-json\/wp\/v2\/media?parent=12261"}],"curies":[{"name":"wp","href":"https:\/\/api.w.org\/{rel}","templated":true}]}}